{"id":10162,"date":"2025-05-21T19:13:34","date_gmt":"2025-05-21T19:13:32","guid":{"rendered":"https:\/\/rtb.ie\/ga\/?page_id=10162"},"modified":"2025-07-04T13:17:30","modified_gmt":"2025-07-04T13:17:30","slug":"publications-2","status":"publish","type":"page","link":"https:\/\/rtb.ie\/ga\/about\/publications-2\/","title":{"rendered":"Foilseach\u00e1in"},"content":{"rendered":"\n<div class=\"translation-notice no-print\">\n        <div class=\"inner container\">\n            <p><strong>Cuirfear aistri\u00fach\u00e1n ar f\u00e1il go luath<\/strong><\/p>\n            <p>\u00c1r leithsc\u00e9al as an m\u00edchaoithi\u00falacht. Cuirfear aistri\u00fach\u00e1n Gaeilge ar an leathanach seo ar f\u00e1il go luath. Go raibh maith agat as do chuid foighneachta agus muid ag obair ar leagan uasd\u00e1taithe.<\/p>\n        <\/div>\n    <\/div><section id=\"block-block_9f7450c345cfd48b5e9da8523b0b4ce5\" class=\"header-block rtb-block colour-teal margin-top-none margin-bottom-default\">\n    <div class=\"container\">\n        <nav class=\"breadcrumbs\" aria-label=\"breadcrumb\">\n    <span property=\"itemListElement\" typeof=\"ListItem\"><a property=\"item\" typeof=\"WebPage\" title=\"Go to Bord um Tion\u00f3ntachta\u00ed C\u00f3naithe.\" href=\"https:\/\/rtb.ie\/ga\" class=\"home\" aria-current=\"page\"><span property=\"name\"><i class=\"rtb-home-icon\"><\/i><\/span><\/a><meta property=\"position\" content=\"1\"><\/span><i class=\"rtb-chevron\"><\/i><\/nav>\n        \n        <div class=\"wrapper\">\n            <div class=\"content\">\n                            \n                <h1 class=\"heading-xl\">Foilseach\u00e1in<\/h1>\n                <p>Read the latest publications from the Residential Tenancies Board (RTB).<\/p>                            <\/div>\n            <!-- Temporary image: Remove after migrating illustrations to the illustration_selection field -->\n            \n                                    <div class=\"illustration fade-up\" aria-hidden=\"true\">\n                                                    <img decoding=\"async\" src=\"https:\/\/rtb.ie\/ga\/wp-content\/themes\/rtb\/assets\/images\/illustrations\/header-block\/header-illustration-teal-a.svg\" alt=\"\" \/>\n                                            <\/div>\n                                    <\/div>\n\n    <\/div>\n<\/section>\n\n\n    <section id=\"block-block_e868b562621e0e65ed38e554c360e224\" class=\"cards-block rtb-block margin-top-xs margin-bottom-default\">\n        <div class=\"container\">\n            <div class=\"content\">\n                                    <article class=\"with-link\">\n                        <h2 class=\"heading-s\">Annual Reports and Financial Statements<\/h2>                        <p>Get more information on our strategic achievements and accountability through RTB Annual Reports and Financial Statements.<\/p>\n                        <div class=\"footer\">\n                            <a class=\"text-link fade-in\" href=\"https:\/\/rtb.ie\/ga\/publications\/category\/annual-reports\/\" target=\"\">View Annual Reports and Financial Statements publications<\/a>                        <\/div>\n                    <\/article>\n                                    <article class=\"with-link\">\n                        <h2 class=\"heading-s\">Director&#039;s Quarterly Update<\/h2>                        <p>Get the latest data on Ireland&#8217;s rental sector and RTB operational updates in the RTB Director&#8217;s Quarterly Updates.<\/p>\n                        <div class=\"footer\">\n                            <a class=\"text-link fade-in\" href=\"https:\/\/rtb.ie\/ga\/publications\/category\/directors-update\/\" target=\"\">View Director&#039;s Quarterly Update publications<\/a>                        <\/div>\n                    <\/article>\n                                    <article class=\"with-link\">\n                        <h2 class=\"heading-s\">Strategy and Business Plans<\/h2>                        <p>Find out more about our long-term vision and the strategic plans guiding our work.<\/p>\n                        <div class=\"footer\">\n                            <a class=\"text-link fade-in\" href=\"https:\/\/rtb.ie\/ga\/publications\/category\/strategy-business-plans\/\" target=\"\">View strategy and business plans publications<\/a>                        <\/div>\n                    <\/article>\n                                    <article class=\"with-link\">\n                        <h2 class=\"heading-s\">RTB Research Reports<\/h2>                        <p>Find the latest RTB research on Ireland\u2019s rental sector.<\/p>\n                        <div class=\"footer\">\n                            <a class=\"text-link fade-in\" href=\"https:\/\/rtb.ie\/ga\/data-insights\/rtb-research-reports\/\" target=\"\">View RTB Research Reports<\/a>                        <\/div>\n                    <\/article>\n                                    <article class=\"with-link\">\n                        <h2 class=\"heading-s\">RTB Publication Schedule<\/h2>                        <p>You can find our planned release dates for reports, updates, and key publications throughout the year.<\/p>\n                        <div class=\"footer\">\n                            <a class=\"text-link fade-in\" href=\"https:\/\/rtb.ie\/ga\/about\/publications-2\/rtb-publication-schedule\/\" target=\"\">View the RTB publication schedule<\/a>                        <\/div>\n                    <\/article>\n                            <\/div>\n        <\/div>\n    <\/section>\n","protected":false},"excerpt":{"rendered":"","protected":false},"author":5,"featured_media":0,"parent":166,"menu_order":1,"comment_status":"closed","ping_status":"closed","template":"","meta":{"_acf_changed":false,"inline_featured_image":false,"_relevanssi_hide_post":"","_relevanssi_hide_content":"","_relevanssi_pin_for_all":"","_relevanssi_pin_keywords":"","_relevanssi_unpin_keywords":"","_relevanssi_related_keywords":"","_relevanssi_related_include_ids":"","_relevanssi_related_exclude_ids":"","_relevanssi_related_no_append":"","_relevanssi_related_not_related":"","_relevanssi_related_posts":"1,1239","_relevanssi_noindex_reason":"","_trash_the_other_posts":false,"editor_notices":[],"footnotes":""},"class_list":["post-10162","page","type-page","status-publish","hentry"],"acf":[],"jetpack_sharing_enabled":true,"publishpress_future_action":{"enabled":false,"date":"2026-04-11 08:32:52","action":"change-status","newStatus":"draft","terms":[],"taxonomy":"","extraData":[]},"publishpress_future_workflow_manual_trigger":{"enabledWorkflows":[]},"_links":{"self":[{"href":"https:\/\/rtb.ie\/ga\/wp-json\/wp\/v2\/pages\/10162","targetHints":{"allow":["GET"]}}],"collection":[{"href":"https:\/\/rtb.ie\/ga\/wp-json\/wp\/v2\/pages"}],"about":[{"href":"https:\/\/rtb.ie\/ga\/wp-json\/wp\/v2\/types\/page"}],"author":[{"embeddable":true,"href":"https:\/\/rtb.ie\/ga\/wp-json\/wp\/v2\/users\/5"}],"replies":[{"embeddable":true,"href":"https:\/\/rtb.ie\/ga\/wp-json\/wp\/v2\/comments?post=10162"}],"version-history":[{"count":12,"href":"https:\/\/rtb.ie\/ga\/wp-json\/wp\/v2\/pages\/10162\/revisions"}],"predecessor-version":[{"id":51504,"href":"https:\/\/rtb.ie\/ga\/wp-json\/wp\/v2\/pages\/10162\/revisions\/51504"}],"up":[{"embeddable":true,"href":"https:\/\/rtb.ie\/ga\/wp-json\/wp\/v2\/pages\/166"}],"wp:attachment":[{"href":"https:\/\/rtb.ie\/ga\/wp-json\/wp\/v2\/media?parent=10162"}],"curies":[{"name":"wp","href":"https:\/\/api.w.org\/{rel}","templated":true}]}}