{"id":11,"date":"2025-04-22T15:48:14","date_gmt":"2025-04-22T15:48:14","guid":{"rendered":"https:\/\/rtb.ie\/ga\/?page_id=11"},"modified":"2025-10-31T11:42:08","modified_gmt":"2025-10-31T11:42:08","slug":"disputes","status":"publish","type":"page","link":"https:\/\/rtb.ie\/ga\/disputes\/","title":{"rendered":"D\u00edosp\u00f3id\u00ed"},"content":{"rendered":"\n<section id=\"block-block_b29f694e1b509622fa335e7f47d1e7c8\" class=\"header-block rtb-block colour-teal margin-top-none margin-bottom-none\">\n    <div class=\"container\">\n        <nav class=\"breadcrumbs\" aria-label=\"breadcrumb\">\n    <span property=\"itemListElement\" typeof=\"ListItem\"><a property=\"item\" typeof=\"WebPage\" title=\"Go to Bord um Tion\u00f3ntachta\u00ed C\u00f3naithe.\" href=\"https:\/\/rtb.ie\/ga\" class=\"home\" aria-current=\"page\"><span property=\"name\"><i class=\"rtb-home-icon\"><\/i><\/span><\/a><meta property=\"position\" content=\"1\"><\/span><i class=\"rtb-chevron\"><\/i><\/nav>\n        \n        <div class=\"wrapper\">\n            <div class=\"content\">\n                            \n                <h1 class=\"heading-xl\">D\u00edosp\u00f3id\u00ed<\/h1>\n                <p>T\u00e1 go leor cine\u00e1lacha d\u00edosp\u00f3id\u00ed ann ar f\u00e9idir leo tarl\u00fa le linn tion\u00f3ntachta. Faigh amach conas is f\u00e9idir leis an mBord um Thion\u00f3ntachta\u00ed C\u00f3naithe cabhr\u00fa le tiarna\u00ed tal\u00fan, le tion\u00f3nta\u00ed agus le tr\u00ed\u00fa p\u00e1irtithe d\u00edosp\u00f3id\u00ed tion\u00f3ntachta a r\u00e9iteach.<\/p>                            <\/div>\n            <!-- Temporary image: Remove after migrating illustrations to the illustration_selection field -->\n            \n                                    <div class=\"illustration fade-up\" aria-hidden=\"true\">\n                                                    <img decoding=\"async\" src=\"https:\/\/rtb.ie\/ga\/wp-content\/themes\/rtb\/assets\/images\/illustrations\/header-block\/header-illustration-teal-a.svg\" alt=\"\" \/>\n                                            <\/div>\n                                    <\/div>\n\n    <\/div>\n<\/section>\n\n\n<section id=\"block-block_6d055475095606dd4525c168391a72c4\" class=\"intro-and-links-block rtb-block  margin-top-default margin-bottom-default\">\n\t<div class=\"container\">\n\t\t<div class=\"content\">\n            <header class=\"cms-content fade-in\">\n                <h2 class=\"\">D\u00edosp\u00f3id\u00ed coitianta<\/h2>                <p>Is iad na d\u00edosp\u00f3id\u00ed is coitianta a thugtar os comhair an Bhoird um Thion\u00f3ntachta\u00ed C\u00f3naithe (RTB) n\u00e1 bail\u00edocht f\u00f3gra foirceanta, foirceannadh neamhdhleathach tion\u00f3ntachta, riar\u00e1ist\u00ed c\u00edosa, coinne\u00e1il \u00e9arlaise, agus riar\u00e1ist\u00ed c\u00edosa i dteannta r\u00f3shealbhaithe.<\/p>\n<p>I measc na nd\u00edosp\u00f3id\u00ed eile a nd\u00e9ile\u00e1laimid leo t\u00e1 iompra\u00edocht fhrithsh\u00f3isialta, s\u00e1r\u00fa ar l\u00e9as t\u00e9arma sheasta, s\u00e1r\u00fa ar oibleag\u00e1id\u00ed tiarna tal\u00fan n\u00f3 tion\u00f3nta, dam\u00e1iste is m\u00f3 n\u00e1 cuimilt agus caitheamh norm\u00e1lta, c\u00edos is m\u00f3 n\u00e1 an r\u00e1ta margaidh, athbhreithni\u00fa c\u00edosa gan a bheith i gcomhr\u00e9ir leis na rialacha maidir le Criosanna Br\u00fa C\u00edosa, agus caighde\u00e1n agus cothabh\u00e1il maoine.<\/p>\n\n                \n            <\/header>\n                            <ul class=\"links\">\n                                            <li class=\"fade-up\">\n                            <a href=\"https:\/\/rtb.ie\/ga\/disputes\/disputes-process\/\" target=\"\">\n                                <h3 class=\"\">Pr\u00f3iseas d\u00edosp\u00f3idi<\/h3>                                <p>T\u00e1 ceithre rogha ag tion\u00f3nta\u00ed agus ag tiarna\u00ed tal\u00fan chun a nd\u00edosp\u00f3id\u00ed tion\u00f3ntachta a r\u00e9iteach. Tosa\u00edg\u00ed le f\u00e9inr\u00e9iteach mar an ch\u00e9ad ch\u00e9im in bhur bpr\u00f3iseas r\u00e9itigh d\u00edosp\u00f3ide. Tr\u00ed obair le ch\u00e9ile, is f\u00e9idir libh teacht ar chomhaont\u00fa cothrom.<\/p>                                \n                                <i class=\"rtb-arrow\"><\/i>\n                            <\/a>\n                        <\/li>\n                                            <li class=\"fade-up\">\n                            <a href=\"https:\/\/rtb.ie\/ga\/disputes\/guide-to-mediation\/\" target=\"\">\n                                <h3 class=\"\">Treoir maidir le hidirghabh\u00e1il<\/h3>                                <p>Seirbh\u00eds saor in aisce a chabhra\u00edonn le tiarna\u00ed tal\u00fan agus le tion\u00f3nta\u00ed saincheisteanna tion\u00f3ntachta a r\u00e9iteach is ea idirghabh\u00e1il. Cabhra\u00edonn idirghabh\u00e1la\u00ed leis an d\u00e1 ph\u00e1irt\u00ed obair le ch\u00e9ile chun teacht ar r\u00e9iteach a gcomhaont\u00f3idh gach duine leis. Faigh amach conas a oibr\u00edonn idirghabh\u00e1il agus conas iarratas a dh\u00e9anamh uirthi.<\/p>                                \n                                <i class=\"rtb-arrow\"><\/i>\n                            <\/a>\n                        <\/li>\n                                            <li class=\"fade-up\">\n                            <a href=\"https:\/\/rtb.ie\/ga\/disputes\/guide-to-adjudication\/\" target=\"\">\n                                <h3 class=\"\">Treoir maidir le breithni\u00fa<\/h3>                                <p>Is \u00e9 is breithni\u00fa ann n\u00e1 seirbh\u00eds um r\u00e9iteach d\u00edosp\u00f3id\u00ed a sol\u00e1thra\u00edonn an Bord um Thion\u00f3ntachta\u00ed C\u00f3naithe \u00ed. D\u00e9anann breithneoir neamhsple\u00e1ch athbhreithni\u00fa ar an bhfianaise le linn \u00e9isteachta agus d\u00e9anann s\u00e9 n\u00f3 s\u00ed cinneadh at\u00e1 ina cheangal dl\u00ed.<\/p>                                \n                                <i class=\"rtb-arrow\"><\/i>\n                            <\/a>\n                        <\/li>\n                                            <li class=\"fade-up\">\n                            <a href=\"https:\/\/rtb.ie\/ga\/disputes\/guide-to-tribunals\/\" target=\"\">\n                                <h3 class=\"\">Treoir maidir le bins\u00ed<\/h3>                                <p>M\u00e1 t\u00e1 t\u00fa p\u00e1irteach in idirghabh\u00e1il n\u00f3 in \u00e9isteacht breithnithe agus m\u00e1 mheasann t\u00fa go bhfuil an cinneadh m\u00edcheart n\u00f3 nach bhfuil s\u00e9 i gcomhr\u00e9ir leis an dl\u00ed, f\u00e9adfaidh t\u00fa achomharc a dh\u00e9anamh chuig binse. Is ath\u00e9isteacht ioml\u00e1n ar fh\u00edorais do dh\u00edosp\u00f3ide tion\u00f3ntachta \u00ed. Is f\u00e9idir leat aon fhianaise bhreise at\u00e1 \u00e1bhartha do do ch\u00e1s a chur i l\u00e1thair.<\/p>                                \n                                <i class=\"rtb-arrow\"><\/i>\n                            <\/a>\n                        <\/li>\n                                            <li class=\"fade-up\">\n                            <a href=\"https:\/\/rtb.ie\/ga\/disputes\/neighbour-disputes\/\" target=\"\">\n                                <h3 class=\"\">D\u00edosp\u00f3id\u00ed comharsan<\/h3>                                <p>Is \u00e9 is tr\u00ed\u00fa p\u00e1irt\u00ed ann n\u00e1 duine seachas tion\u00f3nta, tiarna tal\u00fan n\u00f3 gn\u00edomhaire agus n\u00edl baint dh\u00edreach aige n\u00f3 aici leis an tion\u00f3ntacht. Mar shampla, comharsa a nd\u00e9anann iompra\u00edocht tion\u00f3nta difear d\u00f3 n\u00f3 di.<\/p>                                \n                                <i class=\"rtb-arrow\"><\/i>\n                            <\/a>\n                        <\/li>\n                                            <li class=\"fade-up\">\n                            <a href=\"https:\/\/rtb.ie\/ga\/disputes\/guide-to-evidence\/\" target=\"\">\n                                <h3 class=\"\">Treoir maidir le fianaise<\/h3>                                <p>M\u00e1 t\u00e1 t\u00fa p\u00e1irteach i nd\u00edosp\u00f3id le tion\u00f3nta n\u00f3 le tiarna tal\u00fan, is f\u00e9idir go mbeidh ort fianaise \u00e1bhartha a bhaili\u00fa. Faigh amach c\u00e9 na cine\u00e1lacha \u00e9ags\u00fala fianaise at\u00e1 ann agus c\u00e9n uair a bh\u00edonn g\u00e1 leo.<\/p>                                \n                                <i class=\"rtb-arrow\"><\/i>\n                            <\/a>\n                        <\/li>\n                                            <li class=\"fade-up\">\n                            <a href=\"https:\/\/rtb.ie\/ga\/disputes\/dispute-outcomes-and-orders\/\" target=\"\">\n                                <h3 class=\"\">Tortha\u00ed agus orduithe d\u00edosp\u00f3ide<\/h3>                                <p>Cuardaigh le haghaidh tortha\u00ed agus Orduithe Cinnidh roimhe seo le haghaidh bhreithnithe agus bhins\u00ed an Bhoird um Thion\u00f3ntachta\u00ed C\u00f3naithe (RTB).\r\n<\/p>                                \n                                <i class=\"rtb-arrow\"><\/i>\n                            <\/a>\n                        <\/li>\n                                            <li class=\"fade-up\">\n                            <a href=\"https:\/\/rtb.ie\/ga\/disputes\/enforcement-of-determination-orders\/\" target=\"\">\n                                <h3 class=\"\">Orduithe Cinnidh a Fhorfheidhmi\u00fa<\/h3>                                <p>Nuair a bhaineann tiarna\u00ed tal\u00fan, tion\u00f3nta\u00ed, n\u00f3 tr\u00ed\u00fa p\u00e1irtithe \u00fas\u00e1id as na seirbh\u00eds\u00ed um r\u00e9iteach d\u00edosp\u00f3id\u00ed de chuid RTB, t\u00e1 an toradh cinntitheach ina cheangal dl\u00ed. Gairtear Ord\u00fa Cinnidh den toradh sin.\r\nLeagtar amach san Ord\u00fa Cinnidh t\u00e9arma\u00ed an chinnidh n\u00f3 an chomhaontaithe. N\u00ed m\u00f3r do gach p\u00e1irt\u00ed clo\u00ed leis an Ord\u00fa Cinnidh laistigh den tr\u00e9imhse ama shonraithe.\r\n<\/p>                                \n                                <i class=\"rtb-arrow\"><\/i>\n                            <\/a>\n                        <\/li>\n                                    <\/ul>\t\t\t\t\n            \t\t<\/div>\n\t<\/div>\n<\/section>","protected":false},"excerpt":{"rendered":"","protected":false},"author":5,"featured_media":0,"parent":0,"menu_order":18,"comment_status":"closed","ping_status":"closed","template":"","meta":{"_acf_changed":false,"inline_featured_image":false,"_relevanssi_hide_post":"","_relevanssi_hide_content":"","_relevanssi_pin_for_all":"","_relevanssi_pin_keywords":"","_relevanssi_unpin_keywords":"","_relevanssi_related_keywords":"","_relevanssi_related_include_ids":"","_relevanssi_related_exclude_ids":"","_relevanssi_related_no_append":"","_relevanssi_related_not_related":"","_relevanssi_related_posts":"1,1239","_relevanssi_noindex_reason":"","_trash_the_other_posts":false,"editor_notices":[],"footnotes":""},"class_list":["post-11","page","type-page","status-publish","hentry"],"acf":[],"jetpack_sharing_enabled":true,"publishpress_future_action":{"enabled":false,"date":"2026-04-10 23:11:22","action":"change-status","newStatus":"draft","terms":[],"taxonomy":"","extraData":[]},"publishpress_future_workflow_manual_trigger":{"enabledWorkflows":[]},"_links":{"self":[{"href":"https:\/\/rtb.ie\/ga\/wp-json\/wp\/v2\/pages\/11","targetHints":{"allow":["GET"]}}],"collection":[{"href":"https:\/\/rtb.ie\/ga\/wp-json\/wp\/v2\/pages"}],"about":[{"href":"https:\/\/rtb.ie\/ga\/wp-json\/wp\/v2\/types\/page"}],"author":[{"embeddable":true,"href":"https:\/\/rtb.ie\/ga\/wp-json\/wp\/v2\/users\/5"}],"replies":[{"embeddable":true,"href":"https:\/\/rtb.ie\/ga\/wp-json\/wp\/v2\/comments?post=11"}],"version-history":[{"count":33,"href":"https:\/\/rtb.ie\/ga\/wp-json\/wp\/v2\/pages\/11\/revisions"}],"predecessor-version":[{"id":53125,"href":"https:\/\/rtb.ie\/ga\/wp-json\/wp\/v2\/pages\/11\/revisions\/53125"}],"wp:attachment":[{"href":"https:\/\/rtb.ie\/ga\/wp-json\/wp\/v2\/media?parent=11"}],"curies":[{"name":"wp","href":"https:\/\/api.w.org\/{rel}","templated":true}]}}