{"id":1237,"date":"2025-05-02T11:45:22","date_gmt":"2025-05-02T11:45:22","guid":{"rendered":"https:\/\/rtb.ie\/ga\/?page_id=1237"},"modified":"2025-10-23T11:42:44","modified_gmt":"2025-10-23T11:42:44","slug":"services-provided-to-the-public","status":"publish","type":"page","link":"https:\/\/rtb.ie\/ga\/about\/foi-publication-scheme\/services-provided-to-the-public\/","title":{"rendered":"Seirbh\u00eds\u00ed a chuirtear ar f\u00e1il don phobal"},"content":{"rendered":"\n<div class=\"translation-notice no-print\">\n        <div class=\"inner container\">\n            <p><strong>Cuirfear aistri\u00fach\u00e1n ar f\u00e1il go luath<\/strong><\/p>\n            <p>\u00c1r leithsc\u00e9al as an m\u00edchaoithi\u00falacht. Cuirfear aistri\u00fach\u00e1n Gaeilge ar an leathanach seo ar f\u00e1il go luath. Go raibh maith agat as do chuid foighneachta agus muid ag obair ar leagan uasd\u00e1taithe.<\/p>\n        <\/div>\n    <\/div><section id=\"block-block_07d60046a2c68b03eb38ee44675b124b\" class=\"header-block rtb-block colour-teal margin-top-xs margin-bottom-default\">\n    <div class=\"container\">\n        <nav class=\"breadcrumbs\" aria-label=\"breadcrumb\">\n    <span property=\"itemListElement\" typeof=\"ListItem\"><a property=\"item\" typeof=\"WebPage\" title=\"Go to Bord um Tion\u00f3ntachta\u00ed C\u00f3naithe.\" href=\"https:\/\/rtb.ie\/ga\" class=\"home\" aria-current=\"page\"><span property=\"name\"><i class=\"rtb-home-icon\"><\/i><\/span><\/a><meta property=\"position\" content=\"1\"><\/span><i class=\"rtb-chevron\"><\/i><\/nav>\n        \n        <div class=\"wrapper\">\n            <div class=\"content\">\n                            \n                <h1 class=\"heading-xl\">Seirbh\u00eds\u00ed a chuirtear ar f\u00e1il don phobal<\/h1>\n                <p>Comhlacht poibl\u00ed neamhsple\u00e1ch a rial\u00e1lann earn\u00e1il c\u00edosa na h\u00c9ireann is ea an Bord um Thion\u00f3ntachta\u00ed C\u00f3naithe (RTB). Oibr\u00edmid chun c\u00f3ras c\u00edosa cothrom a chinnti\u00fa do gach duine in \u00c9irinn.<\/p>                            <\/div>\n            <!-- Temporary image: Remove after migrating illustrations to the illustration_selection field -->\n            \n                                    <div class=\"illustration fade-up\" aria-hidden=\"true\">\n                                                    <img decoding=\"async\" src=\"https:\/\/rtb.ie\/ga\/wp-content\/themes\/rtb\/assets\/images\/illustrations\/header-block\/header-illustration-teal-a.svg\" alt=\"\" \/>\n                                            <\/div>\n                                    <\/div>\n\n    <\/div>\n<\/section>\n\n\n<section id=\"block-block_a6e2151b5a502f202f8393e32aa0eb86\" class=\"header-paragraph-block rtb-block  margin-top-xs margin-bottom-xs\">\n\t<div class=\"container\">\n\t\t<div class=\"content\">\n\t\t\t<article class=\"cms-content\">\n\t\t\t\t\t\t\t\t\t<p>In\u00e1r r\u00f3l, d\u00e9anaimid na nithe seo a leanas:<\/p>\n<ul>\n<li>Tion\u00f3nta\u00ed agus tiarna\u00ed tal\u00fan a chur ar an eolas faoina gcearta agus faoina bhfreagrachta\u00ed<\/li>\n<li>A chinnti\u00fa go gcl\u00e1r\u00f3idh tiarna\u00ed tal\u00fan tion\u00f3ntachta\u00ed agus go gclo\u00edfidh siad leis an dl\u00ed c\u00edosa<\/li>\n<li>Cabhr\u00fa le d\u00edosp\u00f3id\u00ed tion\u00f3ntachta a r\u00e9iteach<\/li>\n<li>Sonra\u00ed agus l\u00e9argais iontaofa a shol\u00e1thar chun bonn eolais a chur faoin mbeartas i leith na hearn\u00e1la c\u00edosa<\/li>\n<\/ul>\n<p>T\u00e1imid tiomanta do sheirbh\u00eds\u00ed ardchaighde\u00e1in a shol\u00e1thar a fh\u00e1gann go bhfuil an earn\u00e1il c\u00edosa n\u00edos cothroime agus n\u00edos \u00e9asca le tuiscint.<\/p>\n\t\t\t\t\t\t\t<\/article>\n\t\t\t\t\t<\/div>\n\t<\/div>\n<\/section>\n\n\n<section id=\"block-block_b95476d800d2cedb2d2131689e4c1afa\" class=\"header-paragraph-block rtb-block  margin-top-xs margin-bottom-xs\">\n\t<div class=\"container\">\n\t\t<div class=\"content\">\n\t\t\t<article class=\"cms-content\">\n\t\t\t\t\t\t\t\t\t<h2>Na seirbh\u00eds\u00ed a shol\u00e1thra\u00edmid<\/h2>\n<p>Is f\u00e9idir leat tuilleadh faisn\u00e9ise a fh\u00e1il faoi na seirbh\u00eds\u00ed a shol\u00e1thra\u00edmid, faoi conas rochtain a fh\u00e1il orthu agus faoi c\u00e1 mh\u00e9ad a chosna\u00edonn siad tr\u00ed na naisc th\u00edos a lean\u00faint.<\/p>\n<ul>\n<li><a href=\"https:\/\/rtb.ie\/register-tenancies\/register-a-tenancy\/how-to-register\/\">Tion\u00f3ntacht a chl\u00e1r\u00fa<\/a><\/li>\n<li><a href=\"https:\/\/rtb.ie\/disputes\/disputes-process\/\">R\u00e9iteach d\u00edosp\u00f3id\u00ed<\/a><\/li>\n<li><a href=\"https:\/\/rtb.ie\/compliance\/\">Comhl\u00edonadh agus forfheidhmi\u00fa an dl\u00ed c\u00edosa<\/a><\/li>\n<li><a href=\"https:\/\/rtb.ie\/data-insights\/\">L\u00e9argais sonra\u00ed RTB<\/a><\/li>\n<li><a href=\"https:\/\/rtb.ie\/about\/what-we-do\/customer-charter\/\">Seirbh\u00eds\u00ed do dhaoine a bhfuil m\u00edchumas orthu<\/a><\/li>\n<li><a href=\"https:\/\/rtb.ie\/about\/what-we-do\/customer-charter\/\">Cairt Custaim\u00e9ir\u00ed RTB<\/a><\/li>\n<\/ul>\n<p>&nbsp;<\/p>\n<p>&nbsp;<\/p>\n\t\t\t\t\t\t\t<\/article>\n\t\t\t\t\t<\/div>\n\t<\/div>\n<\/section>\n\n\n<section id=\"block-block_7b37305e2181f6875f0c24341606e7ea\" class=\"header-paragraph-block rtb-block  margin-top-xs margin-bottom-default\">\n\t<div class=\"container\">\n\t\t<div class=\"content\">\n\t\t\t<article class=\"cms-content\">\n\t\t\t\t\t\t\t\t\t<h2>Seirbh\u00eds\u00ed i nGaeilge<\/h2>\n<p>Is \u00e9 an aidhm at\u00e1 againn:<\/p>\n<ul>\n<li>A chur ar chumas custaim\u00e9ir\u00ed a ngn\u00f3 scr\u00edofa a dh\u00e9anamh i nGaeilge.<\/li>\n<li>Doicim\u00e9id th\u00e1bhachtacha a shol\u00e1thar i nGaeilge agus i mB\u00e9arla araon, lena n-\u00e1ir\u00edtear an Tuarasc\u00e1il Bhliant\u00fail, an Plean Corpar\u00e1ideach, agus an Chairt agus Plean Gn\u00edomha\u00edochta do Chustaim\u00e9ir\u00ed.<\/li>\n<li>Bileoga faisn\u00e9ise a shol\u00e1thar i nGaeilge agus i mB\u00e9arla, m\u00e1s f\u00e9idir.<\/li>\n<\/ul>\n\t\t\t\t\t\t\t<\/article>\n\t\t\t\t\t<\/div>\n\t<\/div>\n<\/section>","protected":false},"excerpt":{"rendered":"","protected":false},"author":9,"featured_media":0,"parent":1336,"menu_order":1,"comment_status":"closed","ping_status":"closed","template":"","meta":{"_acf_changed":false,"inline_featured_image":false,"_relevanssi_hide_post":"","_relevanssi_hide_content":"","_relevanssi_pin_for_all":"","_relevanssi_pin_keywords":"","_relevanssi_unpin_keywords":"","_relevanssi_related_keywords":"","_relevanssi_related_include_ids":"","_relevanssi_related_exclude_ids":"","_relevanssi_related_no_append":"","_relevanssi_related_not_related":"","_relevanssi_related_posts":"1,1239","_relevanssi_noindex_reason":"","_trash_the_other_posts":false,"editor_notices":[],"footnotes":""},"class_list":["post-1237","page","type-page","status-publish","hentry"],"acf":[],"jetpack_sharing_enabled":true,"publishpress_future_action":{"enabled":false,"date":"2026-04-25 17:36:46","action":"change-status","newStatus":"draft","terms":[],"taxonomy":"","extraData":[]},"publishpress_future_workflow_manual_trigger":{"enabledWorkflows":[]},"_links":{"self":[{"href":"https:\/\/rtb.ie\/ga\/wp-json\/wp\/v2\/pages\/1237","targetHints":{"allow":["GET"]}}],"collection":[{"href":"https:\/\/rtb.ie\/ga\/wp-json\/wp\/v2\/pages"}],"about":[{"href":"https:\/\/rtb.ie\/ga\/wp-json\/wp\/v2\/types\/page"}],"author":[{"embeddable":true,"href":"https:\/\/rtb.ie\/ga\/wp-json\/wp\/v2\/users\/9"}],"replies":[{"embeddable":true,"href":"https:\/\/rtb.ie\/ga\/wp-json\/wp\/v2\/comments?post=1237"}],"version-history":[{"count":15,"href":"https:\/\/rtb.ie\/ga\/wp-json\/wp\/v2\/pages\/1237\/revisions"}],"predecessor-version":[{"id":52947,"href":"https:\/\/rtb.ie\/ga\/wp-json\/wp\/v2\/pages\/1237\/revisions\/52947"}],"up":[{"embeddable":true,"href":"https:\/\/rtb.ie\/ga\/wp-json\/wp\/v2\/pages\/1336"}],"wp:attachment":[{"href":"https:\/\/rtb.ie\/ga\/wp-json\/wp\/v2\/media?parent=1237"}],"curies":[{"name":"wp","href":"https:\/\/api.w.org\/{rel}","templated":true}]}}