{"id":1241,"date":"2025-05-02T11:55:09","date_gmt":"2025-05-02T11:55:09","guid":{"rendered":"https:\/\/rtb.ie\/ga\/?page_id=1241"},"modified":"2025-07-04T13:22:00","modified_gmt":"2025-07-04T13:22:00","slug":"procurement","status":"publish","type":"page","link":"https:\/\/rtb.ie\/ga\/about\/foi-publication-scheme\/procurement\/","title":{"rendered":"Sol\u00e1thar"},"content":{"rendered":"\n<div class=\"translation-notice no-print\">\n        <div class=\"inner container\">\n            <p><strong>Cuirfear aistri\u00fach\u00e1n ar f\u00e1il go luath<\/strong><\/p>\n            <p>\u00c1r leithsc\u00e9al as an m\u00edchaoithi\u00falacht. Cuirfear aistri\u00fach\u00e1n Gaeilge ar an leathanach seo ar f\u00e1il go luath. Go raibh maith agat as do chuid foighneachta agus muid ag obair ar leagan uasd\u00e1taithe.<\/p>\n        <\/div>\n    <\/div><section id=\"block-block_500737bb6b15b629bf299c6801082495\" class=\"header-block rtb-block colour-teal margin-top-none margin-bottom-default\">\n    <div class=\"container\">\n        <nav class=\"breadcrumbs\" aria-label=\"breadcrumb\">\n    <span property=\"itemListElement\" typeof=\"ListItem\"><a property=\"item\" typeof=\"WebPage\" title=\"Go to Bord um Tion\u00f3ntachta\u00ed C\u00f3naithe.\" href=\"https:\/\/rtb.ie\/ga\" class=\"home\" aria-current=\"page\"><span property=\"name\"><i class=\"rtb-home-icon\"><\/i><\/span><\/a><meta property=\"position\" content=\"1\"><\/span><i class=\"rtb-chevron\"><\/i><\/nav>\n        \n        <div class=\"wrapper\">\n            <div class=\"content\">\n                            \n                <h1 class=\"heading-xl\">Sol\u00e1thar<\/h1>\n                                            <\/div>\n            <!-- Temporary image: Remove after migrating illustrations to the illustration_selection field -->\n            \n                                    <div class=\"illustration fade-up\" aria-hidden=\"true\">\n                                                    <img decoding=\"async\" src=\"https:\/\/rtb.ie\/ga\/wp-content\/themes\/rtb\/assets\/images\/illustrations\/header-block\/header-illustration-teal-a.svg\" alt=\"\" \/>\n                                            <\/div>\n                                    <\/div>\n\n    <\/div>\n<\/section>\n\n\n<section id=\"block-block_c3dc4eb6e7e435be4b082e6d06690e95\" class=\"header-paragraph-block rtb-block  margin-top-xs margin-bottom-xs\">\n\t<div class=\"container\">\n\t\t<div class=\"content\">\n\t\t\t<article class=\"cms-content\">\n\t\t\t\t\t\t\t\t\t<h2>Procurement policy<\/h2>\n<p>The Residential Tenancies Board (RTB) follows a clear procurement policy to make sure all procurement activities meet best practice.<\/p>\n<p>All procurement processes are reviewed annually to ensure compliance with procurement principles and to deliver value for money.<\/p>\n<p>For more details, read the <a href=\"https:\/\/www.gov.ie\/en\/office-of-government-procurement\/publications\/public-procurement-guidelines-for-goods-and-services\/\">public procurement guidelines<\/a>.<\/p>\n\t\t\t\t\t\t\t<\/article>\n\t\t\t\t\t<\/div>\n\t<\/div>\n<\/section>\n\n\n<section id=\"block-block_5f0e1f7b7ebef96a8de340969c5bf75c\" class=\"header-paragraph-block rtb-block  margin-top-none margin-bottom-default\">\n\t<div class=\"container\">\n\t\t<div class=\"content\">\n\t\t\t<article class=\"cms-content\">\n\t\t\t\t\t\t\t\t\t<h2>Information on current tender competitions<\/h2>\n<p>Details of current tender competitions valued over \u20ac50,000 is available on <a href=\"http:\/\/www.etenders.gov.ie\/\">eTenders<\/a>.<\/p>\n\t\t\t\t\t\t\t<\/article>\n\t\t\t\t\t<\/div>\n\t<\/div>\n<\/section>\n\n\n<section id=\"block-block_978dc1e79a594c76ef699e0fcd49e6a6\" class=\"header-paragraph-block rtb-block  margin-top-xs margin-bottom-xs\">\n\t<div class=\"container\">\n\t\t<div class=\"content\">\n\t\t\t<article class=\"cms-content\">\n\t\t\t\t\t\t\t\t\t<h2>Public contracts awarded<\/h2>\n<p>Below, you will find details of public contracts over \u20ac50,000, including contract type, contractor name, value, award date, duration and brief description (in table format).<\/p>\n<h2>Public contracts awarded 2024<\/h2>\n<ul>\n<li>Public contracts awarded <a href=\"https:\/\/rtb.ie\/ga\/wp-content\/uploads\/2025\/05\/FOI_Q1_2024_189ee2.pdf\">Q1 2024<\/a><\/li>\n<li>Public contracts awarded <a href=\"https:\/\/rtb.ie\/ga\/wp-content\/uploads\/2025\/05\/FOI_Q2_2024_86b3d9.pdf\">Q2 2024<\/a><\/li>\n<li>Public contracts awarded <a href=\"https:\/\/rtb.ie\/ga\/wp-content\/uploads\/2025\/05\/FOI_Q3_2024_4ce85f.pdf\">Q3 2024<\/a><\/li>\n<li>Public contracts awarded <a href=\"https:\/\/rtb.ie\/ga\/wp-content\/uploads\/2025\/05\/FOI_Q4_2024_c1d215.pdf\">Q4 2024<\/a><\/li>\n<\/ul>\n<h2>Public contracts awarded 2023<\/h2>\n<ul>\n<li>Public contracts awarded <a href=\"https:\/\/rtb.ie\/ga\/wp-content\/uploads\/2025\/05\/FOI_Q1_2023_b9d8de.pdf\">Q1 2023<\/a><\/li>\n<li>Public contracts awarded <a href=\"https:\/\/rtb.ie\/ga\/wp-content\/uploads\/2025\/05\/FOI_Q2_2023_4c5b82.pdf\">Q2 2023<\/a><\/li>\n<li>Public contracts awarded <a href=\"https:\/\/rtb.ie\/ga\/wp-content\/uploads\/2025\/05\/FOI_Q3_2023_d5fff9.pdf\">Q3 2023<\/a><\/li>\n<li>Public contracts awarded <a href=\"https:\/\/rtb.ie\/ga\/wp-content\/uploads\/2025\/05\/FOI_Q4_2023_f51d05.pdf\">Q4 2023<\/a><\/li>\n<\/ul>\n<h2>Public contracts awarded 2022<\/h2>\n<ul>\n<li>Public contracts awarded <a href=\"https:\/\/rtb.ie\/ga\/wp-content\/uploads\/2025\/05\/FOI_Q1_2022_1_ddfad8.pdf\">Q1 2022<\/a><\/li>\n<li>Public contracts awarded <a href=\"https:\/\/rtb.ie\/ga\/wp-content\/uploads\/2025\/05\/FOI_Q2_2022-2.pdf\">Q2 2022<\/a><\/li>\n<li>Public contracts awarded <a href=\"https:\/\/rtb.ie\/ga\/wp-content\/uploads\/2025\/05\/FOI_Q3_2022_2dc510.pdf\">Q3 2022<\/a><\/li>\n<li>Public contracts awarded <a href=\"https:\/\/rtb.ie\/ga\/wp-content\/uploads\/2025\/05\/FOI_Q4_2022_253d6c.pdf\">Q4 2022<\/a><\/li>\n<\/ul>\n<h2>Public contracts awarded 2021<\/h2>\n<ul>\n<li>\u200b\u200b\u200b\u200b\u200bPublic contracts awarded <a href=\"https:\/\/rtb.ie\/ga\/wp-content\/uploads\/2025\/05\/FOI_Q1_2021_1_0dd3ba.pdf\">Q1 2021<\/a><\/li>\n<li>Public contracts awarded <a href=\"https:\/\/rtb.ie\/ga\/wp-content\/uploads\/2025\/05\/FOI_Q2_2021_d6d387.pdf\">Q2 2021<\/a><\/li>\n<li>Public contracts awarded <a href=\"https:\/\/rtb.ie\/ga\/wp-content\/uploads\/2025\/05\/FOI_Q3_2021_8954d6.pdf\">Q3 2021<\/a><\/li>\n<li>Public contracts awarded <a href=\"https:\/\/rtb.ie\/ga\/wp-content\/uploads\/2025\/05\/FOI_Q4_2021_ad84c6.pdf\">Q4 2021<\/a><\/li>\n<\/ul>\n<h2>Public contracts awarded 2020<\/h2>\n<ul>\n<li>Public contracts awarded <a href=\"https:\/\/rtb.ie\/ga\/wp-content\/uploads\/2025\/05\/Public_contracts_awarded_Q2_2020-2.pdf\">Q2 2020<\/a><\/li>\n<li>Public contracts awarded <a href=\"https:\/\/rtb.ie\/ga\/wp-content\/uploads\/2025\/05\/Public_Contracts_awarded_Q3_2020-2.pdf\">Q3 2020<\/a><\/li>\n<li>Public contracts awarded <a href=\"https:\/\/rtb.ie\/ga\/wp-content\/uploads\/2025\/05\/FOI_Q4_2020-2.pdf\">Q4 2020<\/a><\/li>\n<\/ul>\n\t\t\t\t\t\t\t<\/article>\n\t\t\t\t\t<\/div>\n\t<\/div>\n<\/section>","protected":false},"excerpt":{"rendered":"","protected":false},"author":9,"featured_media":0,"parent":1336,"menu_order":4,"comment_status":"closed","ping_status":"closed","template":"","meta":{"_acf_changed":false,"inline_featured_image":false,"_relevanssi_hide_post":"","_relevanssi_hide_content":"","_relevanssi_pin_for_all":"","_relevanssi_pin_keywords":"","_relevanssi_unpin_keywords":"","_relevanssi_related_keywords":"","_relevanssi_related_include_ids":"","_relevanssi_related_exclude_ids":"","_relevanssi_related_no_append":"","_relevanssi_related_not_related":"","_relevanssi_related_posts":"1239,1","_relevanssi_noindex_reason":"","_trash_the_other_posts":false,"editor_notices":[],"footnotes":""},"class_list":["post-1241","page","type-page","status-publish","hentry"],"acf":[],"jetpack_sharing_enabled":true,"publishpress_future_action":{"enabled":false,"date":"2026-04-11 08:31:59","action":"change-status","newStatus":"draft","terms":[],"taxonomy":"","extraData":[]},"publishpress_future_workflow_manual_trigger":{"enabledWorkflows":[]},"_links":{"self":[{"href":"https:\/\/rtb.ie\/ga\/wp-json\/wp\/v2\/pages\/1241","targetHints":{"allow":["GET"]}}],"collection":[{"href":"https:\/\/rtb.ie\/ga\/wp-json\/wp\/v2\/pages"}],"about":[{"href":"https:\/\/rtb.ie\/ga\/wp-json\/wp\/v2\/types\/page"}],"author":[{"embeddable":true,"href":"https:\/\/rtb.ie\/ga\/wp-json\/wp\/v2\/users\/9"}],"replies":[{"embeddable":true,"href":"https:\/\/rtb.ie\/ga\/wp-json\/wp\/v2\/comments?post=1241"}],"version-history":[{"count":9,"href":"https:\/\/rtb.ie\/ga\/wp-json\/wp\/v2\/pages\/1241\/revisions"}],"predecessor-version":[{"id":51510,"href":"https:\/\/rtb.ie\/ga\/wp-json\/wp\/v2\/pages\/1241\/revisions\/51510"}],"up":[{"embeddable":true,"href":"https:\/\/rtb.ie\/ga\/wp-json\/wp\/v2\/pages\/1336"}],"wp:attachment":[{"href":"https:\/\/rtb.ie\/ga\/wp-json\/wp\/v2\/media?parent=1241"}],"curies":[{"name":"wp","href":"https:\/\/api.w.org\/{rel}","templated":true}]}}