{"id":1243,"date":"2025-05-02T13:16:36","date_gmt":"2025-05-02T13:16:36","guid":{"rendered":"https:\/\/rtb.ie\/ga\/?page_id=1243"},"modified":"2025-10-23T12:07:06","modified_gmt":"2025-10-23T12:07:06","slug":"financial-information","status":"publish","type":"page","link":"https:\/\/rtb.ie\/ga\/about\/foi-publication-scheme\/financial-information\/","title":{"rendered":"Faisn\u00e9is airgeadais"},"content":{"rendered":"\n<div class=\"translation-notice no-print\">\n        <div class=\"inner container\">\n            <p><strong>Cuirfear aistri\u00fach\u00e1n ar f\u00e1il go luath<\/strong><\/p>\n            <p>\u00c1r leithsc\u00e9al as an m\u00edchaoithi\u00falacht. Cuirfear aistri\u00fach\u00e1n Gaeilge ar an leathanach seo ar f\u00e1il go luath. Go raibh maith agat as do chuid foighneachta agus muid ag obair ar leagan uasd\u00e1taithe.<\/p>\n        <\/div>\n    <\/div><section id=\"block-block_764c8d3f0396183ad7728da2c0bb15f8\" class=\"header-block rtb-block colour-teal margin-top-none margin-bottom-default\">\n    <div class=\"container\">\n        <nav class=\"breadcrumbs\" aria-label=\"breadcrumb\">\n    <span property=\"itemListElement\" typeof=\"ListItem\"><a property=\"item\" typeof=\"WebPage\" title=\"Go to Bord um Tion\u00f3ntachta\u00ed C\u00f3naithe.\" href=\"https:\/\/rtb.ie\/ga\" class=\"home\" aria-current=\"page\"><span property=\"name\"><i class=\"rtb-home-icon\"><\/i><\/span><\/a><meta property=\"position\" content=\"1\"><\/span><i class=\"rtb-chevron\"><\/i><\/nav>\n        \n        <div class=\"wrapper\">\n            <div class=\"content\">\n                            \n                <h1 class=\"heading-xl\">Faisn\u00e9is airgeadais<\/h1>\n                                            <\/div>\n            <!-- Temporary image: Remove after migrating illustrations to the illustration_selection field -->\n            \n                                    <div class=\"illustration fade-up\" aria-hidden=\"true\">\n                                                    <img decoding=\"async\" src=\"https:\/\/rtb.ie\/ga\/wp-content\/themes\/rtb\/assets\/images\/illustrations\/header-block\/header-illustration-teal-a.svg\" alt=\"\" \/>\n                                            <\/div>\n                                    <\/div>\n\n    <\/div>\n<\/section>\n\n\n<section id=\"block-block_c7150874bc8cdb37330ccd20ec82dcf7\" class=\"header-paragraph-block rtb-block  margin-top-xs margin-bottom-xs\">\n\t<div class=\"container\">\n\t\t<div class=\"content\">\n\t\t\t<article class=\"cms-content\">\n\t\t\t\t\t\t\t\t\t<h2>R\u00e1itis airgeadais<\/h2>\n<p>Cuims\u00edtear sna\u00a0<a href=\"https:\/\/rtb.ie\/publications\/category\/annual-reports\/\">Tuarasc\u00e1lacha Bliant\u00fala<\/a> uainn faisn\u00e9is faoi oibr\u00edochta\u00ed airgeadais, lena n-\u00e1ir\u00edtear R\u00e1itis Cuntas don bhliain lena mbaineann.<\/p>\n\t\t\t\t\t\t\t<\/article>\n\t\t\t\t\t<\/div>\n\t<\/div>\n<\/section>\n\n\n<section id=\"block-block_47269a62595302d436a7ae90fc4d2e94\" class=\"header-paragraph-block rtb-block  margin-top-xs margin-bottom-xs\">\n\t<div class=\"container\">\n\t\t<div class=\"content\">\n\t\t\t<article class=\"cms-content\">\n\t\t\t\t\t\t\t\t\t<h2>\u00cdoca\u00edochta\u00ed as earra\u00ed agus seirbh\u00eds\u00ed<\/h2>\n\t\t\t\t\t\t\t<\/article>\n\t\t\t\t\t<\/div>\n\t<\/div>\n<\/section>\n\n\n<section id=\"block-block_e373f3051abaa256448a90d6ad3ea3bd\" class=\"cards-links-block rtb-block margin-top-xs margin-bottom-xs\">\n    <div class=\"container\">\n        <div class=\"content\">\n                                        <div class=\"tiles\">\n                                            <div class=\"tile\">\n                                                            <header class=\"fade-in\">\n                                                                        <h2 class=\"\">\u00cdoca\u00edochta\u00ed as earra\u00ed agus seirbh\u00eds\u00ed  &#8211; 2022<\/h2>                                <\/header>\n                                                                                            <div class=\"intro fade-in\">\n                                    <p>T\u00e1 mionsonra\u00ed faoi \u00edoca\u00edochta\u00ed is m\u00f3 n\u00e1 \u20ac20,000 as earra\u00ed agus seirbh\u00eds\u00ed ar f\u00e1il th\u00edos. \u00cdoca\u00edochta\u00ed is m\u00f3 n\u00e1 \u20ac20,000<\/p>                                <\/div>\n                                                                                        <div class=\"cms-content\">\n                                    <ul class=\"list-arrows\">\n                                                                                                                                    <li class=\"fade-in\"><a class=\"text-link\" href=\"https:\/\/rtb.ie\/ga\/wp-content\/uploads\/2025\/05\/Q1_2022_Payments_Report.pdf\" target=\"\">Q1 2022<\/a><\/li>\n                                                                                                                                                                                <li class=\"fade-in\"><a class=\"text-link\" href=\"https:\/\/rtb.ie\/ga\/wp-content\/uploads\/2025\/05\/Q2_2022_Payments_Report.pdf\" target=\"\">Q2 2022<\/a><\/li>\n                                                                                                                        <\/ul>\n                                <\/div>\n                                                                                <\/div>\n                                    <\/div>\n                        \n        <\/div>\n    <\/div>\n<\/section>\n\n\n<section id=\"block-block_e0be43451e0883e56d6fe714849eab80\" class=\"cards-links-block rtb-block margin-top-xs margin-bottom-xs\">\n    <div class=\"container\">\n        <div class=\"content\">\n                                        <div class=\"tiles\">\n                                            <div class=\"tile\">\n                                                            <header class=\"fade-in\">\n                                                                        <h2 class=\"\">\u00cdoca\u00edochta\u00ed as earra\u00ed agus seirbh\u00eds\u00ed  &#8211; 2021<\/h2>                                <\/header>\n                                                                                            <div class=\"intro fade-in\">\n                                    <p>T\u00e1 mionsonra\u00ed faoi \u00edoca\u00edochta\u00ed is m\u00f3 n\u00e1 \u20ac20,000 as earra\u00ed agus seirbh\u00eds\u00ed ar f\u00e1il th\u00edos. \u00cdoca\u00edochta\u00ed is m\u00f3 n\u00e1 \u20ac20,000<\/p>                                <\/div>\n                                                                                        <div class=\"cms-content\">\n                                    <ul class=\"list-arrows\">\n                                                                                                                                    <li class=\"fade-in\"><a class=\"text-link\" href=\"https:\/\/rtb.ie\/ga\/wp-content\/uploads\/2025\/05\/Q1_2021_Payments_above_E20k_Report.pdf\" target=\"\">Q1 2021<\/a><\/li>\n                                                                                                                                                                                <li class=\"fade-in\"><a class=\"text-link\" href=\"https:\/\/rtb.ie\/ga\/wp-content\/uploads\/2025\/05\/Q2_2021_Payments_above_20k_Report.pdf\" target=\"\">Q2 2021<\/a><\/li>\n                                                                                                                                                                                <li class=\"fade-in\"><a class=\"text-link\" href=\"https:\/\/rtb.ie\/ga\/wp-content\/uploads\/2025\/05\/Q3_2021_Payments_above_20k_Report.pdf\" target=\"\">Q3 2021<\/a><\/li>\n                                                                                                                                                                                <li class=\"fade-in\"><a class=\"text-link\" href=\"https:\/\/rtb.ie\/ga\/wp-content\/uploads\/2025\/05\/Q4_2021_Payments_Report.pdf\" target=\"\">Q4 2021<\/a><\/li>\n                                                                                                                        <\/ul>\n                                <\/div>\n                                                                                <\/div>\n                                    <\/div>\n                        \n        <\/div>\n    <\/div>\n<\/section>\n\n\n<section id=\"block-block_602f803bb118f641b6a72510c233557d\" class=\"cards-links-block rtb-block margin-top-xs margin-bottom-xs\">\n    <div class=\"container\">\n        <div class=\"content\">\n                                        <div class=\"tiles\">\n                                            <div class=\"tile\">\n                                                            <header class=\"fade-in\">\n                                                                        <h2 class=\"\">\u00cdoca\u00edochta\u00ed as earra\u00ed agus seirbh\u00eds\u00ed &#8211; 2020<\/h2>                                <\/header>\n                                                                                            <div class=\"intro fade-in\">\n                                    <p>T\u00e1 mionsonra\u00ed faoi \u00edoca\u00edochta\u00ed is m\u00f3 n\u00e1 \u20ac20,000 as earra\u00ed agus seirbh\u00eds\u00ed ar f\u00e1il th\u00edos. \u00cdoca\u00edochta\u00ed is m\u00f3 n\u00e1 \u20ac20,000<\/p>                                <\/div>\n                                                                                        <div class=\"cms-content\">\n                                    <ul class=\"list-arrows\">\n                                                                                                                                    <li class=\"fade-in\"><a class=\"text-link\" href=\"https:\/\/rtb.ie\/ga\/wp-content\/uploads\/2025\/05\/Q1_2020_Payments_Made_above_E20k_REPORT.pdf\" target=\"\">Q1 2020<\/a><\/li>\n                                                                                                                                                                                <li class=\"fade-in\"><a class=\"text-link\" href=\"https:\/\/rtb.ie\/ga\/wp-content\/uploads\/2025\/05\/Q2_2020_Payments_Made_above_E20k_REPORT.pdf\" target=\"\">Q2 2020<\/a><\/li>\n                                                                                                                                                                                <li class=\"fade-in\"><a class=\"text-link\" href=\"https:\/\/rtb.ie\/ga\/wp-content\/uploads\/2025\/05\/Q3_2020_Payments_Made_above_E20k_REPORT.pdf\" target=\"\">Q3 2020<\/a><\/li>\n                                                                                                                                                                                <li class=\"fade-in\"><a class=\"text-link\" href=\"https:\/\/rtb.ie\/ga\/wp-content\/uploads\/2025\/05\/Q4_2020_Payments_Made_above_E20k_REPORT.pdf\" target=\"\">Q4 2020<\/a><\/li>\n                                                                                                                        <\/ul>\n                                <\/div>\n                                                                                <\/div>\n                                    <\/div>\n                        \n        <\/div>\n    <\/div>\n<\/section>\n\n\n<section id=\"block-block_d888d9e746525d5905a9bf9a3474000a\" class=\"header-paragraph-block rtb-block  margin-top-xs margin-bottom-xs\">\n\t<div class=\"container\">\n\t\t<div class=\"content\">\n\t\t\t<article class=\"cms-content\">\n\t\t\t\t\t\t\t\t\t<h3>N\u00f3ta\u00ed t\u00e1bhachtacha<\/h3>\n<p>T\u00e1 CBL san \u00e1ireamh in \u00edoca\u00edochta\u00ed as ceannach\u00e1in i gc\u00e1s gur cu\u00ed. Is glan ar Ch\u00e1in Shiarchoinne\u00e1lach at\u00e1 \u00edoca\u00edochta\u00ed le sol\u00e1thr\u00f3ir\u00ed, i gc\u00e1s gurb infheidhme. Cuireadh \u00edogaireachta\u00ed tr\u00e1cht\u00e1la san \u00e1ireamh agus faisn\u00e9is \u00edoca\u00edochta \u00e1 foilsi\u00fa.<\/p>\n\t\t\t\t\t\t\t<\/article>\n\t\t\t\t\t<\/div>\n\t<\/div>\n<\/section>\n\n\n<section id=\"block-block_ceb1f24ad3ebcdd99e839284e5881f42\" class=\"header-paragraph-block rtb-block  margin-top-xs margin-bottom-xs\">\n\t<div class=\"container\">\n\t\t<div class=\"content\">\n\t\t\t<article class=\"cms-content\">\n\t\t\t\t\t\t\t\t\t<h2>Tuairisce\u00e1in maidir le h\u00edoca\u00edochta\u00ed prasa<\/h2>\n\t\t\t\t\t\t\t<\/article>\n\t\t\t\t\t<\/div>\n\t<\/div>\n<\/section>\n\n\n<section id=\"block-block_a43da07035036a9c5356b97617993da2\" class=\"cards-links-block rtb-block margin-top-xs margin-bottom-xs\">\n    <div class=\"container\">\n        <div class=\"content\">\n                                        <div class=\"tiles\">\n                                            <div class=\"tile\">\n                                                            <header class=\"fade-in\">\n                                                                        <h2 class=\"\">\u00cdoca\u00edochta\u00ed prasa 2025<\/h2>                                <\/header>\n                                                                                            <div class=\"intro fade-in\">\n                                    <p>Faisn\u00e9is faoi thuairisce\u00e1in maidir le h\u00edoca\u00edochta\u00ed do 2025<\/p>                                <\/div>\n                                                                                        <div class=\"cms-content\">\n                                    <ul class=\"list-arrows\">\n                                                                                                                                    <li class=\"fade-in\"><a class=\"text-link\" href=\"https:\/\/rtb.ie\/ga\/wp-content\/uploads\/2025\/05\/RTB_Q1_2025_Prompt_payment_return.pdf\" target=\"\">Q1 2025<\/a><\/li>\n                                                                                                                        <\/ul>\n                                <\/div>\n                                                                                <\/div>\n                                    <\/div>\n                        \n        <\/div>\n    <\/div>\n<\/section>\n\n\n<section id=\"block-block_0f1cb277c43f71271b2227eb610c045f\" class=\"cards-links-block rtb-block margin-top-xs margin-bottom-xs\">\n    <div class=\"container\">\n        <div class=\"content\">\n                                        <div class=\"tiles\">\n                                            <div class=\"tile\">\n                                                            <header class=\"fade-in\">\n                                                                        <h2 class=\"\">\u00cdoca\u00edochta\u00ed prasa 2024<\/h2>                                <\/header>\n                                                                                            <div class=\"intro fade-in\">\n                                    <p>Faisn\u00e9is faoi thuairisce\u00e1in maidir le h\u00edoca\u00edochta\u00ed do 2024<\/p>                                <\/div>\n                                                                                        <div class=\"cms-content\">\n                                    <ul class=\"list-arrows\">\n                                                                                                                                    <li class=\"fade-in\"><a class=\"text-link\" href=\"https:\/\/rtb.ie\/ga\/wp-content\/uploads\/2025\/05\/RTB_Q1_2024_Prompt_payment_return.pdf\" target=\"\">Quarter 1 2024<\/a><\/li>\n                                                                                                                                                                                <li class=\"fade-in\"><a class=\"text-link\" href=\"https:\/\/rtb.ie\/ga\/wp-content\/uploads\/2025\/05\/RTB_Q2_2024_Prompt_payment_return.pdf\" target=\"\">Quarter 2 2024<\/a><\/li>\n                                                                                                                                                                                <li class=\"fade-in\"><a class=\"text-link\" href=\"https:\/\/rtb.ie\/ga\/wp-content\/uploads\/2025\/05\/RTB_Q3_2024_Prompt_payment_return.pdf\" target=\"\">Quarter 3 2024<\/a><\/li>\n                                                                                                                                                                                <li class=\"fade-in\"><a class=\"text-link\" href=\"https:\/\/rtb.ie\/ga\/wp-content\/uploads\/2025\/05\/RTB_Q4_2024_Prompt_payment_return.pdf\" target=\"\">Quarter 4 2024<\/a><\/li>\n                                                                                                                        <\/ul>\n                                <\/div>\n                                                                                <\/div>\n                                    <\/div>\n                        \n        <\/div>\n    <\/div>\n<\/section>\n\n\n<section id=\"block-block_caa65cedd7a41a72f6fddaee99b67448\" class=\"cards-links-block rtb-block margin-top-xs margin-bottom-default\">\n    <div class=\"container\">\n        <div class=\"content\">\n                                        <div class=\"tiles\">\n                                            <div class=\"tile\">\n                                                            <header class=\"fade-in\">\n                                                                        <h2 class=\"\">\u00cdoca\u00edochta\u00ed prasa 2023<\/h2>                                <\/header>\n                                                                                            <div class=\"intro fade-in\">\n                                    <p>Faisn\u00e9is faoi thuairisce\u00e1in maidir le h\u00edoca\u00edochta\u00ed do 2023<\/p>                                <\/div>\n                                                                                        <div class=\"cms-content\">\n                                    <ul class=\"list-arrows\">\n                                                                                                                                    <li class=\"fade-in\"><a class=\"text-link\" href=\"https:\/\/rtb.ie\/ga\/wp-content\/uploads\/2025\/05\/RTB_Q1_2023_Prompt_payment_return.pdf\" target=\"\">Quarter 1 2023<\/a><\/li>\n                                                                                                                                                                                <li class=\"fade-in\"><a class=\"text-link\" href=\"https:\/\/rtb.ie\/ga\/wp-content\/uploads\/2025\/05\/RTB_Q2_2023_Prompt_payment_return_WORD.pdf\" target=\"\">Quarter 2 2023<\/a><\/li>\n                                                                                                                                                                                <li class=\"fade-in\"><a class=\"text-link\" href=\"https:\/\/rtb.ie\/ga\/wp-content\/uploads\/2025\/05\/RTB_Q3_2023_Prompt_payment_return.pdf\" target=\"\">Quarter 3 2023<\/a><\/li>\n                                                                                                                                                                                <li class=\"fade-in\"><a class=\"text-link\" href=\"https:\/\/rtb.ie\/ga\/wp-content\/uploads\/2025\/05\/RTB_Q4_2023_Prompt_payment_return.pdf\" target=\"\">Quarter 4 2023<\/a><\/li>\n                                                                                                                        <\/ul>\n                                <\/div>\n                                                                                <\/div>\n                                    <\/div>\n                        \n        <\/div>\n    <\/div>\n<\/section>","protected":false},"excerpt":{"rendered":"","protected":false},"author":11,"featured_media":0,"parent":1336,"menu_order":3,"comment_status":"closed","ping_status":"closed","template":"","meta":{"_acf_changed":false,"inline_featured_image":false,"_relevanssi_hide_post":"","_relevanssi_hide_content":"","_relevanssi_pin_for_all":"","_relevanssi_pin_keywords":"","_relevanssi_unpin_keywords":"","_relevanssi_related_keywords":"","_relevanssi_related_include_ids":"","_relevanssi_related_exclude_ids":"","_relevanssi_related_no_append":"","_relevanssi_related_not_related":"","_relevanssi_related_posts":"","_relevanssi_noindex_reason":"","_trash_the_other_posts":false,"editor_notices":[],"footnotes":""},"class_list":["post-1243","page","type-page","status-publish","hentry"],"acf":[],"jetpack_sharing_enabled":true,"publishpress_future_action":{"enabled":false,"date":"2026-05-21 09:13:16","action":"change-status","newStatus":"draft","terms":[],"taxonomy":"","extraData":[]},"publishpress_future_workflow_manual_trigger":{"enabledWorkflows":[]},"_links":{"self":[{"href":"https:\/\/rtb.ie\/ga\/wp-json\/wp\/v2\/pages\/1243","targetHints":{"allow":["GET"]}}],"collection":[{"href":"https:\/\/rtb.ie\/ga\/wp-json\/wp\/v2\/pages"}],"about":[{"href":"https:\/\/rtb.ie\/ga\/wp-json\/wp\/v2\/types\/page"}],"author":[{"embeddable":true,"href":"https:\/\/rtb.ie\/ga\/wp-json\/wp\/v2\/users\/11"}],"replies":[{"embeddable":true,"href":"https:\/\/rtb.ie\/ga\/wp-json\/wp\/v2\/comments?post=1243"}],"version-history":[{"count":21,"href":"https:\/\/rtb.ie\/ga\/wp-json\/wp\/v2\/pages\/1243\/revisions"}],"predecessor-version":[{"id":52951,"href":"https:\/\/rtb.ie\/ga\/wp-json\/wp\/v2\/pages\/1243\/revisions\/52951"}],"up":[{"embeddable":true,"href":"https:\/\/rtb.ie\/ga\/wp-json\/wp\/v2\/pages\/1336"}],"wp:attachment":[{"href":"https:\/\/rtb.ie\/ga\/wp-json\/wp\/v2\/media?parent=1243"}],"curies":[{"name":"wp","href":"https:\/\/api.w.org\/{rel}","templated":true}]}}