{"id":1250,"date":"2025-05-02T14:12:22","date_gmt":"2025-05-02T14:12:22","guid":{"rendered":"https:\/\/rtb.ie\/ga\/?page_id=1250"},"modified":"2025-06-09T10:08:05","modified_gmt":"2025-06-09T10:08:05","slug":"regulation-of-lobbying","status":"publish","type":"page","link":"https:\/\/rtb.ie\/ga\/regulation-of-lobbying\/","title":{"rendered":"Regulation of lobbying"},"content":{"rendered":"\n<div class=\"translation-notice no-print\">\n        <div class=\"inner container\">\n            <p><strong>Cuirfear aistri\u00fach\u00e1n ar f\u00e1il go luath<\/strong><\/p>\n            <p>\u00c1r leithsc\u00e9al as an m\u00edchaoithi\u00falacht. Cuirfear aistri\u00fach\u00e1n Gaeilge ar an leathanach seo ar f\u00e1il go luath. Go raibh maith agat as do chuid foighneachta agus muid ag obair ar leagan uasd\u00e1taithe.<\/p>\n        <\/div>\n    <\/div><section id=\"block-block_60b041474fb4b29c988194ba1ddb07b1\" class=\"header-block rtb-block colour-white margin-top-none margin-bottom-none\">\n    <div class=\"container\">\n        <nav class=\"breadcrumbs\" aria-label=\"breadcrumb\">\n    <span property=\"itemListElement\" typeof=\"ListItem\"><a property=\"item\" typeof=\"WebPage\" title=\"Go to Bord um Tion\u00f3ntachta\u00ed C\u00f3naithe.\" href=\"https:\/\/rtb.ie\/ga\" class=\"home\" aria-current=\"page\"><span property=\"name\"><i class=\"rtb-home-icon\"><\/i><\/span><\/a><meta property=\"position\" content=\"1\"><\/span><i class=\"rtb-chevron\"><\/i><\/nav>\n        \n        <div class=\"wrapper\">\n            <div class=\"content\">\n                            \n                <h1 class=\"heading-l\">Regulation of lobbying<\/h1>\n                <p> Under the Regulation of Lobbying Act 2015, lobbyists must report all communication with Designated Public Officials to the Standards in Public Office Commission. <\/p>                            <\/div>\n            <!-- Temporary image: Remove after migrating illustrations to the illustration_selection field -->\n            \n                                    <div class=\"illustration fade-up\" aria-hidden=\"true\">\n                                                    <img decoding=\"async\" src=\"https:\/\/rtb.ie\/ga\/wp-content\/themes\/rtb\/assets\/images\/illustrations\/header-block\/header-illustration-teal-a-full.svg\" alt=\"\" \/>\n                                            <\/div>\n                                    <\/div>\n\n    <\/div>\n<\/section>\n\n\n<section id=\"block-block_48cde679d56bdc6392f07934a64d7cad\" class=\"header-paragraph-block rtb-block  margin-top-default margin-bottom-default\">\n\t<div class=\"container\">\n\t\t<div class=\"content\">\n\t\t\t<article class=\"cms-content\">\n\t\t\t\t\t\t\t\t\t<h2>RTB Designated Public Official<\/h2>\n<p>The Designated Public Official for the RTB under this legislation is: Rosemary Steen Director 0818 30 30 37 director@rtb.ie<\/p>\n<h2>Find out more<\/h2>\n<p>More information about the legislation and the full Register of Lobbying is available on the Regulation of Lobbying website at <a href=\"http:\/\/www.lobbying.ie\/\">www.lobbying.ie<\/a><\/p>\n\t\t\t\t\t\t\t<\/article>\n\t\t\t\t\t<\/div>\n\t<\/div>\n<\/section>","protected":false},"excerpt":{"rendered":"","protected":false},"author":9,"featured_media":0,"parent":0,"menu_order":26,"comment_status":"closed","ping_status":"closed","template":"","meta":{"_acf_changed":false,"inline_featured_image":false,"_relevanssi_hide_post":"","_relevanssi_hide_content":"","_relevanssi_pin_for_all":"","_relevanssi_pin_keywords":"","_relevanssi_unpin_keywords":"","_relevanssi_related_keywords":"","_relevanssi_related_include_ids":"","_relevanssi_related_exclude_ids":"","_relevanssi_related_no_append":"","_relevanssi_related_not_related":"","_relevanssi_related_posts":"1,1239","_relevanssi_noindex_reason":"","_trash_the_other_posts":false,"editor_notices":[],"footnotes":""},"class_list":["post-1250","page","type-page","status-publish","hentry"],"acf":[],"jetpack_sharing_enabled":true,"publishpress_future_action":{"enabled":false,"date":"2026-04-25 17:39:36","action":"change-status","newStatus":"draft","terms":[],"taxonomy":"","extraData":[]},"publishpress_future_workflow_manual_trigger":{"enabledWorkflows":[]},"_links":{"self":[{"href":"https:\/\/rtb.ie\/ga\/wp-json\/wp\/v2\/pages\/1250","targetHints":{"allow":["GET"]}}],"collection":[{"href":"https:\/\/rtb.ie\/ga\/wp-json\/wp\/v2\/pages"}],"about":[{"href":"https:\/\/rtb.ie\/ga\/wp-json\/wp\/v2\/types\/page"}],"author":[{"embeddable":true,"href":"https:\/\/rtb.ie\/ga\/wp-json\/wp\/v2\/users\/9"}],"replies":[{"embeddable":true,"href":"https:\/\/rtb.ie\/ga\/wp-json\/wp\/v2\/comments?post=1250"}],"version-history":[{"count":4,"href":"https:\/\/rtb.ie\/ga\/wp-json\/wp\/v2\/pages\/1250\/revisions"}],"predecessor-version":[{"id":50505,"href":"https:\/\/rtb.ie\/ga\/wp-json\/wp\/v2\/pages\/1250\/revisions\/50505"}],"wp:attachment":[{"href":"https:\/\/rtb.ie\/ga\/wp-json\/wp\/v2\/media?parent=1250"}],"curies":[{"name":"wp","href":"https:\/\/api.w.org\/{rel}","templated":true}]}}