{"id":1252,"date":"2025-05-06T09:42:52","date_gmt":"2025-05-06T09:42:52","guid":{"rendered":"https:\/\/rtb.ie\/ga\/?page_id=1252"},"modified":"2025-10-23T11:52:06","modified_gmt":"2025-10-23T11:52:06","slug":"how-we-make-decisions","status":"publish","type":"page","link":"https:\/\/rtb.ie\/ga\/about\/foi-publication-scheme\/how-we-make-decisions\/","title":{"rendered":"Conas a dh\u00e9anaimid cinnt\u00ed"},"content":{"rendered":"\n<div class=\"translation-notice no-print\">\n        <div class=\"inner container\">\n            <p><strong>Cuirfear aistri\u00fach\u00e1n ar f\u00e1il go luath<\/strong><\/p>\n            <p>\u00c1r leithsc\u00e9al as an m\u00edchaoithi\u00falacht. Cuirfear aistri\u00fach\u00e1n Gaeilge ar an leathanach seo ar f\u00e1il go luath. Go raibh maith agat as do chuid foighneachta agus muid ag obair ar leagan uasd\u00e1taithe.<\/p>\n        <\/div>\n    <\/div><section id=\"block-block_67ec5531914f96179c28f5ec3462977c\" class=\"header-block rtb-block colour-teal margin-top-none margin-bottom-default\">\n    <div class=\"container\">\n        <nav class=\"breadcrumbs\" aria-label=\"breadcrumb\">\n    <span property=\"itemListElement\" typeof=\"ListItem\"><a property=\"item\" typeof=\"WebPage\" title=\"Go to Bord um Tion\u00f3ntachta\u00ed C\u00f3naithe.\" href=\"https:\/\/rtb.ie\/ga\" class=\"home\" aria-current=\"page\"><span property=\"name\"><i class=\"rtb-home-icon\"><\/i><\/span><\/a><meta property=\"position\" content=\"1\"><\/span><i class=\"rtb-chevron\"><\/i><\/nav>\n        \n        <div class=\"wrapper\">\n            <div class=\"content\">\n                            \n                <h1 class=\"heading-xl\">Conas a dh\u00e9anaimid cinnt\u00ed<\/h1>\n                                            <\/div>\n            <!-- Temporary image: Remove after migrating illustrations to the illustration_selection field -->\n            \n                                    <div class=\"illustration fade-up\" aria-hidden=\"true\">\n                                                    <img decoding=\"async\" src=\"https:\/\/rtb.ie\/ga\/wp-content\/themes\/rtb\/assets\/images\/illustrations\/header-block\/header-illustration-teal-a.svg\" alt=\"\" \/>\n                                            <\/div>\n                                    <\/div>\n\n    <\/div>\n<\/section>\n\n\n<section id=\"block-block_425c46fd194632365afa95f55eb76eb2\" class=\"header-paragraph-block rtb-block  margin-top-xs margin-bottom-xs\">\n\t<div class=\"container\">\n\t\t<div class=\"content\">\n\t\t\t<article class=\"cms-content\">\n\t\t\t\t\t\t\t\t\t<h2>An pr\u00f3iseas cinnteoireachta<\/h2>\n<p>T\u00e1 s\u00e9 mar aidhm againn tr\u00e9dhearcacht, cuntasacht agus \u00e9ifeacht\u00falacht a bhaint amach i ngach cinneadh a bhaineann leis an d\u00f3igh a bhfeidhm\u00edmid.<\/p>\n<p><strong>Bord RTB:<\/strong> d\u00e9anann s\u00e9 cinnt\u00ed maidir le strait\u00e9is agus le caiteachas, agus faigheann s\u00e9 taca\u00edocht ina leith, de r\u00e9ir mar is g\u00e1, \u00f3 choist\u00ed a bhfuil saineolas speisialta acu. Faigh tuilleadh faisn\u00e9ise faoi chomhalta\u00ed an Bhoird agus na gCoist\u00ed agus faoina r\u00f3il.<\/p>\n<p><strong>An Fhoireann Ceannaireachta Feidhmi\u00fach\u00e1in:<\/strong> bainist\u00edonn s\u00ed cinnt\u00ed maidir le gn\u00e1thoibr\u00edochta\u00ed laeth\u00fala.<\/p>\n<p><strong>Cinnt\u00ed beartais phoibl\u00ed:<\/strong> c\u00e9 nach nd\u00e9anann RTB aon bheartas poibl\u00ed, bail\u00edmid faisn\u00e9is tion\u00f3ntachta agus sonra\u00ed c\u00edosa agus anail\u00eds\u00edmid iad chun bonn eolais a chur faoin d\u00e9anamh beartas san earn\u00e1il c\u00edosa.<\/p>\n<p><strong>Cinnt\u00ed imscr\u00faduithe agus smachtbhanna\u00ed:<\/strong> d\u00e9anann Pain\u00e9al neamhsple\u00e1ch Cinnteoir\u00ed na cinnt\u00ed sin a l\u00e1imhse\u00e1il. D\u00e9anann na cinnteoir\u00ed a gcinnt\u00ed go neamhsple\u00e1ch (gan aon tionchar seachtrach), bunaithe ar thortha\u00ed an phr\u00f3isis imscr\u00fadaithe.<\/p>\n<p><strong>Cinnt\u00ed r\u00e9itigh d\u00edosp\u00f3id\u00ed:<\/strong> d\u00e9antar iad sin a \u00e9asc\u00fa tr\u00ed phain\u00e9al neamhsple\u00e1ch breithneoir\u00ed agus idirghabh\u00e1laithe. Feidhm\u00edonn siad go neamhsple\u00e1ch chun cothroime a chinnti\u00fa.<\/p>\n\t\t\t\t\t\t\t<\/article>\n\t\t\t\t\t<\/div>\n\t<\/div>\n<\/section>\n\n\n<section id=\"block-block_6b0969eff92ad2b6fcfced5f9f4962d9\" class=\"header-paragraph-block rtb-block  margin-top-xs margin-bottom-xs\">\n\t<div class=\"container\">\n\t\t<div class=\"content\">\n\t\t\t<article class=\"cms-content\">\n\t\t\t\t\t\t\t\t\t<h2>Taifid ar chinnt\u00ed<\/h2>\n<p>Coinn\u00edonn RTB taifid ar phr\u00edomhchinnt\u00ed, lena n-\u00e1ir\u00edtear cinnt\u00ed foilsithe breithnithe agus binse, mar aon le smachtbhanna\u00ed rial\u00e1la deimhnithe. M\u00e9ada\u00edtear an tr\u00e9dhearcacht tuilleadh le tuarasc\u00e1lacha bliant\u00fala agus le faisn\u00e9is sol\u00e1thair.<\/p>\n<h3>Cinnt\u00ed r\u00e9itigh d\u00edosp\u00f3id\u00ed<\/h3>\n<ul>\n<li>Cinnt\u00ed idirghabh\u00e1la: n\u00ed bh\u00edonn t\u00e9arma\u00ed aon idirghabh\u00e1la le f\u00e1il ach amh\u00e1in do na p\u00e1irtithe sa ch\u00e1s.<\/li>\n<li>Cinnt\u00ed breithnithe: foils\u00edtear Orduithe Cinnidh Breithnithe ar shu\u00edomh Gr\u00e9as\u00e1in RTB.<\/li>\n<li>Cinnt\u00ed binse: foils\u00edtear tuarasc\u00e1lacha binse agus Orduithe Cinnidh ar shu\u00edomh Gr\u00e9as\u00e1in RTB.<\/li>\n<\/ul>\n<h3>Cinnt\u00ed imscr\u00faduithe agus smachtbhanna\u00ed<\/h3>\n<p>N\u00ed m\u00f3r na smachtbhanna\u00ed a bheith deimhnithe ag an gC\u00fairt Chuarda, agus foils\u00edtear smachtbhanna\u00ed deimhnithe ar shu\u00edomh Gr\u00e9as\u00e1in RTB.<\/p>\n\t\t\t\t\t\t\t<\/article>\n\t\t\t\t\t<\/div>\n\t<\/div>\n<\/section>\n\n\n<section id=\"block-block_075e272f58039839b623e950a932f594\" class=\"header-paragraph-block rtb-block  margin-top-xs margin-bottom-default\">\n\t<div class=\"container\">\n\t\t<div class=\"content\">\n\t\t\t<article class=\"cms-content\">\n\t\t\t\t\t\t\t\t\t<h2>Cinnt\u00ed strait\u00e9iseacha agus caiteachais RTB<\/h2>\n<h3>Tuarasc\u00e1il bhliant\u00fail<\/h3>\n<p>Faoin gC\u00f3d Cleachtais chun Comhlachta\u00ed St\u00e1it a Rial\u00fa, ceangla\u00edtear ar RTB tuarasc\u00e1il bhliant\u00fail agus r\u00e1itis agus tuarasc\u00e1lacha airgeadais ini\u00fachta a th\u00e1irgeadh gach bliain. Is f\u00e9idir leat amharc ar Thuarasc\u00e1lacha Bliant\u00fala \u00f3 bhlianta roimhe seo.<\/p>\n<h3>Faisn\u00e9is sol\u00e1thair<\/h3>\n<p>Bainist\u00edonn RTB gn\u00edomha\u00edochta\u00ed sol\u00e1thair i gcomhr\u00e9ir leis na n\u00f3sanna imeachta sol\u00e1thair n\u00e1isi\u00fanta agus le n\u00f3sanna imeachta sol\u00e1thair an Aontais Eorpaigh. Is f\u00e9idir leat\u00a0tuilleadh faisn\u00e9ise faoin\u00e1r gcaiteachas agus faoin\u00e1r sol\u00e1thar a l\u00e9amh.<\/p>\n\t\t\t\t\t\t\t<\/article>\n\t\t\t\t\t<\/div>\n\t<\/div>\n<\/section>","protected":false},"excerpt":{"rendered":"","protected":false},"author":10,"featured_media":0,"parent":1336,"menu_order":2,"comment_status":"closed","ping_status":"closed","template":"","meta":{"_acf_changed":false,"inline_featured_image":false,"_relevanssi_hide_post":"","_relevanssi_hide_content":"","_relevanssi_pin_for_all":"","_relevanssi_pin_keywords":"","_relevanssi_unpin_keywords":"","_relevanssi_related_keywords":"","_relevanssi_related_include_ids":"","_relevanssi_related_exclude_ids":"","_relevanssi_related_no_append":"","_relevanssi_related_not_related":"","_relevanssi_related_posts":"","_relevanssi_noindex_reason":"","_trash_the_other_posts":false,"editor_notices":[],"footnotes":""},"class_list":["post-1252","page","type-page","status-publish","hentry"],"acf":[],"jetpack_sharing_enabled":true,"publishpress_future_action":{"enabled":false,"date":"2026-04-27 16:17:43","action":"change-status","newStatus":"draft","terms":[],"taxonomy":"","extraData":[]},"publishpress_future_workflow_manual_trigger":{"enabledWorkflows":[]},"_links":{"self":[{"href":"https:\/\/rtb.ie\/ga\/wp-json\/wp\/v2\/pages\/1252","targetHints":{"allow":["GET"]}}],"collection":[{"href":"https:\/\/rtb.ie\/ga\/wp-json\/wp\/v2\/pages"}],"about":[{"href":"https:\/\/rtb.ie\/ga\/wp-json\/wp\/v2\/types\/page"}],"author":[{"embeddable":true,"href":"https:\/\/rtb.ie\/ga\/wp-json\/wp\/v2\/users\/10"}],"replies":[{"embeddable":true,"href":"https:\/\/rtb.ie\/ga\/wp-json\/wp\/v2\/comments?post=1252"}],"version-history":[{"count":20,"href":"https:\/\/rtb.ie\/ga\/wp-json\/wp\/v2\/pages\/1252\/revisions"}],"predecessor-version":[{"id":52949,"href":"https:\/\/rtb.ie\/ga\/wp-json\/wp\/v2\/pages\/1252\/revisions\/52949"}],"up":[{"embeddable":true,"href":"https:\/\/rtb.ie\/ga\/wp-json\/wp\/v2\/pages\/1336"}],"wp:attachment":[{"href":"https:\/\/rtb.ie\/ga\/wp-json\/wp\/v2\/media?parent=1252"}],"curies":[{"name":"wp","href":"https:\/\/api.w.org\/{rel}","templated":true}]}}