{"id":1310,"date":"2025-05-06T11:57:15","date_gmt":"2025-05-06T11:57:15","guid":{"rendered":"https:\/\/rtb.ie\/ga\/?page_id=1310"},"modified":"2025-10-31T11:53:54","modified_gmt":"2025-10-31T11:53:54","slug":"who-we-are","status":"publish","type":"page","link":"https:\/\/rtb.ie\/ga\/about\/what-we-do\/who-we-are\/","title":{"rendered":"C\u00e9 muid f\u00e9in"},"content":{"rendered":"\n<section id=\"block-block_e6a8cd1663288b67543d56bbe4e99754\" class=\"header-block rtb-block colour-teal margin-top-none margin-bottom-default\">\n    <div class=\"container\">\n        <nav class=\"breadcrumbs\" aria-label=\"breadcrumb\">\n    <span property=\"itemListElement\" typeof=\"ListItem\"><a property=\"item\" typeof=\"WebPage\" title=\"Go to Bord um Tion\u00f3ntachta\u00ed C\u00f3naithe.\" href=\"https:\/\/rtb.ie\/ga\" class=\"home\" aria-current=\"page\"><span property=\"name\"><i class=\"rtb-home-icon\"><\/i><\/span><\/a><meta property=\"position\" content=\"1\"><\/span><i class=\"rtb-chevron\"><\/i><\/nav>\n        \n        <div class=\"wrapper\">\n            <div class=\"content\">\n                            \n                <h1 class=\"heading-xl\">C\u00e9 sinne<\/h1>\n                                            <\/div>\n            <!-- Temporary image: Remove after migrating illustrations to the illustration_selection field -->\n            \n                                    <div class=\"illustration fade-up\" aria-hidden=\"true\">\n                                                    <img decoding=\"async\" src=\"https:\/\/rtb.ie\/ga\/wp-content\/themes\/rtb\/assets\/images\/illustrations\/header-block\/header-illustration-teal-a.svg\" alt=\"\" \/>\n                                            <\/div>\n                                    <\/div>\n\n    <\/div>\n<\/section>\n\n\n<section id=\"block-block_cd4b9da9000ca307e84f2b66b51d96a4\" class=\"header-paragraph-block rtb-block  margin-top-none margin-bottom-none\">\n\t<div class=\"container\">\n\t\t<div class=\"content\">\n\t\t\t<article class=\"cms-content\">\n\t\t\t\t\t\t\t\t\t<p>Comhlacht poibl\u00ed neamhsple\u00e1ch a rial\u00e1lann earn\u00e1il c\u00edosa na h\u00c9ireann is ea an Bord um Thion\u00f3ntachta\u00ed C\u00f3naithe (RTB). Oibr\u00edmid chun c\u00f3ras c\u00edosa cothrom a chinnti\u00fa do gach duine in \u00c9irinn.<\/p>\n<p>In\u00e1r r\u00f3l, d\u00e9anaimid na nithe seo a leanas:<\/p>\n<ul>\n<li>Tion\u00f3nta\u00ed agus tiarna\u00ed tal\u00fan a chur ar an eolas faoina gcearta agus faoina bhfreagrachta\u00ed<\/li>\n<li>A chinnti\u00fa go gcl\u00e1r\u00f3idh tiarna\u00ed tal\u00fan tion\u00f3ntachta\u00ed agus go gclo\u00edfidh siad leis an dl\u00ed c\u00edosa<\/li>\n<li>Cabhr\u00fa le d\u00edosp\u00f3id\u00ed tion\u00f3ntachta a r\u00e9iteach<\/li>\n<li>Sonra\u00ed agus l\u00e9argais iontaofa a shol\u00e1thar chun bonn eolais a chur faoin mbeartas i leith na hearn\u00e1la c\u00edosa<\/li>\n<\/ul>\n<p>T\u00e1imid tiomanta do sheirbh\u00eds\u00ed ardchaighde\u00e1in a shol\u00e1thar a fh\u00e1gann go bhfuil an earn\u00e1il c\u00edosa n\u00edos cothroime agus n\u00edos \u00e9asca le tuiscint.<\/p>\n<p>Rial\u00e1laimid gach ceann de na tion\u00f3ntachta\u00ed pr\u00edobh\u00e1ideacha, de na tion\u00f3ntachta\u00ed Comhlachta Tith\u00edochta Cheadaithe, de na tion\u00f3ntachta\u00ed ar c\u00edos de r\u00e9ir costais, agus de na tion\u00f3ntachta\u00ed i leith c\u00f3ir\u00edocht at\u00e1 sonrach do mhic l\u00e9inn in \u00c9irinn.<\/p>\n<p>Oibr\u00edmid faoi choimirce na Roinne Tith\u00edochta, Rialtais \u00c1iti\u00fail agus Oidhreachta.<\/p>\n\t\t\t\t\t\t\t<\/article>\n\t\t\t\t\t<\/div>\n\t<\/div>\n<\/section>\n\n\n<section id=\"block-block_8e032f53fa081cfdc51a33dd7f24b4da\" class=\"header-paragraph-block rtb-block  margin-top-none margin-bottom-none\">\n\t<div class=\"container\">\n\t\t<div class=\"content\">\n\t\t\t<article class=\"cms-content\">\n\t\t\t\t\t\t\t\t\t<p>&nbsp;<\/p>\n<h2>Cad a dh\u00e9anaimid<\/h2>\n<p>Is cuid r\u00edth\u00e1bhachtach de mhargadh tith\u00edochta at\u00e1 ag feidhmi\u00fa go maith \u00ed earn\u00e1il c\u00edosa fholl\u00e1in. T\u00e1 \u00e1r gcuid oibre ina cuid l\u00e1rnach den mh\u00e9id sin a bhaint amach do shocha\u00ed na h\u00c9ireann.<\/p>\n<p>Gach bliain, d\u00e9anaimid:<\/p>\n<ul>\n<li>Breis agus 300,000 ceann de thion\u00f3ntachta\u00ed pr\u00edobh\u00e1ideacha, de thion\u00f3ntachta\u00ed Comhlachta Tith\u00edochta Cheadaithe, de thion\u00f3ntachta\u00ed ar c\u00edos de r\u00e9ir costais, agus de thion\u00f3ntachta\u00ed i leith c\u00f3ir\u00edocht at\u00e1 sonrach do mhic l\u00e9inn a chl\u00e1r\u00fa.<\/li>\n<li>D\u00edosp\u00f3id\u00ed idir n\u00edos m\u00f3 n\u00e1 9,000 duine de thiarna\u00ed tal\u00fan, de thion\u00f3nta\u00ed agus de chomharsana a r\u00e9iteach.<\/li>\n<li>Feachtais chomhl\u00edonta spriocdh\u00edrithe a re\u00e1cht\u00e1il chun a chinnti\u00fa go mb\u00edonn tiarna\u00ed tal\u00fan ag clo\u00ed leis an dl\u00ed c\u00edosa.<\/li>\n<li>Faisn\u00e9is faoin dl\u00ed c\u00edosa a thabhairt do n\u00edos m\u00f3 n\u00e1 500,000 cuairteoir ar \u00e1r su\u00edomh Gr\u00e9as\u00e1in.<\/li>\n<li>Ceithre nuashonr\u00fa r\u00e1ithi\u00fala a fhoilsi\u00fa ina dtugtar na sonra\u00ed is d\u00e9ana\u00ed faoi staid earn\u00e1il c\u00edosa na h\u00c9ireann.<\/li>\n<\/ul>\n\t\t\t\t\t\t\t<\/article>\n\t\t\t\t\t<\/div>\n\t<\/div>\n<\/section>\n\n\n<section id=\"block-block_09bbc9c62ed9579ae367d32ccd12097c\" class=\"header-paragraph-block rtb-block  margin-top-none margin-bottom-default\">\n\t<div class=\"container\">\n\t\t<div class=\"content\">\n\t\t\t<article class=\"cms-content\">\n\t\t\t\t\t\t\t\t\t<p>&nbsp;<\/p>\n<h2>Conas a fheidhm\u00edmid<\/h2>\n<h3>Foireann<\/h3>\n<p>T\u00e1 leibh\u00e9al foirne ceadaithe de thart ar 125 fhosta\u00ed againn.<\/p>\n<h3>Cisti\u00fa<\/h3>\n<p>Cist\u00edtear sinn tr\u00ed th\u00e1ill\u00ed cl\u00e1r\u00fach\u00e1in tion\u00f3ntachta, tr\u00ed th\u00e1ill\u00ed d\u00edosp\u00f3ide agus tr\u00ed chisti\u00fa Rialtais tr\u00edd an Roinn Tith\u00edochta, Rialtais \u00c1iti\u00fail agus Oidhreachta.<\/p>\n<h3>Tosa\u00edochta\u00ed<\/h3>\n<p>Is f\u00e9idir leat l\u00e9amh faoin\u00e1r dtosa\u00edochta\u00ed strait\u00e9iseacha sa R\u00e1iteas Strait\u00e9ise <a href=\"https:\/\/rtb.ie\/ga\/wp-content\/uploads\/2025\/05\/RTB_Statement_of_Strategy_WEB.pdf\">2023\u20132025 \u00f3n mBord um Thion\u00f3ntachta\u00ed C\u00f3naithe.<\/a><\/p>\n<p>&nbsp;<\/p>\n\t\t\t\t\t\t\t<\/article>\n\t\t\t\t\t<\/div>\n\t<\/div>\n<\/section>","protected":false},"excerpt":{"rendered":"","protected":false},"author":6,"featured_media":0,"parent":1328,"menu_order":0,"comment_status":"closed","ping_status":"closed","template":"","meta":{"_acf_changed":false,"inline_featured_image":false,"_relevanssi_hide_post":"","_relevanssi_hide_content":"","_relevanssi_pin_for_all":"","_relevanssi_pin_keywords":"","_relevanssi_unpin_keywords":"","_relevanssi_related_keywords":"","_relevanssi_related_include_ids":"","_relevanssi_related_exclude_ids":"","_relevanssi_related_no_append":"","_relevanssi_related_not_related":"","_relevanssi_related_posts":"1239,1","_relevanssi_noindex_reason":"","_trash_the_other_posts":false,"editor_notices":[],"footnotes":""},"class_list":["post-1310","page","type-page","status-publish","hentry"],"acf":[],"jetpack_sharing_enabled":true,"publishpress_future_action":{"enabled":false,"date":"2026-05-01 08:36:02","action":"change-status","newStatus":"draft","terms":[],"taxonomy":"","extraData":[]},"publishpress_future_workflow_manual_trigger":{"enabledWorkflows":[]},"_links":{"self":[{"href":"https:\/\/rtb.ie\/ga\/wp-json\/wp\/v2\/pages\/1310","targetHints":{"allow":["GET"]}}],"collection":[{"href":"https:\/\/rtb.ie\/ga\/wp-json\/wp\/v2\/pages"}],"about":[{"href":"https:\/\/rtb.ie\/ga\/wp-json\/wp\/v2\/types\/page"}],"author":[{"embeddable":true,"href":"https:\/\/rtb.ie\/ga\/wp-json\/wp\/v2\/users\/6"}],"replies":[{"embeddable":true,"href":"https:\/\/rtb.ie\/ga\/wp-json\/wp\/v2\/comments?post=1310"}],"version-history":[{"count":9,"href":"https:\/\/rtb.ie\/ga\/wp-json\/wp\/v2\/pages\/1310\/revisions"}],"predecessor-version":[{"id":52914,"href":"https:\/\/rtb.ie\/ga\/wp-json\/wp\/v2\/pages\/1310\/revisions\/52914"}],"up":[{"embeddable":true,"href":"https:\/\/rtb.ie\/ga\/wp-json\/wp\/v2\/pages\/1328"}],"wp:attachment":[{"href":"https:\/\/rtb.ie\/ga\/wp-json\/wp\/v2\/media?parent=1310"}],"curies":[{"name":"wp","href":"https:\/\/api.w.org\/{rel}","templated":true}]}}