{"id":1332,"date":"2025-05-06T13:42:03","date_gmt":"2025-05-06T13:42:03","guid":{"rendered":"https:\/\/rtb.ie\/ga\/?page_id=1332"},"modified":"2025-10-22T11:11:53","modified_gmt":"2025-10-22T11:11:53","slug":"news","status":"publish","type":"page","link":"https:\/\/rtb.ie\/ga\/about\/news\/","title":{"rendered":"Naught"},"content":{"rendered":"\n<div class=\"translation-notice no-print\">\n        <div class=\"inner container\">\n            <p><strong>Cuirfear aistri\u00fach\u00e1n ar f\u00e1il go luath<\/strong><\/p>\n            <p>\u00c1r leithsc\u00e9al as an m\u00edchaoithi\u00falacht. Cuirfear aistri\u00fach\u00e1n Gaeilge ar an leathanach seo ar f\u00e1il go luath. Go raibh maith agat as do chuid foighneachta agus muid ag obair ar leagan uasd\u00e1taithe.<\/p>\n        <\/div>\n    <\/div><section id=\"block-block_ae817bf07558f9fe6e71b69d49693d9a\" class=\"header-block rtb-block colour-teal margin-top-none margin-bottom-none\">\n    <div class=\"container\">\n        <nav class=\"breadcrumbs\" aria-label=\"breadcrumb\">\n    <span property=\"itemListElement\" typeof=\"ListItem\"><a property=\"item\" typeof=\"WebPage\" title=\"Go to Bord um Tion\u00f3ntachta\u00ed C\u00f3naithe.\" href=\"https:\/\/rtb.ie\/ga\" class=\"home\" aria-current=\"page\"><span property=\"name\"><i class=\"rtb-home-icon\"><\/i><\/span><\/a><meta property=\"position\" content=\"1\"><\/span><i class=\"rtb-chevron\"><\/i><\/nav>\n        \n        <div class=\"wrapper\">\n            <div class=\"content\">\n                            \n                <h1 class=\"heading-xl\">Nuacht<\/h1>\n                                            <\/div>\n            <!-- Temporary image: Remove after migrating illustrations to the illustration_selection field -->\n            \n                                    <div class=\"illustration fade-up\" aria-hidden=\"true\">\n                                                    <img decoding=\"async\" src=\"https:\/\/rtb.ie\/ga\/wp-content\/themes\/rtb\/assets\/images\/illustrations\/header-block\/header-illustration-teal-a.svg\" alt=\"\" \/>\n                                            <\/div>\n                                    <\/div>\n\n    <\/div>\n<\/section>\n\n\n<section id=\"block-block_326559e00c29d1c8abbb87ea7b95677a\" class=\"highlight-news-block rtb-block margin-top-default margin-bottom-none\">\n    <div class=\"container\">\n        <div class=\"content\">\n                            <a href=\"https:\/\/rtb.ie\/ga\/about\/news\/residential-tenancies-board-releases-directors-quarterly-update\/\">\n                                            <div class=\"image fade-in\">\n                            <img loading=\"lazy\" decoding=\"async\" width=\"1024\" height=\"683\" src=\"https:\/\/rtb.ie\/wp-content\/uploads\/2025\/02\/Event_26_Feb.jpg\" class=\"attachment-full size-full wp-post-image\" alt=\"Left to Right: Rachel Slaymaker, Research Officer, ESRI, Claire Diggin, Deputy Director, Rosemary Steen, Director, Brian Gallwey, Senior Research and Policy Manager and Emer Morrissey, Head of Investigations and Sanctions, RTB\" srcset=\"https:\/\/rtb.ie\/wp-content\/uploads\/2025\/02\/Event_26_Feb.jpg 3499w, https:\/\/rtb.ie\/wp-content\/uploads\/2025\/02\/Event_26_Feb.jpg?resize=300,200 300w, https:\/\/rtb.ie\/wp-content\/uploads\/2025\/02\/Event_26_Feb.jpg?resize=768,512 768w, https:\/\/rtb.ie\/wp-content\/uploads\/2025\/02\/Event_26_Feb.jpg?resize=1024,683 1024w, https:\/\/rtb.ie\/wp-content\/uploads\/2025\/02\/Event_26_Feb.jpg?resize=1536,1024 1536w, https:\/\/rtb.ie\/wp-content\/uploads\/2025\/02\/Event_26_Feb.jpg?resize=2048,1366 2048w, https:\/\/rtb.ie\/wp-content\/uploads\/2025\/02\/Event_26_Feb.jpg?resize=660,440 660w\" sizes=\"auto, (max-width: 1024px) 100vw, 1024px\" \/>                        <\/div>\n                                        <div class=\"info\">\n                        <div class=\"meta fade-in\">\n                            <span>26 February 2025<\/span>\n                        <\/div>\n                        <h2 class=\"heading-l fade-in\">Residential Tenancies Board Releases Director&rsquo;s Quarterly Update<\/h2>  \n                        <div class=\"excerpt fade-in\">\n                                                    <\/div>\n                        <span class=\"text-link fade-in\">\n                            <p>Read the feature article<\/p>                        <\/span>                    \n                    <\/div>\n                <\/a>\n                    <\/div>\n    <\/div>\n<\/section>\n\n\n<section id=\"block-block_7c2fe209d72bd8aaf0e5e87880cf19ce\" class=\"news-listing-block rtb-block margin-top-default margin-bottom-default\">\n    <div class=\"container\">\n        <div class=\"content\">\n\n            <div class=\"filters-wrapper\">\n                <h2 class=\"heading-xs\">Scag an nuacht de r\u00e9ir<\/h2>                <div class=\"filters\">\n                    <div class=\"filter fade-in\">\n                        <label for=\"\">Date<\/label>\n                        <div class=\"facetwp-facet facetwp-facet-filter_date facetwp-type-dropdown\" data-name=\"filter_date\" data-type=\"dropdown\"><\/div>                    <\/div>\n                <\/div>\n            <\/div>\n\n            <div class=\"news-listing fade-in\">\n                <div class=\"facetwp-template\" data-name=\"news_listing\">    <article class=\"fade-in news-item\">\n    <a href=\"https:\/\/rtb.ie\/ga\/about\/news\/rtb-directors-quarterly-update-shows-irish-rental-market-grew-in-q4-2025\/\">\n        <div class=\"featured-image\">\n                                    <img decoding=\"async\" src=\"https:\/\/rtb.ie\/wp-content\/uploads\/2025\/05\/generic-news-image-green.svg?w=660\" alt=\"Placeholder Image\">\n            \n        <\/div>\n        <div class=\"content\">\n            <header>\n                <time class=\"\" datetime=\"2026-03-18T00:00:00+00:00\">18 March 2026<\/time>            <\/header>\n            <div class=\"heading\">\n                <h3 class=\"heading-xs\">RTB Director&#8217;s Quarterly Update shows Irish rental market grew in Q4 2025<\/h3>            <\/div>\n            <footer>\n                <span class=\"text-link\">Read more<\/span>\n            <\/footer>\n        <\/div>\n    <\/a>\n<\/article>    <article class=\"fade-in news-item\">\n    <a href=\"https:\/\/rtb.ie\/ga\/about\/news\/residential-tenancies-board-outlines-major-rental-law-changes-taking-effect-from-1st-march\/\">\n        <div class=\"featured-image\">\n                                    <img decoding=\"async\" src=\"https:\/\/rtb.ie\/wp-content\/uploads\/2025\/05\/generic-news-image-grey.svg?w=660\" alt=\"Placeholder Image\">\n            \n        <\/div>\n        <div class=\"content\">\n            <header>\n                <time class=\"\" datetime=\"2026-02-25T00:00:00+00:00\">25 February 2026<\/time>            <\/header>\n            <div class=\"heading\">\n                <h3 class=\"heading-xs\">Residential Tenancies Board outlines major rental law changes taking effect from 1st March<\/h3>            <\/div>\n            <footer>\n                <span class=\"text-link\">Read more<\/span>\n            <\/footer>\n        <\/div>\n    <\/a>\n<\/article>    <article class=\"fade-in news-item\">\n    <a href=\"https:\/\/rtb.ie\/ga\/about\/news\/enactment-of-residential-tenancies-miscellaneous-provisions-bill-2026\/\">\n        <div class=\"featured-image\">\n                            <img decoding=\"async\" src=\"https:\/\/rtb.ie\/wp-content\/uploads\/2026\/02\/Rights-and-Responsibilities-General.png?w=660\" alt=\"A row of red-brick houses along a road\">\n            \n        <\/div>\n        <div class=\"content\">\n            <header>\n                <time class=\"\" datetime=\"2026-02-24T00:00:00+00:00\">24 February 2026<\/time>            <\/header>\n            <div class=\"heading\">\n                <h3 class=\"heading-xs\">Enactment of Residential Tenancies (Miscellaneous Provisions) Bill 2026<\/h3>            <\/div>\n            <footer>\n                <span class=\"text-link\">Read more<\/span>\n            <\/footer>\n        <\/div>\n    <\/a>\n<\/article>    <article class=\"fade-in news-item\">\n    <a href=\"https:\/\/rtb.ie\/ga\/about\/news\/christmas-opening-hours-2025\/\">\n        <div class=\"featured-image\">\n                                    <img decoding=\"async\" src=\"https:\/\/rtb.ie\/wp-content\/uploads\/2025\/05\/generic-news-image-grey.svg?w=660\" alt=\"Placeholder Image\">\n            \n        <\/div>\n        <div class=\"content\">\n            <header>\n                <time class=\"\" datetime=\"2025-12-23T00:00:00+00:00\">23 December 2025<\/time>            <\/header>\n            <div class=\"heading\">\n                <h3 class=\"heading-xs\">Christmas Opening Hours 2025<\/h3>            <\/div>\n            <footer>\n                <span class=\"text-link\">Read more<\/span>\n            <\/footer>\n        <\/div>\n    <\/a>\n<\/article>    <article class=\"fade-in news-item\">\n    <a href=\"https:\/\/rtb.ie\/ga\/about\/news\/rtb-forum-address-concerning-rental-inflation-trends-in-galway\/\">\n        <div class=\"featured-image\">\n                                    <img decoding=\"async\" src=\"https:\/\/rtb.ie\/wp-content\/uploads\/2025\/05\/generic-news-image-dark-blue.svg?w=660\" alt=\"Placeholder Image\">\n            \n        <\/div>\n        <div class=\"content\">\n            <header>\n                <time class=\"\" datetime=\"2025-06-18T00:00:00+00:00\">18 June 2025<\/time>            <\/header>\n            <div class=\"heading\">\n                <h3 class=\"heading-xs\">RTB Forum Address Concerning Rental Inflation Trends in Galway<\/h3>            <\/div>\n            <footer>\n                <span class=\"text-link\">Read more<\/span>\n            <\/footer>\n        <\/div>\n    <\/a>\n<\/article>    <article class=\"fade-in news-item\">\n    <a href=\"https:\/\/rtb.ie\/ga\/about\/news\/rtb-statement-on-proposed-changes-to-residential-tenancies-act\/\">\n        <div class=\"featured-image\">\n                            <img decoding=\"async\" src=\"https:\/\/rtb.ie\/wp-content\/uploads\/2025\/06\/generic-news-image-green.svg?w=660\" alt=\"RTB Statement on Proposed Changes to Residential Tenancies Act\">\n            \n        <\/div>\n        <div class=\"content\">\n            <header>\n                <time class=\"\" datetime=\"2025-06-10T00:00:00+00:00\">10 June 2025<\/time>            <\/header>\n            <div class=\"heading\">\n                <h3 class=\"heading-xs\">RTB Statement on Proposed Changes to Residential Tenancies Act<\/h3>            <\/div>\n            <footer>\n                <span class=\"text-link\">Read more<\/span>\n            <\/footer>\n        <\/div>\n    <\/a>\n<\/article><\/div>            <\/div>\n\n            <div class=\"load-more fade-in\">\n                <div class=\"facetwp-facet facetwp-facet-pager_ facetwp-type-pager\" data-name=\"pager_\" data-type=\"pager\"><\/div>            <\/div>\n\n        <\/div>\n    <\/div>\n<\/section>\n","protected":false},"excerpt":{"rendered":"","protected":false},"author":6,"featured_media":0,"parent":166,"menu_order":3,"comment_status":"closed","ping_status":"closed","template":"","meta":{"_acf_changed":false,"inline_featured_image":false,"_relevanssi_hide_post":"","_relevanssi_hide_content":"","_relevanssi_pin_for_all":"","_relevanssi_pin_keywords":"","_relevanssi_unpin_keywords":"","_relevanssi_related_keywords":"","_relevanssi_related_include_ids":"","_relevanssi_related_exclude_ids":"","_relevanssi_related_no_append":"","_relevanssi_related_not_related":"","_relevanssi_related_posts":"1,1239","_relevanssi_noindex_reason":"","_trash_the_other_posts":false,"editor_notices":[],"footnotes":""},"class_list":["post-1332","page","type-page","status-publish","hentry"],"acf":[],"jetpack_sharing_enabled":true,"publishpress_future_action":{"enabled":false,"date":"2026-04-11 08:32:57","action":"change-status","newStatus":"draft","terms":[],"taxonomy":"","extraData":[]},"publishpress_future_workflow_manual_trigger":{"enabledWorkflows":[]},"_links":{"self":[{"href":"https:\/\/rtb.ie\/ga\/wp-json\/wp\/v2\/pages\/1332","targetHints":{"allow":["GET"]}}],"collection":[{"href":"https:\/\/rtb.ie\/ga\/wp-json\/wp\/v2\/pages"}],"about":[{"href":"https:\/\/rtb.ie\/ga\/wp-json\/wp\/v2\/types\/page"}],"author":[{"embeddable":true,"href":"https:\/\/rtb.ie\/ga\/wp-json\/wp\/v2\/users\/6"}],"replies":[{"embeddable":true,"href":"https:\/\/rtb.ie\/ga\/wp-json\/wp\/v2\/comments?post=1332"}],"version-history":[{"count":12,"href":"https:\/\/rtb.ie\/ga\/wp-json\/wp\/v2\/pages\/1332\/revisions"}],"predecessor-version":[{"id":52929,"href":"https:\/\/rtb.ie\/ga\/wp-json\/wp\/v2\/pages\/1332\/revisions\/52929"}],"up":[{"embeddable":true,"href":"https:\/\/rtb.ie\/ga\/wp-json\/wp\/v2\/pages\/166"}],"wp:attachment":[{"href":"https:\/\/rtb.ie\/ga\/wp-json\/wp\/v2\/media?parent=1332"}],"curies":[{"name":"wp","href":"https:\/\/api.w.org\/{rel}","templated":true}]}}