{"id":1334,"date":"2025-05-06T13:42:30","date_gmt":"2025-05-06T13:42:30","guid":{"rendered":"https:\/\/rtb.ie\/ga\/?page_id=1334"},"modified":"2025-06-06T15:14:47","modified_gmt":"2025-06-06T15:14:47","slug":"events","status":"publish","type":"page","link":"https:\/\/rtb.ie\/ga\/about\/events\/","title":{"rendered":"Events"},"content":{"rendered":"\n<div class=\"translation-notice no-print\">\n        <div class=\"inner container\">\n            <p><strong>Cuirfear aistri\u00fach\u00e1n ar f\u00e1il go luath<\/strong><\/p>\n            <p>\u00c1r leithsc\u00e9al as an m\u00edchaoithi\u00falacht. Cuirfear aistri\u00fach\u00e1n Gaeilge ar an leathanach seo ar f\u00e1il go luath. Go raibh maith agat as do chuid foighneachta agus muid ag obair ar leagan uasd\u00e1taithe.<\/p>\n        <\/div>\n    <\/div><section id=\"block-block_4b17039b8574bda00fe8468891a5bb9f\" class=\"header-block rtb-block colour-teal margin-top-none margin-bottom-default\">\n    <div class=\"container\">\n        <nav class=\"breadcrumbs\" aria-label=\"breadcrumb\">\n    <span property=\"itemListElement\" typeof=\"ListItem\"><a property=\"item\" typeof=\"WebPage\" title=\"Go to Bord um Tion\u00f3ntachta\u00ed C\u00f3naithe.\" href=\"https:\/\/rtb.ie\/ga\" class=\"home\" aria-current=\"page\"><span property=\"name\"><i class=\"rtb-home-icon\"><\/i><\/span><\/a><meta property=\"position\" content=\"1\"><\/span><i class=\"rtb-chevron\"><\/i><\/nav>\n        \n        <div class=\"wrapper\">\n            <div class=\"content\">\n                            \n                <h1 class=\"heading-xl\">Events<\/h1>\n                                            <\/div>\n            <!-- Temporary image: Remove after migrating illustrations to the illustration_selection field -->\n            \n                                    <div class=\"illustration fade-up\" aria-hidden=\"true\">\n                                                    <img decoding=\"async\" src=\"https:\/\/rtb.ie\/ga\/wp-content\/themes\/rtb\/assets\/images\/illustrations\/header-block\/header-illustration-teal-a.svg\" alt=\"\" \/>\n                                            <\/div>\n                                    <\/div>\n\n    <\/div>\n<\/section>\n\n\n<section id=\"block-block_f9dc6f5f693b5be0ac72405fbccfbc13\" class=\"header-paragraph-block rtb-block  margin-top-xs margin-bottom-xs\">\n\t<div class=\"container\">\n\t\t<div class=\"content\">\n\t\t\t<article class=\"cms-content\">\n\t\t\t\t\t\t\t\t\t<h2>Stakeholder engagement<\/h2>\n<p>It is important to us to engage positively and effectively with all our stakeholders across the housing sector, to work towards delivering a fair rental sector for Irish society.<\/p>\n<p>Find out about upcoming stakeholder events on this page and how to register your interest.<\/p>\n<p>&nbsp;<\/p>\n<p>&nbsp;<\/p>\n\t\t\t\t\t\t\t<\/article>\n\t\t\t\t\t<\/div>\n\t<\/div>\n<\/section>\n\n\n<section id=\"block-block_c9898248a9aa3ddfbe9ff75d12f33076\" class=\"featured-news-block rtb-block margin-top-xs margin-bottom-xs\">\n    <div class=\"container\">\n        <div class=\"content\">\n            <header>\n                <h2 class=\"heading-ml\">Upcoming events<\/h2>                <div class=\"view-all rtb-desktop\">\n                                    <\/div>\n            <\/header>\n            <div class=\"main\">\n                                    <ul>\n                                                    <li class=\"fade-in\">\n                                <a href=\"https:\/\/rtb.ie\/ga\/about\/news\/rtb-directors-quarterly-update-shows-irish-rental-market-grew-in-q4-2025\/\">\n                                    \n                                    <div class=\"featured-image\">\n                                                                                                                                        <img decoding=\"async\" src=\"https:\/\/rtb.ie\/wp-content\/uploads\/2025\/05\/generic-news-image-teal.svg?w=660\" alt=\"\">\n                                                                                                                                                                        <\/div>\n\n                                    <div class=\"content\">\n                                        <div class=\"heading\">\n                                            <h3 class=\"heading-xs\">RTB Director&#8217;s Quarterly Update shows Irish rental market grew in Q4 2025<\/h3>                                        <\/div>\n                                        <footer>\n                                            <time class=\"\" datetime=\"2026-03-18T00:00:00+00:00\">18 March 2026<\/time>                                            <span class=\"text-link\">Find out more<\/span>\n                                        <\/footer>\n                                    <\/div>\n                                    \n                                <\/a>\n                            <\/li>\n                                                    <li class=\"fade-in\">\n                                <a href=\"https:\/\/rtb.ie\/ga\/about\/news\/residential-tenancies-board-outlines-major-rental-law-changes-taking-effect-from-1st-march\/\">\n                                    \n                                    <div class=\"featured-image\">\n                                                                                                                                        <img decoding=\"async\" src=\"https:\/\/rtb.ie\/wp-content\/uploads\/2025\/05\/generic-news-image-teal.svg?w=660\" alt=\"\">\n                                                                                                                                                                        <\/div>\n\n                                    <div class=\"content\">\n                                        <div class=\"heading\">\n                                            <h3 class=\"heading-xs\">Residential Tenancies Board outlines major rental law changes taking effect from 1st March<\/h3>                                        <\/div>\n                                        <footer>\n                                            <time class=\"\" datetime=\"2026-02-25T00:00:00+00:00\">25 February 2026<\/time>                                            <span class=\"text-link\">Find out more<\/span>\n                                        <\/footer>\n                                    <\/div>\n                                    \n                                <\/a>\n                            <\/li>\n                                                    <li class=\"fade-in\">\n                                <a href=\"https:\/\/rtb.ie\/ga\/about\/news\/enactment-of-residential-tenancies-miscellaneous-provisions-bill-2026\/\">\n                                    \n                                    <div class=\"featured-image\">\n                                                                                    <img loading=\"lazy\" decoding=\"async\" width=\"660\" height=\"436\" src=\"https:\/\/rtb.ie\/wp-content\/uploads\/2026\/02\/Rights-and-Responsibilities-General.png?w=660\" class=\"attachment-custom-size-660px size-custom-size-660px wp-post-image\" alt=\"A row of red-brick houses along a road\" srcset=\"https:\/\/rtb.ie\/wp-content\/uploads\/2026\/02\/Rights-and-Responsibilities-General.png 799w, https:\/\/rtb.ie\/wp-content\/uploads\/2026\/02\/Rights-and-Responsibilities-General.png?resize=300,198 300w, https:\/\/rtb.ie\/wp-content\/uploads\/2026\/02\/Rights-and-Responsibilities-General.png?resize=768,508 768w, https:\/\/rtb.ie\/wp-content\/uploads\/2026\/02\/Rights-and-Responsibilities-General.png?resize=660,436 660w\" sizes=\"auto, (max-width: 660px) 100vw, 660px\" \/>                                                                            <\/div>\n\n                                    <div class=\"content\">\n                                        <div class=\"heading\">\n                                            <h3 class=\"heading-xs\">Enactment of Residential Tenancies (Miscellaneous Provisions) Bill 2026<\/h3>                                        <\/div>\n                                        <footer>\n                                            <time class=\"\" datetime=\"2026-02-24T00:00:00+00:00\">24 February 2026<\/time>                                            <span class=\"text-link\">Find out more<\/span>\n                                        <\/footer>\n                                    <\/div>\n                                    \n                                <\/a>\n                            <\/li>\n                                            <\/ul>\n                            <\/div>\n            <div class=\"view-all rtb-mobile\">\n                            <\/div>\n        <\/div>\n    <\/div>\n<\/section>\n\n\n<section id=\"block-block_04ddd38b87aa76793370c4323a5b3bb2\" class=\"header-paragraph-block rtb-block  margin-top-xs margin-bottom-default\">\n\t<div class=\"container\">\n\t\t<div class=\"content\">\n\t\t\t<article class=\"cms-content\">\n\t\t\t\t\t\t\t\t\t<h2>Find out more<\/h2>\n<p>Read more about our wide range of stakeholders in our <a href=\"https:\/\/rtb.ie\/ga\/about\/what-we-do\/customer-charter\/\">Customer Charter<\/a><\/p>\n\t\t\t\t\t\t\t<\/article>\n\t\t\t\t\t<\/div>\n\t<\/div>\n<\/section>","protected":false},"excerpt":{"rendered":"","protected":false},"author":6,"featured_media":0,"parent":166,"menu_order":4,"comment_status":"closed","ping_status":"closed","template":"","meta":{"_acf_changed":false,"inline_featured_image":false,"_relevanssi_hide_post":"","_relevanssi_hide_content":"","_relevanssi_pin_for_all":"","_relevanssi_pin_keywords":"","_relevanssi_unpin_keywords":"","_relevanssi_related_keywords":"","_relevanssi_related_include_ids":"","_relevanssi_related_exclude_ids":"","_relevanssi_related_no_append":"","_relevanssi_related_not_related":"","_relevanssi_related_posts":"","_relevanssi_noindex_reason":"","_trash_the_other_posts":false,"editor_notices":[],"footnotes":""},"class_list":["post-1334","page","type-page","status-publish","hentry"],"acf":[],"jetpack_sharing_enabled":true,"publishpress_future_action":{"enabled":false,"date":"2026-04-16 08:52:56","action":"change-status","newStatus":"draft","terms":[],"taxonomy":"","extraData":[]},"publishpress_future_workflow_manual_trigger":{"enabledWorkflows":[]},"_links":{"self":[{"href":"https:\/\/rtb.ie\/ga\/wp-json\/wp\/v2\/pages\/1334","targetHints":{"allow":["GET"]}}],"collection":[{"href":"https:\/\/rtb.ie\/ga\/wp-json\/wp\/v2\/pages"}],"about":[{"href":"https:\/\/rtb.ie\/ga\/wp-json\/wp\/v2\/types\/page"}],"author":[{"embeddable":true,"href":"https:\/\/rtb.ie\/ga\/wp-json\/wp\/v2\/users\/6"}],"replies":[{"embeddable":true,"href":"https:\/\/rtb.ie\/ga\/wp-json\/wp\/v2\/comments?post=1334"}],"version-history":[{"count":8,"href":"https:\/\/rtb.ie\/ga\/wp-json\/wp\/v2\/pages\/1334\/revisions"}],"predecessor-version":[{"id":50384,"href":"https:\/\/rtb.ie\/ga\/wp-json\/wp\/v2\/pages\/1334\/revisions\/50384"}],"up":[{"embeddable":true,"href":"https:\/\/rtb.ie\/ga\/wp-json\/wp\/v2\/pages\/166"}],"wp:attachment":[{"href":"https:\/\/rtb.ie\/ga\/wp-json\/wp\/v2\/media?parent=1334"}],"curies":[{"name":"wp","href":"https:\/\/api.w.org\/{rel}","templated":true}]}}