{"id":1336,"date":"2025-05-06T13:43:18","date_gmt":"2025-05-06T13:43:18","guid":{"rendered":"https:\/\/rtb.ie\/ga\/?page_id=1336"},"modified":"2025-10-31T12:06:45","modified_gmt":"2025-10-31T12:06:45","slug":"foi-publication-scheme","status":"publish","type":"page","link":"https:\/\/rtb.ie\/ga\/about\/foi-publication-scheme\/","title":{"rendered":"Sc\u00e9im foilsithe SF"},"content":{"rendered":"\n<section id=\"block-block_1f32c6f4c347207481c4a5035174bdb7\" class=\"header-block rtb-block colour-teal margin-top-none margin-bottom-default\">\n    <div class=\"container\">\n        <nav class=\"breadcrumbs\" aria-label=\"breadcrumb\">\n    <span property=\"itemListElement\" typeof=\"ListItem\"><a property=\"item\" typeof=\"WebPage\" title=\"Go to Bord um Tion\u00f3ntachta\u00ed C\u00f3naithe.\" href=\"https:\/\/rtb.ie\/ga\" class=\"home\" aria-current=\"page\"><span property=\"name\"><i class=\"rtb-home-icon\"><\/i><\/span><\/a><meta property=\"position\" content=\"1\"><\/span><i class=\"rtb-chevron\"><\/i><\/nav>\n        \n        <div class=\"wrapper\">\n            <div class=\"content\">\n                            \n                <h1 class=\"heading-xl\">Sc\u00e9im foilsithe SF<\/h1>\n                                            <\/div>\n            <!-- Temporary image: Remove after migrating illustrations to the illustration_selection field -->\n            \n                                    <div class=\"illustration fade-up\" aria-hidden=\"true\">\n                                                    <img decoding=\"async\" src=\"https:\/\/rtb.ie\/ga\/wp-content\/themes\/rtb\/assets\/images\/illustrations\/header-block\/header-illustration-teal-a.svg\" alt=\"\" \/>\n                                            <\/div>\n                                    <\/div>\n\n    <\/div>\n<\/section>\n\n\n<section id=\"block-block_2f06e6917b8f2a12bdcdbd434181abb6\" class=\"intro-and-links-block rtb-block  margin-top-none margin-bottom-default\">\n\t<div class=\"container\">\n\t\t<div class=\"content\">\n            <header class=\"cms-content fade-in\">\n                <h2 class=\"\">Achoimre<\/h2>                <p>Faoin Acht um Shaor\u00e1il Faisn\u00e9ise 2014, n\u00ed m\u00f3r do gach comhlacht Saor\u00e1la Faisn\u00e9ise sc\u00e9im a fhoilsi\u00fa ina leagtar amach an d\u00f3igh a gcomhroinneann siad faisn\u00e9is leis an bpobal. Tugtar an Sc\u00e9im Foilsitheoireachta Saor\u00e1la Faisn\u00e9ise air sin.<\/p>\n<p>Clo\u00edonn an Bord um Thion\u00f3ntachta\u00ed C\u00f3naithe (RTB) leis an gceanglas sin tr\u00ed rochtain a thabhairt ar fhaisn\u00e9is th\u00e1bhachtach tr\u00edd an Sc\u00e9im Foilsitheoireachta Saor\u00e1la Faisn\u00e9ise uainn, agus oscailteacht, tr\u00e9dhearcacht agus cuntasacht \u00e1 gcur chun cinn.<\/p>\n<p>Comhl\u00edonann an Sc\u00e9im Foilsitheoireachta Saor\u00e1la Faisn\u00e9ise uainn an sc\u00e9im foilsitheoireachta eiseaml\u00e1ireach agus na treoirl\u00ednte arna n-eisi\u00faint ag an Aire Caiteachais Phoibl\u00ed agus Athch\u00f3irithe.<\/p>\n<p><strong>M\u00e1 theasta\u00edonn tuilleadh faisn\u00e9ise uait<\/strong><\/p>\n<p>M\u00e1 theasta\u00edonn uait tuilleadh faisn\u00e9ise nach f\u00e9idir a aimsi\u00fa sa rann\u00e1n seo, is f\u00e9idir leat:<br \/>\nGlaoch orainn ar 0818 30 30 37 n\u00f3 01 702 8100 (idir 9am agus 5pm \u00f3 Luan go hAoine) n\u00f3<br \/>\nR\u00edomhphost a sheoladh chugainn ag customer.service@rtb.ie<\/p>\n\n                \n            <\/header>\n                            <ul class=\"links\">\n                                            <li class=\"fade-up\">\n                            <a href=\"https:\/\/rtb.ie\/ga\/about\/what-we-do\/who-we-are\/\" target=\"\">\n                                <h3 class=\"\">Faisn\u00e9is faoin RTB<\/h3>                                <p>Tuilleadh faisn\u00e9ise faoin mBord um Thion\u00f3ntachta\u00ed C\u00f3naithe.<\/p>                                \n                                <i class=\"rtb-arrow\"><\/i>\n                            <\/a>\n                        <\/li>\n                                            <li class=\"fade-up\">\n                            <a href=\"https:\/\/rtb.ie\/ga\/about\/foi-publication-scheme\/services-provided-to-the-public\/\" target=\"\">\n                                <h3 class=\"\">Seirbh\u00eds\u00ed a chuirtear ar f\u00e1il don phobal<\/h3>                                <p>Is f\u00e9idir leat tuilleadh faisn\u00e9ise a fh\u00e1il faoi na seirbh\u00eds\u00ed a shol\u00e1thra\u00edmid, faoi conas rochtain a fh\u00e1il orthu agus faoi c\u00e1 mh\u00e9ad a chosna\u00edonn siad ar an leathanach seo.<\/p>                                \n                                <i class=\"rtb-arrow\"><\/i>\n                            <\/a>\n                        <\/li>\n                                            <li class=\"fade-up\">\n                            <a href=\"https:\/\/rtb.ie\/ga\/about\/foi-publication-scheme\/how-we-make-decisions\/\" target=\"\">\n                                <h3 class=\"\">Conas a dh\u00e9anaimid cinnt\u00ed<\/h3>                                <p>T\u00e1 s\u00e9 mar aidhm againn tr\u00e9dhearcacht, cuntasacht agus \u00e9ifeacht\u00falacht a bhaint amach i ngach cinneadh a bhaineann leis an d\u00f3igh a bhfeidhm\u00edmid.<\/p>                                \n                                <i class=\"rtb-arrow\"><\/i>\n                            <\/a>\n                        <\/li>\n                                            <li class=\"fade-up\">\n                            <a href=\"https:\/\/rtb.ie\/ga\/about\/foi-publication-scheme\/financial-information\/\" target=\"\">\n                                <h3 class=\"\">Faisn\u00e9is airgeadais<\/h3>                                <p>Cuims\u00edtear sna Tuarasc\u00e1lacha Bliant\u00fala uainn faisn\u00e9is faoi oibr\u00edochta\u00ed airgeadais, lena n-\u00e1ir\u00edtear R\u00e1itis Cuntas don bhliain lena mbaineann.<\/p>                                \n                                <i class=\"rtb-arrow\"><\/i>\n                            <\/a>\n                        <\/li>\n                                            <li class=\"fade-up\">\n                            <a href=\"https:\/\/rtb.ie\/ga\/about\/foi-publication-scheme\/procurement\/\" target=\"\">\n                                <h3 class=\"\">Sol\u00e1thar<\/h3>                                <p>Leanaimid beartas soil\u00e9ir sol\u00e1thair chun a chinnti\u00fa go gcomhl\u00edonann na gn\u00edomha\u00edochta\u00ed sol\u00e1thair uile an dea-chleachtas.<\/p>                                \n                                <i class=\"rtb-arrow\"><\/i>\n                            <\/a>\n                        <\/li>\n                                            <li class=\"fade-up\">\n                            <a href=\"https:\/\/rtb.ie\/ga\/about\/foi-publication-scheme\/foi-disclosure-logs\/\" target=\"\">\n                                <h3 class=\"\">Loga\u00ed Nochta Saor\u00e1la Faisn\u00e9ise<\/h3>                                <p>Foils\u00edmid iarrata\u00ed Saor\u00e1la Faisn\u00e9ise ar bhonn r\u00e1ithi\u00fail tr\u00edn\u00e1r loga nochta.<\/p>                                \n                                <i class=\"rtb-arrow\"><\/i>\n                            <\/a>\n                        <\/li>\n                                    <\/ul>\t\t\t\t\n            \t\t<\/div>\n\t<\/div>\n<\/section>","protected":false},"excerpt":{"rendered":"","protected":false},"author":6,"featured_media":0,"parent":166,"menu_order":5,"comment_status":"closed","ping_status":"closed","template":"","meta":{"_acf_changed":false,"inline_featured_image":false,"_relevanssi_hide_post":"","_relevanssi_hide_content":"","_relevanssi_pin_for_all":"","_relevanssi_pin_keywords":"","_relevanssi_unpin_keywords":"","_relevanssi_related_keywords":"","_relevanssi_related_include_ids":"","_relevanssi_related_exclude_ids":"","_relevanssi_related_no_append":"","_relevanssi_related_not_related":"","_relevanssi_related_posts":"1,1239","_relevanssi_noindex_reason":"","_trash_the_other_posts":false,"editor_notices":[],"footnotes":""},"class_list":["post-1336","page","type-page","status-publish","hentry"],"acf":[],"jetpack_sharing_enabled":true,"publishpress_future_action":{"enabled":false,"date":"2026-04-28 04:36:36","action":"change-status","newStatus":"draft","terms":[],"taxonomy":"","extraData":[]},"publishpress_future_workflow_manual_trigger":{"enabledWorkflows":[]},"_links":{"self":[{"href":"https:\/\/rtb.ie\/ga\/wp-json\/wp\/v2\/pages\/1336","targetHints":{"allow":["GET"]}}],"collection":[{"href":"https:\/\/rtb.ie\/ga\/wp-json\/wp\/v2\/pages"}],"about":[{"href":"https:\/\/rtb.ie\/ga\/wp-json\/wp\/v2\/types\/page"}],"author":[{"embeddable":true,"href":"https:\/\/rtb.ie\/ga\/wp-json\/wp\/v2\/users\/6"}],"replies":[{"embeddable":true,"href":"https:\/\/rtb.ie\/ga\/wp-json\/wp\/v2\/comments?post=1336"}],"version-history":[{"count":25,"href":"https:\/\/rtb.ie\/ga\/wp-json\/wp\/v2\/pages\/1336\/revisions"}],"predecessor-version":[{"id":52945,"href":"https:\/\/rtb.ie\/ga\/wp-json\/wp\/v2\/pages\/1336\/revisions\/52945"}],"up":[{"embeddable":true,"href":"https:\/\/rtb.ie\/ga\/wp-json\/wp\/v2\/pages\/166"}],"wp:attachment":[{"href":"https:\/\/rtb.ie\/ga\/wp-json\/wp\/v2\/media?parent=1336"}],"curies":[{"name":"wp","href":"https:\/\/api.w.org\/{rel}","templated":true}]}}