{"id":1338,"date":"2025-05-06T13:43:46","date_gmt":"2025-05-06T13:43:46","guid":{"rendered":"https:\/\/rtb.ie\/ga\/?page_id=1338"},"modified":"2025-10-23T10:58:56","modified_gmt":"2025-10-23T10:58:56","slug":"publications","status":"publish","type":"page","link":"https:\/\/rtb.ie\/ga\/about\/publications\/","title":{"rendered":"Publications"},"content":{"rendered":"\n<div class=\"translation-notice no-print\">\n        <div class=\"inner container\">\n            <p><strong>Cuirfear aistri\u00fach\u00e1n ar f\u00e1il go luath<\/strong><\/p>\n            <p>\u00c1r leithsc\u00e9al as an m\u00edchaoithi\u00falacht. Cuirfear aistri\u00fach\u00e1n Gaeilge ar an leathanach seo ar f\u00e1il go luath. Go raibh maith agat as do chuid foighneachta agus muid ag obair ar leagan uasd\u00e1taithe.<\/p>\n        <\/div>\n    <\/div><section id=\"block-block_fb1f8cf74d68bc7dbba74de9bd9fa3f4\" class=\"header-block rtb-block colour-teal margin-top-none margin-bottom-default\">\n    <div class=\"container\">\n        <nav class=\"breadcrumbs\" aria-label=\"breadcrumb\">\n    <span property=\"itemListElement\" typeof=\"ListItem\"><a property=\"item\" typeof=\"WebPage\" title=\"Go to Bord um Tion\u00f3ntachta\u00ed C\u00f3naithe.\" href=\"https:\/\/rtb.ie\/ga\" class=\"home\" aria-current=\"page\"><span property=\"name\"><i class=\"rtb-home-icon\"><\/i><\/span><\/a><meta property=\"position\" content=\"1\"><\/span><i class=\"rtb-chevron\"><\/i><\/nav>\n        \n        <div class=\"wrapper\">\n            <div class=\"content\">\n                            \n                <h1 class=\"heading-xl\">Foilseach\u00e1in<\/h1>\n                <p>L\u00e9igh na foilseach\u00e1in is d\u00e9ana\u00ed \u00f3n mBord um Thion\u00f3ntachta\u00ed C\u00f3naithe (RTB).<\/p>                            <\/div>\n            <!-- Temporary image: Remove after migrating illustrations to the illustration_selection field -->\n            \n                                    <div class=\"illustration fade-up\" aria-hidden=\"true\">\n                                                    <img decoding=\"async\" src=\"https:\/\/rtb.ie\/ga\/wp-content\/themes\/rtb\/assets\/images\/illustrations\/header-block\/header-illustration-teal-a.svg\" alt=\"\" \/>\n                                            <\/div>\n                                    <\/div>\n\n    <\/div>\n<\/section>\n\n\n<section id=\"block-block_a549da1557321bfa457f67036fd39b48\" class=\"categories-listing-block rtb-block margin-top-xs margin-bottom-default\">\n    <div class=\"container cards-block\">\n        <div class=\"content\">\n                                        <article class=\"with-link\">\n                                <h3 class=\"heading-s\">Tuarasc\u00e1lacha Bliant\u00fala agus R\u00e1itis Airgeadais<\/h3>                                <p>Faigh tuilleadh faisn\u00e9ise faoin\u00e1r n-\u00e9achta\u00ed strait\u00e9iseacha agus faoin\u00e1r gcuntasacht tr\u00ed Thuarasc\u00e1lacha Bliant\u00fala agus R\u00e1itis Airgeadais \u00f3 RTB.<\/p>                                <div class=\"footer text-link fade-in\">\n                                    <a href=\"https:\/\/rtb.ie\/ga\/publications\/category\/annual-reports\/\">\n                                        View Tuarasc\u00e1lacha Bliant\u00fala agus R\u00e1itis Airgeadais publication                                    <\/a>\n                                <\/div>\n                            <\/article>\n                                                    <article class=\"with-link\">\n                                <h3 class=\"heading-s\">Uasd\u00e1t\u00fa R\u00e1ithi\u00fail an Sti\u00farth\u00f3ra<\/h3>                                <p>Faigh na sonra\u00ed is d\u00e9ana\u00ed faoi earn\u00e1il c\u00edosa na h\u00c9ireann agus faoi uasd\u00e1tuithe oibr\u00edocht\u00fala RTB in Uasd\u00e1tuithe R\u00e1ithi\u00fala Sti\u00farth\u00f3ir RTB.<\/p>                                <div class=\"footer text-link fade-in\">\n                                    <a href=\"https:\/\/rtb.ie\/ga\/publications\/category\/directors-update\/\">\n                                        View Uasd\u00e1t\u00fa R\u00e1ithi\u00fail an Sti\u00farth\u00f3ra publication                                    <\/a>\n                                <\/div>\n                            <\/article>\n                                                    <article class=\"with-link\">\n                                <h3 class=\"heading-s\">Pleananna strait\u00e9ise agus gn\u00f3<\/h3>                                <p>Faigh tuilleadh faisn\u00e9ise faoin\u00e1r bhf\u00eds fhadt\u00e9armach agus faoi na pleananna strait\u00e9iseacha lena dtreora\u00edtear \u00e1r gcuid oibre.<\/p>                                <div class=\"footer text-link fade-in\">\n                                    <a href=\"https:\/\/rtb.ie\/ga\/publications\/category\/strategy-business-plans\/\">\n                                        View Pleananna strait\u00e9ise agus gn\u00f3 publication                                    <\/a>\n                                <\/div>\n                            <\/article>\n                                <\/div>\n    <\/div>\n<\/section>\n","protected":false},"excerpt":{"rendered":"","protected":false},"author":6,"featured_media":0,"parent":166,"menu_order":6,"comment_status":"closed","ping_status":"closed","template":"","meta":{"_acf_changed":false,"inline_featured_image":false,"_relevanssi_hide_post":"","_relevanssi_hide_content":"","_relevanssi_pin_for_all":"","_relevanssi_pin_keywords":"","_relevanssi_unpin_keywords":"","_relevanssi_related_keywords":"","_relevanssi_related_include_ids":"","_relevanssi_related_exclude_ids":"","_relevanssi_related_no_append":"","_relevanssi_related_not_related":"","_relevanssi_related_posts":"1,1239","_relevanssi_noindex_reason":"","_trash_the_other_posts":false,"editor_notices":[],"footnotes":""},"class_list":["post-1338","page","type-page","status-publish","hentry"],"acf":[],"jetpack_sharing_enabled":true,"publishpress_future_action":{"enabled":false,"date":"2026-04-15 13:24:48","action":"change-status","newStatus":"draft","terms":[],"taxonomy":"","extraData":[]},"publishpress_future_workflow_manual_trigger":{"enabledWorkflows":[]},"_links":{"self":[{"href":"https:\/\/rtb.ie\/ga\/wp-json\/wp\/v2\/pages\/1338","targetHints":{"allow":["GET"]}}],"collection":[{"href":"https:\/\/rtb.ie\/ga\/wp-json\/wp\/v2\/pages"}],"about":[{"href":"https:\/\/rtb.ie\/ga\/wp-json\/wp\/v2\/types\/page"}],"author":[{"embeddable":true,"href":"https:\/\/rtb.ie\/ga\/wp-json\/wp\/v2\/users\/6"}],"replies":[{"embeddable":true,"href":"https:\/\/rtb.ie\/ga\/wp-json\/wp\/v2\/comments?post=1338"}],"version-history":[{"count":17,"href":"https:\/\/rtb.ie\/ga\/wp-json\/wp\/v2\/pages\/1338\/revisions"}],"predecessor-version":[{"id":52937,"href":"https:\/\/rtb.ie\/ga\/wp-json\/wp\/v2\/pages\/1338\/revisions\/52937"}],"up":[{"embeddable":true,"href":"https:\/\/rtb.ie\/ga\/wp-json\/wp\/v2\/pages\/166"}],"wp:attachment":[{"href":"https:\/\/rtb.ie\/ga\/wp-json\/wp\/v2\/media?parent=1338"}],"curies":[{"name":"wp","href":"https:\/\/api.w.org\/{rel}","templated":true}]}}