{"id":1340,"date":"2025-05-06T13:44:20","date_gmt":"2025-05-06T13:44:20","guid":{"rendered":"https:\/\/rtb.ie\/ga\/?page_id=1340"},"modified":"2025-07-01T14:42:33","modified_gmt":"2025-07-01T14:42:33","slug":"access-to-information","status":"publish","type":"page","link":"https:\/\/rtb.ie\/ga\/about\/access-to-information\/","title":{"rendered":"Rochtain ar fhaisn\u00e9is"},"content":{"rendered":"\n<div class=\"translation-notice no-print\">\n        <div class=\"inner container\">\n            <p><strong>Cuirfear aistri\u00fach\u00e1n ar f\u00e1il go luath<\/strong><\/p>\n            <p>\u00c1r leithsc\u00e9al as an m\u00edchaoithi\u00falacht. Cuirfear aistri\u00fach\u00e1n Gaeilge ar an leathanach seo ar f\u00e1il go luath. Go raibh maith agat as do chuid foighneachta agus muid ag obair ar leagan uasd\u00e1taithe.<\/p>\n        <\/div>\n    <\/div><section id=\"block-block_d9c26b979290c0405666367ff1d018b1\" class=\"header-block rtb-block colour-teal margin-top-none margin-bottom-default\">\n    <div class=\"container\">\n        <nav class=\"breadcrumbs\" aria-label=\"breadcrumb\">\n    <span property=\"itemListElement\" typeof=\"ListItem\"><a property=\"item\" typeof=\"WebPage\" title=\"Go to Bord um Tion\u00f3ntachta\u00ed C\u00f3naithe.\" href=\"https:\/\/rtb.ie\/ga\" class=\"home\" aria-current=\"page\"><span property=\"name\"><i class=\"rtb-home-icon\"><\/i><\/span><\/a><meta property=\"position\" content=\"1\"><\/span><i class=\"rtb-chevron\"><\/i><\/nav>\n        \n        <div class=\"wrapper\">\n            <div class=\"content\">\n                            \n                <h1 class=\"heading-xl\">Rochtain ar fhaisn\u00e9is<\/h1>\n                                            <\/div>\n            <!-- Temporary image: Remove after migrating illustrations to the illustration_selection field -->\n            \n                                    <div class=\"illustration fade-up\" aria-hidden=\"true\">\n                                                    <img decoding=\"async\" src=\"https:\/\/rtb.ie\/ga\/wp-content\/themes\/rtb\/assets\/images\/illustrations\/header-block\/header-illustration-teal-a.svg\" alt=\"\" \/>\n                                            <\/div>\n                                    <\/div>\n\n    <\/div>\n<\/section>\n\n\n<section id=\"block-block_5fb454518aca5970a49480ec3b019a33\" class=\"intro-and-links-block rtb-block  margin-top-default margin-bottom-default\">\n\t<div class=\"container\">\n\t\t<div class=\"content\">\n            <header class=\"cms-content fade-in\">\n                <h2 class=\"\">Summary<\/h2>                <p>We provide access to information in an open and accessible way under Irish and European law.<\/p>\n\n                \n            <\/header>\n                            <ul class=\"links\">\n                                            <li class=\"fade-up\">\n                            <a href=\"https:\/\/rtb.ie\/ga\/about\/access-to-information\/how-to-make-a-subject-access-request\/\" target=\"\">\n                                <h3 class=\"\">Conas iarratas ar rochtain \u00e1bhair a dh\u00e9anamh<\/h3>                                <p>This page explains how to submit a subject access request to us under data protection law.<\/p>                                \n                                <i class=\"rtb-arrow\"><\/i>\n                            <\/a>\n                        <\/li>\n                                            <li class=\"fade-up\">\n                            <a href=\"https:\/\/rtb.ie\/ga\/about\/access-to-information\/how-to-make-an-foi-request\/\" target=\"\">\n                                <h3 class=\"\">Conas iarratas SF a dh\u00e9anamh<\/h3>                                <p>This page explains how you can make an FOI request, what records you can access, and how we process your request.  \r\n<\/p>                                \n                                <i class=\"rtb-arrow\"><\/i>\n                            <\/a>\n                        <\/li>\n                                            <li class=\"fade-up\">\n                            <a href=\"https:\/\/rtb.ie\/ga\/about\/access-to-information\/accessibility-statement\/\" target=\"\">\n                                <h3 class=\"\">R\u00e1iteas inrochtaineacha<\/h3>                                <p>The Residential Tenancies Board is committed to making this website accessible in accordance with European Union (Accessibility of Websites and Mobile Applications of Public Sector Bodies) Regulations 2020 &#8211; S.I. No. 358\/2020 and to ensuring this website is accessible to the widest possible audience, regardless of technology or ability. \r\n<\/p>                                \n                                <i class=\"rtb-arrow\"><\/i>\n                            <\/a>\n                        <\/li>\n                                            <li class=\"fade-up\">\n                            <a href=\"https:\/\/rtb.ie\/ga\/about\/access-to-information\/access-to-information-on-the-environment-aie\/\" target=\"\">\n                                <h3 class=\"\">Rochtain ar fhaisn\u00e9is faoin gcomhshaol<\/h3>                                <p>This page explains how to request environmental information under the AIE Regulations.<\/p>                                \n                                <i class=\"rtb-arrow\"><\/i>\n                            <\/a>\n                        <\/li>\n                                            <li class=\"fade-up\">\n                            <a href=\"https:\/\/rtb.ie\/ga\/about\/access-to-information\/queries-from-oireachtas-members\/\" target=\"\">\n                                <h3 class=\"\">Ceisteanna \u00f3 chomhaltai an Oireachtais<\/h3>                                <p>This page has information on the process for members of the Oireachtas seeking information relating to the RTB in accordance with DPER Circular LG(P) 05\/16.<\/p>                                \n                                <i class=\"rtb-arrow\"><\/i>\n                            <\/a>\n                        <\/li>\n                                    <\/ul>\t\t\t\t\n            \t\t<\/div>\n\t<\/div>\n<\/section>","protected":false},"excerpt":{"rendered":"","protected":false},"author":6,"featured_media":0,"parent":166,"menu_order":9,"comment_status":"closed","ping_status":"closed","template":"","meta":{"_acf_changed":false,"inline_featured_image":false,"_relevanssi_hide_post":"","_relevanssi_hide_content":"","_relevanssi_pin_for_all":"","_relevanssi_pin_keywords":"","_relevanssi_unpin_keywords":"","_relevanssi_related_keywords":"","_relevanssi_related_include_ids":"","_relevanssi_related_exclude_ids":"","_relevanssi_related_no_append":"","_relevanssi_related_not_related":"","_relevanssi_related_posts":"1,1239","_relevanssi_noindex_reason":"","_trash_the_other_posts":false,"editor_notices":[],"footnotes":""},"class_list":["post-1340","page","type-page","status-publish","hentry"],"acf":[],"jetpack_sharing_enabled":true,"publishpress_future_action":{"enabled":false,"date":"2026-05-02 08:36:34","action":"change-status","newStatus":"draft","terms":[],"taxonomy":"","extraData":[]},"publishpress_future_workflow_manual_trigger":{"enabledWorkflows":[]},"_links":{"self":[{"href":"https:\/\/rtb.ie\/ga\/wp-json\/wp\/v2\/pages\/1340","targetHints":{"allow":["GET"]}}],"collection":[{"href":"https:\/\/rtb.ie\/ga\/wp-json\/wp\/v2\/pages"}],"about":[{"href":"https:\/\/rtb.ie\/ga\/wp-json\/wp\/v2\/types\/page"}],"author":[{"embeddable":true,"href":"https:\/\/rtb.ie\/ga\/wp-json\/wp\/v2\/users\/6"}],"replies":[{"embeddable":true,"href":"https:\/\/rtb.ie\/ga\/wp-json\/wp\/v2\/comments?post=1340"}],"version-history":[{"count":12,"href":"https:\/\/rtb.ie\/ga\/wp-json\/wp\/v2\/pages\/1340\/revisions"}],"predecessor-version":[{"id":51193,"href":"https:\/\/rtb.ie\/ga\/wp-json\/wp\/v2\/pages\/1340\/revisions\/51193"}],"up":[{"embeddable":true,"href":"https:\/\/rtb.ie\/ga\/wp-json\/wp\/v2\/pages\/166"}],"wp:attachment":[{"href":"https:\/\/rtb.ie\/ga\/wp-json\/wp\/v2\/media?parent=1340"}],"curies":[{"name":"wp","href":"https:\/\/api.w.org\/{rel}","templated":true}]}}