{"id":1342,"date":"2025-05-06T13:44:59","date_gmt":"2025-05-06T13:44:59","guid":{"rendered":"https:\/\/rtb.ie\/ga\/?page_id=1342"},"modified":"2025-10-31T12:08:36","modified_gmt":"2025-10-31T12:08:36","slug":"careers","status":"publish","type":"page","link":"https:\/\/rtb.ie\/ga\/about\/careers\/","title":{"rendered":"Gairmeacha"},"content":{"rendered":"\n<div class=\"translation-notice no-print\">\n        <div class=\"inner container\">\n            <p><strong>Cuirfear aistri\u00fach\u00e1n ar f\u00e1il go luath<\/strong><\/p>\n            <p>\u00c1r leithsc\u00e9al as an m\u00edchaoithi\u00falacht. Cuirfear aistri\u00fach\u00e1n Gaeilge ar an leathanach seo ar f\u00e1il go luath. Go raibh maith agat as do chuid foighneachta agus muid ag obair ar leagan uasd\u00e1taithe.<\/p>\n        <\/div>\n    <\/div><section id=\"block-block_4a9b26a83595757cc61c6923b3561249\" class=\"header-block rtb-block colour-teal margin-top-xs margin-bottom-default\">\n    <div class=\"container\">\n        <nav class=\"breadcrumbs\" aria-label=\"breadcrumb\">\n    <span property=\"itemListElement\" typeof=\"ListItem\"><a property=\"item\" typeof=\"WebPage\" title=\"Go to Bord um Tion\u00f3ntachta\u00ed C\u00f3naithe.\" href=\"https:\/\/rtb.ie\/ga\" class=\"home\" aria-current=\"page\"><span property=\"name\"><i class=\"rtb-home-icon\"><\/i><\/span><\/a><meta property=\"position\" content=\"1\"><\/span><i class=\"rtb-chevron\"><\/i><\/nav>\n        \n        <div class=\"wrapper\">\n            <div class=\"content\">\n                            \n                <h1 class=\"heading-xl\">Gairmeacha<\/h1>\n                <p>Sa Bhord um Thion\u00f3ntachta\u00ed C\u00f3naithe (RTB), oibr\u00edonn \u00e1r bhfoireann thiomanta gach l\u00e1 chun earn\u00e1il c\u00edosa chothrom a chinnti\u00fa do gach duine in \u00c9irinn.<\/p>                            <\/div>\n            <!-- Temporary image: Remove after migrating illustrations to the illustration_selection field -->\n            \n                                    <div class=\"illustration fade-up\" aria-hidden=\"true\">\n                                                    <img decoding=\"async\" src=\"https:\/\/rtb.ie\/ga\/wp-content\/themes\/rtb\/assets\/images\/illustrations\/header-block\/header-illustration-teal-a.svg\" alt=\"\" \/>\n                                            <\/div>\n                                    <\/div>\n\n    <\/div>\n<\/section>\n\n\n<section id=\"block-block_d62808297963373a743d7c26528f5b46\" class=\"checklist-block rtb-block  margin-top-xs margin-bottom-xs\">\n\t<div class=\"container\">\n\t\t<div class=\"content\">\n\t\t\t<article>\n                <h2 class=\"heading-l fade-in\">Sochair Fostaithe<\/h2>                <p class=\"fade-in\">Tr\u00ed thabhairt faoi ghairm le RTB, cuirfear ar do chumas difear a dh\u00e9anamh i socha\u00ed na h\u00c9ireann. T\u00e1 sochair iontacha fostaithe ag gabh\u00e1il l\u00e9i freisin.<\/p>                \n                                    <ul class=\"cms-content\">                        \n                                                        <li class=\"fade-in\">\n                                    <p><strong>Obair Shol\u00fabtha<\/strong><\/p>\n<ul>\n<li>Obair hibrideach (is infheidhme maidir leis an gcuid is m\u00f3 de r\u00f3il)<\/li>\n<li>Saoire shol\u00fabtha (is infheidhme maidir le gr\u00e1id \u00e1irithe)<\/li>\n<li>Bliain oibre n\u00edos giorra<\/li>\n<li>Sos gairme<\/li>\n<\/ul>\n                                    \n                                                                    <\/li>\n                                                            <li class=\"fade-in\">\n                                    <p><strong>Sochar fostaithe<\/strong><\/p>\n<ul>\n<li>Dul chun cinn bliant\u00fail incriminteach tuarastail<\/li>\n<li>An sc\u00e9im aoisli\u00fantais earn\u00e1la poibl\u00ed<\/li>\n<li>Saoire bhreoiteachta \u00edoctha<\/li>\n<\/ul>\n                                    \n                                                                    <\/li>\n                                                            <li class=\"fade-in\">\n                                    <p><strong>Sochar c\u00faram sl\u00e1inte<\/strong><\/p>\n<ul>\n<li>Seirbh\u00eds ch\u00fanaimh d\u2019fhostaithe<\/li>\n<li>Vacsa\u00edn\u00ed bliant\u00fala fli\u00fa saor in aisce<\/li>\n<li>Taca\u00edochta\u00ed foll\u00e1ine<\/li>\n<\/ul>\n                                    \n                                                                    <\/li>\n                                                            <li class=\"fade-in\">\n                                    <p><strong>Forbairt gairme<\/strong><\/p>\n<ul>\n<li>Cabhair le hoideachas tr\u00ed\u00fa leibh\u00e9al<\/li>\n<li>Foghlaim agus Forbairt<\/li>\n<\/ul>\n                                    \n                                                                    <\/li>\n                                                            <li class=\"fade-in\">\n                                    <p><strong>Socra\u00edocht saoire<\/strong><\/p>\n<ul>\n<li>Saoire mh\u00e1ithreachais l\u00e1n-\u00edoctha<\/li>\n<li>Saoire do thuismitheoir\u00ed<\/li>\n<li>Saoire atharthachta<\/li>\n<li>Saoire tuismitheora<\/li>\n<li>Saoire uchta\u00edoch<\/li>\n<li>Saoire force majeure \u00edoctha<\/li>\n<li>Saoire mh\u00e9ala \u00edoctha<\/li>\n<li>Saoire c\u00faram\u00f3ra<\/li>\n<li>Saoire staid\u00e9ir agus scr\u00faduithe \u00edoctha<\/li>\n<\/ul>\n                                    \n                                                                    <\/li>\n                                                <\/ul>\n                                <div class=\"cloud-illustrations\">\n                    <img decoding=\"async\" class=\"cloud-1 fade-up\" src=\"https:\/\/rtb.ie\/ga\/wp-content\/themes\/rtb\/assets\/images\/illustrations\/cloud.svg\" alt=\"Cloud Illustration\" \/>\n                    <img decoding=\"async\" class=\"cloud-2 fade-up\" src=\"https:\/\/rtb.ie\/ga\/wp-content\/themes\/rtb\/assets\/images\/illustrations\/cloud2.svg\" alt=\"Cloud 2 Illustration\" \/>\n                    <img decoding=\"async\" class=\"cloud-3 fade-up\" src=\"https:\/\/rtb.ie\/ga\/wp-content\/themes\/rtb\/assets\/images\/illustrations\/cloud3.svg\" alt=\"Cloud 3 Illustration\" \/>\n                <\/div>\n                <div class=\"footer-illustrations fade-up\">\n                    <img decoding=\"async\" src=\"https:\/\/rtb.ie\/ga\/wp-content\/themes\/rtb\/assets\/images\/illustrations\/house.svg\" alt=\"House Illustration\" \/>\n                    <img decoding=\"async\" src=\"https:\/\/rtb.ie\/ga\/wp-content\/themes\/rtb\/assets\/images\/illustrations\/city.svg\" alt=\"City Illustration\" \/>\n                <\/div>\n\t\t\t<\/article>\n\n\t\t\t\n\t\t<\/div>\n\t<\/div>\n<\/section>\n\n\n<section id=\"block-block_907715be48cbd0f492e5ff1fdad14572\" class=\"header-paragraph-block rtb-block  margin-top-default margin-bottom-default\">\n\t<div class=\"container\">\n\t\t<div class=\"content\">\n\t\t\t<article class=\"cms-content\">\n\t\t\t\t\t\t\t\t\t<h2>Deiseanna fosta\u00edochta reatha<\/h2>\n<p>Ar aon dul leis an gcleachtas Earn\u00e1la Poibl\u00ed, t\u00e1 \u00e1r n\u00f3sanna imeachta earca\u00edochta agus roghn\u00fach\u00e1in bunaithe ar Chreat Inni\u00falachta na Seirbh\u00edse um Cheapach\u00e1in Phoibl\u00ed agus leanann \u00e1r n-agallaimh form\u00e1id inni\u00falachta leathstrucht\u00fartha.<\/p>\n<h3>N\u00edor aims\u00edodh aon mh\u00edreanna.<\/h3>\n\t\t\t\t\t\t\t<\/article>\n\t\t\t\t\t<\/div>\n\t<\/div>\n<\/section>\n\n\n    <section id=\"block-block_268088efe604b75014c074a03ef90575\" class=\"cards-block rtb-block margin-top-xs margin-bottom-default\">\n        <div class=\"container\">\n            <div class=\"content\">\n                                    <article class=\"with-link\">\n                        <h2 class=\"heading-s\">Deputy Director, Corporate Affairs and Governance (Principal Officer) Recruitment Competition <\/h2>                        <p>The Residential Tenancies Board (RTB) invites applications for the position of Deputy Director, Corporate Affairs and Governance (Principal Officer)<\/p>\n<p>Full information about this role and how to apply can be found in the Candidate Information Booklet.<\/p>\n<p>Closing date for applications: 3pm on Tuesday 1st July 2025<\/p>\n<p>Applications will not be accepted after the closing date.<\/p>\n                        <div class=\"footer\">\n                            <a class=\"text-link fade-in\" href=\"https:\/\/rtb.ie\/ga\/wp-content\/uploads\/2025\/05\/RTB_DD_Corporate_Affairs_and_Governance_CIB_Final_20.05.2025.pdf\" target=\"\">Candidate information booklet<\/a>                        <\/div>\n                    <\/article>\n                                    <article class=\"with-link\">\n                        <h2 class=\"heading-s\">Deputy Director, Data Services and Technology (Principal Officer) Recruitment Competition <\/h2>                        <p>The Residential Tenancies Board (RTB) invites applications for the position of Deputy Director, Data Services and Technology (Principal Officer).<\/p>\n<p>Full information about this role and how to apply can be found in the Candidate Information Booklet.<\/p>\n<p>Closing date for applications: 3pm on Monday 30th June 2025.<\/p>\n<p>Applications will not be accepted after the closing date.<\/p>\n                        <div class=\"footer\">\n                            <a class=\"text-link fade-in\" href=\"https:\/\/rtb.ie\/ga\/wp-content\/uploads\/2025\/05\/RTB_DD_Data_Services_and_Technology_CIB_Final_20.05.2025.pdf\" target=\"\">Candidate information booklet<\/a>                        <\/div>\n                    <\/article>\n                            <\/div>\n        <\/div>\n    <\/section>\n","protected":false},"excerpt":{"rendered":"","protected":false},"author":6,"featured_media":0,"parent":166,"menu_order":8,"comment_status":"closed","ping_status":"closed","template":"","meta":{"_acf_changed":false,"inline_featured_image":false,"_relevanssi_hide_post":"","_relevanssi_hide_content":"","_relevanssi_pin_for_all":"","_relevanssi_pin_keywords":"","_relevanssi_unpin_keywords":"","_relevanssi_related_keywords":"","_relevanssi_related_include_ids":"","_relevanssi_related_exclude_ids":"","_relevanssi_related_no_append":"","_relevanssi_related_not_related":"","_relevanssi_related_posts":"1,1239","_relevanssi_noindex_reason":"","_trash_the_other_posts":false,"editor_notices":[],"footnotes":""},"class_list":["post-1342","page","type-page","status-publish","hentry"],"acf":[],"jetpack_sharing_enabled":true,"publishpress_future_action":{"enabled":false,"date":"2026-04-28 09:33:53","action":"change-status","newStatus":"draft","terms":[],"taxonomy":"","extraData":[]},"publishpress_future_workflow_manual_trigger":{"enabledWorkflows":[]},"_links":{"self":[{"href":"https:\/\/rtb.ie\/ga\/wp-json\/wp\/v2\/pages\/1342","targetHints":{"allow":["GET"]}}],"collection":[{"href":"https:\/\/rtb.ie\/ga\/wp-json\/wp\/v2\/pages"}],"about":[{"href":"https:\/\/rtb.ie\/ga\/wp-json\/wp\/v2\/types\/page"}],"author":[{"embeddable":true,"href":"https:\/\/rtb.ie\/ga\/wp-json\/wp\/v2\/users\/6"}],"replies":[{"embeddable":true,"href":"https:\/\/rtb.ie\/ga\/wp-json\/wp\/v2\/comments?post=1342"}],"version-history":[{"count":26,"href":"https:\/\/rtb.ie\/ga\/wp-json\/wp\/v2\/pages\/1342\/revisions"}],"predecessor-version":[{"id":52932,"href":"https:\/\/rtb.ie\/ga\/wp-json\/wp\/v2\/pages\/1342\/revisions\/52932"}],"up":[{"embeddable":true,"href":"https:\/\/rtb.ie\/ga\/wp-json\/wp\/v2\/pages\/166"}],"wp:attachment":[{"href":"https:\/\/rtb.ie\/ga\/wp-json\/wp\/v2\/media?parent=1342"}],"curies":[{"name":"wp","href":"https:\/\/api.w.org\/{rel}","templated":true}]}}