{"id":1344,"date":"2025-05-06T13:45:36","date_gmt":"2025-05-06T13:45:36","guid":{"rendered":"https:\/\/rtb.ie\/ga\/?page_id=1344"},"modified":"2025-10-31T12:07:54","modified_gmt":"2025-10-31T12:07:54","slug":"media","status":"publish","type":"page","link":"https:\/\/rtb.ie\/ga\/about\/media\/","title":{"rendered":"Na Me\u00e1in"},"content":{"rendered":"\n<section id=\"block-block_886fe73197fed88049fb69db0367da0d\" class=\"header-block rtb-block colour-teal margin-top-none margin-bottom-default\">\n    <div class=\"container\">\n        <nav class=\"breadcrumbs\" aria-label=\"breadcrumb\">\n    <span property=\"itemListElement\" typeof=\"ListItem\"><a property=\"item\" typeof=\"WebPage\" title=\"Go to Bord um Tion\u00f3ntachta\u00ed C\u00f3naithe.\" href=\"https:\/\/rtb.ie\/ga\" class=\"home\" aria-current=\"page\"><span property=\"name\"><i class=\"rtb-home-icon\"><\/i><\/span><\/a><meta property=\"position\" content=\"1\"><\/span><i class=\"rtb-chevron\"><\/i><\/nav>\n        \n        <div class=\"wrapper\">\n            <div class=\"content\">\n                            \n                <h1 class=\"heading-xl\">Na Me\u00e1in<\/h1>\n                                            <\/div>\n            <!-- Temporary image: Remove after migrating illustrations to the illustration_selection field -->\n            \n                                    <div class=\"illustration fade-up\" aria-hidden=\"true\">\n                                                    <img decoding=\"async\" src=\"https:\/\/rtb.ie\/ga\/wp-content\/themes\/rtb\/assets\/images\/illustrations\/header-block\/header-illustration-teal-a.svg\" alt=\"\" \/>\n                                            <\/div>\n                                    <\/div>\n\n    <\/div>\n<\/section>\n\n\n<section id=\"block-block_c7d9a2365243cb864b1d692c97219b5d\" class=\"header-paragraph-block rtb-block  margin-top-xs margin-bottom-default\">\n\t<div class=\"container\">\n\t\t<div class=\"content\">\n\t\t\t<article class=\"cms-content\">\n\t\t\t\t\t\t\t\t\t<h2>Ceisteanna \u00f3 na me\u00e1in<\/h2>\n<p>M\u00e1 bh\u00edonn ceist \u00f3 na me\u00e1in agat, n\u00f3 m\u00e1s mian leat go gcuirf\u00ed len\u00e1r liosta scaipeach\u00e1in th\u00fa, seol r\u00edomhphost chuig <a href=\"mailto:media.queries@rtb.ie\">media.queries@rtb.ie<\/a>. Tabharfaidh \u00e1r bhfoireann Cumars\u00e1ide agus Caidrimh freagra ar do cheist a luaithe is f\u00e9idir.<\/p>\n\t\t\t\t\t\t\t<\/article>\n\t\t\t\t\t<\/div>\n\t<\/div>\n<\/section>\n\n\n<section id=\"block-block_b20fe7aa159d394eccd14a0eeeaf2ecb\" class=\"featured-news-block rtb-block margin-top-xs margin-bottom-xs\">\n    <div class=\"container\">\n        <div class=\"content\">\n            <header>\n                <h2 class=\"heading-ml\">Preaseisi\u00faint\u00ed<\/h2>                <div class=\"view-all rtb-desktop\">\n                                    <\/div>\n            <\/header>\n            <div class=\"main\">\n                                    <ul>\n                                                    <li class=\"fade-in\">\n                                <a href=\"https:\/\/rtb.ie\/ga\/about\/news\/dispute-resolution-committee-tribunal-members\/\">\n                                    \n                                    <div class=\"featured-image\">\n                                                                                                                                        <img decoding=\"async\" src=\"https:\/\/rtb.ie\/wp-content\/uploads\/2025\/05\/generic-news-image-blue.svg?w=660\" alt=\"\">\n                                                                                                                                                                        <\/div>\n\n                                    <div class=\"content\">\n                                        <div class=\"heading\">\n                                            <h3 class=\"heading-xs\">Dispute Resolution Committee \u2013 Tribunal Members<\/h3>                                        <\/div>\n                                        <footer>\n                                            <time class=\"\" datetime=\"2026-05-05T00:00:00+00:00\">05 May 2026<\/time>                                            <span class=\"text-link\">Find out more<\/span>\n                                        <\/footer>\n                                    <\/div>\n                                    \n                                <\/a>\n                            <\/li>\n                                                    <li class=\"fade-in\">\n                                <a href=\"https:\/\/rtb.ie\/ga\/about\/news\/rtb-opening-statement-to-joint-oireachtas-committee\/\">\n                                    \n                                    <div class=\"featured-image\">\n                                                                                                                                        <img decoding=\"async\" src=\"https:\/\/rtb.ie\/wp-content\/uploads\/2025\/05\/generic-news-image-teal.svg?w=660\" alt=\"\">\n                                                                                                                                                                        <\/div>\n\n                                    <div class=\"content\">\n                                        <div class=\"heading\">\n                                            <h3 class=\"heading-xs\">RTB Opening Statement to Joint Oireachtas Committee<\/h3>                                        <\/div>\n                                        <footer>\n                                            <time class=\"\" datetime=\"2026-04-28T00:00:00+00:00\">28 April 2026<\/time>                                            <span class=\"text-link\">Find out more<\/span>\n                                        <\/footer>\n                                    <\/div>\n                                    \n                                <\/a>\n                            <\/li>\n                                                    <li class=\"fade-in\">\n                                <a href=\"https:\/\/rtb.ie\/ga\/about\/news\/data-analyst-engineer-recruitment-competition\/\">\n                                    \n                                    <div class=\"featured-image\">\n                                                                                                                                        <img decoding=\"async\" src=\"https:\/\/rtb.ie\/wp-content\/uploads\/2025\/05\/generic-news-image-green.svg?w=660\" alt=\"\">\n                                                                                                                                                                        <\/div>\n\n                                    <div class=\"content\">\n                                        <div class=\"heading\">\n                                            <h3 class=\"heading-xs\">Data Analyst\/Engineer, Recruitment Competition<\/h3>                                        <\/div>\n                                        <footer>\n                                            <time class=\"\" datetime=\"2026-04-28T00:00:00+00:00\">28 April 2026<\/time>                                            <span class=\"text-link\">Find out more<\/span>\n                                        <\/footer>\n                                    <\/div>\n                                    \n                                <\/a>\n                            <\/li>\n                                            <\/ul>\n                            <\/div>\n            <div class=\"view-all rtb-mobile\">\n                            <\/div>\n        <\/div>\n    <\/div>\n<\/section>","protected":false},"excerpt":{"rendered":"","protected":false},"author":6,"featured_media":0,"parent":166,"menu_order":7,"comment_status":"closed","ping_status":"closed","template":"","meta":{"_acf_changed":false,"inline_featured_image":false,"_relevanssi_hide_post":"","_relevanssi_hide_content":"","_relevanssi_pin_for_all":"","_relevanssi_pin_keywords":"","_relevanssi_unpin_keywords":"","_relevanssi_related_keywords":"","_relevanssi_related_include_ids":"","_relevanssi_related_exclude_ids":"","_relevanssi_related_no_append":"","_relevanssi_related_not_related":"","_relevanssi_related_posts":"1,1239","_relevanssi_noindex_reason":"","_trash_the_other_posts":false,"editor_notices":[],"footnotes":""},"class_list":["post-1344","page","type-page","status-publish","hentry"],"acf":[],"jetpack_sharing_enabled":true,"publishpress_future_action":{"enabled":false,"date":"2026-05-18 22:22:02","action":"change-status","newStatus":"draft","terms":[],"taxonomy":"","extraData":[]},"publishpress_future_workflow_manual_trigger":{"enabledWorkflows":[]},"_links":{"self":[{"href":"https:\/\/rtb.ie\/ga\/wp-json\/wp\/v2\/pages\/1344","targetHints":{"allow":["GET"]}}],"collection":[{"href":"https:\/\/rtb.ie\/ga\/wp-json\/wp\/v2\/pages"}],"about":[{"href":"https:\/\/rtb.ie\/ga\/wp-json\/wp\/v2\/types\/page"}],"author":[{"embeddable":true,"href":"https:\/\/rtb.ie\/ga\/wp-json\/wp\/v2\/users\/6"}],"replies":[{"embeddable":true,"href":"https:\/\/rtb.ie\/ga\/wp-json\/wp\/v2\/comments?post=1344"}],"version-history":[{"count":11,"href":"https:\/\/rtb.ie\/ga\/wp-json\/wp\/v2\/pages\/1344\/revisions"}],"predecessor-version":[{"id":52938,"href":"https:\/\/rtb.ie\/ga\/wp-json\/wp\/v2\/pages\/1344\/revisions\/52938"}],"up":[{"embeddable":true,"href":"https:\/\/rtb.ie\/ga\/wp-json\/wp\/v2\/pages\/166"}],"wp:attachment":[{"href":"https:\/\/rtb.ie\/ga\/wp-json\/wp\/v2\/media?parent=1344"}],"curies":[{"name":"wp","href":"https:\/\/api.w.org\/{rel}","templated":true}]}}