{"id":1346,"date":"2025-05-06T13:53:14","date_gmt":"2025-05-06T13:53:14","guid":{"rendered":"https:\/\/rtb.ie\/ga\/?page_id=1346"},"modified":"2025-10-31T12:00:45","modified_gmt":"2025-10-31T12:00:45","slug":"our-board","status":"publish","type":"page","link":"https:\/\/rtb.ie\/ga\/about\/our-people\/our-board\/","title":{"rendered":"An Bord"},"content":{"rendered":"\n<section id=\"block-block_f33f8bdf5012801dc8b05a1af22abd7b\" class=\"header-block rtb-block colour-teal margin-top-none margin-bottom-default\">\n    <div class=\"container\">\n        <nav class=\"breadcrumbs\" aria-label=\"breadcrumb\">\n    <span property=\"itemListElement\" typeof=\"ListItem\"><a property=\"item\" typeof=\"WebPage\" title=\"Go to Bord um Tion\u00f3ntachta\u00ed C\u00f3naithe.\" href=\"https:\/\/rtb.ie\/ga\" class=\"home\" aria-current=\"page\"><span property=\"name\"><i class=\"rtb-home-icon\"><\/i><\/span><\/a><meta property=\"position\" content=\"1\"><\/span><i class=\"rtb-chevron\"><\/i><\/nav>\n        \n        <div class=\"wrapper\">\n            <div class=\"content\">\n                            \n                <h1 class=\"heading-xl\">\u00c1r mBord<\/h1>\n                                            <\/div>\n            <!-- Temporary image: Remove after migrating illustrations to the illustration_selection field -->\n            \n                                    <div class=\"illustration fade-up\" aria-hidden=\"true\">\n                                                    <img decoding=\"async\" src=\"https:\/\/rtb.ie\/ga\/wp-content\/themes\/rtb\/assets\/images\/illustrations\/header-block\/header-illustration-teal-a.svg\" alt=\"\" \/>\n                                            <\/div>\n                                    <\/div>\n\n    <\/div>\n<\/section>\n\n\n<section id=\"block-block_0700fbc66362b01b151bad053a8c3a1f\" class=\"header-paragraph-block rtb-block  margin-top-default margin-bottom-none\">\n\t<div class=\"container\">\n\t\t<div class=\"content\">\n\t\t\t<article class=\"cms-content\">\n\t\t\t\t\t\t\t\t\t<p>Sol\u00e1thra\u00edonn Bord RTB treo strait\u00e9iseach agus formhaoirseacht don eagra\u00edocht. \u00c1ir\u00edtear le comhaltas an Bhoird Cathaoirleach agus suas 11 ghn\u00e1thchomhalta, a gceapann an tAire Tith\u00edochta, Rialtais \u00c1iti\u00fail agus Oidhreachta iad.<\/p>\n\t\t\t\t\t\t\t<\/article>\n\t\t\t\t\t<\/div>\n\t<\/div>\n<\/section>\n\n\n    <section id=\"block-block_9a5e13e082877f532eeb6f18d087cc80\" class=\"staff-photos-block rtb-block bg-colour-white margin-top-default margin-bottom-default\">\n        <div class=\"container\">\n            <div class=\"content\">\n                <h2 class=\"heading-l\">Comhalta\u00ed Bhord RTB <\/h2>                <ul class=\"photos\">\n                                                                        <li class=\"fade-in\">\n                                <img loading=\"lazy\" decoding=\"async\" width=\"300\" height=\"288\" src=\"https:\/\/rtb.ie\/wp-content\/uploads\/2025\/05\/Owen-Keegan_827740.jpg?w=300\" class=\"attachment-medium size-medium\" alt=\"\" srcset=\"https:\/\/rtb.ie\/wp-content\/uploads\/2025\/05\/Owen-Keegan_827740.jpg 440w, https:\/\/rtb.ie\/wp-content\/uploads\/2025\/05\/Owen-Keegan_827740.jpg?resize=300,288 300w\" sizes=\"auto, (max-width: 300px) 100vw, 300px\" \/>                                <div class=\"info \">\n                                    <h2 class=\"heading-xs\">Owen Keegan<\/h2>                                    <span>Cathaoirleach<\/span>                                                                    <\/div>\n                            <\/li>\n                                                                                                <li class=\"fade-in\">\n                                <img loading=\"lazy\" decoding=\"async\" width=\"300\" height=\"288\" src=\"https:\/\/rtb.ie\/wp-content\/uploads\/2025\/05\/Gemma-Barrett_44e53a.jpg?w=300\" class=\"attachment-medium size-medium\" alt=\"\" srcset=\"https:\/\/rtb.ie\/wp-content\/uploads\/2025\/05\/Gemma-Barrett_44e53a.jpg 440w, https:\/\/rtb.ie\/wp-content\/uploads\/2025\/05\/Gemma-Barrett_44e53a.jpg?resize=300,288 300w\" sizes=\"auto, (max-width: 300px) 100vw, 300px\" \/>                                <div class=\"info \">\n                                    <h2 class=\"heading-xs\">Gemma Barrett<\/h2>                                                                                                        <\/div>\n                            <\/li>\n                                                                                                <li class=\"fade-in\">\n                                <img loading=\"lazy\" decoding=\"async\" width=\"300\" height=\"288\" src=\"https:\/\/rtb.ie\/wp-content\/uploads\/2025\/05\/Audrey-Deane_a561d3.jpg?w=300\" class=\"attachment-medium size-medium\" alt=\"\" srcset=\"https:\/\/rtb.ie\/wp-content\/uploads\/2025\/05\/Audrey-Deane_a561d3.jpg 440w, https:\/\/rtb.ie\/wp-content\/uploads\/2025\/05\/Audrey-Deane_a561d3.jpg?resize=300,288 300w\" sizes=\"auto, (max-width: 300px) 100vw, 300px\" \/>                                <div class=\"info \">\n                                    <h2 class=\"heading-xs\">Audry Deane<\/h2>                                                                                                        <\/div>\n                            <\/li>\n                                                                                                <li class=\"fade-in\">\n                                <img loading=\"lazy\" decoding=\"async\" width=\"300\" height=\"288\" src=\"https:\/\/rtb.ie\/wp-content\/uploads\/2025\/05\/Paul-Dunne_21b85b.jpg?w=300\" class=\"attachment-medium size-medium\" alt=\"\" srcset=\"https:\/\/rtb.ie\/wp-content\/uploads\/2025\/05\/Paul-Dunne_21b85b.jpg 440w, https:\/\/rtb.ie\/wp-content\/uploads\/2025\/05\/Paul-Dunne_21b85b.jpg?resize=300,288 300w\" sizes=\"auto, (max-width: 300px) 100vw, 300px\" \/>                                <div class=\"info \">\n                                    <h2 class=\"heading-xs\">Paul Dunne<\/h2>                                                                                                        <\/div>\n                            <\/li>\n                                                                                                <li class=\"fade-in\">\n                                <img loading=\"lazy\" decoding=\"async\" width=\"300\" height=\"288\" src=\"https:\/\/rtb.ie\/wp-content\/uploads\/2025\/05\/Brendan-Foster_eb8b66.jpg?w=300\" class=\"attachment-medium size-medium\" alt=\"\" srcset=\"https:\/\/rtb.ie\/wp-content\/uploads\/2025\/05\/Brendan-Foster_eb8b66.jpg 440w, https:\/\/rtb.ie\/wp-content\/uploads\/2025\/05\/Brendan-Foster_eb8b66.jpg?resize=300,288 300w\" sizes=\"auto, (max-width: 300px) 100vw, 300px\" \/>                                <div class=\"info \">\n                                    <h2 class=\"heading-xs\">Brendan Foster<\/h2>                                                                                                        <\/div>\n                            <\/li>\n                                                                                                <li class=\"fade-in\">\n                                <img loading=\"lazy\" decoding=\"async\" width=\"300\" height=\"288\" src=\"https:\/\/rtb.ie\/wp-content\/uploads\/2025\/05\/Paddy-Gray_55bb18.jpg?w=300\" class=\"attachment-medium size-medium\" alt=\"\" srcset=\"https:\/\/rtb.ie\/wp-content\/uploads\/2025\/05\/Paddy-Gray_55bb18.jpg 440w, https:\/\/rtb.ie\/wp-content\/uploads\/2025\/05\/Paddy-Gray_55bb18.jpg?resize=300,288 300w\" sizes=\"auto, (max-width: 300px) 100vw, 300px\" \/>                                <div class=\"info \">\n                                    <h2 class=\"heading-xs\">Paddy Gray<\/h2>                                                                                                        <\/div>\n                            <\/li>\n                                                                                                <li class=\"fade-in\">\n                                <img loading=\"lazy\" decoding=\"async\" width=\"300\" height=\"288\" src=\"https:\/\/rtb.ie\/wp-content\/uploads\/2025\/05\/Yvonne-Harris_cda3c0.jpg?w=300\" class=\"attachment-medium size-medium\" alt=\"\" srcset=\"https:\/\/rtb.ie\/wp-content\/uploads\/2025\/05\/Yvonne-Harris_cda3c0.jpg 440w, https:\/\/rtb.ie\/wp-content\/uploads\/2025\/05\/Yvonne-Harris_cda3c0.jpg?resize=300,288 300w\" sizes=\"auto, (max-width: 300px) 100vw, 300px\" \/>                                <div class=\"info \">\n                                    <h2 class=\"heading-xs\">Yvonne Harris<\/h2>                                                                                                        <\/div>\n                            <\/li>\n                                                                                                <li class=\"fade-in\">\n                                <img loading=\"lazy\" decoding=\"async\" width=\"300\" height=\"288\" src=\"https:\/\/rtb.ie\/wp-content\/uploads\/2025\/05\/Sheila-ORiordan_40e63d.jpg?w=300\" class=\"attachment-medium size-medium\" alt=\"\" srcset=\"https:\/\/rtb.ie\/wp-content\/uploads\/2025\/05\/Sheila-ORiordan_40e63d.jpg 440w, https:\/\/rtb.ie\/wp-content\/uploads\/2025\/05\/Sheila-ORiordan_40e63d.jpg?resize=300,288 300w\" sizes=\"auto, (max-width: 300px) 100vw, 300px\" \/>                                <div class=\"info \">\n                                    <h2 class=\"heading-xs\">Sheila O&#039;Riordan<\/h2>                                                                                                        <\/div>\n                            <\/li>\n                                                                                                <li class=\"fade-in\">\n                                <img loading=\"lazy\" decoding=\"async\" width=\"300\" height=\"288\" src=\"https:\/\/rtb.ie\/wp-content\/uploads\/2025\/05\/Patricia-OSullivan-Lacy_c3e76c.jpg?w=300\" class=\"attachment-medium size-medium\" alt=\"\" srcset=\"https:\/\/rtb.ie\/wp-content\/uploads\/2025\/05\/Patricia-OSullivan-Lacy_c3e76c.jpg 440w, https:\/\/rtb.ie\/wp-content\/uploads\/2025\/05\/Patricia-OSullivan-Lacy_c3e76c.jpg?resize=300,288 300w\" sizes=\"auto, (max-width: 300px) 100vw, 300px\" \/>                                <div class=\"info \">\n                                    <h2 class=\"heading-xs\">Patricia O&#039;Sullivan Lacy<\/h2>                                                                                                        <\/div>\n                            <\/li>\n                                                                                                <li class=\"fade-in\">\n                                <img loading=\"lazy\" decoding=\"async\" width=\"300\" height=\"288\" src=\"https:\/\/rtb.ie\/wp-content\/uploads\/2025\/05\/Colin-Potts_4a4149.jpg?w=300\" class=\"attachment-medium size-medium\" alt=\"\" srcset=\"https:\/\/rtb.ie\/wp-content\/uploads\/2025\/05\/Colin-Potts_4a4149.jpg 440w, https:\/\/rtb.ie\/wp-content\/uploads\/2025\/05\/Colin-Potts_4a4149.jpg?resize=300,288 300w\" sizes=\"auto, (max-width: 300px) 100vw, 300px\" \/>                                <div class=\"info \">\n                                    <h2 class=\"heading-xs\">Colin Potts<\/h2>                                                                                                        <\/div>\n                            <\/li>\n                                                                                                <li class=\"fade-in\">\n                                                                <div class=\"info \">\n                                    <h2 class=\"heading-xs\">Julia Carmichael<\/h2>                                                                                                        <\/div>\n                            <\/li>\n                                                                                                <li class=\"fade-in\">\n                                                                <div class=\"info \">\n                                    <h2 class=\"heading-xs\">James Doorley<\/h2>                                                                                                        <\/div>\n                            <\/li>\n                                                            <\/ul>\n            <\/div>\n        <\/div>\n    <\/section>\n\n\n\n<section id=\"block-block_336063e95430c8881d274e5187829fe0\" class=\"header-paragraph-block rtb-block  margin-top-default margin-bottom-default\">\n\t<div class=\"container\">\n\t\t<div class=\"content\">\n\t\t\t<article class=\"cms-content\">\n\t\t\t\t\t\t\t\t\t<h2><strong>Coist\u00ed <\/strong><\/h2>\n<p>Faigheann an Bord c\u00fanamh ina r\u00f3l formhaoirseachta \u00f3 Choist\u00ed Boird, ar f\u00e9idir leo comhalta\u00ed Boird agus comhalta\u00ed seachtracha a bhfuil saineolas \u00e1bhartha acu a \u00e1ireamh. T\u00e1 tr\u00ed Choiste Boird ag RTB faoi l\u00e1thair, at\u00e1 mar a leanas:<\/p>\n<h3>An Coiste Ini\u00fach\u00f3ireachta agus Riosca<\/h3>\n<ul>\n<li>Catherine Comer<\/li>\n<li>James Doorley<\/li>\n<li>Paul Dunne (Chair)<\/li>\n<li>Colin Potts<\/li>\n<\/ul>\n<h3>An Coiste Taighde<\/h3>\n<ul>\n<li>Audry Deane<\/li>\n<li>James Doorley<\/li>\n<li>Paddy Gray<\/li>\n<li>Alan Martin<\/li>\n<\/ul>\n<h3>An Fochoiste Rialachais TFC<\/h3>\n<ul>\n<li><span data-teams=\"true\">Gemma Barrett<\/span><\/li>\n<li><span data-teams=\"true\">Dr Mihai Bilauca<\/span><\/li>\n<li><span data-teams=\"true\">Brian Curtis<\/span><\/li>\n<li><span data-teams=\"true\">Paul Dunne<\/span><\/li>\n<li><span data-teams=\"true\">Yvonne Harris<\/span><\/li>\n<li><span data-teams=\"true\">Colin Potts<\/span><\/li>\n<\/ul>\n\t\t\t\t\t\t\t<\/article>\n\t\t\t\t\t<\/div>\n\t<\/div>\n<\/section>","protected":false},"excerpt":{"rendered":"","protected":false},"author":6,"featured_media":0,"parent":1330,"menu_order":0,"comment_status":"closed","ping_status":"closed","template":"","meta":{"_acf_changed":false,"inline_featured_image":false,"_relevanssi_hide_post":"","_relevanssi_hide_content":"","_relevanssi_pin_for_all":"","_relevanssi_pin_keywords":"","_relevanssi_unpin_keywords":"","_relevanssi_related_keywords":"","_relevanssi_related_include_ids":"","_relevanssi_related_exclude_ids":"","_relevanssi_related_no_append":"","_relevanssi_related_not_related":"","_relevanssi_related_posts":"1,1239","_relevanssi_noindex_reason":"","_trash_the_other_posts":false,"editor_notices":[],"footnotes":""},"class_list":["post-1346","page","type-page","status-publish","hentry"],"acf":[],"jetpack_sharing_enabled":true,"publishpress_future_action":{"enabled":false,"date":"2026-04-25 17:39:06","action":"change-status","newStatus":"draft","terms":[],"taxonomy":"","extraData":[]},"publishpress_future_workflow_manual_trigger":{"enabledWorkflows":[]},"_links":{"self":[{"href":"https:\/\/rtb.ie\/ga\/wp-json\/wp\/v2\/pages\/1346","targetHints":{"allow":["GET"]}}],"collection":[{"href":"https:\/\/rtb.ie\/ga\/wp-json\/wp\/v2\/pages"}],"about":[{"href":"https:\/\/rtb.ie\/ga\/wp-json\/wp\/v2\/types\/page"}],"author":[{"embeddable":true,"href":"https:\/\/rtb.ie\/ga\/wp-json\/wp\/v2\/users\/6"}],"replies":[{"embeddable":true,"href":"https:\/\/rtb.ie\/ga\/wp-json\/wp\/v2\/comments?post=1346"}],"version-history":[{"count":17,"href":"https:\/\/rtb.ie\/ga\/wp-json\/wp\/v2\/pages\/1346\/revisions"}],"predecessor-version":[{"id":52923,"href":"https:\/\/rtb.ie\/ga\/wp-json\/wp\/v2\/pages\/1346\/revisions\/52923"}],"up":[{"embeddable":true,"href":"https:\/\/rtb.ie\/ga\/wp-json\/wp\/v2\/pages\/1330"}],"wp:attachment":[{"href":"https:\/\/rtb.ie\/ga\/wp-json\/wp\/v2\/media?parent=1346"}],"curies":[{"name":"wp","href":"https:\/\/api.w.org\/{rel}","templated":true}]}}