{"id":1348,"date":"2025-05-06T13:53:44","date_gmt":"2025-05-06T13:53:44","guid":{"rendered":"https:\/\/rtb.ie\/ga\/?page_id=1348"},"modified":"2025-10-31T12:05:54","modified_gmt":"2025-10-31T12:05:54","slug":"leadership-team","status":"publish","type":"page","link":"https:\/\/rtb.ie\/ga\/about\/our-people\/leadership-team\/","title":{"rendered":"Foireann ceannaireachta"},"content":{"rendered":"\n<section id=\"block-block_155a129e3281e8c2bde966cf9e9d2710\" class=\"header-block rtb-block colour-teal margin-top-none margin-bottom-default\">\n    <div class=\"container\">\n        <nav class=\"breadcrumbs\" aria-label=\"breadcrumb\">\n    <span property=\"itemListElement\" typeof=\"ListItem\"><a property=\"item\" typeof=\"WebPage\" title=\"Go to Bord um Tion\u00f3ntachta\u00ed C\u00f3naithe.\" href=\"https:\/\/rtb.ie\/ga\" class=\"home\" aria-current=\"page\"><span property=\"name\"><i class=\"rtb-home-icon\"><\/i><\/span><\/a><meta property=\"position\" content=\"1\"><\/span><i class=\"rtb-chevron\"><\/i><\/nav>\n        \n        <div class=\"wrapper\">\n            <div class=\"content\">\n                            \n                <h1 class=\"heading-xl\">\u00c1r bhFoireann Ceannaireachta<\/h1>\n                                            <\/div>\n            <!-- Temporary image: Remove after migrating illustrations to the illustration_selection field -->\n            \n                                    <div class=\"illustration fade-up\" aria-hidden=\"true\">\n                                                    <img decoding=\"async\" src=\"https:\/\/rtb.ie\/ga\/wp-content\/themes\/rtb\/assets\/images\/illustrations\/header-block\/header-illustration-teal-a.svg\" alt=\"\" \/>\n                                            <\/div>\n                                    <\/div>\n\n    <\/div>\n<\/section>\n\n\n<section id=\"block-block_53e69f6e6a124e25e0d699e81c6ab58c\" class=\"header-paragraph-block rtb-block  margin-top-xs margin-bottom-xs\">\n\t<div class=\"container\">\n\t\t<div class=\"content\">\n\t\t\t<article class=\"cms-content\">\n\t\t\t\t\t\t\t\t\t<p>B\u00edonn \u00e1r gceannair\u00ed tiomanta do sheirbh\u00eds phoibl\u00ed agus br\u00fann siad \u00e1r gcuid oibre chun cinn chun earn\u00e1il c\u00edosa a shol\u00e1thar a oibreoidh ar son mhuintir na h\u00c9ireann.<\/p>\n\t\t\t\t\t\t\t<\/article>\n\t\t\t\t\t<\/div>\n\t<\/div>\n<\/section>\n\n\n    <section id=\"block-block_6028e831c6f83451ee1353a03e9b4e47\" class=\"staff-photos-block rtb-block bg-colour-white margin-top-xs margin-bottom-default\">\n        <div class=\"container\">\n            <div class=\"content\">\n                <h2 class=\"heading-l\">An Fhoireann Ceannaireachta Feidhmi\u00fach\u00e1in<\/h2>                <ul class=\"photos\">\n                                                                        <li class=\"fade-in\">\n                                <img loading=\"lazy\" decoding=\"async\" width=\"300\" height=\"287\" src=\"https:\/\/rtb.ie\/wp-content\/uploads\/2025\/05\/Rosemary-Steen.jpg?w=300\" class=\"attachment-medium size-medium\" alt=\"\" srcset=\"https:\/\/rtb.ie\/wp-content\/uploads\/2025\/05\/Rosemary-Steen.jpg 380w, https:\/\/rtb.ie\/wp-content\/uploads\/2025\/05\/Rosemary-Steen.jpg?resize=300,287 300w\" sizes=\"auto, (max-width: 300px) 100vw, 300px\" \/>                                <div class=\"info with-link\">\n                                    <h2 class=\"heading-xs\">Rosemary Steen<\/h2>                                    <span>Sti\u00farth\u00f3ir<\/span>                                    <a class=\"text-link\" href=\"mailto:director@rtb.ie\" target=\"\"><\/a>                                <\/div>\n                            <\/li>\n                                                                                                <li class=\"fade-in\">\n                                <img loading=\"lazy\" decoding=\"async\" width=\"300\" height=\"300\" src=\"https:\/\/rtb.ie\/wp-content\/uploads\/2025\/05\/Louise-Loughlin.jpg?w=300\" class=\"attachment-medium size-medium\" alt=\"\" srcset=\"https:\/\/rtb.ie\/wp-content\/uploads\/2025\/05\/Louise-Loughlin.jpg 380w, https:\/\/rtb.ie\/wp-content\/uploads\/2025\/05\/Louise-Loughlin.jpg?resize=150,150 150w, https:\/\/rtb.ie\/wp-content\/uploads\/2025\/05\/Louise-Loughlin.jpg?resize=300,300 300w\" sizes=\"auto, (max-width: 300px) 100vw, 300px\" \/>                                <div class=\"info with-link\">\n                                    <h2 class=\"heading-xs\">Louise Loughlin<\/h2>                                    <span>Leas-Sti\u00farth\u00f3ir<\/span>                                    <a class=\"text-link\" href=\"mailto:Louise.Loughlin@rtb.ie\" target=\"\"><\/a>                                <\/div>\n                            <\/li>\n                                                                                                <li class=\"fade-in\">\n                                <img loading=\"lazy\" decoding=\"async\" width=\"300\" height=\"300\" src=\"https:\/\/rtb.ie\/wp-content\/uploads\/2025\/05\/Padraig-McGoldrick.jpg?w=300\" class=\"attachment-medium size-medium\" alt=\"\" srcset=\"https:\/\/rtb.ie\/wp-content\/uploads\/2025\/05\/Padraig-McGoldrick.jpg 380w, https:\/\/rtb.ie\/wp-content\/uploads\/2025\/05\/Padraig-McGoldrick.jpg?resize=150,150 150w, https:\/\/rtb.ie\/wp-content\/uploads\/2025\/05\/Padraig-McGoldrick.jpg?resize=300,300 300w\" sizes=\"auto, (max-width: 300px) 100vw, 300px\" \/>                                <div class=\"info with-link\">\n                                    <h2 class=\"heading-xs\">Padraig McGoldrick<\/h2>                                    <span>Leas-Sti\u00farth\u00f3ir (Gn\u00edomhach)<\/span>                                    <a class=\"text-link\" href=\"mailto:Padraig.McGoldrick@rtb.ie\" target=\"\"><\/a>                                <\/div>\n                            <\/li>\n                                                            <\/ul>\n            <\/div>\n        <\/div>\n    <\/section>\n\n\n\n    <section id=\"block-block_2b2de0bdd55ba283f28b1d2be1c54546\" class=\"staff-photos-block rtb-block bg-colour-white margin-top-xs margin-bottom-default\">\n        <div class=\"container\">\n            <div class=\"content\">\n                <h2 class=\"heading-l\">An Fhoireann Shinsearach Ceannaireachta<\/h2>                <ul class=\"photos\">\n                                                                        <li class=\"fade-in\">\n                                <img loading=\"lazy\" decoding=\"async\" width=\"300\" height=\"300\" src=\"https:\/\/rtb.ie\/wp-content\/uploads\/2025\/05\/Janette-Fogarty.jpg?w=300\" class=\"attachment-medium size-medium\" alt=\"\" srcset=\"https:\/\/rtb.ie\/wp-content\/uploads\/2025\/05\/Janette-Fogarty.jpg 380w, https:\/\/rtb.ie\/wp-content\/uploads\/2025\/05\/Janette-Fogarty.jpg?resize=150,150 150w, https:\/\/rtb.ie\/wp-content\/uploads\/2025\/05\/Janette-Fogarty.jpg?resize=300,300 300w\" sizes=\"auto, (max-width: 300px) 100vw, 300px\" \/>                                <div class=\"info \">\n                                    <h2 class=\"heading-xs\">Janette Fogarty<\/h2>                                    <span>Ceann um Ghn\u00f3tha\u00ed Dl\u00ed<\/span>                                                                    <\/div>\n                            <\/li>\n                                                                                                <li class=\"fade-in\">\n                                <img loading=\"lazy\" decoding=\"async\" width=\"300\" height=\"287\" src=\"https:\/\/rtb.ie\/wp-content\/uploads\/2025\/05\/Alistair-Headshot_d3e711.jpg?w=300\" class=\"attachment-medium size-medium\" alt=\"\" srcset=\"https:\/\/rtb.ie\/wp-content\/uploads\/2025\/05\/Alistair-Headshot_d3e711.jpg 380w, https:\/\/rtb.ie\/wp-content\/uploads\/2025\/05\/Alistair-Headshot_d3e711.jpg?resize=300,287 300w\" sizes=\"auto, (max-width: 300px) 100vw, 300px\" \/>                                <div class=\"info \">\n                                    <h2 class=\"heading-xs\">Alaistair Herriott<\/h2>                                    <span>Ceann um Shonra\u00ed agus Tionscadail<\/span>                                                                    <\/div>\n                            <\/li>\n                                                                                                <li class=\"fade-in\">\n                                <img loading=\"lazy\" decoding=\"async\" width=\"300\" height=\"287\" src=\"https:\/\/rtb.ie\/wp-content\/uploads\/2025\/05\/Bryan-Kelly_ef3efb.jpg?w=300\" class=\"attachment-medium size-medium\" alt=\"\" srcset=\"https:\/\/rtb.ie\/wp-content\/uploads\/2025\/05\/Bryan-Kelly_ef3efb.jpg 380w, https:\/\/rtb.ie\/wp-content\/uploads\/2025\/05\/Bryan-Kelly_ef3efb.jpg?resize=300,287 300w\" sizes=\"auto, (max-width: 300px) 100vw, 300px\" \/>                                <div class=\"info \">\n                                    <h2 class=\"heading-xs\">Bryan Kelly<\/h2>                                    <span>Ceann um Airgeadas agus Sol\u00e1thar<\/span>                                                                    <\/div>\n                            <\/li>\n                                                                                                <li class=\"fade-in\">\n                                <img loading=\"lazy\" decoding=\"async\" width=\"300\" height=\"300\" src=\"https:\/\/rtb.ie\/wp-content\/uploads\/2025\/05\/Clodagh-Memery.jpg?w=300\" class=\"attachment-medium size-medium\" alt=\"\" srcset=\"https:\/\/rtb.ie\/wp-content\/uploads\/2025\/05\/Clodagh-Memery.jpg 380w, https:\/\/rtb.ie\/wp-content\/uploads\/2025\/05\/Clodagh-Memery.jpg?resize=150,150 150w, https:\/\/rtb.ie\/wp-content\/uploads\/2025\/05\/Clodagh-Memery.jpg?resize=300,300 300w\" sizes=\"auto, (max-width: 300px) 100vw, 300px\" \/>                                <div class=\"info \">\n                                    <h2 class=\"heading-xs\">Clodagh Memery<\/h2>                                    <span>Ceann um Rialachas Faisn\u00e9ise<\/span>                                                                    <\/div>\n                            <\/li>\n                                                                                                <li class=\"fade-in\">\n                                <img loading=\"lazy\" decoding=\"async\" width=\"300\" height=\"287\" src=\"https:\/\/rtb.ie\/wp-content\/uploads\/2025\/05\/Emer-Morrissey_a5a5a2.jpg?w=300\" class=\"attachment-medium size-medium\" alt=\"\" srcset=\"https:\/\/rtb.ie\/wp-content\/uploads\/2025\/05\/Emer-Morrissey_a5a5a2.jpg 380w, https:\/\/rtb.ie\/wp-content\/uploads\/2025\/05\/Emer-Morrissey_a5a5a2.jpg?resize=300,287 300w\" sizes=\"auto, (max-width: 300px) 100vw, 300px\" \/>                                <div class=\"info \">\n                                    <h2 class=\"heading-xs\">Emer Morrissey <\/h2>                                    <span>Ceann um Imscr\u00faduithe agus Smachtbhanna\u00ed<\/span>                                                                    <\/div>\n                            <\/li>\n                                                                                                <li class=\"fade-in\">\n                                <img loading=\"lazy\" decoding=\"async\" width=\"300\" height=\"287\" src=\"https:\/\/rtb.ie\/wp-content\/uploads\/2025\/05\/Sinead-Murphy_a42950.jpg?w=300\" class=\"attachment-medium size-medium\" alt=\"\" srcset=\"https:\/\/rtb.ie\/wp-content\/uploads\/2025\/05\/Sinead-Murphy_a42950.jpg 380w, https:\/\/rtb.ie\/wp-content\/uploads\/2025\/05\/Sinead-Murphy_a42950.jpg?resize=300,287 300w\" sizes=\"auto, (max-width: 300px) 100vw, 300px\" \/>                                <div class=\"info \">\n                                    <h2 class=\"heading-xs\">Sinead Murphy<\/h2>                                    <span>Ceann um Chumars\u00e1id agus Caidreamh<\/span>                                                                    <\/div>\n                            <\/li>\n                                                                                                <li class=\"fade-in\">\n                                <img loading=\"lazy\" decoding=\"async\" width=\"300\" height=\"287\" src=\"https:\/\/rtb.ie\/wp-content\/uploads\/2025\/05\/Sarah-Ryan_afa1ce.jpg?w=300\" class=\"attachment-medium size-medium\" alt=\"\" srcset=\"https:\/\/rtb.ie\/wp-content\/uploads\/2025\/05\/Sarah-Ryan_afa1ce.jpg 380w, https:\/\/rtb.ie\/wp-content\/uploads\/2025\/05\/Sarah-Ryan_afa1ce.jpg?resize=300,287 300w\" sizes=\"auto, (max-width: 300px) 100vw, 300px\" \/>                                <div class=\"info \">\n                                    <h2 class=\"heading-xs\">Sarah Ryan<\/h2>                                    <span>Ceann um Dhaoine agus Cult\u00far<\/span>                                                                    <\/div>\n                            <\/li>\n                                                                                                <li class=\"fade-in\">\n                                <img loading=\"lazy\" decoding=\"async\" width=\"300\" height=\"287\" src=\"https:\/\/rtb.ie\/wp-content\/uploads\/2025\/05\/Claire-Diggin_5666b4.jpg?w=300\" class=\"attachment-medium size-medium\" alt=\"\" srcset=\"https:\/\/rtb.ie\/wp-content\/uploads\/2025\/05\/Claire-Diggin_5666b4.jpg 380w, https:\/\/rtb.ie\/wp-content\/uploads\/2025\/05\/Claire-Diggin_5666b4.jpg?resize=300,287 300w\" sizes=\"auto, (max-width: 300px) 100vw, 300px\" \/>                                <div class=\"info \">\n                                    <h2 class=\"heading-xs\">Claire Diggin<\/h2>                                    <span>Ceann um Shol\u00e1thar agus Bainist\u00edocht D\u00edolt\u00f3ir\u00ed<\/span>                                                                    <\/div>\n                            <\/li>\n                                                                                                <li class=\"fade-in\">\n                                <img loading=\"lazy\" decoding=\"async\" width=\"300\" height=\"300\" src=\"https:\/\/rtb.ie\/wp-content\/uploads\/2025\/10\/Daniel-Cotrim_Photo-2.jpg?w=300\" class=\"attachment-medium size-medium\" alt=\"\" srcset=\"https:\/\/rtb.ie\/wp-content\/uploads\/2025\/10\/Daniel-Cotrim_Photo-2.jpg 300w, https:\/\/rtb.ie\/wp-content\/uploads\/2025\/10\/Daniel-Cotrim_Photo-2.jpg?resize=150,150 150w\" sizes=\"auto, (max-width: 300px) 100vw, 300px\" \/>                                <div class=\"info \">\n                                    <h2 class=\"heading-xs\">Daniel Contrim<\/h2>                                    <span>Ceann um Chl\u00e1ruithe agus Seirbh\u00eds do Chustaim\u00e9ir\u00ed<\/span>                                                                    <\/div>\n                            <\/li>\n                                                            <\/ul>\n            <\/div>\n        <\/div>\n    <\/section>\n","protected":false},"excerpt":{"rendered":"","protected":false},"author":6,"featured_media":0,"parent":1330,"menu_order":1,"comment_status":"closed","ping_status":"closed","template":"","meta":{"_acf_changed":false,"inline_featured_image":false,"_relevanssi_hide_post":"","_relevanssi_hide_content":"","_relevanssi_pin_for_all":"","_relevanssi_pin_keywords":"","_relevanssi_unpin_keywords":"","_relevanssi_related_keywords":"","_relevanssi_related_include_ids":"","_relevanssi_related_exclude_ids":"","_relevanssi_related_no_append":"","_relevanssi_related_not_related":"","_relevanssi_related_posts":"1,1239","_relevanssi_noindex_reason":"","_trash_the_other_posts":false,"editor_notices":[],"footnotes":""},"class_list":["post-1348","page","type-page","status-publish","hentry"],"acf":[],"jetpack_sharing_enabled":true,"publishpress_future_action":{"enabled":false,"date":"2026-04-29 08:49:01","action":"change-status","newStatus":"draft","terms":[],"taxonomy":"","extraData":[]},"publishpress_future_workflow_manual_trigger":{"enabledWorkflows":[]},"_links":{"self":[{"href":"https:\/\/rtb.ie\/ga\/wp-json\/wp\/v2\/pages\/1348","targetHints":{"allow":["GET"]}}],"collection":[{"href":"https:\/\/rtb.ie\/ga\/wp-json\/wp\/v2\/pages"}],"about":[{"href":"https:\/\/rtb.ie\/ga\/wp-json\/wp\/v2\/types\/page"}],"author":[{"embeddable":true,"href":"https:\/\/rtb.ie\/ga\/wp-json\/wp\/v2\/users\/6"}],"replies":[{"embeddable":true,"href":"https:\/\/rtb.ie\/ga\/wp-json\/wp\/v2\/comments?post=1348"}],"version-history":[{"count":10,"href":"https:\/\/rtb.ie\/ga\/wp-json\/wp\/v2\/pages\/1348\/revisions"}],"predecessor-version":[{"id":52928,"href":"https:\/\/rtb.ie\/ga\/wp-json\/wp\/v2\/pages\/1348\/revisions\/52928"}],"up":[{"embeddable":true,"href":"https:\/\/rtb.ie\/ga\/wp-json\/wp\/v2\/pages\/1330"}],"wp:attachment":[{"href":"https:\/\/rtb.ie\/ga\/wp-json\/wp\/v2\/media?parent=1348"}],"curies":[{"name":"wp","href":"https:\/\/api.w.org\/{rel}","templated":true}]}}