{"id":158,"date":"2025-04-23T08:13:02","date_gmt":"2025-04-23T08:13:02","guid":{"rendered":"https:\/\/rtb.ie\/ga\/?page_id=158"},"modified":"2025-12-10T14:00:57","modified_gmt":"2025-12-10T14:00:57","slug":"register-tenancies","status":"publish","type":"page","link":"https:\/\/rtb.ie\/ga\/register-tenancies\/","title":{"rendered":"Tion\u00f3nachta\u00ed a chl\u00e1r\u00fa"},"content":{"rendered":"\n<div class=\"translation-notice no-print\">\n        <div class=\"inner container\">\n            <p><strong>Cuirfear aistri\u00fach\u00e1n ar f\u00e1il go luath<\/strong><\/p>\n            <p>\u00c1r leithsc\u00e9al as an m\u00edchaoithi\u00falacht. Cuirfear aistri\u00fach\u00e1n Gaeilge ar an leathanach seo ar f\u00e1il go luath. Go raibh maith agat as do chuid foighneachta agus muid ag obair ar leagan uasd\u00e1taithe.<\/p>\n        <\/div>\n    <\/div><section id=\"block-block_9350d6067b7a75840c2945daa8ff4f54\" class=\"header-block rtb-block colour-teal margin-top-none margin-bottom-none\">\n    <div class=\"container\">\n        <nav class=\"breadcrumbs\" aria-label=\"breadcrumb\">\n    <span property=\"itemListElement\" typeof=\"ListItem\"><a property=\"item\" typeof=\"WebPage\" title=\"Go to Bord um Tion\u00f3ntachta\u00ed C\u00f3naithe.\" href=\"https:\/\/rtb.ie\/ga\" class=\"home\" aria-current=\"page\"><span property=\"name\"><i class=\"rtb-home-icon\"><\/i><\/span><\/a><meta property=\"position\" content=\"1\"><\/span><i class=\"rtb-chevron\"><\/i><\/nav>\n        \n        <div class=\"wrapper\">\n            <div class=\"content\">\n                            \n                <h1 class=\"heading-xl\">Tion\u00f3nachta\u00ed a chl\u00e1r\u00fa<\/h1>\n                <p>T\u00e1 faisn\u00e9is sa rann\u00e1n seo faoi chl\u00e1ruithe tion\u00f3ntachta\u00ed, lena n-\u00e1ir\u00edtear c\u00e9 hiad na daoine ar cheart d\u00f3ibh tion\u00f3ntacht a chl\u00e1r\u00fa, agus conas agus cathain ba cheart tion\u00f3ntacht a chl\u00e1r\u00fa.<\/p>                            <\/div>\n            <!-- Temporary image: Remove after migrating illustrations to the illustration_selection field -->\n            \n                                    <div class=\"illustration fade-up\" aria-hidden=\"true\">\n                                                    <img decoding=\"async\" src=\"https:\/\/rtb.ie\/ga\/wp-content\/themes\/rtb\/assets\/images\/illustrations\/header-block\/header-illustration-teal-a.svg\" alt=\"\" \/>\n                                            <\/div>\n                                    <\/div>\n\n    <\/div>\n<\/section>\n\n\n<section id=\"block-block_652318da56dae41fbb6bb301f67bb129\" class=\"intro-and-links-block rtb-block  margin-top-default margin-bottom-default\">\n\t<div class=\"container\">\n\t\t<div class=\"content\">\n            <header class=\"cms-content fade-in\">\n                <h2 class=\"\">Achoimre<\/h2>                <p>Ceangla\u00edtear le dl\u00ed tion\u00f3ntacht a chl\u00e1r\u00fa. N\u00ed m\u00f3r do thiarna\u00ed tal\u00fan tion\u00f3ntachta\u00ed c\u00f3naithe a chl\u00e1r\u00fa leis an mBord um Thion\u00f3ntachta\u00ed C\u00f3naithe (RTB) i dt\u00fas na tion\u00f3ntachta agus gach bliain ina dhiaidh sin.<\/p>\n<p>\u00das\u00e1ideann RTB an fhaisn\u00e9is sin chun cl\u00e1r poibl\u00ed tion\u00f3ntachta\u00ed a choinne\u00e1il.<\/p>\n<p>T\u00e1 s\u00e9 simpl\u00ed tion\u00f3ntacht a chl\u00e1r\u00fa tr\u00ed chuntas cl\u00e1r\u00fach\u00e1in tion\u00f3ntachta ar l\u00edne RTB a \u00fas\u00e1id.<\/p>\n<p>A bhu\u00ed le cl\u00e1r\u00fa, is f\u00e9idir le tion\u00f3nta\u00ed agus le tiarna\u00ed tal\u00fan rochtain a fh\u00e1il ar sheirbh\u00eds\u00ed \u00e9ags\u00fala \u00f3 RTB, lena n-\u00e1ir\u00edtear r\u00e9iteach d\u00edosp\u00f3id\u00ed.<\/p>\n\n                \n            <\/header>\n                            <ul class=\"links\">\n                                            <li class=\"fade-up\">\n                            <a href=\"https:\/\/rtb.ie\/ga\/register-tenancies\/register-a-tenancy\/\" target=\"\">\n                                <h3 class=\"\">Tion\u00f3nacht a chl\u00e1r\u00fa<\/h3>                                <p>Faisn\u00e9is faoi conas tion\u00f3ntacht a chl\u00e1r\u00fa<\/p>                                \n                                <i class=\"rtb-arrow\"><\/i>\n                            <\/a>\n                        <\/li>\n                                            <li class=\"fade-up\">\n                            <a href=\"https:\/\/rtb.ie\/ga\/register-tenancies\/registration-account-support\/\" target=\"\">\n                                <h3 class=\"\">Tac\u00fa le do chuntas cl\u00e1r\u00fach\u00e1in<\/h3>                                <p>Taca\u00edocht le ceisteanna faoin gcuntas cl\u00e1r\u00fach\u00e1in<\/p>                                \n                                <i class=\"rtb-arrow\"><\/i>\n                            <\/a>\n                        <\/li>\n                                    <\/ul>\t\t\t\t\n            \t\t<\/div>\n\t<\/div>\n<\/section>","protected":false},"excerpt":{"rendered":"","protected":false},"author":6,"featured_media":0,"parent":0,"menu_order":15,"comment_status":"closed","ping_status":"closed","template":"","meta":{"_acf_changed":false,"inline_featured_image":false,"_relevanssi_hide_post":"","_relevanssi_hide_content":"","_relevanssi_pin_for_all":"","_relevanssi_pin_keywords":"","_relevanssi_unpin_keywords":"","_relevanssi_related_keywords":"","_relevanssi_related_include_ids":"","_relevanssi_related_exclude_ids":"","_relevanssi_related_no_append":"","_relevanssi_related_not_related":"","_relevanssi_related_posts":"1239,1","_relevanssi_noindex_reason":"","_trash_the_other_posts":false,"editor_notices":[],"footnotes":""},"class_list":["post-158","page","type-page","status-publish","hentry"],"acf":[],"jetpack_sharing_enabled":true,"publishpress_future_action":{"enabled":false,"date":"2026-05-07 03:25:17","action":"change-status","newStatus":"draft","terms":[],"taxonomy":"","extraData":[]},"publishpress_future_workflow_manual_trigger":{"enabledWorkflows":[]},"_links":{"self":[{"href":"https:\/\/rtb.ie\/ga\/wp-json\/wp\/v2\/pages\/158","targetHints":{"allow":["GET"]}}],"collection":[{"href":"https:\/\/rtb.ie\/ga\/wp-json\/wp\/v2\/pages"}],"about":[{"href":"https:\/\/rtb.ie\/ga\/wp-json\/wp\/v2\/types\/page"}],"author":[{"embeddable":true,"href":"https:\/\/rtb.ie\/ga\/wp-json\/wp\/v2\/users\/6"}],"replies":[{"embeddable":true,"href":"https:\/\/rtb.ie\/ga\/wp-json\/wp\/v2\/comments?post=158"}],"version-history":[{"count":19,"href":"https:\/\/rtb.ie\/ga\/wp-json\/wp\/v2\/pages\/158\/revisions"}],"predecessor-version":[{"id":53616,"href":"https:\/\/rtb.ie\/ga\/wp-json\/wp\/v2\/pages\/158\/revisions\/53616"}],"wp:attachment":[{"href":"https:\/\/rtb.ie\/ga\/wp-json\/wp\/v2\/media?parent=158"}],"curies":[{"name":"wp","href":"https:\/\/api.w.org\/{rel}","templated":true}]}}