{"id":160,"date":"2025-04-23T08:13:31","date_gmt":"2025-04-23T08:13:31","guid":{"rendered":"https:\/\/rtb.ie\/ga\/?page_id=160"},"modified":"2025-07-01T13:43:54","modified_gmt":"2025-07-01T13:43:54","slug":"compliance","status":"publish","type":"page","link":"https:\/\/rtb.ie\/ga\/compliance\/","title":{"rendered":"Comhl\u00edonadh"},"content":{"rendered":"\n<div class=\"translation-notice no-print\">\n        <div class=\"inner container\">\n            <p><strong>Cuirfear aistri\u00fach\u00e1n ar f\u00e1il go luath<\/strong><\/p>\n            <p>\u00c1r leithsc\u00e9al as an m\u00edchaoithi\u00falacht. Cuirfear aistri\u00fach\u00e1n Gaeilge ar an leathanach seo ar f\u00e1il go luath. Go raibh maith agat as do chuid foighneachta agus muid ag obair ar leagan uasd\u00e1taithe.<\/p>\n        <\/div>\n    <\/div><section id=\"block-block_a595f15ec9d8d0168d30eee5074cec3b\" class=\"header-block rtb-block colour-teal margin-top-none margin-bottom-default\">\n    <div class=\"container\">\n        <nav class=\"breadcrumbs\" aria-label=\"breadcrumb\">\n    <span property=\"itemListElement\" typeof=\"ListItem\"><a property=\"item\" typeof=\"WebPage\" title=\"Go to Bord um Tion\u00f3ntachta\u00ed C\u00f3naithe.\" href=\"https:\/\/rtb.ie\/ga\" class=\"home\" aria-current=\"page\"><span property=\"name\"><i class=\"rtb-home-icon\"><\/i><\/span><\/a><meta property=\"position\" content=\"1\"><\/span><i class=\"rtb-chevron\"><\/i><\/nav>\n        \n        <div class=\"wrapper\">\n            <div class=\"content\">\n                            \n                <h1 class=\"heading-xl\">Comhl\u00edonadh<\/h1>\n                <p>This section has information on the breaches of rental law that the RTB can investigate and how to notify the RTB about potential breaches. The RTB investigations and sanctions process is explained in detail.<\/p>                            <\/div>\n            <!-- Temporary image: Remove after migrating illustrations to the illustration_selection field -->\n            \n                                    <div class=\"illustration fade-up\" aria-hidden=\"true\">\n                                                    <img decoding=\"async\" src=\"https:\/\/rtb.ie\/ga\/wp-content\/themes\/rtb\/assets\/images\/illustrations\/header-block\/header-illustration-teal-a.svg\" alt=\"\" \/>\n                                            <\/div>\n                                    <\/div>\n\n    <\/div>\n<\/section>\n\n\n<section id=\"block-block_288282f13daf6bcf36a197730eeeff6c\" class=\"intro-and-links-block rtb-block  margin-top-none margin-bottom-default\">\n\t<div class=\"container\">\n\t\t<div class=\"content\">\n            <header class=\"cms-content fade-in\">\n                <h2 class=\"\">Summary<\/h2>                <p>The RTB takes any failure to comply with rental law seriously.<\/p>\n<p>Where we see deliberate and ongoing non-compliance, we are committed to using our full powers under the Residential Tenancies Act to investigate and sanction landlords.<\/p>\n\n                \n            <\/header>\n                            <ul class=\"links\">\n                                            <li class=\"fade-up\">\n                            <a href=\"https:\/\/rtb.ie\/ga\/compliance\/what-can-the-rtb-investigate\/\" target=\"\">\n                                <h3 class=\"\">Cad is f\u00e9\u00eddir leis an RTB a imscr\u00fad\u00fa<\/h3>                                <p>This page has information on the specific breaches of rental law that the RTB can investigate. \r\n<\/p>                                \n                                <i class=\"rtb-arrow\"><\/i>\n                            <\/a>\n                        <\/li>\n                                            <li class=\"fade-up\">\n                            <a href=\"https:\/\/rtb.ie\/ga\/compliance\/how-investigations-work\/\" target=\"\">\n                                <h3 class=\"\">Conas a oibr\u00ed\u00f3nn imscr\u00fadaithe<\/h3>                                <p>Information on how the RTB investigation and sanctions process works.  \r\n<\/p>                                \n                                <i class=\"rtb-arrow\"><\/i>\n                            <\/a>\n                        <\/li>\n                                            <li class=\"fade-up\">\n                            <a href=\"https:\/\/rtb.ie\/ga\/compliance\/check-the-register\/\" target=\"\">\n                                <h3 class=\"\">Seice\u00e1il an cl\u00e1r<\/h3>                                <p>Search the Register to see if your tenancy is registered with the RTB.\r\n<\/p>                                \n                                <i class=\"rtb-arrow\"><\/i>\n                            <\/a>\n                        <\/li>\n                                            <li class=\"fade-up\">\n                            <a href=\"https:\/\/rtb.ie\/ga\/compliance\/check-rpz-compliance\/\" target=\"\">\n                                <h3 class=\"\">Seice\u00e1il comhl\u00edonadh RPZ<\/h3>                                <p>Information on how Rent Pressure Zones (RPZs) work and link to RPZ calculator for calculating the maximum rent increase allowed for properties in an RPZ. \r\n<\/p>                                \n                                <i class=\"rtb-arrow\"><\/i>\n                            <\/a>\n                        <\/li>\n                                            <li class=\"fade-up\">\n                            <a href=\"https:\/\/rtb.ie\/ga\/compliance\/report-a-landlord\/\" target=\"\">\n                                <h3 class=\"\">Tiarna tal\u00fan a thuairisci\u00fa<\/h3>                                <p> Information on how to report a potential unregistered tenancy or other breaches of rental law to the RTB. <\/p>                                \n                                <i class=\"rtb-arrow\"><\/i>\n                            <\/a>\n                        <\/li>\n                                            <li class=\"fade-up\">\n                            <a href=\"https:\/\/rtb.ie\/ga\/compliance\/complain-to-the-rtb-about-a-landlord\/\" target=\"\">\n                                <h3 class=\"\">D\u00e9an gear\u00e1n leis an RTB faoi thiarna tal\u00fan<\/h3>                                <p>There are two main ways to complain to the RTB about a landlord; by applying for disputes resolution or by reporting a landlord for investigation. Find out more to make sure your complaint is handled in the correct way.\r\n<\/p>                                \n                                <i class=\"rtb-arrow\"><\/i>\n                            <\/a>\n                        <\/li>\n                                            <li class=\"fade-up\">\n                            <a href=\"https:\/\/rtb.ie\/ga\/compliance\/investigation-outcomes\/\" target=\"\">\n                                <h3 class=\"\">Tortha\u00ed imscr\u00fadaithe<\/h3>                                <p>Search RTB investigation outcomes. <\/p>                                \n                                <i class=\"rtb-arrow\"><\/i>\n                            <\/a>\n                        <\/li>\n                                    <\/ul>\t\t\t\t\n            \t\t<\/div>\n\t<\/div>\n<\/section>","protected":false},"excerpt":{"rendered":"","protected":false},"author":6,"featured_media":0,"parent":0,"menu_order":19,"comment_status":"closed","ping_status":"closed","template":"","meta":{"_acf_changed":false,"inline_featured_image":false,"_relevanssi_hide_post":"","_relevanssi_hide_content":"","_relevanssi_pin_for_all":"","_relevanssi_pin_keywords":"","_relevanssi_unpin_keywords":"","_relevanssi_related_keywords":"","_relevanssi_related_include_ids":"","_relevanssi_related_exclude_ids":"","_relevanssi_related_no_append":"","_relevanssi_related_not_related":"","_relevanssi_related_posts":"1239,1","_relevanssi_noindex_reason":"","_trash_the_other_posts":false,"editor_notices":[],"footnotes":""},"class_list":["post-160","page","type-page","status-publish","hentry"],"acf":[],"jetpack_sharing_enabled":true,"publishpress_future_action":{"enabled":false,"date":"2026-04-28 03:12:00","action":"change-status","newStatus":"draft","terms":[],"taxonomy":"","extraData":[]},"publishpress_future_workflow_manual_trigger":{"enabledWorkflows":[]},"_links":{"self":[{"href":"https:\/\/rtb.ie\/ga\/wp-json\/wp\/v2\/pages\/160","targetHints":{"allow":["GET"]}}],"collection":[{"href":"https:\/\/rtb.ie\/ga\/wp-json\/wp\/v2\/pages"}],"about":[{"href":"https:\/\/rtb.ie\/ga\/wp-json\/wp\/v2\/types\/page"}],"author":[{"embeddable":true,"href":"https:\/\/rtb.ie\/ga\/wp-json\/wp\/v2\/users\/6"}],"replies":[{"embeddable":true,"href":"https:\/\/rtb.ie\/ga\/wp-json\/wp\/v2\/comments?post=160"}],"version-history":[{"count":14,"href":"https:\/\/rtb.ie\/ga\/wp-json\/wp\/v2\/pages\/160\/revisions"}],"predecessor-version":[{"id":51174,"href":"https:\/\/rtb.ie\/ga\/wp-json\/wp\/v2\/pages\/160\/revisions\/51174"}],"wp:attachment":[{"href":"https:\/\/rtb.ie\/ga\/wp-json\/wp\/v2\/media?parent=160"}],"curies":[{"name":"wp","href":"https:\/\/api.w.org\/{rel}","templated":true}]}}