{"id":164,"date":"2025-04-23T08:14:53","date_gmt":"2025-04-23T08:14:53","guid":{"rendered":"https:\/\/rtb.ie\/ga\/?page_id=164"},"modified":"2025-07-01T14:23:42","modified_gmt":"2025-07-01T14:23:42","slug":"data-insights","status":"publish","type":"page","link":"https:\/\/rtb.ie\/ga\/data-insights\/","title":{"rendered":"L\u00e9argais sonra\u00ed"},"content":{"rendered":"\n<div class=\"translation-notice no-print\">\n        <div class=\"inner container\">\n            <p><strong>Cuirfear aistri\u00fach\u00e1n ar f\u00e1il go luath<\/strong><\/p>\n            <p>\u00c1r leithsc\u00e9al as an m\u00edchaoithi\u00falacht. Cuirfear aistri\u00fach\u00e1n Gaeilge ar an leathanach seo ar f\u00e1il go luath. Go raibh maith agat as do chuid foighneachta agus muid ag obair ar leagan uasd\u00e1taithe.<\/p>\n        <\/div>\n    <\/div><section id=\"block-block_0346c6ebc0a6ee209a4e670d05ec09c6\" class=\"header-block rtb-block colour-green margin-top-none margin-bottom-default\">\n    <div class=\"container\">\n        <nav class=\"breadcrumbs\" aria-label=\"breadcrumb\">\n    <span property=\"itemListElement\" typeof=\"ListItem\"><a property=\"item\" typeof=\"WebPage\" title=\"Go to Bord um Tion\u00f3ntachta\u00ed C\u00f3naithe.\" href=\"https:\/\/rtb.ie\/ga\" class=\"home\" aria-current=\"page\"><span property=\"name\"><i class=\"rtb-home-icon\"><\/i><\/span><\/a><meta property=\"position\" content=\"1\"><\/span><i class=\"rtb-chevron\"><\/i><\/nav>\n        \n        <div class=\"wrapper\">\n            <div class=\"content\">\n                            \n                <h1 class=\"heading-xl\">L\u00e9argais sonra\u00ed<\/h1>\n                <p>Find the latest RTB publications on Ireland\u2019s rental sector on this page. To view or download data sets and charts, visit our Data Hub.<\/p>                            <\/div>\n            <!-- Temporary image: Remove after migrating illustrations to the illustration_selection field -->\n            \n                                    <div class=\"illustration fade-up\" aria-hidden=\"true\">\n                                                    <img decoding=\"async\" src=\"https:\/\/rtb.ie\/ga\/wp-content\/themes\/rtb\/assets\/images\/illustrations\/header-block\/header-illustration-green-a.svg\" alt=\"\" \/>\n                                            <\/div>\n                                    <\/div>\n\n    <\/div>\n<\/section>\n\n\n<section id=\"block-block_125de8fab0cb9fbff8c354d0f2e16bae\" class=\"cards-links-block rtb-block margin-top-none margin-bottom-default\">\n    <div class=\"container\">\n        <div class=\"content\">\n                                        <div class=\"tiles\">\n                                            <div class=\"tile\">\n                                                            <header class=\"fade-in\">\n                                    <img loading=\"lazy\" decoding=\"async\" width=\"150\" height=\"150\" src=\"https:\/\/rtb.ie\/wp-content\/uploads\/2025\/05\/illustration-1.svg?w=150&amp;h=150&amp;crop=1\" class=\"attachment-thumbnail size-thumbnail\" alt=\"\" \/>                                    <h2 class=\"\">Tuarasc\u00e1lacha taighde RTB<\/h2>                                <\/header>\n                                                                                            <div class=\"intro fade-in\">\n                                    <p>Find the latest RTB publications on Ireland\u2019s rental sector.<\/p>                                <\/div>\n                                                                                        <div class=\"cms-content\">\n                                    <ul class=\"list-arrows\">\n                                                                                                                                    <li class=\"fade-in\"><a class=\"text-link\" href=\"https:\/\/rtb.ie\/ga\/data-insights\/rtb-research-reports\/rtb-esri-rent-index\/\" target=\"\">Inn\u00e9acs C\u00edosa RTB\/ESRI<\/a><\/li>\n                                                                                                                                                                                <li class=\"fade-in\"><a class=\"text-link\" href=\"https:\/\/rtb.ie\/ga\/data-insights\/rtb-research-reports\/rental-sector-surveys\/\" target=\"\">Suirbh\u00e9 ar an eam\u00e1il c\u00edosa<\/a><\/li>\n                                                                                                                                                                                <li class=\"fade-in\"><a class=\"text-link\" href=\"https:\/\/rtb.ie\/ga\/data-insights\/rtb-research-reports\/individual-property-level-analysis\/\" target=\"\">Anail\u00eds ar leibh\u00e9al r\u00e9admhaoine aonair<\/a><\/li>\n                                                                                                                                                                                <li class=\"fade-in\"><a class=\"text-link\" href=\"https:\/\/rtb.ie\/ga\/data-insights\/rtb-research-reports\/other-research-reports\/\" target=\"\">Tuarasc\u00e1lacha taighde eile<\/a><\/li>\n                                                                                                                        <\/ul>\n                                <\/div>\n                                                                                        <a class=\"button primary fade-in\" href=\"https:\/\/rtb.ie\/ga\/data-insights\/rtb-research-reports\/\" target=\"\"><span>View research reports<\/span><\/a>                                                    <\/div>\n                                            <div class=\"tile\">\n                                                            <header class=\"fade-in\">\n                                    <img loading=\"lazy\" decoding=\"async\" width=\"150\" height=\"150\" src=\"https:\/\/rtb.ie\/wp-content\/uploads\/2025\/05\/illustration-2.svg?w=150&amp;h=150&amp;crop=1\" class=\"attachment-thumbnail size-thumbnail\" alt=\"\" \/>                                    <h2 class=\"\">Mol sonra\u00ed an RTB<\/h2>                                <\/header>\n                                                                                            <div class=\"intro fade-in\">\n                                    <p>Find the latest data on Ireland\u2019s rental sector in the RTB Data Hub.<\/p>                                <\/div>\n                                                                                        <div class=\"cms-content\">\n                                    <ul class=\"list-arrows\">\n                                                                                                                                    <li class=\"fade-in\"><a class=\"text-link\" href=\"https:\/\/rtb.ie\/ga\/data-insights\/rtb-data-hub\/profile-of-the-register\/\" target=\"\">Pr\u00f3if\u00edl na sraithe sonra\u00ed cl\u00e1ir<\/a><\/li>\n                                                                                                                                                                                <li class=\"fade-in\"><a class=\"text-link\" href=\"https:\/\/rtb.ie\/ga\/data-insights\/rtb-data-hub\/dispute-applications\/\" target=\"\">Iarratais d\u00edosp\u00f3ide<\/a><\/li>\n                                                                                                                                                                                <li class=\"fade-in\"><a class=\"text-link\" href=\"https:\/\/rtb.ie\/ga\/data-insights\/rtb-data-hub\/rpz-exemptions\/\" target=\"\">D\u00edol\u00faint\u00ed RPZ<\/a><\/li>\n                                                                                                                                                                                <li class=\"fade-in\"><a class=\"text-link\" href=\"https:\/\/rtb.ie\/ga\/data-insights\/rtb-data-hub\/notices-of-termination\/\" target=\"\">F\u00f3gra\u00ed foirceanta<\/a><\/li>\n                                                                                                                                                                                <li class=\"fade-in\"><a class=\"text-link\" href=\"https:\/\/rtb.ie\/ga\/data-insights\/rtb-data-hub\/rental-sector-survey-data-set\/\" target=\"\">Suirbh\u00e9 ar an eam\u00e1il c\u00edosa &#8211; sraith sonra\u00ed<\/a><\/li>\n                                                                                                                        <\/ul>\n                                <\/div>\n                                                                                        <a class=\"button primary fade-in\" href=\"https:\/\/rtb.ie\/ga\/data-insights\/rtb-data-hub\/\" target=\"\"><span>Go to the Data Hub<\/span><\/a>                                                    <\/div>\n                                    <\/div>\n                        \n        <\/div>\n    <\/div>\n<\/section>","protected":false},"excerpt":{"rendered":"","protected":false},"author":6,"featured_media":0,"parent":0,"menu_order":21,"comment_status":"closed","ping_status":"closed","template":"","meta":{"_acf_changed":false,"inline_featured_image":false,"_relevanssi_hide_post":"","_relevanssi_hide_content":"","_relevanssi_pin_for_all":"","_relevanssi_pin_keywords":"","_relevanssi_unpin_keywords":"","_relevanssi_related_keywords":"","_relevanssi_related_include_ids":"","_relevanssi_related_exclude_ids":"","_relevanssi_related_no_append":"","_relevanssi_related_not_related":"","_relevanssi_related_posts":"1,1239","_relevanssi_noindex_reason":"","_trash_the_other_posts":false,"editor_notices":[],"footnotes":""},"class_list":["post-164","page","type-page","status-publish","hentry"],"acf":[],"jetpack_sharing_enabled":true,"publishpress_future_action":{"enabled":false,"date":"2026-04-15 11:18:43","action":"change-status","newStatus":"draft","terms":[],"taxonomy":"","extraData":[]},"publishpress_future_workflow_manual_trigger":{"enabledWorkflows":[]},"_links":{"self":[{"href":"https:\/\/rtb.ie\/ga\/wp-json\/wp\/v2\/pages\/164","targetHints":{"allow":["GET"]}}],"collection":[{"href":"https:\/\/rtb.ie\/ga\/wp-json\/wp\/v2\/pages"}],"about":[{"href":"https:\/\/rtb.ie\/ga\/wp-json\/wp\/v2\/types\/page"}],"author":[{"embeddable":true,"href":"https:\/\/rtb.ie\/ga\/wp-json\/wp\/v2\/users\/6"}],"replies":[{"embeddable":true,"href":"https:\/\/rtb.ie\/ga\/wp-json\/wp\/v2\/comments?post=164"}],"version-history":[{"count":21,"href":"https:\/\/rtb.ie\/ga\/wp-json\/wp\/v2\/pages\/164\/revisions"}],"predecessor-version":[{"id":51185,"href":"https:\/\/rtb.ie\/ga\/wp-json\/wp\/v2\/pages\/164\/revisions\/51185"}],"wp:attachment":[{"href":"https:\/\/rtb.ie\/ga\/wp-json\/wp\/v2\/media?parent=164"}],"curies":[{"name":"wp","href":"https:\/\/api.w.org\/{rel}","templated":true}]}}