{"id":166,"date":"2025-04-23T08:15:23","date_gmt":"2025-04-23T08:15:23","guid":{"rendered":"https:\/\/rtb.ie\/ga\/?page_id=166"},"modified":"2025-10-31T11:52:04","modified_gmt":"2025-10-31T11:52:04","slug":"about","status":"publish","type":"page","link":"https:\/\/rtb.ie\/ga\/about\/","title":{"rendered":"Faoi"},"content":{"rendered":"\n<section id=\"block-block_f74bba8151089c0df07c5d1071502ebd\" class=\"header-block rtb-block colour-teal margin-top-none margin-bottom-default\">\n    <div class=\"container\">\n        <nav class=\"breadcrumbs\" aria-label=\"breadcrumb\">\n    <span property=\"itemListElement\" typeof=\"ListItem\"><a property=\"item\" typeof=\"WebPage\" title=\"Go to Bord um Tion\u00f3ntachta\u00ed C\u00f3naithe.\" href=\"https:\/\/rtb.ie\/ga\" class=\"home\" aria-current=\"page\"><span property=\"name\"><i class=\"rtb-home-icon\"><\/i><\/span><\/a><meta property=\"position\" content=\"1\"><\/span><i class=\"rtb-chevron\"><\/i><\/nav>\n        \n        <div class=\"wrapper\">\n            <div class=\"content\">\n                            \n                <h1 class=\"heading-xl\">Maidir Linn<\/h1>\n                                            <\/div>\n            <!-- Temporary image: Remove after migrating illustrations to the illustration_selection field -->\n            \n                                    <div class=\"illustration fade-up\" aria-hidden=\"true\">\n                                                    <img decoding=\"async\" src=\"https:\/\/rtb.ie\/ga\/wp-content\/themes\/rtb\/assets\/images\/illustrations\/header-block\/header-illustration-teal-a.svg\" alt=\"\" \/>\n                                            <\/div>\n                                    <\/div>\n\n    <\/div>\n<\/section>\n\n\n<section id=\"block-block_8f2e00ec7fa287e0917cf38fbe4da296\" class=\"intro-and-links-block rtb-block  margin-top-xs margin-bottom-default\">\n\t<div class=\"container\">\n\t\t<div class=\"content\">\n            <header class=\"cms-content fade-in\">\n                <h2 class=\"\">Achoimre<\/h2>                <p>Comhlacht poibl\u00ed neamhsple\u00e1ch a rial\u00e1lann earn\u00e1il c\u00edosa na h\u00c9ireann is ea an Bord um Thion\u00f3ntachta\u00ed C\u00f3naithe (RTB).<\/p>\n<p>Oibr\u00edmid chun c\u00f3ras c\u00edosa cothrom a chinnti\u00fa do gach duine in \u00c9irinn. Faigh tuilleadh faisn\u00e9ise faoi c\u00e9 sinne agus faoi cad a dh\u00e9anaimid.<\/p>\n\n                \n            <\/header>\n                            <ul class=\"links\">\n                                            <li class=\"fade-up\">\n                            <a href=\"https:\/\/rtb.ie\/ga\/about\/what-we-do\/\" target=\"\">\n                                <h3 class=\"\">Cad a dh\u00e9anaimid<\/h3>                                <p>Faigh tuilleadh faisn\u00e9ise faoi obair RTB.<\/p>                                \n                                <i class=\"rtb-arrow\"><\/i>\n                            <\/a>\n                        <\/li>\n                                            <li class=\"fade-up\">\n                            <a href=\"https:\/\/rtb.ie\/ga\/about\/our-people\/\" target=\"\">\n                                <h3 class=\"\">\u00c1r ndaoine<\/h3>                                <p>Amharc ar chomhalta\u00ed \u00e1r mBoird agus \u00e1r bhFoirne Ceannaireachta.<\/p>                                \n                                <i class=\"rtb-arrow\"><\/i>\n                            <\/a>\n                        <\/li>\n                                            <li class=\"fade-up\">\n                            <a href=\"https:\/\/rtb.ie\/ga\/about\/news\/\" target=\"\">\n                                <h3 class=\"\">Nuacht<\/h3>                                <p>Coinnigh ar an eolas faoin nuacht is d\u00e9ana\u00ed \u00f3 RTB.<\/p>                                \n                                <i class=\"rtb-arrow\"><\/i>\n                            <\/a>\n                        <\/li>\n                                            <li class=\"fade-up\">\n                            <a href=\"https:\/\/rtb.ie\/ga\/about\/careers\/\" target=\"\">\n                                <h3 class=\"\">Gairmeacha<\/h3>                                <p>Aimsigh \u00e1r bhfol\u00fantais phoist reatha ar an leathanach seo.<\/p>                                \n                                <i class=\"rtb-arrow\"><\/i>\n                            <\/a>\n                        <\/li>\n                                            <li class=\"fade-up\">\n                            <a href=\"https:\/\/rtb.ie\/ga\/about\/publications\/\" target=\"\">\n                                <h3 class=\"\">Foilseach\u00e1in<\/h3>                                <p>L\u00e9igh na foilseach\u00e1in is d\u00e9ana\u00ed \u00f3n mBord um Thion\u00f3ntachta\u00ed C\u00f3naithe (RTB).<\/p>                                \n                                <i class=\"rtb-arrow\"><\/i>\n                            <\/a>\n                        <\/li>\n                                            <li class=\"fade-up\">\n                            <a href=\"https:\/\/rtb.ie\/ga\/about\/media\/\" target=\"\">\n                                <h3 class=\"\">Na Me\u00e1in<\/h3>                                <p>L\u00e9igh na preaseisi\u00faint\u00ed is d\u00e9ana\u00ed \u00f3 RTB agus faigh mionsonra\u00ed teagmh\u00e1la le haghaidh ceisteanna \u00f3 na me\u00e1in ar an leathanach seo.<\/p>                                \n                                <i class=\"rtb-arrow\"><\/i>\n                            <\/a>\n                        <\/li>\n                                            <li class=\"fade-up\">\n                            <a href=\"https:\/\/rtb.ie\/ga\/about\/foi-publication-scheme\/\" target=\"\">\n                                <h3 class=\"\">An Sc\u00e9im Foilsitheoireachta Saor\u00e1la Faisn\u00e9ise<\/h3>                                <p>Comhroinnimid faisn\u00e9is faoi RTB ar bhealach oscailte inrochtana tr\u00edd an Sc\u00e9im Foilsitheoireachta Saor\u00e1la Faisn\u00e9ise uainn.<\/p>                                \n                                <i class=\"rtb-arrow\"><\/i>\n                            <\/a>\n                        <\/li>\n                                            <li class=\"fade-up\">\n                            <a href=\"https:\/\/rtb.ie\/ga\/about\/access-to-information\/\" target=\"\">\n                                <h3 class=\"\">Rochtain ar fhaisn\u00e9is<\/h3>                                <p>Foghlaim conas a shol\u00e1thra\u00edmid rochtain ar fhaisn\u00e9is faoi dhl\u00ed na h\u00c9ireann agus faoin dl\u00ed Eorpach.<\/p>                                \n                                <i class=\"rtb-arrow\"><\/i>\n                            <\/a>\n                        <\/li>\n                                    <\/ul>\t\t\t\t\n            \t\t<\/div>\n\t<\/div>\n<\/section>","protected":false},"excerpt":{"rendered":"","protected":false},"author":6,"featured_media":0,"parent":0,"menu_order":22,"comment_status":"closed","ping_status":"closed","template":"","meta":{"_acf_changed":false,"inline_featured_image":false,"_relevanssi_hide_post":"","_relevanssi_hide_content":"","_relevanssi_pin_for_all":"","_relevanssi_pin_keywords":"","_relevanssi_unpin_keywords":"","_relevanssi_related_keywords":"","_relevanssi_related_include_ids":"","_relevanssi_related_exclude_ids":"","_relevanssi_related_no_append":"","_relevanssi_related_not_related":"","_relevanssi_related_posts":"1,1239","_relevanssi_noindex_reason":"","_trash_the_other_posts":false,"editor_notices":[],"footnotes":""},"class_list":["post-166","page","type-page","status-publish","hentry"],"acf":[],"jetpack_sharing_enabled":true,"publishpress_future_action":{"enabled":false,"date":"2026-04-15 11:31:41","action":"change-status","newStatus":"draft","terms":[],"taxonomy":"","extraData":[]},"publishpress_future_workflow_manual_trigger":{"enabledWorkflows":[]},"_links":{"self":[{"href":"https:\/\/rtb.ie\/ga\/wp-json\/wp\/v2\/pages\/166","targetHints":{"allow":["GET"]}}],"collection":[{"href":"https:\/\/rtb.ie\/ga\/wp-json\/wp\/v2\/pages"}],"about":[{"href":"https:\/\/rtb.ie\/ga\/wp-json\/wp\/v2\/types\/page"}],"author":[{"embeddable":true,"href":"https:\/\/rtb.ie\/ga\/wp-json\/wp\/v2\/users\/6"}],"replies":[{"embeddable":true,"href":"https:\/\/rtb.ie\/ga\/wp-json\/wp\/v2\/comments?post=166"}],"version-history":[{"count":25,"href":"https:\/\/rtb.ie\/ga\/wp-json\/wp\/v2\/pages\/166\/revisions"}],"predecessor-version":[{"id":52909,"href":"https:\/\/rtb.ie\/ga\/wp-json\/wp\/v2\/pages\/166\/revisions\/52909"}],"wp:attachment":[{"href":"https:\/\/rtb.ie\/ga\/wp-json\/wp\/v2\/media?parent=166"}],"curies":[{"name":"wp","href":"https:\/\/api.w.org\/{rel}","templated":true}]}}