{"id":168,"date":"2025-04-23T08:16:10","date_gmt":"2025-04-23T08:16:10","guid":{"rendered":"https:\/\/rtb.ie\/ga\/?page_id=168"},"modified":"2025-11-12T12:13:21","modified_gmt":"2025-11-12T12:13:21","slug":"register-a-tenancy","status":"publish","type":"page","link":"https:\/\/rtb.ie\/ga\/register-tenancies\/register-a-tenancy\/","title":{"rendered":"Tion\u00f3nacht a chl\u00e1r\u00fa"},"content":{"rendered":"\n<div class=\"translation-notice no-print\">\n        <div class=\"inner container\">\n            <p><strong>Cuirfear aistri\u00fach\u00e1n ar f\u00e1il go luath<\/strong><\/p>\n            <p>\u00c1r leithsc\u00e9al as an m\u00edchaoithi\u00falacht. Cuirfear aistri\u00fach\u00e1n Gaeilge ar an leathanach seo ar f\u00e1il go luath. Go raibh maith agat as do chuid foighneachta agus muid ag obair ar leagan uasd\u00e1taithe.<\/p>\n        <\/div>\n    <\/div><section id=\"block-block_74ac31a559448c1d7705b322d85ebe4d\" class=\"header-block rtb-block colour-teal margin-top-none margin-bottom-none\">\n    <div class=\"container\">\n        <nav class=\"breadcrumbs\" aria-label=\"breadcrumb\">\n    <span property=\"itemListElement\" typeof=\"ListItem\"><a property=\"item\" typeof=\"WebPage\" title=\"Go to Bord um Tion\u00f3ntachta\u00ed C\u00f3naithe.\" href=\"https:\/\/rtb.ie\/ga\" class=\"home\" aria-current=\"page\"><span property=\"name\"><i class=\"rtb-home-icon\"><\/i><\/span><\/a><meta property=\"position\" content=\"1\"><\/span><i class=\"rtb-chevron\"><\/i><\/nav>\n        \n        <div class=\"wrapper\">\n            <div class=\"content\">\n                            \n                <h1 class=\"heading-xl\">Tion\u00f3nacht a chl\u00e1r\u00fa<\/h1>\n                <p>N\u00ed m\u00f3r do thiarna\u00ed tal\u00fan tion\u00f3ntachta\u00ed c\u00f3naithe a chl\u00e1r\u00fa leis an mBord um Thion\u00f3ntachta\u00ed C\u00f3naithe (RTB) gach bliain. T\u00e1 feidhm aige sin maidir le tiarna\u00ed tal\u00fan pr\u00edobh\u00e1ideacha, le Comhlachta\u00ed Tith\u00edochta Ceadaithe, le sol\u00e1thraithe c\u00f3ir\u00edochta at\u00e1 sonrach do mhic l\u00e9inn agus le tion\u00f3ntachta\u00ed ar c\u00edos de r\u00e9ir costais.<\/p>                            <\/div>\n            <!-- Temporary image: Remove after migrating illustrations to the illustration_selection field -->\n            \n                                    <div class=\"illustration fade-up\" aria-hidden=\"true\">\n                                                    <img decoding=\"async\" src=\"https:\/\/rtb.ie\/ga\/wp-content\/themes\/rtb\/assets\/images\/illustrations\/header-block\/header-illustration-teal-a.svg\" alt=\"\" \/>\n                                            <\/div>\n                                    <\/div>\n\n    <\/div>\n<\/section>\n\n\n<section id=\"block-block_fe09e2f9fae4b634bd7ae0e64d74f525\" class=\"intro-and-links-block rtb-block  margin-top-default margin-bottom-default\">\n\t<div class=\"container\">\n\t\t<div class=\"content\">\n            <header class=\"cms-content fade-in\">\n                <h2 class=\"\">Achoimre<\/h2>                <p>N\u00ed m\u00f3r an chuid is m\u00f3 de mhaoine c\u00f3naithe in \u00c9irinn a chl\u00e1r\u00fa leis an mBord um Thion\u00f3ntachta\u00ed C\u00f3naithe (RTB). Sa rann\u00e1n seo, tugtar faisn\u00e9is faoi cathain agus conas tion\u00f3ntacht a chl\u00e1r\u00fa.<\/p>\n\n                \n            <\/header>\n                            <ul class=\"links\">\n                                            <li class=\"fade-up\">\n                            <a href=\"https:\/\/rtb.ie\/ga\/register-tenancies\/register-a-tenancy\/who-should-register\/\" target=\"\">\n                                <h3 class=\"\">C\u00e9 hiad na daoine ar cheart d\u00f3ibh cl\u00e1r\u00fa<\/h3>                                <p>N\u00ed m\u00f3r do thiarna\u00ed tal\u00fan tion\u00f3ntachta\u00ed c\u00f3naithe a chl\u00e1r\u00fa leis an mBord um Thion\u00f3ntachta\u00ed C\u00f3naithe (RTB) gach bliain. T\u00e1 feidhm aige sin maidir le tiarna\u00ed tal\u00fan pr\u00edobh\u00e1ideacha, le Comhlachta\u00ed Tith\u00edochta Ceadaithe, le sol\u00e1thraithe c\u00f3ir\u00edochta at\u00e1 sonrach do mhic l\u00e9inn agus le tion\u00f3ntachta\u00ed ar c\u00edos de r\u00e9ir costais.<\/p>                                \n                                <i class=\"rtb-arrow\"><\/i>\n                            <\/a>\n                        <\/li>\n                                            <li class=\"fade-up\">\n                            <a href=\"https:\/\/rtb.ie\/ga\/register-tenancies\/register-a-tenancy\/when-to-register\/\" target=\"\">\n                                <h3 class=\"\">Cathain ba cheart a cl\u00e1r\u00fa<\/h3>                                <p>N\u00ed m\u00f3r do thiarna\u00ed tal\u00fan tion\u00f3ntachta\u00ed a chl\u00e1r\u00fa leis an mBord um Thion\u00f3ntachta\u00ed C\u00f3naithe (RTB) nuair a thosa\u00edonn tion\u00f3ntacht nua agus n\u00ed m\u00f3r d\u00f3ibh an cl\u00e1r\u00fa a athnuachan ar bhonn bliant\u00fail. Ar an leathanach seo, tugtar treoir do thiarna\u00ed tal\u00fan maidir le cathain ba cheart tion\u00f3ntacht a chl\u00e1r\u00fa.<\/p>                                \n                                <i class=\"rtb-arrow\"><\/i>\n                            <\/a>\n                        <\/li>\n                                            <li class=\"fade-up\">\n                            <a href=\"https:\/\/rtb.ie\/ga\/register-tenancies\/register-a-tenancy\/how-to-register\/\" target=\"\">\n                                <h3 class=\"\">Conas cl\u00e1r\u00fa a dh\u00e9anamh<\/h3>                                <p>Ar an leathanach seo, tugtar treoir do thiarna\u00ed tal\u00fan maidir leis na c\u00e9imeanna chun tion\u00f3ntacht nua a chl\u00e1r\u00fa agus conas a dtion\u00f3ntachta\u00ed a athchl\u00e1r\u00fa gach bliain.<\/p>                                \n                                <i class=\"rtb-arrow\"><\/i>\n                            <\/a>\n                        <\/li>\n                                            <li class=\"fade-up\">\n                            <a href=\"https:\/\/rtb.ie\/ga\/register-tenancies\/register-a-tenancy\/how-to-register-a-student-specific-accommodation-ssa-tenancy\/\" target=\"\">\n                                <h3 class=\"\">Conas tion\u00f3ntacht i leith c\u00f3ir\u00edocht at\u00e1 sonrach do mhic l\u00e9inn a chl\u00e1r\u00fa<\/h3>                                <p>Ar an leathanach seo, tugtar treoir maidir leis na rialacha cl\u00e1r\u00fach\u00e1in a bhfuil feidhm acu maidir le tion\u00f3ntachta\u00ed i leith c\u00f3ir\u00edocht at\u00e1 sonrach do mhic l\u00e9inn agus conas an Bhileog Sonra\u00ed Tion\u00f3ntachta a chomhl\u00e1n\u00fa.<\/p>                                \n                                <i class=\"rtb-arrow\"><\/i>\n                            <\/a>\n                        <\/li>\n                                            <li class=\"fade-up\">\n                            <a href=\"https:\/\/rtb.ie\/ga\/register-tenancies\/register-a-tenancy\/updating-registrations\/\" target=\"\">\n                                <h3 class=\"\">Cl\u00e1r\u00fach\u00e1in a nuashonr\u00fa<\/h3>                                <p>Nuair a tharla\u00edonn athruithe \u00e1irithe i dtion\u00f3ntacht, is f\u00e9idir go mbeidh ort na mionsonra\u00ed cl\u00e1raithe le RTB a nuashonr\u00fa. Ar an leathanach seo, tugtar treoir do thiarna\u00ed tal\u00fan maidir leis na cine\u00e1lacha athruithe is g\u00e1 a nuashonr\u00fa agus maidir le conas na nuashonruithe sin a dh\u00e9anamh.<\/p>                                \n                                <i class=\"rtb-arrow\"><\/i>\n                            <\/a>\n                        <\/li>\n                                            <li class=\"fade-up\">\n                            <a href=\"https:\/\/rtb.ie\/ga\/register-tenancies\/register-a-tenancy\/registration-fees\/\" target=\"\">\n                                <h3 class=\"\">T\u00e1ill\u00ed cl\u00e1r\u00fach\u00e1in<\/h3>                                <p>M\u00edn\u00edtear ar an leathanach seo na t\u00e1ill\u00ed a ghearrtar as tion\u00f3ntacht a chl\u00e1r\u00fa le RTB.<\/p>                                \n                                <i class=\"rtb-arrow\"><\/i>\n                            <\/a>\n                        <\/li>\n                                            <li class=\"fade-up\">\n                            <a href=\"https:\/\/rtb.ie\/ga\/register-tenancies\/register-a-tenancy\/consequences-of-not-registering\/\" target=\"\">\n                                <h3 class=\"\">Na hiarmhairt\u00ed a bheidh ag mainneachtain cl\u00e1r\u00fa a dh\u00e9anamh<\/h3>                                <p>Ceangla\u00edtear ar thiarna\u00ed tal\u00fan a dtion\u00f3ntachta\u00ed a chl\u00e1r\u00fa le dl\u00ed. M\u00edn\u00edtear ar an leathanach seo cad ba cheart duit a dh\u00e9anamh m\u00e1 fhaigheann t\u00fa F\u00f3gra Forfheidhmi\u00fach\u00e1in Cl\u00e1r\u00fach\u00e1in agus na pion\u00f3is a fh\u00e9adfaidh RTB a chur i bhfeidhm mura gcl\u00e1ra\u00edonn t\u00fa tion\u00f3ntacht ba cheart a chl\u00e1r\u00fa.\r\n<\/p>                                \n                                <i class=\"rtb-arrow\"><\/i>\n                            <\/a>\n                        <\/li>\n                                    <\/ul>\t\t\t\t\n            \t\t<\/div>\n\t<\/div>\n<\/section>","protected":false},"excerpt":{"rendered":"","protected":false},"author":6,"featured_media":0,"parent":158,"menu_order":0,"comment_status":"closed","ping_status":"closed","template":"","meta":{"_acf_changed":false,"inline_featured_image":false,"_relevanssi_hide_post":"","_relevanssi_hide_content":"","_relevanssi_pin_for_all":"","_relevanssi_pin_keywords":"","_relevanssi_unpin_keywords":"","_relevanssi_related_keywords":"","_relevanssi_related_include_ids":"","_relevanssi_related_exclude_ids":"","_relevanssi_related_no_append":"","_relevanssi_related_not_related":"","_relevanssi_related_posts":"1,1239","_relevanssi_noindex_reason":"","_trash_the_other_posts":false,"editor_notices":[],"footnotes":""},"class_list":["post-168","page","type-page","status-publish","hentry"],"acf":[],"jetpack_sharing_enabled":true,"publishpress_future_action":{"enabled":false,"date":"2026-04-25 16:07:34","action":"change-status","newStatus":"draft","terms":[],"taxonomy":"","extraData":[]},"publishpress_future_workflow_manual_trigger":{"enabledWorkflows":[]},"_links":{"self":[{"href":"https:\/\/rtb.ie\/ga\/wp-json\/wp\/v2\/pages\/168","targetHints":{"allow":["GET"]}}],"collection":[{"href":"https:\/\/rtb.ie\/ga\/wp-json\/wp\/v2\/pages"}],"about":[{"href":"https:\/\/rtb.ie\/ga\/wp-json\/wp\/v2\/types\/page"}],"author":[{"embeddable":true,"href":"https:\/\/rtb.ie\/ga\/wp-json\/wp\/v2\/users\/6"}],"replies":[{"embeddable":true,"href":"https:\/\/rtb.ie\/ga\/wp-json\/wp\/v2\/comments?post=168"}],"version-history":[{"count":16,"href":"https:\/\/rtb.ie\/ga\/wp-json\/wp\/v2\/pages\/168\/revisions"}],"predecessor-version":[{"id":53310,"href":"https:\/\/rtb.ie\/ga\/wp-json\/wp\/v2\/pages\/168\/revisions\/53310"}],"up":[{"embeddable":true,"href":"https:\/\/rtb.ie\/ga\/wp-json\/wp\/v2\/pages\/158"}],"wp:attachment":[{"href":"https:\/\/rtb.ie\/ga\/wp-json\/wp\/v2\/media?parent=168"}],"curies":[{"name":"wp","href":"https:\/\/api.w.org\/{rel}","templated":true}]}}