{"id":170,"date":"2025-04-23T08:16:17","date_gmt":"2025-04-23T08:16:41","guid":{"rendered":"https:\/\/rtb.ie\/ga\/?page_id=170"},"modified":"2025-11-19T16:58:02","modified_gmt":"2025-11-19T16:58:02","slug":"registration-account-support","status":"publish","type":"page","link":"https:\/\/rtb.ie\/ga\/register-tenancies\/registration-account-support\/","title":{"rendered":"Tac\u00fa le do chuntas cl\u00e1r\u00fach\u00e1in"},"content":{"rendered":"\n<div class=\"translation-notice no-print\">\n        <div class=\"inner container\">\n            <p><strong>Cuirfear aistri\u00fach\u00e1n ar f\u00e1il go luath<\/strong><\/p>\n            <p>\u00c1r leithsc\u00e9al as an m\u00edchaoithi\u00falacht. Cuirfear aistri\u00fach\u00e1n Gaeilge ar an leathanach seo ar f\u00e1il go luath. Go raibh maith agat as do chuid foighneachta agus muid ag obair ar leagan uasd\u00e1taithe.<\/p>\n        <\/div>\n    <\/div><section id=\"block-block_c5ea88dd138afc92f8a08bfd86a16fbb\" class=\"header-block rtb-block colour-teal margin-top-none margin-bottom-none\">\n    <div class=\"container\">\n        <nav class=\"breadcrumbs\" aria-label=\"breadcrumb\">\n    <span property=\"itemListElement\" typeof=\"ListItem\"><a property=\"item\" typeof=\"WebPage\" title=\"Go to Bord um Tion\u00f3ntachta\u00ed C\u00f3naithe.\" href=\"https:\/\/rtb.ie\/ga\" class=\"home\" aria-current=\"page\"><span property=\"name\"><i class=\"rtb-home-icon\"><\/i><\/span><\/a><meta property=\"position\" content=\"1\"><\/span><i class=\"rtb-chevron\"><\/i><\/nav>\n        \n        <div class=\"wrapper\">\n            <div class=\"content\">\n                            \n                <h1 class=\"heading-l\">Taca\u00edocht le haghaidh cuntas cl\u00e1r\u00fach\u00e1in<\/h1>\n                <p>N\u00ed m\u00f3r do thiarna\u00ed tal\u00fan a dtion\u00f3ntachta\u00ed a chl\u00e1r\u00fa de r\u00e9ir dl\u00ed. Is \u00e9 an bealach is \u00e9asca chun \u00e9 sin a dh\u00e9anamh n\u00e1 tr\u00ed thairseach an Chuntais Cl\u00e1r\u00fach\u00e1in Tion\u00f3ntachta.<\/p>                            <\/div>\n            <!-- Temporary image: Remove after migrating illustrations to the illustration_selection field -->\n            \n                                    <div class=\"illustration fade-up\" aria-hidden=\"true\">\n                                                    <img decoding=\"async\" src=\"https:\/\/rtb.ie\/ga\/wp-content\/themes\/rtb\/assets\/images\/illustrations\/header-block\/header-illustration-teal-a.svg\" alt=\"\" \/>\n                                            <\/div>\n                                    <\/div>\n\n    <\/div>\n<\/section>\n\n\n<section id=\"block-block_9d3876ca73b50d63158688491f4cca93\" class=\"intro-and-links-block rtb-block  margin-top-default margin-bottom-default\">\n\t<div class=\"container\">\n\t\t<div class=\"content\">\n            <header class=\"cms-content fade-in\">\n                <h2 class=\"\">Achoimre<\/h2>                <p>Sa rann\u00e1n seo, tugtar faisn\u00e9is do thiarna\u00ed tal\u00fan maidir lena gcuntas cl\u00e1r\u00fach\u00e1in a chruth\u00fa, le cl\u00e1ruithe a nascadh, agus le cl\u00e1ruithe at\u00e1 ann cheana a bhainisti\u00fa.<\/p>\n\n                \n            <\/header>\n                            <ul class=\"links\">\n                                            <li class=\"fade-up\">\n                            <a href=\"https:\/\/rtb.ie\/ga\/register-tenancies\/registration-account-support\/how-to-create-an-rtb-online-account\/\" target=\"\">\n                                <h3 class=\"\">Conas cuntas cl\u00e1r\u00fach\u00e1in a chruth\u00fa<\/h3>                                <p>Ar an leathanach seo, tugtar faisn\u00e9is maidir leis na ruda\u00ed a theast\u00f3idh uait chun do chuntas cl\u00e1r\u00fach\u00e1in nua a bhun\u00fa.<\/p>                                \n                                <i class=\"rtb-arrow\"><\/i>\n                            <\/a>\n                        <\/li>\n                                            <li class=\"fade-up\">\n                            <a href=\"https:\/\/rtb.ie\/ga\/register-tenancies\/registration-account-support\/how-to-link-an-existing-registration\/\" target=\"\">\n                                <h3 class=\"\">Conas cl\u00e1r\u00fa at\u00e1 ann cheana a nascadh<\/h3>                                <p>Ar an leathanach seo, m\u00edn\u00edtear conas tion\u00f3ntacht reatha a nascadh le do chuntas cl\u00e1r\u00fach\u00e1in nua.<\/p>                                \n                                <i class=\"rtb-arrow\"><\/i>\n                            <\/a>\n                        <\/li>\n                                            <li class=\"fade-up\">\n                            <a href=\"https:\/\/rtb.ie\/ga\/register-tenancies\/registration-account-support\/managing-your-registrations\/\" target=\"\">\n                                <h3 class=\"\">Bainistigh do chl\u00e1ruithe<\/h3>                                <p>Ar an leathanach seo, tugtar treoir maidir le conas do chl\u00e1ruithe a bhainisti\u00fa tr\u00ed \u00fas\u00e1id a bhaint as do chuntas cl\u00e1r\u00fach\u00e1in.<\/p>                                \n                                <i class=\"rtb-arrow\"><\/i>\n                            <\/a>\n                        <\/li>\n                                            <li class=\"fade-up\">\n                            <a href=\"https:\/\/rtb.ie\/ga\/register-tenancies\/registration-account-support\/registration-statuses-on-your-rtb-online-account-explained\/\" target=\"\">\n                                <h3 class=\"\">M\u00edni\u00fa ar st\u00e1dais chl\u00e1r\u00fach\u00e1in<\/h3>                                <p>Ar an leathanach seo, m\u00edn\u00edtear na st\u00e1dais chl\u00e1r\u00fach\u00e1in dhifri\u00fala at\u00e1 sa rann\u00e1n \u2018Manage Registrations\u2019 ar chuntas cl\u00e1r\u00fach\u00e1in.<\/p>                                \n                                <i class=\"rtb-arrow\"><\/i>\n                            <\/a>\n                        <\/li>\n                                    <\/ul>\t\t\t\t\n            \t\t<\/div>\n\t<\/div>\n<\/section>","protected":false},"excerpt":{"rendered":"","protected":false},"author":6,"featured_media":0,"parent":158,"menu_order":1,"comment_status":"closed","ping_status":"closed","template":"","meta":{"_acf_changed":false,"inline_featured_image":false,"_relevanssi_hide_post":"","_relevanssi_hide_content":"","_relevanssi_pin_for_all":"","_relevanssi_pin_keywords":"","_relevanssi_unpin_keywords":"","_relevanssi_related_keywords":"","_relevanssi_related_include_ids":"","_relevanssi_related_exclude_ids":"","_relevanssi_related_no_append":"","_relevanssi_related_not_related":"","_relevanssi_related_posts":"1,1239","_relevanssi_noindex_reason":"","_trash_the_other_posts":false,"editor_notices":[],"footnotes":""},"class_list":["post-170","page","type-page","status-publish","hentry"],"acf":[],"jetpack_sharing_enabled":true,"publishpress_future_action":{"enabled":false,"date":"2026-04-29 16:11:25","action":"change-status","newStatus":"draft","terms":[],"taxonomy":"","extraData":[]},"publishpress_future_workflow_manual_trigger":{"enabledWorkflows":[]},"_links":{"self":[{"href":"https:\/\/rtb.ie\/ga\/wp-json\/wp\/v2\/pages\/170","targetHints":{"allow":["GET"]}}],"collection":[{"href":"https:\/\/rtb.ie\/ga\/wp-json\/wp\/v2\/pages"}],"about":[{"href":"https:\/\/rtb.ie\/ga\/wp-json\/wp\/v2\/types\/page"}],"author":[{"embeddable":true,"href":"https:\/\/rtb.ie\/ga\/wp-json\/wp\/v2\/users\/6"}],"replies":[{"embeddable":true,"href":"https:\/\/rtb.ie\/ga\/wp-json\/wp\/v2\/comments?post=170"}],"version-history":[{"count":18,"href":"https:\/\/rtb.ie\/ga\/wp-json\/wp\/v2\/pages\/170\/revisions"}],"predecessor-version":[{"id":53357,"href":"https:\/\/rtb.ie\/ga\/wp-json\/wp\/v2\/pages\/170\/revisions\/53357"}],"up":[{"embeddable":true,"href":"https:\/\/rtb.ie\/ga\/wp-json\/wp\/v2\/pages\/158"}],"wp:attachment":[{"href":"https:\/\/rtb.ie\/ga\/wp-json\/wp\/v2\/media?parent=170"}],"curies":[{"name":"wp","href":"https:\/\/api.w.org\/{rel}","templated":true}]}}