{"id":172,"date":"2025-04-23T08:18:55","date_gmt":"2025-04-23T08:18:55","guid":{"rendered":"https:\/\/rtb.ie\/ga\/?page_id=172"},"modified":"2025-06-30T15:42:50","modified_gmt":"2025-06-30T15:42:50","slug":"rights-responsibilities","status":"publish","type":"page","link":"https:\/\/rtb.ie\/ga\/renting\/rights-responsibilities\/","title":{"rendered":"Cearta agus freagrachta\u00ed"},"content":{"rendered":"\n<div class=\"translation-notice no-print\">\n        <div class=\"inner container\">\n            <p><strong>Cuirfear aistri\u00fach\u00e1n ar f\u00e1il go luath<\/strong><\/p>\n            <p>\u00c1r leithsc\u00e9al as an m\u00edchaoithi\u00falacht. Cuirfear aistri\u00fach\u00e1n Gaeilge ar an leathanach seo ar f\u00e1il go luath. Go raibh maith agat as do chuid foighneachta agus muid ag obair ar leagan uasd\u00e1taithe.<\/p>\n        <\/div>\n    <\/div><section id=\"block-block_49a3513286543d9a5488390e8b4bdc5b\" class=\"header-block rtb-block colour-teal margin-top-none margin-bottom-default\">\n    <div class=\"container\">\n        <nav class=\"breadcrumbs\" aria-label=\"breadcrumb\">\n    <span property=\"itemListElement\" typeof=\"ListItem\"><a property=\"item\" typeof=\"WebPage\" title=\"Go to Bord um Tion\u00f3ntachta\u00ed C\u00f3naithe.\" href=\"https:\/\/rtb.ie\/ga\" class=\"home\" aria-current=\"page\"><span property=\"name\"><i class=\"rtb-home-icon\"><\/i><\/span><\/a><meta property=\"position\" content=\"1\"><\/span><i class=\"rtb-chevron\"><\/i><\/nav>\n        \n        <div class=\"wrapper\">\n            <div class=\"content\">\n                            \n                <h1 class=\"heading-xl\">Cearta agus freagrachta\u00ed<\/h1>\n                <p>Information on tenant and landlord rights and responsibilities under legislation.  <\/p>                            <\/div>\n            <!-- Temporary image: Remove after migrating illustrations to the illustration_selection field -->\n            \n                                    <div class=\"illustration fade-up\" aria-hidden=\"true\">\n                                                    <img decoding=\"async\" src=\"https:\/\/rtb.ie\/ga\/wp-content\/themes\/rtb\/assets\/images\/illustrations\/header-block\/header-illustration-teal-a.svg\" alt=\"\" \/>\n                                            <\/div>\n                                    <\/div>\n\n    <\/div>\n<\/section>\n\n\n<section id=\"block-block_2939a7f6ae804e900484f093f4415bb7\" class=\"intro-and-links-block rtb-block  margin-top-xs margin-bottom-default\">\n\t<div class=\"container\">\n\t\t<div class=\"content\">\n            <header class=\"cms-content fade-in\">\n                <h2 class=\"\">Summary<\/h2>                <p><span style=\"font-weight: 400\">Both landlords and tenants have rights and responsibilities set out in law.<\/span><\/p>\n<p><span style=\"font-weight: 400\">Find information about your rights and responsibilities.<\/span><\/p>\n<p><br style=\"font-weight: 400\" \/><br style=\"font-weight: 400\" \/><\/p>\n\n                \n            <\/header>\n                            <ul class=\"links\">\n                                            <li class=\"fade-up\">\n                            <a href=\"https:\/\/rtb.ie\/ga\/renting\/rights-responsibilities\/tenant-rights-responsibilities\/\" target=\"\">\n                                <h3 class=\"\">Cearta agus freagrachta\u00ed tion\u00f3nta<\/h3>                                <p>This page has information on tenants\u2019 rights and responsibilities under legislation and tenancy agreements.\r\n<\/p>                                \n                                <i class=\"rtb-arrow\"><\/i>\n                            <\/a>\n                        <\/li>\n                                            <li class=\"fade-up\">\n                            <a href=\"https:\/\/rtb.ie\/ga\/renting\/rights-responsibilities\/landlord-rights-responsibilities\/\" target=\"\">\n                                <h3 class=\"\">Cearta agus freagrachta\u00ed tiarna tal\u00fan<\/h3>                                <p>This page has information on landlord rights and responsibilities under legislation and tenancy agreements.\r\n<\/p>                                \n                                <i class=\"rtb-arrow\"><\/i>\n                            <\/a>\n                        <\/li>\n                                            <li class=\"fade-up\">\n                            <a href=\"https:\/\/rtb.ie\/ga\/renting\/rights-responsibilities\/minimum-standards-for-rental-properties\/\" target=\"\">\n                                <h3 class=\"\">Caighde\u00e1\u00edn \u00edosta<\/h3>                                <p>This page explains the minimum standards required for rental properties and landlords\u2019 responsibilities regarding safety.\r\n<\/p>                                \n                                <i class=\"rtb-arrow\"><\/i>\n                            <\/a>\n                        <\/li>\n                                            <li class=\"fade-up\">\n                            <a href=\"https:\/\/rtb.ie\/ga\/renting\/rights-responsibilities\/security-deposits\/\" target=\"\">\n                                <h3 class=\"\">\u00c9arlais\u00ed sl\u00e1nd\u00e1la<\/h3>                                <p>This page explains the rules around security deposits, when they should be paid and returned.<\/p>                                \n                                <i class=\"rtb-arrow\"><\/i>\n                            <\/a>\n                        <\/li>\n                                            <li class=\"fade-up\">\n                            <a href=\"https:\/\/rtb.ie\/ga\/renting\/rights-responsibilities\/wear-and-tear\/\" target=\"\">\n                                <h3 class=\"\">Caitheamh agus cuimlit<\/h3>                                <p>This page explains what normal wear and tear means in rental properties and who is responsible for damage that is beyond normal wear and tear.\r\n<\/p>                                \n                                <i class=\"rtb-arrow\"><\/i>\n                            <\/a>\n                        <\/li>\n                                            <li class=\"fade-up\">\n                            <a href=\"https:\/\/rtb.ie\/ga\/renting\/rights-responsibilities\/tenants-rights-to-stay-in-a-rented-property\/\" target=\"\">\n                                <h3 class=\"\">Cearta tion\u00f3nta chun fanacht i r\u00e9admhaoin<\/h3>                                <p>This page explains what security of tenure is and the rules around tenants\u2019 rights to stay in a rented property.\r\n<\/p>                                \n                                <i class=\"rtb-arrow\"><\/i>\n                            <\/a>\n                        <\/li>\n                                            <li class=\"fade-up\">\n                            <a href=\"https:\/\/rtb.ie\/ga\/renting\/rights-responsibilities\/subletting-and-assignment\/\" target=\"\">\n                                <h3 class=\"\">Foligean agus sannadh<\/h3>                                <p>This page has information for tenants and landlords to explain the difference between subletting and assignment and the rules that apply to these arrangements.\r\n<\/p>                                \n                                <i class=\"rtb-arrow\"><\/i>\n                            <\/a>\n                        <\/li>\n                                    <\/ul>\t\t\t\t\n            \t\t<\/div>\n\t<\/div>\n<\/section>","protected":false},"excerpt":{"rendered":"","protected":false},"author":6,"featured_media":0,"parent":154,"menu_order":1,"comment_status":"closed","ping_status":"closed","template":"","meta":{"_acf_changed":false,"inline_featured_image":false,"_relevanssi_hide_post":"","_relevanssi_hide_content":"","_relevanssi_pin_for_all":"","_relevanssi_pin_keywords":"","_relevanssi_unpin_keywords":"","_relevanssi_related_keywords":"","_relevanssi_related_include_ids":"","_relevanssi_related_exclude_ids":"","_relevanssi_related_no_append":"","_relevanssi_related_not_related":"","_relevanssi_related_posts":"1239,1","_relevanssi_noindex_reason":"","_trash_the_other_posts":false,"editor_notices":[],"footnotes":""},"class_list":["post-172","page","type-page","status-publish","hentry"],"acf":[],"jetpack_sharing_enabled":true,"publishpress_future_action":{"enabled":false,"date":"2026-05-01 11:17:31","action":"change-status","newStatus":"draft","terms":[],"taxonomy":"","extraData":[]},"publishpress_future_workflow_manual_trigger":{"enabledWorkflows":[]},"_links":{"self":[{"href":"https:\/\/rtb.ie\/ga\/wp-json\/wp\/v2\/pages\/172","targetHints":{"allow":["GET"]}}],"collection":[{"href":"https:\/\/rtb.ie\/ga\/wp-json\/wp\/v2\/pages"}],"about":[{"href":"https:\/\/rtb.ie\/ga\/wp-json\/wp\/v2\/types\/page"}],"author":[{"embeddable":true,"href":"https:\/\/rtb.ie\/ga\/wp-json\/wp\/v2\/users\/6"}],"replies":[{"embeddable":true,"href":"https:\/\/rtb.ie\/ga\/wp-json\/wp\/v2\/comments?post=172"}],"version-history":[{"count":14,"href":"https:\/\/rtb.ie\/ga\/wp-json\/wp\/v2\/pages\/172\/revisions"}],"predecessor-version":[{"id":51163,"href":"https:\/\/rtb.ie\/ga\/wp-json\/wp\/v2\/pages\/172\/revisions\/51163"}],"up":[{"embeddable":true,"href":"https:\/\/rtb.ie\/ga\/wp-json\/wp\/v2\/pages\/154"}],"wp:attachment":[{"href":"https:\/\/rtb.ie\/ga\/wp-json\/wp\/v2\/media?parent=172"}],"curies":[{"name":"wp","href":"https:\/\/api.w.org\/{rel}","templated":true}]}}