{"id":174,"date":"2025-04-23T08:19:28","date_gmt":"2025-04-23T08:19:28","guid":{"rendered":"https:\/\/rtb.ie\/ga\/?page_id=174"},"modified":"2025-07-01T13:14:27","modified_gmt":"2025-07-01T13:14:27","slug":"setting-reviewing-rent","status":"publish","type":"page","link":"https:\/\/rtb.ie\/ga\/renting\/setting-reviewing-rent\/","title":{"rendered":"C\u00edos a shocr\u00fa agus a athbhreithni\u00fa"},"content":{"rendered":"\n<div class=\"translation-notice no-print\">\n        <div class=\"inner container\">\n            <p><strong>Cuirfear aistri\u00fach\u00e1n ar f\u00e1il go luath<\/strong><\/p>\n            <p>\u00c1r leithsc\u00e9al as an m\u00edchaoithi\u00falacht. Cuirfear aistri\u00fach\u00e1n Gaeilge ar an leathanach seo ar f\u00e1il go luath. Go raibh maith agat as do chuid foighneachta agus muid ag obair ar leagan uasd\u00e1taithe.<\/p>\n        <\/div>\n    <\/div><section id=\"block-block_7ad8caf98d9e457a93d22cb9225e53f0\" class=\"header-block rtb-block colour-teal margin-top-none margin-bottom-default\">\n    <div class=\"container\">\n        <nav class=\"breadcrumbs\" aria-label=\"breadcrumb\">\n    <span property=\"itemListElement\" typeof=\"ListItem\"><a property=\"item\" typeof=\"WebPage\" title=\"Go to Bord um Tion\u00f3ntachta\u00ed C\u00f3naithe.\" href=\"https:\/\/rtb.ie\/ga\" class=\"home\" aria-current=\"page\"><span property=\"name\"><i class=\"rtb-home-icon\"><\/i><\/span><\/a><meta property=\"position\" content=\"1\"><\/span><i class=\"rtb-chevron\"><\/i><\/nav>\n        \n        <div class=\"wrapper\">\n            <div class=\"content\">\n                            \n                <h1 class=\"heading-xl\">C\u00edos a shocr\u00fa agus a athbhreithni\u00fa<\/h1>\n                <p>Information on how landlords can set and review rent in an RPZ, outside an RPZ, in a cost rental and AHB tenancy. <\/p>                            <\/div>\n            <!-- Temporary image: Remove after migrating illustrations to the illustration_selection field -->\n            \n                                    <div class=\"illustration fade-up\" aria-hidden=\"true\">\n                                                    <img decoding=\"async\" src=\"https:\/\/rtb.ie\/ga\/wp-content\/themes\/rtb\/assets\/images\/illustrations\/header-block\/header-illustration-teal-a.svg\" alt=\"\" \/>\n                                            <\/div>\n                                    <\/div>\n\n    <\/div>\n<\/section>\n\n\n<section id=\"block-block_0c8aa5132f63240540b4eb20b64b5432\" class=\"intro-and-links-block rtb-block  margin-top-none margin-bottom-default\">\n\t<div class=\"container\">\n\t\t<div class=\"content\">\n            <header class=\"cms-content fade-in\">\n                <h2 class=\"\">Summary <\/h2>                <p>The rules for setting rent depend on the type of tenancy and whether the property is inside or outside a Rent Pressure Zone (RPZ).<\/p>\n\n                \n            <\/header>\n                            <ul class=\"links\">\n                                            <li class=\"fade-up\">\n                            <a href=\"https:\/\/rtb.ie\/ga\/renting\/setting-reviewing-rent\/setting-and-reviewing-rent-in-a-rent-pressure-zone-rpz\/\" target=\"\">\n                                <h3 class=\"\">Laistigh de chrios br\u00fa c\u00edosa<\/h3>                                <p>This page helps landlords understand how to correctly set rent in a Rent Pressure Zone (RPZ).\r\n<\/p>                                \n                                <i class=\"rtb-arrow\"><\/i>\n                            <\/a>\n                        <\/li>\n                                            <li class=\"fade-up\">\n                            <a href=\"https:\/\/rtb.ie\/ga\/renting\/setting-reviewing-rent\/setting-and-reviewing-rent-outside-a-rent-pressure-zone\/\" target=\"\">\n                                <h3 class=\"\">Lasmuigh de chrios br\u00fa c\u00edosa<\/h3>                                <p>This page explains the rules for setting and reviewing rent outside a Rent Pressure Zone. <\/p>                                \n                                <i class=\"rtb-arrow\"><\/i>\n                            <\/a>\n                        <\/li>\n                                            <li class=\"fade-up\">\n                            <a href=\"https:\/\/rtb.ie\/ga\/renting\/setting-reviewing-rent\/setting-and-reviewing-approved-housing-body-ahb-rent\/\" target=\"\">\n                                <h3 class=\"\">C\u00edos AHB a shocr\u00fa agus a athbhreithni\u00fa<\/h3>                                <p>This page has information about setting and reviewing rent for Approved Housing Body tenancies. <\/p>                                \n                                <i class=\"rtb-arrow\"><\/i>\n                            <\/a>\n                        <\/li>\n                                            <li class=\"fade-up\">\n                            <a href=\"https:\/\/rtb.ie\/ga\/renting\/setting-reviewing-rent\/setting-and-reviewing-rent-in-a-cost-rental-tenancy\/\" target=\"\">\n                                <h3 class=\"\">C\u00edos c\u00edosa costais a shocr\u00fa agus a athbhreithni\u00fa<\/h3>                                <p>This page helps landlords understand the rules when setting and reviewing the rent in cost rental tenancies.<\/p>                                \n                                <i class=\"rtb-arrow\"><\/i>\n                            <\/a>\n                        <\/li>\n                                    <\/ul>\t\t\t\t\n            \t\t<\/div>\n\t<\/div>\n<\/section>","protected":false},"excerpt":{"rendered":"","protected":false},"author":6,"featured_media":0,"parent":154,"menu_order":3,"comment_status":"closed","ping_status":"closed","template":"","meta":{"_acf_changed":false,"inline_featured_image":false,"_relevanssi_hide_post":"","_relevanssi_hide_content":"","_relevanssi_pin_for_all":"","_relevanssi_pin_keywords":"","_relevanssi_unpin_keywords":"","_relevanssi_related_keywords":"","_relevanssi_related_include_ids":"","_relevanssi_related_exclude_ids":"","_relevanssi_related_no_append":"","_relevanssi_related_not_related":"","_relevanssi_related_posts":"","_relevanssi_noindex_reason":"","_trash_the_other_posts":false,"editor_notices":[],"footnotes":""},"class_list":["post-174","page","type-page","status-publish","hentry"],"acf":[],"jetpack_sharing_enabled":true,"publishpress_future_action":{"enabled":false,"date":"2026-04-11 08:31:55","action":"change-status","newStatus":"draft","terms":[],"taxonomy":"","extraData":[]},"publishpress_future_workflow_manual_trigger":{"enabledWorkflows":[]},"_links":{"self":[{"href":"https:\/\/rtb.ie\/ga\/wp-json\/wp\/v2\/pages\/174","targetHints":{"allow":["GET"]}}],"collection":[{"href":"https:\/\/rtb.ie\/ga\/wp-json\/wp\/v2\/pages"}],"about":[{"href":"https:\/\/rtb.ie\/ga\/wp-json\/wp\/v2\/types\/page"}],"author":[{"embeddable":true,"href":"https:\/\/rtb.ie\/ga\/wp-json\/wp\/v2\/users\/6"}],"replies":[{"embeddable":true,"href":"https:\/\/rtb.ie\/ga\/wp-json\/wp\/v2\/comments?post=174"}],"version-history":[{"count":13,"href":"https:\/\/rtb.ie\/ga\/wp-json\/wp\/v2\/pages\/174\/revisions"}],"predecessor-version":[{"id":51167,"href":"https:\/\/rtb.ie\/ga\/wp-json\/wp\/v2\/pages\/174\/revisions\/51167"}],"up":[{"embeddable":true,"href":"https:\/\/rtb.ie\/ga\/wp-json\/wp\/v2\/pages\/154"}],"wp:attachment":[{"href":"https:\/\/rtb.ie\/ga\/wp-json\/wp\/v2\/media?parent=174"}],"curies":[{"name":"wp","href":"https:\/\/api.w.org\/{rel}","templated":true}]}}