{"id":176,"date":"2025-04-23T08:20:42","date_gmt":"2025-04-23T08:20:42","guid":{"rendered":"https:\/\/rtb.ie\/ga\/?page_id=176"},"modified":"2025-07-01T13:20:00","modified_gmt":"2025-07-01T13:20:00","slug":"ending-a-tenancy","status":"publish","type":"page","link":"https:\/\/rtb.ie\/ga\/renting\/ending-a-tenancy\/","title":{"rendered":"Deireadh a chur le tion\u00f3nacht"},"content":{"rendered":"\n<div class=\"translation-notice no-print\">\n        <div class=\"inner container\">\n            <p><strong>Cuirfear aistri\u00fach\u00e1n ar f\u00e1il go luath<\/strong><\/p>\n            <p>\u00c1r leithsc\u00e9al as an m\u00edchaoithi\u00falacht. Cuirfear aistri\u00fach\u00e1n Gaeilge ar an leathanach seo ar f\u00e1il go luath. Go raibh maith agat as do chuid foighneachta agus muid ag obair ar leagan uasd\u00e1taithe.<\/p>\n        <\/div>\n    <\/div><section id=\"block-block_3d4739f5a2cb6007d20ee4a36c3c75c6\" class=\"header-block rtb-block colour-teal margin-top-none margin-bottom-default\">\n    <div class=\"container\">\n        <nav class=\"breadcrumbs\" aria-label=\"breadcrumb\">\n    <span property=\"itemListElement\" typeof=\"ListItem\"><a property=\"item\" typeof=\"WebPage\" title=\"Go to Bord um Tion\u00f3ntachta\u00ed C\u00f3naithe.\" href=\"https:\/\/rtb.ie\/ga\" class=\"home\" aria-current=\"page\"><span property=\"name\"><i class=\"rtb-home-icon\"><\/i><\/span><\/a><meta property=\"position\" content=\"1\"><\/span><i class=\"rtb-chevron\"><\/i><\/nav>\n        \n        <div class=\"wrapper\">\n            <div class=\"content\">\n                            \n                <h1 class=\"heading-xl\">Deireadh a chur le tion\u00f3nacht<\/h1>\n                <p> Information on how landlords and tenants can end a tenancy. <\/p>                            <\/div>\n            <!-- Temporary image: Remove after migrating illustrations to the illustration_selection field -->\n            \n                                    <div class=\"illustration fade-up\" aria-hidden=\"true\">\n                                                    <img decoding=\"async\" src=\"https:\/\/rtb.ie\/ga\/wp-content\/themes\/rtb\/assets\/images\/illustrations\/header-block\/header-illustration-teal-a.svg\" alt=\"\" \/>\n                                            <\/div>\n                                    <\/div>\n\n    <\/div>\n<\/section>\n\n\n<section id=\"block-block_73346ac4ebfe3329c5bc4c076fe76c3a\" class=\"intro-and-links-block rtb-block  margin-top-none margin-bottom-default\">\n\t<div class=\"container\">\n\t\t<div class=\"content\">\n            <header class=\"cms-content fade-in\">\n                <h2 class=\"\">Summary<\/h2>                <p>Find out how to end a tenancy correctly and give the appropriate period of notice.<\/p>\n<p>Use the sample Notices of Termination to serve a valid notice.<\/p>\n\n                \n            <\/header>\n                            <ul class=\"links\">\n                                            <li class=\"fade-up\">\n                            <a href=\"https:\/\/rtb.ie\/ga\/renting\/ending-a-tenancy\/how-a-landlord-can-end-a-tenancy\/\" target=\"\">\n                                <h3 class=\"\">Conas is f\u00e9\u00eddir le tiarna tal\u00fan deireadh a chur le tion\u00f3nacht<\/h3>                                <p> This page explains the rules landlords must follow when ending a tenancy. \r\n<\/p>                                \n                                <i class=\"rtb-arrow\"><\/i>\n                            <\/a>\n                        <\/li>\n                                            <li class=\"fade-up\">\n                            <a href=\"https:\/\/rtb.ie\/ga\/renting\/ending-a-tenancy\/how-a-tenant-can-end-a-tenancy\/\" target=\"\">\n                                <h3 class=\"\">Conas is f\u00e9idir le tion\u00f3nta deireadh a chur le tion\u00f3nacht<\/h3>                                <p>This page explains the steps tenants should follow to legally end a tenancy. \r\n<\/p>                                \n                                <i class=\"rtb-arrow\"><\/i>\n                            <\/a>\n                        <\/li>\n                                            <li class=\"fade-up\">\n                            <a href=\"https:\/\/rtb.ie\/ga\/renting\/ending-a-tenancy\/notice-of-termination-guide\/\" target=\"\">\n                                <h3 class=\"\">F\u00f3gra\u00ed maidir le treoir um fhoirceannadh<\/h3>                                <p>This page has information for landlords who want to end a tenancy and how they must serve a valid written Notice of Termination.\r\n<\/p>                                \n                                <i class=\"rtb-arrow\"><\/i>\n                            <\/a>\n                        <\/li>\n                                            <li class=\"fade-up\">\n                            <a href=\"https:\/\/rtb.ie\/ga\/renting\/ending-a-tenancy\/ending-a-cost-rental-tenancy\/\" target=\"\">\n                                <h3 class=\"\">Deireadh a chur le tion\u00f3nacht c\u00edosa costais<\/h3>                                <p>This page helps landlords and tenants understand the rules for ending a cost rental tenancy.<\/p>                                \n                                <i class=\"rtb-arrow\"><\/i>\n                            <\/a>\n                        <\/li>\n                                            <li class=\"fade-up\">\n                            <a href=\"https:\/\/rtb.ie\/ga\/renting\/ending-a-tenancy\/ending-a-student-specific-accommodation-tenancy\/\" target=\"\">\n                                <h3 class=\"\">Deireadh a chur le tion\u00f3nacht c\u00f3ir\u00edochta sonrach do mhic l\u00e9\u00ednn<\/h3>                                <p>This page helps landlords and tenants understand the rules for ending a student specific accommodation tenancies or licence.\r\n<\/p>                                \n                                <i class=\"rtb-arrow\"><\/i>\n                            <\/a>\n                        <\/li>\n                                            <li class=\"fade-up\">\n                            <a href=\"https:\/\/rtb.ie\/ga\/renting\/ending-a-tenancy\/signing-a-statutory-declaration-outside-of-ireland\/\" target=\"\">\n                                <h3 class=\"\">Dearbh\u00fa reacht\u00fail a sh\u00edni\u00fa lasmuigh d&#039;\u00c9irinn<\/h3>                                <p>This page has information on signing a statutory declaration outside of Ireland and steps to prove the document has been signed and witnessed correctly. \r\n<\/p>                                \n                                <i class=\"rtb-arrow\"><\/i>\n                            <\/a>\n                        <\/li>\n                                    <\/ul>\t\t\t\t\n            \t\t<\/div>\n\t<\/div>\n<\/section>","protected":false},"excerpt":{"rendered":"","protected":false},"author":6,"featured_media":0,"parent":154,"menu_order":4,"comment_status":"closed","ping_status":"closed","template":"","meta":{"_acf_changed":false,"inline_featured_image":false,"_relevanssi_hide_post":"","_relevanssi_hide_content":"","_relevanssi_pin_for_all":"","_relevanssi_pin_keywords":"","_relevanssi_unpin_keywords":"","_relevanssi_related_keywords":"","_relevanssi_related_include_ids":"","_relevanssi_related_exclude_ids":"","_relevanssi_related_no_append":"","_relevanssi_related_not_related":"","_relevanssi_related_posts":"","_relevanssi_noindex_reason":"","_trash_the_other_posts":false,"editor_notices":[],"footnotes":""},"class_list":["post-176","page","type-page","status-publish","hentry"],"acf":[],"jetpack_sharing_enabled":true,"publishpress_future_action":{"enabled":false,"date":"2026-04-27 23:00:08","action":"change-status","newStatus":"draft","terms":[],"taxonomy":"","extraData":[]},"publishpress_future_workflow_manual_trigger":{"enabledWorkflows":[]},"_links":{"self":[{"href":"https:\/\/rtb.ie\/ga\/wp-json\/wp\/v2\/pages\/176","targetHints":{"allow":["GET"]}}],"collection":[{"href":"https:\/\/rtb.ie\/ga\/wp-json\/wp\/v2\/pages"}],"about":[{"href":"https:\/\/rtb.ie\/ga\/wp-json\/wp\/v2\/types\/page"}],"author":[{"embeddable":true,"href":"https:\/\/rtb.ie\/ga\/wp-json\/wp\/v2\/users\/6"}],"replies":[{"embeddable":true,"href":"https:\/\/rtb.ie\/ga\/wp-json\/wp\/v2\/comments?post=176"}],"version-history":[{"count":11,"href":"https:\/\/rtb.ie\/ga\/wp-json\/wp\/v2\/pages\/176\/revisions"}],"predecessor-version":[{"id":51169,"href":"https:\/\/rtb.ie\/ga\/wp-json\/wp\/v2\/pages\/176\/revisions\/51169"}],"up":[{"embeddable":true,"href":"https:\/\/rtb.ie\/ga\/wp-json\/wp\/v2\/pages\/154"}],"wp:attachment":[{"href":"https:\/\/rtb.ie\/ga\/wp-json\/wp\/v2\/media?parent=176"}],"curies":[{"name":"wp","href":"https:\/\/api.w.org\/{rel}","templated":true}]}}