{"id":1794,"date":"2025-05-08T12:04:13","date_gmt":"2025-05-08T12:04:13","guid":{"rendered":"https:\/\/rtb.ie\/ga\/?page_id=1794"},"modified":"2025-07-04T13:24:30","modified_gmt":"2025-07-04T13:24:30","slug":"foi-disclosure-logs","status":"publish","type":"page","link":"https:\/\/rtb.ie\/ga\/about\/foi-publication-scheme\/foi-disclosure-logs\/","title":{"rendered":"Loga Nochta SF"},"content":{"rendered":"\n<div class=\"translation-notice no-print\">\n        <div class=\"inner container\">\n            <p><strong>Cuirfear aistri\u00fach\u00e1n ar f\u00e1il go luath<\/strong><\/p>\n            <p>\u00c1r leithsc\u00e9al as an m\u00edchaoithi\u00falacht. Cuirfear aistri\u00fach\u00e1n Gaeilge ar an leathanach seo ar f\u00e1il go luath. Go raibh maith agat as do chuid foighneachta agus muid ag obair ar leagan uasd\u00e1taithe.<\/p>\n        <\/div>\n    <\/div><section id=\"block-block_67db205f62c3dfcf1fbf301444b9311d\" class=\"header-block rtb-block colour-teal margin-top-none margin-bottom-default\">\n    <div class=\"container\">\n        <nav class=\"breadcrumbs\" aria-label=\"breadcrumb\">\n    <span property=\"itemListElement\" typeof=\"ListItem\"><a property=\"item\" typeof=\"WebPage\" title=\"Go to Bord um Tion\u00f3ntachta\u00ed C\u00f3naithe.\" href=\"https:\/\/rtb.ie\/ga\" class=\"home\" aria-current=\"page\"><span property=\"name\"><i class=\"rtb-home-icon\"><\/i><\/span><\/a><meta property=\"position\" content=\"1\"><\/span><i class=\"rtb-chevron\"><\/i><\/nav>\n        \n        <div class=\"wrapper\">\n            <div class=\"content\">\n                            \n                <h1 class=\"heading-xl\">Loga Nochta SF<\/h1>\n                                            <\/div>\n            <!-- Temporary image: Remove after migrating illustrations to the illustration_selection field -->\n            \n                                    <div class=\"illustration fade-up\" aria-hidden=\"true\">\n                                                    <img decoding=\"async\" src=\"https:\/\/rtb.ie\/ga\/wp-content\/themes\/rtb\/assets\/images\/illustrations\/header-block\/header-illustration-teal-a.svg\" alt=\"\" \/>\n                                            <\/div>\n                                    <\/div>\n\n    <\/div>\n<\/section>\n\n\n<section id=\"block-block_986adf0365ec992c3bea0036613ceb67\" class=\"header-paragraph-block rtb-block  margin-top-xs margin-bottom-default\">\n\t<div class=\"container\">\n\t\t<div class=\"content\">\n\t\t\t<article class=\"cms-content\">\n\t\t\t\t\t\t\t\t\t<p>The RTB publishes FOI requests on a quarterly basis through its disclosure log. No personal identification information is included in the published details.<\/p>\n<h2>FOI Disclosure Logs for 2025<\/h2>\n<p><a href=\"https:\/\/rtb.ie\/ga\/wp-content\/uploads\/2025\/05\/Freedom_of_Information_Disclosure_Log_Q1_2025.pdf\">FOI Disclosure Log Q1 2025<\/a><\/p>\n<h2>FOI Disclosure Logs for 2024<\/h2>\n<p><a href=\"https:\/\/rtb.ie\/ga\/wp-content\/uploads\/2025\/05\/Freedom_of_Information_Disclosure_Log_Q1_2024.pdf\">FOI Disclosure Log Q1 2024<\/a><\/p>\n<p><a href=\"https:\/\/rtb.ie\/ga\/wp-content\/uploads\/2025\/05\/Freedom_of_Information_Disclosure_Log_Q2_2024.pdf\">FOI Disclosure Log Q2 2024<\/a><\/p>\n<p><a href=\"https:\/\/rtb.ie\/ga\/wp-content\/uploads\/2025\/05\/Freedom_of_Information_Disclosure_Log_Q3_2024.pdf\">FOI Disclosure Log Q3 2024<\/a><\/p>\n<p><a href=\"https:\/\/rtb.ie\/ga\/wp-content\/uploads\/2025\/05\/Freedom_of_Information_Disclosure_Log_Q4_2024.pdf\">FOI Disclosure Log Q4 2024<\/a><\/p>\n<h2>FOI Disclosure Logs for 2023<\/h2>\n<p><a href=\"https:\/\/rtb.ie\/ga\/wp-content\/uploads\/2025\/05\/FOI_Disclosure_Log_Q1_2023_PDF.pdf\">FOI Disclosure Log Q1 2023<\/a><\/p>\n<p><a href=\"https:\/\/rtb.ie\/ga\/wp-content\/uploads\/2025\/05\/FOI_Disclosure_Log_Q2_2023_PDF.pdf\">FOI Disclosure Log Q2 2023<\/a><\/p>\n<p><a href=\"https:\/\/rtb.ie\/ga\/wp-content\/uploads\/2025\/05\/FOI_Disclosure_Log_Q3_2023_PDF.pdf\">FOI Disclosure Log Q3 2023<\/a><\/p>\n<p><a href=\"https:\/\/rtb.ie\/ga\/wp-content\/uploads\/2025\/05\/FOI_Disclosure_Log_Q4_2023_PDF.pdf\">FOI Disclosure Log Q4 2023<\/a><\/p>\n<h2>FOI Disclosure Logs for 2022<\/h2>\n<p><a href=\"https:\/\/rtb.ie\/ga\/wp-content\/uploads\/2025\/05\/FOI_Disclosure_Log_2022.pdf\">FOI Disclosure Log for 2022<\/a><\/p>\n\t\t\t\t\t\t\t<\/article>\n\t\t\t\t\t<\/div>\n\t<\/div>\n<\/section>","protected":false},"excerpt":{"rendered":"","protected":false},"author":6,"featured_media":0,"parent":1336,"menu_order":0,"comment_status":"closed","ping_status":"closed","template":"","meta":{"_acf_changed":false,"inline_featured_image":false,"_relevanssi_hide_post":"","_relevanssi_hide_content":"","_relevanssi_pin_for_all":"","_relevanssi_pin_keywords":"","_relevanssi_unpin_keywords":"","_relevanssi_related_keywords":"","_relevanssi_related_include_ids":"","_relevanssi_related_exclude_ids":"","_relevanssi_related_no_append":"","_relevanssi_related_not_related":"","_relevanssi_related_posts":"","_relevanssi_noindex_reason":"","_trash_the_other_posts":false,"editor_notices":[],"footnotes":""},"class_list":["post-1794","page","type-page","status-publish","hentry"],"acf":[],"jetpack_sharing_enabled":true,"publishpress_future_action":{"enabled":false,"date":"2026-04-25 16:08:29","action":"change-status","newStatus":"draft","terms":[],"taxonomy":"","extraData":[]},"publishpress_future_workflow_manual_trigger":{"enabledWorkflows":[]},"_links":{"self":[{"href":"https:\/\/rtb.ie\/ga\/wp-json\/wp\/v2\/pages\/1794","targetHints":{"allow":["GET"]}}],"collection":[{"href":"https:\/\/rtb.ie\/ga\/wp-json\/wp\/v2\/pages"}],"about":[{"href":"https:\/\/rtb.ie\/ga\/wp-json\/wp\/v2\/types\/page"}],"author":[{"embeddable":true,"href":"https:\/\/rtb.ie\/ga\/wp-json\/wp\/v2\/users\/6"}],"replies":[{"embeddable":true,"href":"https:\/\/rtb.ie\/ga\/wp-json\/wp\/v2\/comments?post=1794"}],"version-history":[{"count":8,"href":"https:\/\/rtb.ie\/ga\/wp-json\/wp\/v2\/pages\/1794\/revisions"}],"predecessor-version":[{"id":51511,"href":"https:\/\/rtb.ie\/ga\/wp-json\/wp\/v2\/pages\/1794\/revisions\/51511"}],"up":[{"embeddable":true,"href":"https:\/\/rtb.ie\/ga\/wp-json\/wp\/v2\/pages\/1336"}],"wp:attachment":[{"href":"https:\/\/rtb.ie\/ga\/wp-json\/wp\/v2\/media?parent=1794"}],"curies":[{"name":"wp","href":"https:\/\/api.w.org\/{rel}","templated":true}]}}