{"id":184,"date":"2025-04-23T09:54:13","date_gmt":"2025-04-23T09:54:13","guid":{"rendered":"https:\/\/rtb.ie\/ga\/?page_id=184"},"modified":"2025-06-09T09:50:56","modified_gmt":"2025-06-09T09:50:56","slug":"rtb-data-hub","status":"publish","type":"page","link":"https:\/\/rtb.ie\/ga\/data-insights\/rtb-data-hub\/","title":{"rendered":"RTB data hub"},"content":{"rendered":"\n<div class=\"translation-notice no-print\">\n        <div class=\"inner container\">\n            <p><strong>Cuirfear aistri\u00fach\u00e1n ar f\u00e1il go luath<\/strong><\/p>\n            <p>\u00c1r leithsc\u00e9al as an m\u00edchaoithi\u00falacht. Cuirfear aistri\u00fach\u00e1n Gaeilge ar an leathanach seo ar f\u00e1il go luath. Go raibh maith agat as do chuid foighneachta agus muid ag obair ar leagan uasd\u00e1taithe.<\/p>\n        <\/div>\n    <\/div><section id=\"block-block_003e711a860e67999dc36d52f1c9b6a2\" class=\"header-block rtb-block colour-green margin-top-none margin-bottom-default\">\n    <div class=\"container\">\n        <nav class=\"breadcrumbs\" aria-label=\"breadcrumb\">\n    <span property=\"itemListElement\" typeof=\"ListItem\"><a property=\"item\" typeof=\"WebPage\" title=\"Go to Bord um Tion\u00f3ntachta\u00ed C\u00f3naithe.\" href=\"https:\/\/rtb.ie\/ga\" class=\"home\" aria-current=\"page\"><span property=\"name\"><i class=\"rtb-home-icon\"><\/i><\/span><\/a><meta property=\"position\" content=\"1\"><\/span><i class=\"rtb-chevron\"><\/i><\/nav>\n        \n        <div class=\"wrapper\">\n            <div class=\"content\">\n                            \n                <h1 class=\"heading-xl\">RTB data hub<\/h1>\n                <p>Find the latest data on Ireland\u2019s rental sector in the RTB Data Hub.<\/p>                            <\/div>\n            <!-- Temporary image: Remove after migrating illustrations to the illustration_selection field -->\n            \n                                    <div class=\"illustration fade-up\" aria-hidden=\"true\">\n                                                    <img decoding=\"async\" src=\"https:\/\/rtb.ie\/ga\/wp-content\/themes\/rtb\/assets\/images\/illustrations\/header-block\/header-illustration-green-a.svg\" alt=\"\" \/>\n                                            <\/div>\n                                    <\/div>\n\n    <\/div>\n<\/section>\n\n\n    <section id=\"block-block_601447d969e57017b1aa759cc35391d4\" class=\"cards-block rtb-block margin-top-xs margin-bottom-default\">\n        <div class=\"container\">\n            <div class=\"content\">\n                                    <article class=\"with-link\">\n                        <h2 class=\"heading-s\">Profile of the Register<\/h2>                        <p>The RTB \u2018Profile of the Register\u2019 data series is the most authoritative and complete source of information on the size and profile of Ireland\u2019s rental sector.<\/p>\n                        <div class=\"footer\">\n                            <a class=\"text-link fade-in\" href=\"https:\/\/rtb.ie\/ga\/data-insights\/rtb-data-hub\/profile-of-the-register\/\" target=\"\">Profile of the Register<\/a>                        <\/div>\n                    <\/article>\n                                    <article class=\"with-link\">\n                        <h2 class=\"heading-s\">RTB\/ESRI Rent Index data<\/h2>                        <p>The quarterly RTB\/ESRI Rent Index tracks price developments in the Irish rental market over time. It is based on RTB tenancy registration data that is independently analysed by the Economic and Social Research Institute (ESRI).<\/p>\n                        <div class=\"footer\">\n                            <a class=\"text-link fade-in\" href=\"https:\/\/rtb.ie\/ga\/data-insights\/rtb-data-hub\/rtb-esri-rent-index-data-set\/\" target=\"\">RTB\/ESRI Rent Index<\/a>                        <\/div>\n                    <\/article>\n                                    <article class=\"with-link\">\n                        <h2 class=\"heading-s\">Dispute applications<\/h2>                        <p>Data from the RTB\u2019s Dispute Resolution Service reflects changes in Ireland\u2019s rental market over time. It shows who is applying for dispute resolution and why, and if dispute applications are going up or coming down. <\/p>\n                        <div class=\"footer\">\n                            <a class=\"text-link fade-in\" href=\"https:\/\/rtb.ie\/ga\/data-insights\/rtb-data-hub\/dispute-applications\/\" target=\"\">Dispute applications<\/a>                        <\/div>\n                    <\/article>\n                                    <article class=\"with-link\">\n                        <h2 class=\"heading-s\">Notices of Termination<\/h2>                        <p>When a landlord wants to end a tenancy, they share a document called a Notice of Termination (NoT) with their tenant. The Notice of Termination states the reason for ending the tenancy.<\/p>\n                        <div class=\"footer\">\n                            <a class=\"text-link fade-in\" href=\"https:\/\/rtb.ie\/ga\/data-insights\/rtb-data-hub\/notices-of-termination\/\" target=\"\">Notices of Termination<\/a>                        <\/div>\n                    <\/article>\n                                    <article class=\"with-link\">\n                        <h2 class=\"heading-s\">RPZ exemptions<\/h2>                        <p>Some properties are exempt from Rent Pressure Zone rules. If a landlord wants to claim an RPZ exemption, they must notify they RTB.<\/p>\n                        <div class=\"footer\">\n                            <a class=\"text-link fade-in\" href=\"https:\/\/rtb.ie\/ga\/data-insights\/rtb-data-hub\/rpz-exemptions\/\" target=\"\">RPZ exemptions<\/a>                        <\/div>\n                    <\/article>\n                                    <article class=\"with-link\">\n                        <h2 class=\"heading-s\">Rental sector surveys &#8211; data set<\/h2>                        <p>The RTB Rental Sector Surveys are one of the largest and most detailed studies ever conducted on Ireland\u2019s rental sector.<\/p>\n                        <div class=\"footer\">\n                            <a class=\"text-link fade-in\" href=\"https:\/\/rtb.ie\/ga\/data-insights\/rtb-data-hub\/rental-sector-survey-data-set\/\" target=\"\">Rental sector surveys<\/a>                        <\/div>\n                    <\/article>\n                            <\/div>\n        <\/div>\n    <\/section>\n","protected":false},"excerpt":{"rendered":"","protected":false},"author":6,"featured_media":0,"parent":164,"menu_order":0,"comment_status":"closed","ping_status":"closed","template":"","meta":{"_acf_changed":false,"inline_featured_image":false,"_relevanssi_hide_post":"","_relevanssi_hide_content":"","_relevanssi_pin_for_all":"","_relevanssi_pin_keywords":"","_relevanssi_unpin_keywords":"","_relevanssi_related_keywords":"","_relevanssi_related_include_ids":"","_relevanssi_related_exclude_ids":"","_relevanssi_related_no_append":"","_relevanssi_related_not_related":"","_relevanssi_related_posts":"","_relevanssi_noindex_reason":"","_trash_the_other_posts":false,"editor_notices":[],"footnotes":""},"class_list":["post-184","page","type-page","status-publish","hentry"],"acf":[],"jetpack_sharing_enabled":true,"publishpress_future_action":{"enabled":false,"date":"2026-04-11 19:04:38","action":"change-status","newStatus":"draft","terms":[],"taxonomy":"","extraData":[]},"publishpress_future_workflow_manual_trigger":{"enabledWorkflows":[]},"_links":{"self":[{"href":"https:\/\/rtb.ie\/ga\/wp-json\/wp\/v2\/pages\/184","targetHints":{"allow":["GET"]}}],"collection":[{"href":"https:\/\/rtb.ie\/ga\/wp-json\/wp\/v2\/pages"}],"about":[{"href":"https:\/\/rtb.ie\/ga\/wp-json\/wp\/v2\/types\/page"}],"author":[{"embeddable":true,"href":"https:\/\/rtb.ie\/ga\/wp-json\/wp\/v2\/users\/6"}],"replies":[{"embeddable":true,"href":"https:\/\/rtb.ie\/ga\/wp-json\/wp\/v2\/comments?post=184"}],"version-history":[{"count":14,"href":"https:\/\/rtb.ie\/ga\/wp-json\/wp\/v2\/pages\/184\/revisions"}],"predecessor-version":[{"id":50491,"href":"https:\/\/rtb.ie\/ga\/wp-json\/wp\/v2\/pages\/184\/revisions\/50491"}],"up":[{"embeddable":true,"href":"https:\/\/rtb.ie\/ga\/wp-json\/wp\/v2\/pages\/164"}],"wp:attachment":[{"href":"https:\/\/rtb.ie\/ga\/wp-json\/wp\/v2\/media?parent=184"}],"curies":[{"name":"wp","href":"https:\/\/api.w.org\/{rel}","templated":true}]}}