{"id":190,"date":"2025-04-24T09:24:57","date_gmt":"2025-04-24T09:24:57","guid":{"rendered":"https:\/\/rtb.ie\/ga\/?page_id=190"},"modified":"2025-11-19T16:45:30","modified_gmt":"2025-11-19T16:45:30","slug":"consequences-of-not-registering","status":"publish","type":"page","link":"https:\/\/rtb.ie\/ga\/register-tenancies\/register-a-tenancy\/consequences-of-not-registering\/","title":{"rendered":"Iarmhairt\u00ed gan cl\u00e1r\u00fa a dh\u00e9anamh"},"content":{"rendered":"\n<div class=\"translation-notice no-print\">\n        <div class=\"inner container\">\n            <p><strong>Cuirfear aistri\u00fach\u00e1n ar f\u00e1il go luath<\/strong><\/p>\n            <p>\u00c1r leithsc\u00e9al as an m\u00edchaoithi\u00falacht. Cuirfear aistri\u00fach\u00e1n Gaeilge ar an leathanach seo ar f\u00e1il go luath. Go raibh maith agat as do chuid foighneachta agus muid ag obair ar leagan uasd\u00e1taithe.<\/p>\n        <\/div>\n    <\/div><section id=\"block-block_c341e41874a086289ef1ae680ed83caf\" class=\"header-block rtb-block colour-teal margin-top-none margin-bottom-default\">\n    <div class=\"container\">\n        <nav class=\"breadcrumbs\" aria-label=\"breadcrumb\">\n    <span property=\"itemListElement\" typeof=\"ListItem\"><a property=\"item\" typeof=\"WebPage\" title=\"Go to Bord um Tion\u00f3ntachta\u00ed C\u00f3naithe.\" href=\"https:\/\/rtb.ie\/ga\" class=\"home\" aria-current=\"page\"><span property=\"name\"><i class=\"rtb-home-icon\"><\/i><\/span><\/a><meta property=\"position\" content=\"1\"><\/span><i class=\"rtb-chevron\"><\/i><\/nav>\n        \n        <div class=\"wrapper\">\n            <div class=\"content\">\n                            \n                <h1 class=\"heading-xl\">Na hiarmhairt\u00ed a bheidh ag mainneachtain cl\u00e1r\u00fa a dh\u00e9anamh<\/h1>\n                <p>De r\u00e9ir dl\u00ed, n\u00ed m\u00f3r duit do thion\u00f3ntacht a chl\u00e1r\u00fa ar bhonn bliant\u00fail. Mura gcl\u00e1ra\u00edonn t\u00fa tion\u00f3ntacht ba cheart a chl\u00e1r\u00fa, is f\u00e9idir go bhforchuirfear pion\u00f3is thromch\u00faiseacha ort, lena n-\u00e1ir\u00edtear f\u00edne\u00e1lacha agus caingean dl\u00ed.<\/p>                            <\/div>\n            <!-- Temporary image: Remove after migrating illustrations to the illustration_selection field -->\n            \n                                    <div class=\"illustration fade-up\" aria-hidden=\"true\">\n                                                    <img decoding=\"async\" src=\"https:\/\/rtb.ie\/ga\/wp-content\/themes\/rtb\/assets\/images\/illustrations\/header-block\/header-illustration-teal-a.svg\" alt=\"\" \/>\n                                            <\/div>\n                                    <\/div>\n\n    <\/div>\n<\/section>\n\n\n<section id=\"block-block_c3fe875e5092f172d270a2aa4b6e35c1\" class=\"header-paragraph-block rtb-block  margin-top-xs margin-bottom-xs\">\n\t<div class=\"container\">\n\t\t<div class=\"content\">\n\t\t\t<article class=\"cms-content\">\n\t\t\t\t\t\t\t\t\t<h2><strong>Pion\u00f3is as mainneachtain tion\u00f3ntacht a chl\u00e1r\u00fa<\/strong><\/h2>\n<p>Faoin dl\u00ed c\u00edosa, t\u00e1 cumhachta\u00ed suntasacha againn chun dul i ndiaidh tiarna\u00ed tal\u00fan neamhchl\u00e1raithe. Mura gcl\u00e1ra\u00edonn t\u00fa tion\u00f3ntacht, f\u00e9adfaimid pion\u00f3s a fhorchur ort ar dh\u00e1 bhealach \u00e9ags\u00fala:<\/p>\n<h3>Rogha 1: Ionch\u00faiseamh coiri\u00fail<\/h3>\n<ul>\n<li>Ciont\u00fa coiri\u00fail.<\/li>\n<li>F\u00edne\u00e1lacha suas le \u20ac4,000.<\/li>\n<li>T\u00e9arma pr\u00edos\u00fanachta suas le 6 mh\u00ed.<\/li>\n<li>Pion\u00f3is bhreise \u20ac250 in aghaidh gach lae a fhanann an tion\u00f3ntacht gan a bheith cl\u00e1raithe.<\/li>\n<li>Ord\u00fa chun costais dl\u00ed RTB a \u00edoc.<\/li>\n<\/ul>\n<h3>Rogha 2: Imscr\u00fad\u00fa agus smachtbhanna sibhialta<\/h3>\n<p>Is f\u00e9idir go dtiocfaidh na nithe seo a leanas as sin:<\/p>\n<ul>\n<li>Smachtbhanna suas le \u20ac15,000 agus costais suas le \u20ac15,000 i leith gach tion\u00f3ntachta neamhchl\u00e1raithe.<\/li>\n<\/ul>\n\t\t\t\t\t\t\t<\/article>\n\t\t\t\t\t\t\t\t\t\t\t\t<aside class=\"related-content\" data-js=\"related-content\">\n\t\t\t\t\t\t<div class=\"wrapper\">\n\t\t\t\t\t\t\t\t\t\t\t\t\t\t\t<h2 class=\"\">\u00c1bhar gaolmhar<\/h2>\t\t\t\t\t\t\t\t\t\t\t\t\t\t<ul>\n\t\t\t\t\t\t\t\t\t\t\t\t\t\t\t\t\t\t\t\t\t\t\t\t\t\t\t\t\t\t\t\t\t\t\t\t\t\t<li><a class=\"text-link\" href=\"https:\/\/rtb.ie\/ga\/register-tenancies\/register-a-tenancy\/who-should-register\/\" target=\"\">C\u00e9 hiad na daoine ar cheart d\u00f3ibh cl\u00e1r\u00fa?<\/a><\/li>\n\t\t\t\t\t\t\t\t\t\t\t\t\t\t\t\t\t\t\t\t\t\t\t\t\t\t\t\t\t\t\t\t\t\t\t\t\t\t\t\t<li><a class=\"text-link\" href=\"https:\/\/rtb.ie\/ga\/register-tenancies\/register-a-tenancy\/when-to-register\/\" target=\"\">Cathain ba cheart cl\u00e1r\u00fa<\/a><\/li>\n\t\t\t\t\t\t\t\t\t\t\t\t\t\t\t\t\t\t\t\t\t\t\t\t\t\t\t\t\t\t\t\t\t\t\t\t\t\t\t\t<li><a class=\"text-link\" href=\"https:\/\/rtb.ie\/ga\/compliance\/what-can-the-rtb-investigate\/\" target=\"\">C\u00e9 na nithe a fh\u00e9adfaidh RTB a imscr\u00fad\u00fa<\/a><\/li>\n\t\t\t\t\t\t\t\t\t\t\t\t\t\t\t\t\t\t\t\t\t\t\t\t\t\t\t\t\t\t\t\t\t\t\t\t\t\t\t\t<li><a class=\"text-link\" href=\"https:\/\/rtb.ie\/ga\/compliance\/investigation-outcomes\/search-registration-enforcement-outcomes\/\" target=\"\">Cuardaigh tortha\u00ed forfheidhmi\u00fach\u00e1in cl\u00e1r\u00fach\u00e1in<\/a><\/li>\n\t\t\t\t\t\t\t\t\t\t\t\t\t\t\t\t\t\t\t\t\t\t\t\t\t\t\t\t\t\t\t\t\t\t<\/ul>\n\t\t\t\t\t\t<\/div>\n\t\t\t\t\t<\/aside>\n\t\t\t\t\t\t\t\t\t<\/div>\n\t<\/div>\n<\/section>\n\n\n<section id=\"block-block_f24df7d35c78a7194ea4244b30c4a6e9\" class=\"header-paragraph-block rtb-block  margin-top-xs margin-bottom-xs\">\n\t<div class=\"container\">\n\t\t<div class=\"content\">\n\t\t\t<article class=\"cms-content\">\n\t\t\t\t\t\t\t\t\t<h2>Cad ba cheart duit a dh\u00e9anamh m\u00e1 fhaigheann t\u00fa F\u00f3gra Forfheidhmi\u00fach\u00e1in Cl\u00e1r\u00fach\u00e1in<\/h2>\n<p>M\u00e1 fhaigheann t\u00fa F\u00f3gra Forfheidhmi\u00fach\u00e1in Cl\u00e1r\u00fach\u00e1in, t\u00f3g na c\u00e9imeanna seo a leanas:<\/p>\n<ol>\n<li>L\u00e9igh an f\u00f3gra:\u00a0Aimsigh an uimhir thagartha ag barr an fh\u00f3gra n\u00f3 na litreach aturnae. T\u00e1 an uimhir sin t\u00e1bhachtach le haghaidh cumars\u00e1ide.<\/li>\n<li>Cl\u00e1raigh do thion\u00f3ntacht:\u00a0Cuir isteach iarratas chun an tion\u00f3ntacht a chl\u00e1r\u00fa. Tabhair cuairt ar \u00e1r leathanach <a href=\"https:\/\/rtb.ie\/ga\/register-tenancies\/register-a-tenancy\/how-to-register\/\">\u2018Conas cl\u00e1r\u00fa a dh\u00e9anamh\u2019<\/a> le haghaidh treoracha mionsonraithe agus treoir f\u00edse maidir le conas do thion\u00f3ntacht a chl\u00e1r\u00fa. Beidh ort <a href=\"https:\/\/rtb.ie\/ga\/register-tenancies\/register-a-tenancy\/registration-fees\/\">t\u00e1ill\u00ed d\u00e9anacha<\/a> a \u00edoc. M\u00e9ada\u00edonn na t\u00e1ill\u00ed sin de r\u00e9ir gach m\u00edosa at\u00e1 an cl\u00e1r\u00fa d\u00e9anach.<\/li>\n<li>Deimhnigh do chl\u00e1r\u00fa:\u00a0A luaithe a fhaigheann t\u00fa d\u2019uimhir chl\u00e1r\u00fach\u00e1in, d\u00e9an teagmh\u00e1il leis an rann\u00f3g um Fhorfheidhmi\u00fa Cl\u00e1r\u00fach\u00e1in chun a dheimhni\u00fa go bhfuil do thion\u00f3ntacht cl\u00e1raithe agus chun deireadh a chur le haon chaingean dl\u00ed eile.\u00a0Deimhnigh le r\u00edomhphost chuig\u00a0<a href=\"mailto:enforcement@rtb.ie\">enforcement@rtb.ie.<\/a><\/li>\n<\/ol>\n\t\t\t\t\t\t\t<\/article>\n\t\t\t\t\t<\/div>\n\t<\/div>\n<\/section>\n\n\n<section id=\"block-block_199c7d24c4af05090d1aaaaff3047f04\" class=\"header-paragraph-block rtb-block  margin-top-xs margin-bottom-default\">\n\t<div class=\"container\">\n\t\t<div class=\"content\">\n\t\t\t<article class=\"cms-content\">\n\t\t\t\t\t\t\t\t\t<h2>Conas tion\u00f3ntacht neamhchl\u00e1raithe a thuairisci\u00fa<\/h2>\n<p>M\u00e1 t\u00e1 t\u00fa ar an eolas faoi thion\u00f3ntacht neamhchl\u00e1raithe, is f\u00e9idir leat <a href=\"https:\/\/rtb.ie\/ga\/compliance\/report-a-landlord\/\">\u00ed a thuairisci\u00fa d\u00fainn<\/a>:<\/p>\n<ul>\n<li>Tr\u00ed fhoirm Ghr\u00e9as\u00e1in:\u00a0<a href=\"https:\/\/rtb.ie\/ga\/resources\/forms-and-templates\/report-a-landlord-form\/\">comhl\u00e1naigh an fhoirm<\/a>.<\/li>\n<li>Thar an teileaf\u00f3n: ar 0818-303038. F\u00e1g gl\u00f3rphost agus glaofaimid ar ais ort.<\/li>\n<\/ul>\n<p>Tuilleadh faisn\u00e9ise<\/p>\n<p>Tabhair cuairt ar \u00e1r leathanach <a href=\"https:\/\/rtb.ie\/ga\/register-tenancies\/register-a-tenancy\/who-should-register\/\">\u2018C\u00e9 hiad na daoine ar cheart d\u00f3ibh cl\u00e1r\u00fa?\u2019<\/a> le haghaidh tuilleadh mionsonra\u00ed faoi cheanglais chl\u00e1r\u00fach\u00e1in agus faoi c\u00e9 a chaithfidh cl\u00e1r\u00fa.<\/p>\n\t\t\t\t\t\t\t<\/article>\n\t\t\t\t\t<\/div>\n\t<\/div>\n<\/section>","protected":false},"excerpt":{"rendered":"","protected":false},"author":9,"featured_media":0,"parent":168,"menu_order":6,"comment_status":"closed","ping_status":"closed","template":"","meta":{"_acf_changed":false,"inline_featured_image":false,"_relevanssi_hide_post":"","_relevanssi_hide_content":"","_relevanssi_pin_for_all":"","_relevanssi_pin_keywords":"","_relevanssi_unpin_keywords":"","_relevanssi_related_keywords":"","_relevanssi_related_include_ids":"","_relevanssi_related_exclude_ids":"","_relevanssi_related_no_append":"","_relevanssi_related_not_related":"","_relevanssi_related_posts":"1,1239","_relevanssi_noindex_reason":"","_trash_the_other_posts":false,"editor_notices":[],"footnotes":""},"class_list":["post-190","page","type-page","status-publish","hentry"],"acf":[],"jetpack_sharing_enabled":true,"publishpress_future_action":{"enabled":false,"date":"2026-04-28 03:11:55","action":"change-status","newStatus":"draft","terms":[],"taxonomy":"","extraData":[]},"publishpress_future_workflow_manual_trigger":{"enabledWorkflows":[]},"_links":{"self":[{"href":"https:\/\/rtb.ie\/ga\/wp-json\/wp\/v2\/pages\/190","targetHints":{"allow":["GET"]}}],"collection":[{"href":"https:\/\/rtb.ie\/ga\/wp-json\/wp\/v2\/pages"}],"about":[{"href":"https:\/\/rtb.ie\/ga\/wp-json\/wp\/v2\/types\/page"}],"author":[{"embeddable":true,"href":"https:\/\/rtb.ie\/ga\/wp-json\/wp\/v2\/users\/9"}],"replies":[{"embeddable":true,"href":"https:\/\/rtb.ie\/ga\/wp-json\/wp\/v2\/comments?post=190"}],"version-history":[{"count":28,"href":"https:\/\/rtb.ie\/ga\/wp-json\/wp\/v2\/pages\/190\/revisions"}],"predecessor-version":[{"id":53355,"href":"https:\/\/rtb.ie\/ga\/wp-json\/wp\/v2\/pages\/190\/revisions\/53355"}],"up":[{"embeddable":true,"href":"https:\/\/rtb.ie\/ga\/wp-json\/wp\/v2\/pages\/168"}],"wp:attachment":[{"href":"https:\/\/rtb.ie\/ga\/wp-json\/wp\/v2\/media?parent=190"}],"curies":[{"name":"wp","href":"https:\/\/api.w.org\/{rel}","templated":true}]}}