{"id":1937,"date":"2025-05-08T15:25:56","date_gmt":"2025-05-08T15:25:56","guid":{"rendered":"https:\/\/rtb.ie\/ga\/?page_id=1937"},"modified":"2026-04-16T12:59:32","modified_gmt":"2026-04-16T12:59:32","slug":"forms-and-templates","status":"publish","type":"page","link":"https:\/\/rtb.ie\/ga\/resources\/forms-and-templates\/","title":{"rendered":"Foirmeacha agus teimpl\u00e9id"},"content":{"rendered":"\n<div class=\"translation-notice no-print\">\n        <div class=\"inner container\">\n            <p><strong>Cuirfear aistri\u00fach\u00e1n ar f\u00e1il go luath<\/strong><\/p>\n            <p>\u00c1r leithsc\u00e9al as an m\u00edchaoithi\u00falacht. Cuirfear aistri\u00fach\u00e1n Gaeilge ar an leathanach seo ar f\u00e1il go luath. Go raibh maith agat as do chuid foighneachta agus muid ag obair ar leagan uasd\u00e1taithe.<\/p>\n        <\/div>\n    <\/div><section id=\"block-block_998768e313a22ea8d39b0d2d63ef8e33\" class=\"header-block rtb-block colour-teal margin-top-none margin-bottom-default\">\n    <div class=\"container\">\n        <nav class=\"breadcrumbs\" aria-label=\"breadcrumb\">\n    <span property=\"itemListElement\" typeof=\"ListItem\"><a property=\"item\" typeof=\"WebPage\" title=\"Go to Bord um Tion\u00f3ntachta\u00ed C\u00f3naithe.\" href=\"https:\/\/rtb.ie\/ga\" class=\"home\" aria-current=\"page\"><span property=\"name\"><i class=\"rtb-home-icon\"><\/i><\/span><\/a><meta property=\"position\" content=\"1\"><\/span><i class=\"rtb-chevron\"><\/i><\/nav>\n        \n        <div class=\"wrapper\">\n            <div class=\"content\">\n                            \n                <h1 class=\"heading-xl\">Forms and templates<\/h1>\n                                            <\/div>\n            <!-- Temporary image: Remove after migrating illustrations to the illustration_selection field -->\n            \n                                    <div class=\"illustration fade-up\" aria-hidden=\"true\">\n                                                    <img decoding=\"async\" src=\"https:\/\/rtb.ie\/ga\/wp-content\/themes\/rtb\/assets\/images\/illustrations\/header-block\/header-illustration-teal-a.svg\" alt=\"\" \/>\n                                            <\/div>\n                                    <\/div>\n\n    <\/div>\n<\/section>\n\n\n    <section id=\"block-block_81860807137a2300b6845601c8241d0b\" class=\"cards-block rtb-block margin-top-xs margin-bottom-default\">\n        <div class=\"container\">\n            <div class=\"content\">\n                                    <article class=\"with-link\">\n                        <h2 class=\"heading-s\">Beginning a tenancy<\/h2>                        <p>Find a Tenancy Agreement Template, sample inventory and condition report and other resources to help get your tenancy off to the right start.<\/p>\n                        <div class=\"footer\">\n                            <a class=\"text-link fade-in\" href=\"https:\/\/rtb.ie\/ga\/resources\/category\/beginning-a-tenancy\/\" target=\"\">View beginning a tenancy resources<\/a>                        <\/div>\n                    <\/article>\n                                    <article class=\"with-link\">\n                        <h2 class=\"heading-s\">Managing a tenancy<\/h2>                        <p>Get a template rent arrears payment letter and forms for paper-based tenancy registrations.<\/p>\n                        <div class=\"footer\">\n                            <a class=\"text-link fade-in\" href=\"https:\/\/rtb.ie\/ga\/resources\/category\/managing-a-tenancy\/\" target=\"\">View managing a tenancy resources<\/a>                        <\/div>\n                    <\/article>\n                                    <article class=\"with-link\">\n                        <h2 class=\"heading-s\">Ending a tenancy<\/h2>                        <p>Get Notice of Termination template letters and a Notice of Termination return form to make sure you end a tenancy correctly.<\/p>\n                        <div class=\"footer\">\n                            <a class=\"text-link fade-in\" href=\"https:\/\/rtb.ie\/ga\/resources\/category\/ending-a-tenancy\/\" target=\"\">View ending a tenancy resources<\/a>                        <\/div>\n                    <\/article>\n                                    <article class=\"with-link\">\n                        <h2 class=\"heading-s\">Rent reviews<\/h2>                        <p>Find rent review notices, RPZ exemption forms and other resources you need to set and review rent.<\/p>\n                        <div class=\"footer\">\n                            <a class=\"text-link fade-in\" href=\"https:\/\/rtb.ie\/ga\/resources\/category\/rent-reviews\/\" target=\"\">View rent review resources <\/a>                        <\/div>\n                    <\/article>\n                                    <article class=\"with-link\">\n                        <h2 class=\"heading-s\">Disputes<\/h2>                        <p>Find our Guide to Order Enforcement, a Mediation Position Statement template and dispute application forms if you cannot use the online Dispute Resolution Centre.<\/p>\n                        <div class=\"footer\">\n                            <a class=\"text-link fade-in\" href=\"https:\/\/rtb.ie\/ga\/resources\/category\/disputes\/\" target=\"\">View disputes resources <\/a>                        <\/div>\n                    <\/article>\n                                    <article class=\"with-link\">\n                        <h2 class=\"heading-s\">Compliance<\/h2>                        <p>Find forms to complain about a landlord and guidance on acknowledging improper conduct during an RTB investigation.<\/p>\n                        <div class=\"footer\">\n                            <a class=\"text-link fade-in\" href=\"https:\/\/rtb.ie\/ga\/resources\/category\/compliance\/\" target=\"\">View compliance resources<\/a>                        <\/div>\n                    <\/article>\n                            <\/div>\n        <\/div>\n    <\/section>\n","protected":false},"excerpt":{"rendered":"","protected":false},"author":6,"featured_media":0,"parent":1666,"menu_order":0,"comment_status":"closed","ping_status":"closed","template":"","meta":{"_acf_changed":false,"inline_featured_image":false,"_relevanssi_hide_post":"","_relevanssi_hide_content":"","_relevanssi_pin_for_all":"","_relevanssi_pin_keywords":"","_relevanssi_unpin_keywords":"","_relevanssi_related_keywords":"","_relevanssi_related_include_ids":"","_relevanssi_related_exclude_ids":"","_relevanssi_related_no_append":"","_relevanssi_related_not_related":"","_relevanssi_related_posts":"1,1239","_relevanssi_noindex_reason":"","_trash_the_other_posts":false,"editor_notices":[],"footnotes":""},"class_list":["post-1937","page","type-page","status-publish","hentry"],"acf":[],"jetpack_sharing_enabled":true,"publishpress_future_action":{"enabled":false,"date":"2026-04-27 17:45:56","action":"change-status","newStatus":"draft","terms":[],"taxonomy":"","extraData":[]},"publishpress_future_workflow_manual_trigger":{"enabledWorkflows":[]},"_links":{"self":[{"href":"https:\/\/rtb.ie\/ga\/wp-json\/wp\/v2\/pages\/1937","targetHints":{"allow":["GET"]}}],"collection":[{"href":"https:\/\/rtb.ie\/ga\/wp-json\/wp\/v2\/pages"}],"about":[{"href":"https:\/\/rtb.ie\/ga\/wp-json\/wp\/v2\/types\/page"}],"author":[{"embeddable":true,"href":"https:\/\/rtb.ie\/ga\/wp-json\/wp\/v2\/users\/6"}],"replies":[{"embeddable":true,"href":"https:\/\/rtb.ie\/ga\/wp-json\/wp\/v2\/comments?post=1937"}],"version-history":[{"count":19,"href":"https:\/\/rtb.ie\/ga\/wp-json\/wp\/v2\/pages\/1937\/revisions"}],"predecessor-version":[{"id":54135,"href":"https:\/\/rtb.ie\/ga\/wp-json\/wp\/v2\/pages\/1937\/revisions\/54135"}],"up":[{"embeddable":true,"href":"https:\/\/rtb.ie\/ga\/wp-json\/wp\/v2\/pages\/1666"}],"wp:attachment":[{"href":"https:\/\/rtb.ie\/ga\/wp-json\/wp\/v2\/media?parent=1937"}],"curies":[{"name":"wp","href":"https:\/\/api.w.org\/{rel}","templated":true}]}}