{"id":196,"date":"2025-04-24T10:07:01","date_gmt":"2025-04-24T10:07:01","guid":{"rendered":"https:\/\/rtb.ie\/ga\/?page_id=196"},"modified":"2025-11-12T12:43:22","modified_gmt":"2025-11-12T12:43:22","slug":"who-should-register","status":"publish","type":"page","link":"https:\/\/rtb.ie\/ga\/register-tenancies\/register-a-tenancy\/who-should-register\/","title":{"rendered":"C\u00e9 ba cheart cl\u00e1r\u00fa"},"content":{"rendered":"\n<div class=\"translation-notice no-print\">\n        <div class=\"inner container\">\n            <p><strong>Cuirfear aistri\u00fach\u00e1n ar f\u00e1il go luath<\/strong><\/p>\n            <p>\u00c1r leithsc\u00e9al as an m\u00edchaoithi\u00falacht. Cuirfear aistri\u00fach\u00e1n Gaeilge ar an leathanach seo ar f\u00e1il go luath. Go raibh maith agat as do chuid foighneachta agus muid ag obair ar leagan uasd\u00e1taithe.<\/p>\n        <\/div>\n    <\/div><section id=\"block-block_b44852153851e37fdb6bfe95d8f54b26\" class=\"header-block rtb-block colour-teal margin-top-none margin-bottom-default\">\n    <div class=\"container\">\n        <nav class=\"breadcrumbs\" aria-label=\"breadcrumb\">\n    <span property=\"itemListElement\" typeof=\"ListItem\"><a property=\"item\" typeof=\"WebPage\" title=\"Go to Bord um Tion\u00f3ntachta\u00ed C\u00f3naithe.\" href=\"https:\/\/rtb.ie\/ga\" class=\"home\" aria-current=\"page\"><span property=\"name\"><i class=\"rtb-home-icon\"><\/i><\/span><\/a><meta property=\"position\" content=\"1\"><\/span><i class=\"rtb-chevron\"><\/i><\/nav>\n        \n        <div class=\"wrapper\">\n            <div class=\"content\">\n                            \n                <h1 class=\"heading-xl\">C\u00e9 hiad na daoine ar cheart d\u00f3ibh cl\u00e1r\u00fa<\/h1>\n                                            <\/div>\n            <!-- Temporary image: Remove after migrating illustrations to the illustration_selection field -->\n            \n                                    <div class=\"illustration fade-up\" aria-hidden=\"true\">\n                                                    <img decoding=\"async\" src=\"https:\/\/rtb.ie\/ga\/wp-content\/themes\/rtb\/assets\/images\/illustrations\/header-block\/header-illustration-teal-a.svg\" alt=\"\" \/>\n                                            <\/div>\n                                    <\/div>\n\n    <\/div>\n<\/section>\n\n\n<section id=\"block-block_42cd5fcdcb65190a6ea1a2660c421317\" class=\"navigation-block container rtb-block margin-top-none margin-bottom-default\">\n    <div class=\"content\">\n        <header>\n                            <h2 class=\"heading-s\">Ar an leathanach seo<\/h2>                        <i class=\"rtb-arrow down\"><\/i>\n        <\/header>\n                    <nav class=\"navigation\">            \n                                    <ul>\n                                                                                    <li><a class=\"text-link\" href=\"#what\" target=\"\">C\u00e9 na tion\u00f3ntachta\u00ed nach m\u00f3r a chl\u00e1r\u00fa?<\/a><\/li>\n                                                                                                                <li><a class=\"text-link\" href=\"#don&#039;t_need\" target=\"\">Tion\u00f3ntachta\u00ed nach g\u00e1 a chl\u00e1r\u00fa<\/a><\/li>\n                                                                                                                <li><a class=\"text-link\" href=\"#check\" target=\"\">Conas a sheice\u00e1il an bhfuil do thion\u00f3ntacht cl\u00e1raithe n\u00f3 nach bhfuil<\/a><\/li>\n                                                                                                                <li><a class=\"text-link\" href=\"#important\" target=\"\">C\u00e9n f\u00e1th a bhfuil s\u00e9 t\u00e1bhachtach cl\u00e1r\u00fa?<\/a><\/li>\n                                                                        <\/ul>\n                                    <ul>\n                                                                                    <li><a class=\"text-link\" href=\"#benefits\" target=\"\">Na tairbh\u00ed a ghabhann le cl\u00e1r\u00fa<\/a><\/li>\n                                                                                                                <li><a class=\"text-link\" href=\"#more_than_one\" target=\"\">T\u00e1 n\u00edos m\u00f3 n\u00e1 tion\u00f3ntacht amh\u00e1in agam<\/a><\/li>\n                                                                                                                <li><a class=\"text-link\" href=\"#how_often\" target=\"\">C\u00e9 chomh minic agus nach m\u00f3r tion\u00f3ntachta\u00ed a chl\u00e1r\u00fa?<\/a><\/li>\n                                                                        <\/ul>\n                            <\/nav>\n            <\/div>\n<\/section>\n\n\n<section id=\"what\" class=\"header-paragraph-block rtb-block  margin-top-s margin-bottom-xs\">\n\t<div class=\"container\">\n\t\t<div class=\"content\">\n\t\t\t<article class=\"cms-content\">\n\t\t\t\t\t\t\t\t\t<h2>C\u00e9 na tion\u00f3ntachta\u00ed nach m\u00f3r a chl\u00e1r\u00fa?<\/h2>\n<p>N\u00ed m\u00f3r an chuid is m\u00f3 de mhaoine c\u00f3naithe in \u00c9irinn a chl\u00e1r\u00fa leis an mBord um Thion\u00f3ntachta\u00ed C\u00f3naithe (RTB). T\u00e1 feidhm aige sin maidir leo seo a leanas:<\/p>\n<ul>\n<li>Tiarna\u00ed tal\u00fan pr\u00edobh\u00e1ideacha<\/li>\n<li>Comhlachta\u00ed Tith\u00edochta Ceadaithe<\/li>\n<li>C\u00f3ir\u00edocht at\u00e1 sonrach do mhic l\u00e9inn<\/li>\n<li>Tion\u00f3ntachta\u00ed ar c\u00edos de r\u00e9ir costais<\/li>\n<\/ul>\n\t\t\t\t\t\t\t<\/article>\n\t\t\t\t\t\t\t\t\t\t\t\t<aside class=\"related-content\" data-js=\"related-content\">\n\t\t\t\t\t\t<div class=\"wrapper\">\n\t\t\t\t\t\t\t\t\t\t\t\t\t\t\t<h2 class=\"\">\u00c1bhar gaolmhar<\/h2>\t\t\t\t\t\t\t\t\t\t\t\t\t\t<ul>\n\t\t\t\t\t\t\t\t\t\t\t\t\t\t\t\t\t\t\t\t\t\t\t\t\t\t\t\t\t\t\t\t\t\t\t\t\t\t<li><a class=\"text-link\" href=\"https:\/\/rtb.go-vip.net\/register-tenancies\/register-a-tenancy\/when-to-register\/\" target=\"\">Cathain ba cheart cl\u00e1r\u00fa<\/a><\/li>\n\t\t\t\t\t\t\t\t\t\t\t\t\t\t\t\t\t\t\t\t\t\t\t\t\t\t\t\t\t\t\t\t\t\t\t\t\t\t\t\t<li><a class=\"text-link\" href=\"https:\/\/rtb.go-vip.net\/register-tenancies\/register-a-tenancy\/how-to-register\/\" target=\"\">Conas cl\u00e1r\u00fa<\/a><\/li>\n\t\t\t\t\t\t\t\t\t\t\t\t\t\t\t\t\t\t\t\t\t\t\t\t\t\t\t\t\t\t\t\t\t\t\t\t\t\t\t\t<li><a class=\"text-link\" href=\"https:\/\/rtb.go-vip.net\/register-tenancies\/register-a-tenancy\/updating-registrations\/\" target=\"\">Cl\u00e1ruithe a nuashonr\u00fa<\/a><\/li>\n\t\t\t\t\t\t\t\t\t\t\t\t\t\t\t\t\t\t\t\t\t\t\t\t\t\t\t\t\t\t\t\t\t\t\t\t\t\t\t\t<li><a class=\"text-link\" href=\"https:\/\/rtb.go-vip.net\/register-tenancies\/register-a-tenancy\/consequences-of-not-registering\/\" target=\"\">Iarmhairt\u00ed a ghabhann le gan cl\u00e1r\u00fa<\/a><\/li>\n\t\t\t\t\t\t\t\t\t\t\t\t\t\t\t\t\t\t\t\t\t\t\t\t\t\t\t\t\t\t\t\t\t\t<\/ul>\n\t\t\t\t\t\t<\/div>\n\t\t\t\t\t<\/aside>\n\t\t\t\t\t\t\t\t\t<\/div>\n\t<\/div>\n<\/section>\n\n\n<section id=\"don&#039;t_need\" class=\"header-paragraph-block rtb-block  margin-top-xs margin-bottom-xs\">\n\t<div class=\"container\">\n\t\t<div class=\"content\">\n\t\t\t<article class=\"cms-content\">\n\t\t\t\t\t\t\t\t\t<h2>Tion\u00f3ntachta\u00ed nach g\u00e1 a chl\u00e1r\u00fa<\/h2>\n<p>N\u00ed g\u00e1 na cine\u00e1lacha maoine ar c\u00edos seo a leanas a chl\u00e1r\u00fa le RTB:<\/p>\n<ul>\n<li>C\u00edosanna gn\u00f3: maoine a \u00fas\u00e1idtear chun cr\u00edocha gn\u00f3.<\/li>\n<li>C\u00edosanna saoire: ligin ghearrth\u00e9armacha le haghaidh saoir\u00ed.<\/li>\n<li>Iarmhaoine faoi rial\u00fa c\u00edosa n\u00f3 tion\u00f3ntachta\u00ed l\u00e9asa \u00e1itithe fhadt\u00e9armaigh: t\u00e1 rialacha difri\u00fala i bhfeidhm.<\/li>\n<li>Tithe \u00fain\u00e9ir-\u00e1itithe: I gc\u00e1s go mbeidh seomra i dteach do thiarna tal\u00fan \u00e1 fh\u00e1il ar c\u00edos agat.<\/li>\n<li>C\u00f3ir\u00edocht do theaghlaigh: I gc\u00e1s go ligfidh an tiarna tal\u00fan c\u00f3ir\u00edocht ar c\u00edos do dhl\u00fathbhall teaghlaigh (c\u00e9ile, tuismitheoir n\u00f3 leanbh) gan comhaont\u00fa tion\u00f3ntachta foirmi\u00fail i scr\u00edbhinn.<\/li>\n<li><a href=\"https:\/\/www.citizensinformation.ie\/en\/housing\/local-authority-and-social-housing\/applying-for-local-authority-housing\/\">Tith\u00edocht sh\u00f3isialta<\/a>: tith\u00edocht a sol\u00e1thra\u00edonn \u00fadar\u00e1is \u00e1iti\u00fala \u00ed.<\/li>\n<li>C\u00f3ir\u00edocht shealadach faoin sc\u00e9im \u00cdoca\u00edochta Aitheantais C\u00f3ir\u00edochta: le haghaidh d\u00eddeanaithe \u00f3n \u00dacr\u00e1in a \u00f3st\u00e1il. N\u00ed theast\u00f3idh cl\u00e1r\u00fa ina leith sin, mura nd\u00e9anann an tion\u00f3nta an \u00edoca\u00edocht go d\u00edreach lasmuigh den sc\u00e9im.<\/li>\n<\/ul>\n\t\t\t\t\t\t\t<\/article>\n\t\t\t\t\t\t\t\t\t\t\t\t<aside class=\"sidebar-note\">\n\t\t\t\t\t\t<div class=\"wrapper\">\n\t\t\t\t\t\t\t\t\t\t\t\t\t\t\t<h3 class=\"\">An dl\u00ed maidir le cl\u00e1r\u00fa<\/h3>\t\t\t\t\t\t\t\t\t\t\t\t\t\t\t\t\t\t\t\t\t\t<div class=\"cms-content\"><p>Ceangla\u00edtear le dl\u00ed faoin Acht um Thion\u00f3ntachta\u00ed C\u00f3naithe, 2004, do thion\u00f3ntacht a chl\u00e1r\u00fa. T\u00e1 an ceanglas dl\u00edthi\u00fail chun cl\u00e1r\u00fa go bliant\u00fail leagtha amach san Acht um Thion\u00f3ntachta\u00ed C\u00f3naithe (Leas\u00fa), 2019, a th\u00e1inig i bhfeidhm an 4 Aibre\u00e1n 2022.<\/p>\n<h3>Roimh chl\u00e1r\u00fa bliant\u00fail<\/h3>\n<p>Roimh chl\u00e1r\u00fa bliant\u00fail, bh\u00edodh tion\u00f3ntachta\u00ed cl\u00e1raithe ar feadh 4 bliana n\u00f3 6 bliana. \u00d3n 4 Aibre\u00e1n 2022 i leith, n\u00ed m\u00f3r gach tion\u00f3ntacht a chl\u00e1r\u00fa ar bhonn bliant\u00fail.<\/p>\n<\/div>\t\t\t\t\t\t\t\t\t\t\t\t\t<\/div>\n\t\t\t\t\t<\/aside>\n\t\t\t\t\t\t\t\t\t<\/div>\n\t<\/div>\n<\/section>\n\n\n<section id=\"check\" class=\"header-paragraph-block rtb-block  margin-top-xs margin-bottom-xs\">\n\t<div class=\"container\">\n\t\t<div class=\"content\">\n\t\t\t<article class=\"cms-content\">\n\t\t\t\t\t\t\t\t\t<h2>Conas a sheice\u00e1il an bhfuil do thion\u00f3ntacht cl\u00e1raithe n\u00f3 nach bhfuil<\/h2>\n<p>M\u00e1s rud \u00e9 gur tion\u00f3nta th\u00fa agus gur mian leat a sheice\u00e1il an bhfuil do thion\u00f3ntacht cl\u00e1raithe n\u00f3 nach bhfuil, is f\u00e9idir leat \u00ed a chuardach ar <a href=\"https:\/\/rtb.go-vip.net\/compliance\/check-the-register\/\">chl\u00e1r poibl\u00ed RTB<\/a>.<\/p>\n<p>M\u00e1s \u00ed c\u00f3ir\u00edocht at\u00e1 sonrach do mhic l\u00e9inn an tion\u00f3ntacht at\u00e1 \u00e1 lorg agat, is f\u00e9idir leat an <a href=\"https:\/\/rtb.go-vip.net\/wp-content\/uploads\/2025\/05\/SSA_register_feb_2025.pdf\">cl\u00e1r um ch\u00f3ir\u00edocht at\u00e1 sonrach do mhic l\u00e9inn de chuid RTB<\/a> a chuardach.<\/p>\n<p>Fi\u00fa mura bhfuil do thion\u00f3ntacht cl\u00e1raithe ag do thiarna tal\u00fan, is f\u00e9idir leat \u00e1r <a href=\"https:\/\/rtb.go-vip.net\/disputes\/disputes-process\/\">seirbh\u00eds um r\u00e9iteach d\u00edosp\u00f3id\u00ed<\/a> a \u00fas\u00e1id f\u00f3s chun fadhbanna a r\u00e9iteach.<\/p>\n<p>Is f\u00e9idir linn dul i mbun gn\u00edmh in aghaidh <a href=\"https:\/\/rtb.go-vip.net\/compliance\/report-a-landlord\/report-an-unregistered-tenancy\/\">tiarna\u00ed tal\u00fan nach gcl\u00e1ra\u00edonn tion\u00f3ntachta\u00ed<\/a>. Is f\u00e9idir leat <a href=\"https:\/\/rtb.go-vip.net\/compliance\/report-a-landlord\/report-an-unregistered-tenancy\/\">tion\u00f3ntacht neamhchl\u00e1raithe a thuairisci\u00fa<\/a> d\u00fainn tr\u00ed fhoirm Ghr\u00e9as\u00e1in:\u00a0<a href=\"https:\/\/rtb.go-vip.net\/resources\/forms-and-templates\/report-a-landlord-form\/\">Tuairiscigh tiarna tal\u00fan<\/a><\/p>\n\t\t\t\t\t\t\t<\/article>\n\t\t\t\t\t<\/div>\n\t<\/div>\n<\/section>\n\n\n<section id=\"important\" class=\"header-paragraph-block rtb-block  margin-top-xs margin-bottom-xs\">\n\t<div class=\"container\">\n\t\t<div class=\"content\">\n\t\t\t<article class=\"cms-content\">\n\t\t\t\t\t\t\t\t\t<h2>C\u00e9n f\u00e1th a bhfuil s\u00e9 t\u00e1bhachtach cl\u00e1r\u00fa?<\/h2>\n<p>N\u00ed m\u00f3r do thiarna\u00ed tal\u00fan a dtion\u00f3ntachta\u00ed a chl\u00e1r\u00fa de r\u00e9ir dl\u00ed. T\u00e1 <a href=\"https:\/\/rtb.go-vip.net\/register-tenancies\/register-a-tenancy\/consequences-of-not-registering\/\">iarmhairt\u00ed tromch\u00faiseacha ann do thiarna\u00ed tal\u00fan nach gcl\u00e1ra\u00edonn tion\u00f3ntachta\u00ed<\/a>. Is s\u00f3cmhainn n\u00e1isi\u00fanta th\u00e1bhachtach \u00e9 cl\u00e1r n\u00e1isi\u00fanta tion\u00f3ntachta\u00ed RTB. \u00das\u00e1idimid na sonra\u00ed cl\u00e1r\u00fach\u00e1in tion\u00f3ntachta a bhail\u00edmid chun na nithe seo a leanas a dh\u00e9anamh:<\/p>\n<ul>\n<li>Bonn eolais a chur faoin mbeartas i leith na hearn\u00e1la c\u00edosa.<\/li>\n<li>Faireach\u00e1n a dh\u00e9anamh ar c\u00e9 acu at\u00e1 tiarna\u00ed tal\u00fan ag clo\u00ed leis an dl\u00ed c\u00edosa n\u00f3 nach bhfuil.<\/li>\n<li>Taighde a dh\u00e9anamh lena dtugtar freagra\u00ed ar cheisteanna t\u00e1bhachtacha faoin\u00e1r n-earn\u00e1il c\u00edosa. Mar shampla:<\/li>\n<li>C\u00e9n mh\u00e9id at\u00e1 in\u00e1r n-earn\u00e1il c\u00edosa?<\/li>\n<li>C\u00e1 mh\u00e9ad c\u00edosa a \u00edocann tion\u00f3nta\u00ed?<\/li>\n<\/ul>\n\t\t\t\t\t\t\t<\/article>\n\t\t\t\t\t<\/div>\n\t<\/div>\n<\/section>\n\n\n<section id=\"benefits\" class=\"header-paragraph-block rtb-block  margin-top-none margin-bottom-xs\">\n\t<div class=\"container\">\n\t\t<div class=\"content\">\n\t\t\t<article class=\"cms-content\">\n\t\t\t\t\t\t\t\t\t<h2>Na tairbh\u00ed a ghabhann le cl\u00e1r\u00fa<\/h2>\n<p>Tr\u00ed chl\u00e1r\u00fa le RTB, is f\u00e9idir leat:<\/p>\n<ul>\n<li>An <a href=\"https:\/\/rtb.go-vip.net\/disputes\/disputes-process\/\">tseirbh\u00eds um r\u00e9iteach d\u00edosp\u00f3id\u00ed<\/a> de chuid RTB a rochtain. T\u00e1 idirghabh\u00e1il saor in aisce agus cosna\u00edonn breithni\u00fa \u20ac30.<\/li>\n<li>Cl\u00e1r\u00fa tion\u00f3ntachta a chruth\u00fa chun cr\u00edocha c\u00e1nach, amhail faoiseamh i leith \u00fas morg\u00e1iste.<\/li>\n<li>An t\u00e1ille chl\u00e1r\u00fach\u00e1in a \u00e9ileamh mar chostas inlamh\u00e1la agus t\u00fa ag r\u00edomh do thuairisce\u00e1in c\u00e1nach.<\/li>\n<\/ul>\n<p>Is f\u00e9idir le do thion\u00f3nta\u00ed \u00fas\u00e1id a bhaint as deimhni\u00fa go bhfuil an tion\u00f3ntacht cl\u00e1raithe, mar shampla agus iad ag \u00e9ileamh an Chreidmheasa C\u00e1nach C\u00edosa.<\/p>\n\t\t\t\t\t\t\t<\/article>\n\t\t\t\t\t<\/div>\n\t<\/div>\n<\/section>\n\n\n<section id=\"more_than_one\" class=\"header-paragraph-block rtb-block  margin-top-xs margin-bottom-xs\">\n\t<div class=\"container\">\n\t\t<div class=\"content\">\n\t\t\t<article class=\"cms-content\">\n\t\t\t\t\t\t\t\t\t<h2>T\u00e1 n\u00edos m\u00f3 n\u00e1 tion\u00f3ntacht amh\u00e1in agam<\/h2>\n<p>M\u00e1s tiarna tal\u00fan ag a bhfuil roinnt tion\u00f3ntachta\u00ed th\u00fa, n\u00ed m\u00f3r duit a chinnti\u00fa go bhfuil gach tion\u00f3ntacht cl\u00e1raithe ina n-aonar. Is f\u00e9idir leat \u00e9 sin a bhainisti\u00fa tr\u00ed do <a href=\"https:\/\/portal.rtb.ie\/\">chuntas cl\u00e1r\u00fach\u00e1in<\/a>.<\/p>\n\t\t\t\t\t\t\t<\/article>\n\t\t\t\t\t<\/div>\n\t<\/div>\n<\/section>\n\n\n<section id=\"how_often\" class=\"header-paragraph-block rtb-block  margin-top-xs margin-bottom-default\">\n\t<div class=\"container\">\n\t\t<div class=\"content\">\n\t\t\t<article class=\"cms-content\">\n\t\t\t\t\t\t\t\t\t<h2>C\u00e9 chomh minic agus nach m\u00f3r tion\u00f3ntachta\u00ed a chl\u00e1r\u00fa?<\/h2>\n<p>N\u00ed m\u00f3r duit gach tion\u00f3ntacht a chl\u00e1r\u00fa:<\/p>\n<ul>\n<li>Nuair a thosa\u00edonn tion\u00f3ntacht nua: laistigh de 30 l\u00e1 \u00f3 dh\u00e1ta tosaithe na tion\u00f3ntachta.<\/li>\n<li>Gach bliain: ar chom\u00f3radh lae dh\u00e1ta tosaithe na tion\u00f3ntachta.<\/li>\n<\/ul>\n<p>N\u00ed m\u00f3r duit an cl\u00e1r\u00fa tion\u00f3ntachta a nuashonr\u00fa freisin nuair at\u00e1 athr\u00fa tagtha ar an gc\u00edos n\u00f3 ar mhionsonra\u00ed eile tion\u00f3ntachta. Mar shampla, i gc\u00e1s go mbeidh athr\u00fa tagtha ar roinnt tion\u00f3nta\u00ed ach go mbeidh duine amh\u00e1in ar a laghad de na tion\u00f3nta\u00ed bunaidh ag fanacht.<\/p>\n<p>L\u00e9igh tuilleadh faoi <a href=\"https:\/\/rtb.go-vip.net\/register-tenancies\/register-a-tenancy\/when-to-register\/\">cathain ba cheart cl\u00e1r\u00fa<\/a>.<\/p>\n\t\t\t\t\t\t\t<\/article>\n\t\t\t\t\t<\/div>\n\t<\/div>\n<\/section>","protected":false},"excerpt":{"rendered":"","protected":false},"author":11,"featured_media":0,"parent":168,"menu_order":0,"comment_status":"closed","ping_status":"closed","template":"","meta":{"_acf_changed":false,"inline_featured_image":false,"_relevanssi_hide_post":"","_relevanssi_hide_content":"","_relevanssi_pin_for_all":"","_relevanssi_pin_keywords":"","_relevanssi_unpin_keywords":"","_relevanssi_related_keywords":"","_relevanssi_related_include_ids":"","_relevanssi_related_exclude_ids":"","_relevanssi_related_no_append":"","_relevanssi_related_not_related":"","_relevanssi_related_posts":"1,1239","_relevanssi_noindex_reason":"","_trash_the_other_posts":false,"editor_notices":[],"footnotes":""},"class_list":["post-196","page","type-page","status-publish","hentry"],"acf":[],"jetpack_sharing_enabled":true,"publishpress_future_action":{"enabled":false,"date":"2026-05-16 05:49:21","action":"change-status","newStatus":"draft","terms":[],"taxonomy":"","extraData":[]},"publishpress_future_workflow_manual_trigger":{"enabledWorkflows":[]},"_links":{"self":[{"href":"https:\/\/rtb.ie\/ga\/wp-json\/wp\/v2\/pages\/196","targetHints":{"allow":["GET"]}}],"collection":[{"href":"https:\/\/rtb.ie\/ga\/wp-json\/wp\/v2\/pages"}],"about":[{"href":"https:\/\/rtb.ie\/ga\/wp-json\/wp\/v2\/types\/page"}],"author":[{"embeddable":true,"href":"https:\/\/rtb.ie\/ga\/wp-json\/wp\/v2\/users\/11"}],"replies":[{"embeddable":true,"href":"https:\/\/rtb.ie\/ga\/wp-json\/wp\/v2\/comments?post=196"}],"version-history":[{"count":81,"href":"https:\/\/rtb.ie\/ga\/wp-json\/wp\/v2\/pages\/196\/revisions"}],"predecessor-version":[{"id":53312,"href":"https:\/\/rtb.ie\/ga\/wp-json\/wp\/v2\/pages\/196\/revisions\/53312"}],"up":[{"embeddable":true,"href":"https:\/\/rtb.ie\/ga\/wp-json\/wp\/v2\/pages\/168"}],"wp:attachment":[{"href":"https:\/\/rtb.ie\/ga\/wp-json\/wp\/v2\/media?parent=196"}],"curies":[{"name":"wp","href":"https:\/\/api.w.org\/{rel}","templated":true}]}}