{"id":2497,"date":"2025-05-14T14:04:15","date_gmt":"2025-05-14T14:04:15","guid":{"rendered":"https:\/\/rtb.ie\/ga\/?page_id=2497"},"modified":"2025-07-04T09:36:08","modified_gmt":"2025-07-04T09:36:08","slug":"rental-sector-surveys","status":"publish","type":"page","link":"https:\/\/rtb.ie\/ga\/data-insights\/rtb-research-reports\/rental-sector-surveys\/","title":{"rendered":"Suirbh\u00e9 ar an earn\u00e1il c\u00edosa"},"content":{"rendered":"\n<div class=\"translation-notice no-print\">\n        <div class=\"inner container\">\n            <p><strong>Cuirfear aistri\u00fach\u00e1n ar f\u00e1il go luath<\/strong><\/p>\n            <p>\u00c1r leithsc\u00e9al as an m\u00edchaoithi\u00falacht. Cuirfear aistri\u00fach\u00e1n Gaeilge ar an leathanach seo ar f\u00e1il go luath. Go raibh maith agat as do chuid foighneachta agus muid ag obair ar leagan uasd\u00e1taithe.<\/p>\n        <\/div>\n    <\/div><section id=\"block-block_fb530412cabd948811b23339fe32837f\" class=\"header-block rtb-block colour-green margin-top-none margin-bottom-default\">\n    <div class=\"container\">\n        <nav class=\"breadcrumbs\" aria-label=\"breadcrumb\">\n    <span property=\"itemListElement\" typeof=\"ListItem\"><a property=\"item\" typeof=\"WebPage\" title=\"Go to Bord um Tion\u00f3ntachta\u00ed C\u00f3naithe.\" href=\"https:\/\/rtb.ie\/ga\" class=\"home\" aria-current=\"page\"><span property=\"name\"><i class=\"rtb-home-icon\"><\/i><\/span><\/a><meta property=\"position\" content=\"1\"><\/span><i class=\"rtb-chevron\"><\/i><\/nav>\n        \n        <div class=\"wrapper\">\n            <div class=\"content\">\n                            \n                <h1 class=\"heading-xl\">Suirbh\u00e9 ar an earn\u00e1il c\u00edosa<\/h1>\n                                            <\/div>\n            <!-- Temporary image: Remove after migrating illustrations to the illustration_selection field -->\n            \n                                    <div class=\"illustration fade-up\" aria-hidden=\"true\">\n                                                    <img decoding=\"async\" src=\"https:\/\/rtb.ie\/ga\/wp-content\/themes\/rtb\/assets\/images\/illustrations\/header-block\/header-illustration-green-a.svg\" alt=\"\" \/>\n                                            <\/div>\n                                    <\/div>\n\n    <\/div>\n<\/section>\n\n\n<section id=\"block-block_481fbac2c106e506b278584e27ebeda2\" class=\"header-paragraph-block rtb-block  margin-top-xs margin-bottom-xs\">\n\t<div class=\"container\">\n\t\t<div class=\"content\">\n\t\t\t<article class=\"cms-content\">\n\t\t\t\t\t\t\t\t\t<p>The RTB Rental Sector Surveys are one of the largest and most detailed studies ever conducted on Ireland\u2019s rental sector. The research was carried out by Am\u00e1rach research on behalf of the RTB.<\/p>\n<ul>\n<li>The surveys aim to improve what we know about:<\/li>\n<li>The profile of landlords, tenants and letting agents in the private rental sector<\/li>\n<li>The actions and intentions of private landlords and tenants<\/li>\n<li>What drives the behaviour of key stakeholders in the sector.<\/li>\n<\/ul>\n<p>The RTB has published two sets of survey data in 2021 and 2023. The aims to repeat the surveys to monitor trends in the sector over time.<\/p>\n\t\t\t\t\t\t\t<\/article>\n\t\t\t\t\t<\/div>\n\t<\/div>\n<\/section>\n\n\n<section id=\"block-block_a9b390dd11bf4f334c612d3c3969f175\" class=\"cards-links-block rtb-block margin-top-xs margin-bottom-xs\">\n    <div class=\"container\">\n        <div class=\"content\">\n                                        <div class=\"tiles\">\n                                            <div class=\"tile\">\n                                                            <header class=\"fade-in\">\n                                                                        <h2 class=\"\">Rental sector surveys 2022 -2023<\/h2>                                <\/header>\n                                                                                            <div class=\"intro fade-in\">\n                                    <p>Click below to view our reports. <\/p>                                <\/div>\n                                                                                        <div class=\"cms-content\">\n                                    <ul class=\"list-arrows\">\n                                                                                                                                    <li class=\"fade-in\"><a class=\"text-link\" href=\"https:\/\/rtb.ie\/ga\/wp-content\/uploads\/2025\/05\/RTB-Summary-Report-13.12.23.V1.pdf\" target=\"\">RTB Summary Report 13.12.23.V1<\/a><\/li>\n                                                                                                                                                                                <li class=\"fade-in\"><a class=\"text-link\" href=\"https:\/\/rtb.ie\/ga\/wp-content\/uploads\/2025\/05\/RTB-Technical-Appendix-2023-V1.pdf\" target=\"\">RTB Technical Appendix 2023 V1<\/a><\/li>\n                                                                                                                                                                                <li class=\"fade-in\"><a class=\"text-link\" href=\"https:\/\/rtb.ie\/ga\/wp-content\/uploads\/2025\/05\/RTB-Large-Landlord-Survey-2023-Report-13.12.23.V1.pdf\" target=\"\">RTB Large Landlord Survey 2023 Report 13.12.23.V1<\/a><\/li>\n                                                                                                                                                                                <li class=\"fade-in\"><a class=\"text-link\" href=\"https:\/\/rtb.ie\/ga\/wp-content\/uploads\/2025\/05\/RTB-Medium-Landlord-Survey-2023-Report-13.12.23.V1.pdf\" target=\"\">RTB Medium Landlord Survey 2023 Report 13.12.23.V1<\/a><\/li>\n                                                                                                                                                                                <li class=\"fade-in\"><a class=\"text-link\" href=\"https:\/\/rtb.ie\/ga\/wp-content\/uploads\/2025\/05\/RTB-Small-Landlord-Survey-2023-Report-13.12.23.V1.pdf\" target=\"\">RTB Small Landlord Survey 2023 Report 13.12.23.V1<\/a><\/li>\n                                                                                                                                                                                <li class=\"fade-in\"><a class=\"text-link\" href=\"https:\/\/rtb.ie\/ga\/wp-content\/uploads\/2025\/05\/RTB-Letting-Agent-Report-13.12.23.V1.pdf\" target=\"\">RTB Letting Agent Report 13.12.23.V1<\/a><\/li>\n                                                                                                                                                                                <li class=\"fade-in\"><a class=\"text-link\" href=\"https:\/\/rtb.ie\/ga\/wp-content\/uploads\/2025\/05\/RTB-Technical-Appendix-2023.pdf\" target=\"\">RTB Technical Appendix 2023<\/a><\/li>\n                                                                                                                        <\/ul>\n                                <\/div>\n                                                                                <\/div>\n                                    <\/div>\n                        \n        <\/div>\n    <\/div>\n<\/section>\n\n\n<section id=\"block-block_d386317a7121992b8d007ff80d37645b\" class=\"cards-links-block rtb-block margin-top-xs margin-bottom-default\">\n    <div class=\"container\">\n        <div class=\"content\">\n                                        <div class=\"tiles\">\n                                            <div class=\"tile\">\n                                                            <header class=\"fade-in\">\n                                                                        <h2 class=\"\">Rental sector surveys 2020-2021<\/h2>                                <\/header>\n                                                                                            <div class=\"intro fade-in\">\n                                    <p>Click below to view our reports. <\/p>                                <\/div>\n                                                                                        <div class=\"cms-content\">\n                                    <ul class=\"list-arrows\">\n                                                                                                                                    <li class=\"fade-in\"><a class=\"text-link\" href=\"https:\/\/rtb.ie\/ga\/wp-content\/uploads\/2025\/05\/RTB-Small-Landlord-Survey-2020-Report-Final.pdf\" target=\"\">RTB Small Landlord Survey 2020 Report &#8211; Final<\/a><\/li>\n                                                                                                                                                                                <li class=\"fade-in\"><a class=\"text-link\" href=\"https:\/\/rtb.ie\/ga\/wp-content\/uploads\/2025\/05\/RTB-Tenant-Survey-Report-July-2021.pdf\" target=\"\">RTB Tenant Survey Report July 2021<\/a><\/li>\n                                                                                                                                                                                <li class=\"fade-in\"><a class=\"text-link\" href=\"https:\/\/rtb.ie\/ga\/wp-content\/uploads\/2025\/05\/RTB-Technical-Appendix-Rental-Sector-Survey-August-2021.pdf\" target=\"\">RTB Technical Appendix &#8211; Rental Sector Survey August 2021<\/a><\/li>\n                                                                                                                                                                                <li class=\"fade-in\"><a class=\"text-link\" href=\"https:\/\/rtb.ie\/ga\/wp-content\/uploads\/2025\/05\/RTB-Large-Landlord-Report-July-2021.pdf\" target=\"\">RTB Large Landlord Report July 2021<\/a><\/li>\n                                                                                                                                                                                <li class=\"fade-in\"><a class=\"text-link\" href=\"https:\/\/rtb.ie\/ga\/wp-content\/uploads\/2025\/05\/RTB-Medium-Landlord-Report-July-2021.pdf\" target=\"\">RTB Medium Landlord Report July 2021<\/a><\/li>\n                                                                                                                                                                                <li class=\"fade-in\"><a class=\"text-link\" href=\"https:\/\/rtb.ie\/ga\/wp-content\/uploads\/2025\/05\/RTB-Small-Landlord-Survey-2020-Report-Final.pdf\" target=\"\">RTB Small Landlord Survey 2020 Report &#8211; Final<\/a><\/li>\n                                                                                                                                                                                <li class=\"fade-in\"><a class=\"text-link\" href=\"https:\/\/rtb.ie\/ga\/wp-content\/uploads\/2025\/05\/RTB-Letting-Agents-Report-July-2021.pdf\" target=\"\">RTB Letting Agents Report July 2021<\/a><\/li>\n                                                                                                                        <\/ul>\n                                <\/div>\n                                                                                <\/div>\n                                    <\/div>\n                        \n        <\/div>\n    <\/div>\n<\/section>","protected":false},"excerpt":{"rendered":"","protected":false},"author":6,"featured_media":0,"parent":182,"menu_order":2,"comment_status":"closed","ping_status":"closed","template":"","meta":{"_acf_changed":false,"inline_featured_image":false,"_relevanssi_hide_post":"","_relevanssi_hide_content":"","_relevanssi_pin_for_all":"","_relevanssi_pin_keywords":"","_relevanssi_unpin_keywords":"","_relevanssi_related_keywords":"","_relevanssi_related_include_ids":"","_relevanssi_related_exclude_ids":"","_relevanssi_related_no_append":"","_relevanssi_related_not_related":"","_relevanssi_related_posts":"","_relevanssi_noindex_reason":"","_trash_the_other_posts":false,"editor_notices":[],"footnotes":""},"class_list":["post-2497","page","type-page","status-publish","hentry"],"acf":[],"jetpack_sharing_enabled":true,"publishpress_future_action":{"enabled":false,"date":"2026-04-27 16:17:17","action":"change-status","newStatus":"draft","terms":[],"taxonomy":"","extraData":[]},"publishpress_future_workflow_manual_trigger":{"enabledWorkflows":[]},"_links":{"self":[{"href":"https:\/\/rtb.ie\/ga\/wp-json\/wp\/v2\/pages\/2497","targetHints":{"allow":["GET"]}}],"collection":[{"href":"https:\/\/rtb.ie\/ga\/wp-json\/wp\/v2\/pages"}],"about":[{"href":"https:\/\/rtb.ie\/ga\/wp-json\/wp\/v2\/types\/page"}],"author":[{"embeddable":true,"href":"https:\/\/rtb.ie\/ga\/wp-json\/wp\/v2\/users\/6"}],"replies":[{"embeddable":true,"href":"https:\/\/rtb.ie\/ga\/wp-json\/wp\/v2\/comments?post=2497"}],"version-history":[{"count":11,"href":"https:\/\/rtb.ie\/ga\/wp-json\/wp\/v2\/pages\/2497\/revisions"}],"predecessor-version":[{"id":51464,"href":"https:\/\/rtb.ie\/ga\/wp-json\/wp\/v2\/pages\/2497\/revisions\/51464"}],"up":[{"embeddable":true,"href":"https:\/\/rtb.ie\/ga\/wp-json\/wp\/v2\/pages\/182"}],"wp:attachment":[{"href":"https:\/\/rtb.ie\/ga\/wp-json\/wp\/v2\/media?parent=2497"}],"curies":[{"name":"wp","href":"https:\/\/api.w.org\/{rel}","templated":true}]}}