{"id":2499,"date":"2025-05-14T14:05:11","date_gmt":"2025-05-14T14:05:11","guid":{"rendered":"https:\/\/rtb.ie\/ga\/?page_id=2499"},"modified":"2025-07-04T09:36:37","modified_gmt":"2025-07-04T09:36:37","slug":"individual-property-level-analysis","status":"publish","type":"page","link":"https:\/\/rtb.ie\/ga\/data-insights\/rtb-research-reports\/individual-property-level-analysis\/","title":{"rendered":"Anail\u00eds ar leibh\u00e9al r\u00e9admhaoine aonair"},"content":{"rendered":"\n<div class=\"translation-notice no-print\">\n        <div class=\"inner container\">\n            <p><strong>Cuirfear aistri\u00fach\u00e1n ar f\u00e1il go luath<\/strong><\/p>\n            <p>\u00c1r leithsc\u00e9al as an m\u00edchaoithi\u00falacht. Cuirfear aistri\u00fach\u00e1n Gaeilge ar an leathanach seo ar f\u00e1il go luath. Go raibh maith agat as do chuid foighneachta agus muid ag obair ar leagan uasd\u00e1taithe.<\/p>\n        <\/div>\n    <\/div><section id=\"block-block_7d3ef413ef773554cfb41cc4957333fa\" class=\"header-block rtb-block colour-green margin-top-none margin-bottom-default\">\n    <div class=\"container\">\n        <nav class=\"breadcrumbs\" aria-label=\"breadcrumb\">\n    <span property=\"itemListElement\" typeof=\"ListItem\"><a property=\"item\" typeof=\"WebPage\" title=\"Go to Bord um Tion\u00f3ntachta\u00ed C\u00f3naithe.\" href=\"https:\/\/rtb.ie\/ga\" class=\"home\" aria-current=\"page\"><span property=\"name\"><i class=\"rtb-home-icon\"><\/i><\/span><\/a><meta property=\"position\" content=\"1\"><\/span><i class=\"rtb-chevron\"><\/i><\/nav>\n        \n        <div class=\"wrapper\">\n            <div class=\"content\">\n                            \n                <h1 class=\"heading-xl\">Anail\u00eds ar leibh\u00e9al r\u00e9admhaoine aonair<\/h1>\n                                            <\/div>\n            <!-- Temporary image: Remove after migrating illustrations to the illustration_selection field -->\n            \n                                    <div class=\"illustration fade-up\" aria-hidden=\"true\">\n                                                    <img decoding=\"async\" src=\"https:\/\/rtb.ie\/ga\/wp-content\/themes\/rtb\/assets\/images\/illustrations\/header-block\/header-illustration-green-a.svg\" alt=\"\" \/>\n                                            <\/div>\n                                    <\/div>\n\n    <\/div>\n<\/section>\n\n\n<section id=\"block-block_958779c37e23b591f63db1bdb8a0625a\" class=\"header-paragraph-block rtb-block  margin-top-xs margin-bottom-xs\">\n\t<div class=\"container\">\n\t\t<div class=\"content\">\n\t\t\t<article class=\"cms-content\">\n\t\t\t\t\t\t\t\t\t<p>&nbsp;<\/p>\n<p>The RTB commissioned the ESRI to conduct an Individual Property Level Analysis study for the first time in 2024. This study tracks the changes in rent reported for individual properties seen at least twice in RTB registration data from Q2 2022 to Q1 2024.<\/p>\n<p>While the RTB \/ ESRI Rent Index provides the most accurate picture of how the average rent paid by new and existing tenants is changing at a market level, findings from the Individual Property Level Analysis study provide important additional context on what is happening at an individual property level.<\/p>\n\t\t\t\t\t\t\t<\/article>\n\t\t\t\t\t<\/div>\n\t<\/div>\n<\/section>\n\n\n    <section id=\"block-block_f11dcb67760ec47ab82a36b6a4e12d3b\" class=\"cards-block rtb-block margin-top-xs margin-bottom-default\">\n        <div class=\"container\">\n            <div class=\"content\">\n                                    <article class=\"with-link\">\n                        <h2 class=\"heading-s\">Individual Property Level Analysis<\/h2>                                                <div class=\"footer\">\n                            <a class=\"text-link fade-in\" href=\"https:\/\/rtb.ie\/ga\/wp-content\/uploads\/2025\/05\/An_Assessment_of_Property_Level_Rental_Price_Growth_in_Ireland_Final.pdf\" target=\"\">View report<\/a>                        <\/div>\n                    <\/article>\n                            <\/div>\n        <\/div>\n    <\/section>\n","protected":false},"excerpt":{"rendered":"","protected":false},"author":6,"featured_media":0,"parent":182,"menu_order":3,"comment_status":"closed","ping_status":"closed","template":"","meta":{"_acf_changed":false,"inline_featured_image":false,"_relevanssi_hide_post":"","_relevanssi_hide_content":"","_relevanssi_pin_for_all":"","_relevanssi_pin_keywords":"","_relevanssi_unpin_keywords":"","_relevanssi_related_keywords":"","_relevanssi_related_include_ids":"","_relevanssi_related_exclude_ids":"","_relevanssi_related_no_append":"","_relevanssi_related_not_related":"","_relevanssi_related_posts":"","_relevanssi_noindex_reason":"","_trash_the_other_posts":false,"editor_notices":[],"footnotes":""},"class_list":["post-2499","page","type-page","status-publish","hentry"],"acf":[],"jetpack_sharing_enabled":true,"publishpress_future_action":{"enabled":false,"date":"2026-04-29 08:44:29","action":"change-status","newStatus":"draft","terms":[],"taxonomy":"","extraData":[]},"publishpress_future_workflow_manual_trigger":{"enabledWorkflows":[]},"_links":{"self":[{"href":"https:\/\/rtb.ie\/ga\/wp-json\/wp\/v2\/pages\/2499","targetHints":{"allow":["GET"]}}],"collection":[{"href":"https:\/\/rtb.ie\/ga\/wp-json\/wp\/v2\/pages"}],"about":[{"href":"https:\/\/rtb.ie\/ga\/wp-json\/wp\/v2\/types\/page"}],"author":[{"embeddable":true,"href":"https:\/\/rtb.ie\/ga\/wp-json\/wp\/v2\/users\/6"}],"replies":[{"embeddable":true,"href":"https:\/\/rtb.ie\/ga\/wp-json\/wp\/v2\/comments?post=2499"}],"version-history":[{"count":7,"href":"https:\/\/rtb.ie\/ga\/wp-json\/wp\/v2\/pages\/2499\/revisions"}],"predecessor-version":[{"id":51465,"href":"https:\/\/rtb.ie\/ga\/wp-json\/wp\/v2\/pages\/2499\/revisions\/51465"}],"up":[{"embeddable":true,"href":"https:\/\/rtb.ie\/ga\/wp-json\/wp\/v2\/pages\/182"}],"wp:attachment":[{"href":"https:\/\/rtb.ie\/ga\/wp-json\/wp\/v2\/media?parent=2499"}],"curies":[{"name":"wp","href":"https:\/\/api.w.org\/{rel}","templated":true}]}}