{"id":2510,"date":"2025-05-14T14:26:16","date_gmt":"2025-05-14T14:26:16","guid":{"rendered":"https:\/\/rtb.ie\/ga\/?page_id=2510"},"modified":"2025-07-04T09:45:01","modified_gmt":"2025-07-04T09:45:01","slug":"profile-of-the-register","status":"publish","type":"page","link":"https:\/\/rtb.ie\/ga\/data-insights\/rtb-data-hub\/profile-of-the-register\/","title":{"rendered":"Pr\u00f3if\u00edl na sraithe sonra\u00ed cl\u00e1ir"},"content":{"rendered":"\n<div class=\"translation-notice no-print\">\n        <div class=\"inner container\">\n            <p><strong>Cuirfear aistri\u00fach\u00e1n ar f\u00e1il go luath<\/strong><\/p>\n            <p>\u00c1r leithsc\u00e9al as an m\u00edchaoithi\u00falacht. Cuirfear aistri\u00fach\u00e1n Gaeilge ar an leathanach seo ar f\u00e1il go luath. Go raibh maith agat as do chuid foighneachta agus muid ag obair ar leagan uasd\u00e1taithe.<\/p>\n        <\/div>\n    <\/div><section id=\"block-block_175ac013f2347e9349de2413d84831e5\" class=\"header-block rtb-block colour-green margin-top-none margin-bottom-default\">\n    <div class=\"container\">\n        <nav class=\"breadcrumbs\" aria-label=\"breadcrumb\">\n    <span property=\"itemListElement\" typeof=\"ListItem\"><a property=\"item\" typeof=\"WebPage\" title=\"Go to Bord um Tion\u00f3ntachta\u00ed C\u00f3naithe.\" href=\"https:\/\/rtb.ie\/ga\" class=\"home\" aria-current=\"page\"><span property=\"name\"><i class=\"rtb-home-icon\"><\/i><\/span><\/a><meta property=\"position\" content=\"1\"><\/span><i class=\"rtb-chevron\"><\/i><\/nav>\n        \n        <div class=\"wrapper\">\n            <div class=\"content\">\n                            \n                <h1 class=\"heading-xl\">Pr\u00f3if\u00edl na sraithe sonra\u00ed cl\u00e1ir<\/h1>\n                <p>The RTB \u2018Profile of the Register\u2019 data series is the most authoritative and complete source of information on the size and profile of Ireland\u2019s rental sector.<\/p>                            <\/div>\n            <!-- Temporary image: Remove after migrating illustrations to the illustration_selection field -->\n            \n                                    <div class=\"illustration fade-up\" aria-hidden=\"true\">\n                                                    <img decoding=\"async\" src=\"https:\/\/rtb.ie\/ga\/wp-content\/themes\/rtb\/assets\/images\/illustrations\/header-block\/header-illustration-green-a.svg\" alt=\"\" \/>\n                                            <\/div>\n                                    <\/div>\n\n    <\/div>\n<\/section>\n\n\n<section id=\"block-block_f1ec36d6452bd4b1a39a6c1fec7d156e\" class=\"header-paragraph-block rtb-block  margin-top-xs margin-bottom-xs\">\n\t<div class=\"container\">\n\t\t<div class=\"content\">\n\t\t\t<article class=\"cms-content\">\n\t\t\t\t\t\t\t\t\t<p>The series tracks the number of private and Approved Housing Body tenancies registered with the RTB at the end of each quarter from Q2 2023. The data can be broken down by county, Local Authority, Local Electoral Area, dwelling type, dwelling size and landlord size.<\/p>\n\t\t\t\t\t\t\t<\/article>\n\t\t\t\t\t<\/div>\n\t<\/div>\n<\/section>\n\n\n    <section id=\"block-block_8bdb4330810ac1f68bcaf6d4fb991cfb\" class=\"cards-block rtb-block margin-top-none margin-bottom-default\">\n        <div class=\"container\">\n            <div class=\"content\">\n                                    <article class=\"with-link\">\n                        <h2 class=\"heading-s\">Private residential tenancies<\/h2>                        <p>These data sets show private tenancies registered with the RTB at the end of each quarter from Q2 2023.<\/p>\n                        <div class=\"footer\">\n                            <a class=\"text-link fade-in\" href=\"https:\/\/rtb.ie\/ga\/data-insights\/rtb-data-hub\/profile-of-the-register\/private-residential-tenancies-data-set\/\" target=\"\">Private residential tenancies \u2013 data set<\/a>                        <\/div>\n                    <\/article>\n                                    <article class=\"with-link\">\n                        <h2 class=\"heading-s\">Approved housing bodies tenancies &#8211; data set<\/h2>                        <p>These data sets show Approved Housing Body tenancies registered with the RTB at the end of each quarter from Q2 2023.<\/p>\n                        <div class=\"footer\">\n                            <a class=\"text-link fade-in\" href=\"https:\/\/rtb.ie\/ga\/data-insights\/rtb-data-hub\/profile-of-the-register\/approved-housing-body-tenancies-data-set\/\" target=\"\">Approved Housing Body tenancies\u00a0\u2013 data set<\/a>                        <\/div>\n                    <\/article>\n                                    <article class=\"with-link\">\n                        <h2 class=\"heading-s\">Student specific accommodation tenancies &#8211; data set<\/h2>                        <p>The chart shows all SSA tenancies registered with the RTB at the end of each year since 2019.<\/p>\n                        <div class=\"footer\">\n                            <a class=\"text-link fade-in\" href=\"https:\/\/rtb.ie\/ga\/data-insights\/rtb-data-hub\/profile-of-the-register\/student-specific-accommodation-tenancies-data-set\/\" target=\"\">Student specific accommodation tenancies \u2013 data set<\/a>                        <\/div>\n                    <\/article>\n                                    <article class=\"\">\n                        <h2 class=\"heading-s\">Cost rental tenancies<\/h2>                        <p>The section will show information on cost rental tenancies registered with the RTB -more information coming soon.<\/p>\n                        <div class=\"footer\">\n                                                    <\/div>\n                    <\/article>\n                            <\/div>\n        <\/div>\n    <\/section>\n","protected":false},"excerpt":{"rendered":"","protected":false},"author":6,"featured_media":0,"parent":184,"menu_order":1,"comment_status":"closed","ping_status":"closed","template":"","meta":{"_acf_changed":false,"inline_featured_image":false,"_relevanssi_hide_post":"","_relevanssi_hide_content":"","_relevanssi_pin_for_all":"","_relevanssi_pin_keywords":"","_relevanssi_unpin_keywords":"","_relevanssi_related_keywords":"","_relevanssi_related_include_ids":"","_relevanssi_related_exclude_ids":"","_relevanssi_related_no_append":"","_relevanssi_related_not_related":"","_relevanssi_related_posts":"1,1239","_relevanssi_noindex_reason":"","_trash_the_other_posts":false,"editor_notices":[],"footnotes":""},"class_list":["post-2510","page","type-page","status-publish","hentry"],"acf":[],"jetpack_sharing_enabled":true,"publishpress_future_action":{"enabled":false,"date":"2026-04-30 10:00:45","action":"change-status","newStatus":"draft","terms":[],"taxonomy":"","extraData":[]},"publishpress_future_workflow_manual_trigger":{"enabledWorkflows":[]},"_links":{"self":[{"href":"https:\/\/rtb.ie\/ga\/wp-json\/wp\/v2\/pages\/2510","targetHints":{"allow":["GET"]}}],"collection":[{"href":"https:\/\/rtb.ie\/ga\/wp-json\/wp\/v2\/pages"}],"about":[{"href":"https:\/\/rtb.ie\/ga\/wp-json\/wp\/v2\/types\/page"}],"author":[{"embeddable":true,"href":"https:\/\/rtb.ie\/ga\/wp-json\/wp\/v2\/users\/6"}],"replies":[{"embeddable":true,"href":"https:\/\/rtb.ie\/ga\/wp-json\/wp\/v2\/comments?post=2510"}],"version-history":[{"count":10,"href":"https:\/\/rtb.ie\/ga\/wp-json\/wp\/v2\/pages\/2510\/revisions"}],"predecessor-version":[{"id":51467,"href":"https:\/\/rtb.ie\/ga\/wp-json\/wp\/v2\/pages\/2510\/revisions\/51467"}],"up":[{"embeddable":true,"href":"https:\/\/rtb.ie\/ga\/wp-json\/wp\/v2\/pages\/184"}],"wp:attachment":[{"href":"https:\/\/rtb.ie\/ga\/wp-json\/wp\/v2\/media?parent=2510"}],"curies":[{"name":"wp","href":"https:\/\/api.w.org\/{rel}","templated":true}]}}