{"id":2512,"date":"2025-05-14T14:27:22","date_gmt":"2025-05-14T14:27:22","guid":{"rendered":"https:\/\/rtb.ie\/ga\/?page_id=2512"},"modified":"2025-07-04T09:46:08","modified_gmt":"2025-07-04T09:46:08","slug":"dispute-applications","status":"publish","type":"page","link":"https:\/\/rtb.ie\/ga\/data-insights\/rtb-data-hub\/dispute-applications\/","title":{"rendered":"Iarratais d\u00edosp\u00f3ide"},"content":{"rendered":"\n<div class=\"translation-notice no-print\">\n        <div class=\"inner container\">\n            <p><strong>Cuirfear aistri\u00fach\u00e1n ar f\u00e1il go luath<\/strong><\/p>\n            <p>\u00c1r leithsc\u00e9al as an m\u00edchaoithi\u00falacht. Cuirfear aistri\u00fach\u00e1n Gaeilge ar an leathanach seo ar f\u00e1il go luath. Go raibh maith agat as do chuid foighneachta agus muid ag obair ar leagan uasd\u00e1taithe.<\/p>\n        <\/div>\n    <\/div><section id=\"block-block_6b599e82dc2309685fc765cb2352c8ef\" class=\"header-block rtb-block colour-green margin-top-none margin-bottom-default\">\n    <div class=\"container\">\n        <nav class=\"breadcrumbs\" aria-label=\"breadcrumb\">\n    <span property=\"itemListElement\" typeof=\"ListItem\"><a property=\"item\" typeof=\"WebPage\" title=\"Go to Bord um Tion\u00f3ntachta\u00ed C\u00f3naithe.\" href=\"https:\/\/rtb.ie\/ga\" class=\"home\" aria-current=\"page\"><span property=\"name\"><i class=\"rtb-home-icon\"><\/i><\/span><\/a><meta property=\"position\" content=\"1\"><\/span><i class=\"rtb-chevron\"><\/i><\/nav>\n        \n        <div class=\"wrapper\">\n            <div class=\"content\">\n                            \n                <h1 class=\"heading-xl\">Iarratais d\u00edosp\u00f3ide<\/h1>\n                                            <\/div>\n            <!-- Temporary image: Remove after migrating illustrations to the illustration_selection field -->\n                            <div class=\"illustration fade-up\">\n                    <img loading=\"lazy\" decoding=\"async\" width=\"1024\" height=\"1\" src=\"https:\/\/rtb.ie\/wp-content\/uploads\/2025\/04\/header-illustration-2.svg\" class=\"attachment-full size-full\" alt=\"\" \/>                <\/div>\n                    <\/div>\n\n    <\/div>\n<\/section>\n\n\n<section id=\"block-block_566e978639f709ced431c804c0f4736b\" class=\"header-paragraph-block rtb-block  margin-top-xs margin-bottom-xs\">\n\t<div class=\"container\">\n\t\t<div class=\"content\">\n\t\t\t<article class=\"cms-content\">\n\t\t\t\t\t\t\t\t\t<h2>RTB Dispute Resolution Service Statistics<\/h2>\n<p>Data from the RTB\u2019s Dispute Resolution Service reflects changes in Ireland\u2019s rental market over time. It shows who is applying for dispute resolution and why, and if dispute applications are going up or coming down.<\/p>\n\t\t\t\t\t\t\t<\/article>\n\t\t\t\t\t<\/div>\n\t<\/div>\n<\/section>\n\n\n<section id=\"block-block_a2db7d96fab91e0dd7adc426e8ba60a8\" class=\"header-paragraph-block rtb-block  margin-top-xs margin-bottom-xs\">\n\t<div class=\"container\">\n\t\t<div class=\"content\">\n\t\t\t<article class=\"cms-content\">\n\t\t\t\t\t\t\t\t\t<div class=\"infogram-embed\" data-id=\"_\/wsGwlPbwx9GphweOOTuI\" data-type=\"interactive\" data-title=\"Disputes Figure 1\"><\/div>\n<p>!function(e,n,i,s){<br \/>\nvar d = &#8220;InfogramEmbeds&#8221;;<br \/>\nvar o = e.getElementsByTagName(n)[0];<br \/>\nif (window[d] &amp;&amp; window[d].initialized)<br \/>\nwindow[d].process &amp;&amp; window[d].process();<br \/>\nelse if (!e.getElementById(i)) {<br \/>\nvar r = e.createElement(n);<br \/>\nr.async = 1;<br \/>\nr.id = i;<br \/>\nr.src = s;<br \/>\no.parentNode.insertBefore(r, o);<br \/>\n}<br \/>\n}(document, &#8220;script&#8221;, &#8220;infogram-async&#8221;, &#8220;https:\/\/e.infogram.com\/js\/dist\/embed-loader-min.js&#8221;);<\/p>\n\t\t\t\t\t\t\t<\/article>\n\t\t\t\t\t<\/div>\n\t<\/div>\n<\/section>\n\n\n    <section id=\"block-block_b3a937a794ff284daa74f0fc912c14ee\" class=\"cards-block rtb-block margin-top-xs margin-bottom-s\">\n        <div class=\"container\">\n            <div class=\"content\">\n                                    <article class=\"with-link\">\n                                                <p>RTB Disputes Figure 1 (XLSX, 53kb)<\/p>\n                        <div class=\"footer\">\n                            <a class=\"text-link fade-in\" href=\"https:\/\/rtb.ie\/ga\/wp-content\/uploads\/2025\/06\/RTB-Dispute-Figure-1.xlsx\" target=\"\">Download<\/a>                        <\/div>\n                    <\/article>\n                            <\/div>\n        <\/div>\n    <\/section>\n\n\n\n<section id=\"block-block_84d2ab3d7266fe45d81745422729c638\" class=\"header-paragraph-block rtb-block  margin-top-xs margin-bottom-xs\">\n\t<div class=\"container\">\n\t\t<div class=\"content\">\n\t\t\t<article class=\"cms-content\">\n\t\t\t\t\t\t\t\t\t<div class=\"infogram-embed\" data-id=\"_\/7L5HtOPVUPAtzyheLK3x\" data-type=\"interactive\" data-title=\"Disputes Figure 2\"><\/div>\n<p>!function(e,n,i,s){<br \/>\nvar d = &#8220;InfogramEmbeds&#8221;;<br \/>\nvar o = e.getElementsByTagName(n)[0];<br \/>\nif (window[d] &amp;&amp; window[d].initialized)<br \/>\nwindow[d].process &amp;&amp; window[d].process();<br \/>\nelse if (!e.getElementById(i)) {<br \/>\nvar r = e.createElement(n);<br \/>\nr.async = 1;<br \/>\nr.id = i;<br \/>\nr.src = s;<br \/>\no.parentNode.insertBefore(r, o);<br \/>\n}<br \/>\n}(document, &#8220;script&#8221;, &#8220;infogram-async&#8221;, &#8220;https:\/\/e.infogram.com\/js\/dist\/embed-loader-min.js&#8221;);<\/p>\n\t\t\t\t\t\t\t<\/article>\n\t\t\t\t\t<\/div>\n\t<\/div>\n<\/section>\n\n\n    <section id=\"block-block_15b4986045e980c7d9948894ea243a9a\" class=\"cards-block rtb-block margin-top-xs margin-bottom-s\">\n        <div class=\"container\">\n            <div class=\"content\">\n                                    <article class=\"with-link\">\n                                                <p>RTB Disputes Figure 2 (XLSX, 34kb)<\/p>\n                        <div class=\"footer\">\n                            <a class=\"text-link fade-in\" href=\"https:\/\/rtb.ie\/ga\/wp-content\/uploads\/2025\/06\/RTB-Disputes-Figure-2.xlsx\" target=\"\">Download<\/a>                        <\/div>\n                    <\/article>\n                            <\/div>\n        <\/div>\n    <\/section>\n\n\n\n<section id=\"block-block_8839f4cfa875c59d8361aab8fd57fce3\" class=\"header-paragraph-block rtb-block  margin-top-xs margin-bottom-xs\">\n\t<div class=\"container\">\n\t\t<div class=\"content\">\n\t\t\t<article class=\"cms-content\">\n\t\t\t\t\t\t\t\t\t<div class=\"infogram-embed\" data-id=\"_\/K5ZuBjbJsJQL8zE7OzHX\" data-type=\"interactive\" data-title=\"Dispute Figure 3\"><\/div>\n<p>!function(e,n,i,s){<br \/>\nvar d = &#8220;InfogramEmbeds&#8221;;<br \/>\nvar o = e.getElementsByTagName(n)[0];<br \/>\nif (window[d] &amp;&amp; window[d].initialized)<br \/>\nwindow[d].process &amp;&amp; window[d].process();<br \/>\nelse if (!e.getElementById(i)) {<br \/>\nvar r = e.createElement(n);<br \/>\nr.async = 1;<br \/>\nr.id = i;<br \/>\nr.src = s;<br \/>\no.parentNode.insertBefore(r, o);<br \/>\n}<br \/>\n}(document, &#8220;script&#8221;, &#8220;infogram-async&#8221;, &#8220;https:\/\/e.infogram.com\/js\/dist\/embed-loader-min.js&#8221;);<\/p>\n\t\t\t\t\t\t\t<\/article>\n\t\t\t\t\t<\/div>\n\t<\/div>\n<\/section>\n\n\n    <section id=\"block-block_58a7312c683cf86dcefc7ef69d81d6ea\" class=\"cards-block rtb-block margin-top-xs margin-bottom-s\">\n        <div class=\"container\">\n            <div class=\"content\">\n                                    <article class=\"with-link\">\n                                                <p>RTB Disputes Figure 3 (XLSX, 56kb)<\/p>\n                        <div class=\"footer\">\n                            <a class=\"text-link fade-in\" href=\"https:\/\/rtb.ie\/ga\/wp-content\/uploads\/2025\/06\/RTB-Disputes-Figure-3.xlsx\" target=\"\">Download<\/a>                        <\/div>\n                    <\/article>\n                            <\/div>\n        <\/div>\n    <\/section>\n\n\n\n<section id=\"block-block_379e6de9609c1b3694f82711dc729253\" class=\"header-paragraph-block rtb-block  margin-top-xs margin-bottom-default\">\n\t<div class=\"container\">\n\t\t<div class=\"content\">\n\t\t\t<article class=\"cms-content\">\n\t\t\t\t\t\t\t\t\t<div class=\"infogram-embed\" data-id=\"_\/RoobJLx0URlVTnHq8lBx\" data-type=\"interactive\" data-title=\"Disputes Figure 4\"><\/div>\n<p>!function(e,n,i,s){<br \/>\nvar d = &#8220;InfogramEmbeds&#8221;;<br \/>\nvar o = e.getElementsByTagName(n)[0];<br \/>\nif (window[d] &amp;&amp; window[d].initialized)<br \/>\nwindow[d].process &amp;&amp; window[d].process();<br \/>\nelse if (!e.getElementById(i)) {<br \/>\nvar r = e.createElement(n);<br \/>\nr.async = 1;<br \/>\nr.id = i;<br \/>\nr.src = s;<br \/>\no.parentNode.insertBefore(r, o);<br \/>\n}<br \/>\n}(document, &#8220;script&#8221;, &#8220;infogram-async&#8221;, &#8220;https:\/\/e.infogram.com\/js\/dist\/embed-loader-min.js&#8221;);<\/p>\n\t\t\t\t\t\t\t<\/article>\n\t\t\t\t\t<\/div>\n\t<\/div>\n<\/section>\n\n\n    <section id=\"block-block_d2c8b878558d1d4653409f9d316d36e2\" class=\"cards-block rtb-block margin-top-xs margin-bottom-default\">\n        <div class=\"container\">\n            <div class=\"content\">\n                                    <article class=\"with-link\">\n                                                <p>RTB Disputes Figure 4 (XLSX, 16kb)<\/p>\n                        <div class=\"footer\">\n                            <a class=\"text-link fade-in\" href=\"https:\/\/rtb.ie\/ga\/wp-content\/uploads\/2025\/06\/RTB-Disputes-Figure-4.xlsx\" target=\"\">Download<\/a>                        <\/div>\n                    <\/article>\n                            <\/div>\n        <\/div>\n    <\/section>\n","protected":false},"excerpt":{"rendered":"","protected":false},"author":6,"featured_media":0,"parent":184,"menu_order":3,"comment_status":"closed","ping_status":"closed","template":"","meta":{"_acf_changed":false,"inline_featured_image":false,"_relevanssi_hide_post":"","_relevanssi_hide_content":"","_relevanssi_pin_for_all":"","_relevanssi_pin_keywords":"","_relevanssi_unpin_keywords":"","_relevanssi_related_keywords":"","_relevanssi_related_include_ids":"","_relevanssi_related_exclude_ids":"","_relevanssi_related_no_append":"","_relevanssi_related_not_related":"","_relevanssi_related_posts":"1,1239","_relevanssi_noindex_reason":"","_trash_the_other_posts":false,"editor_notices":[],"footnotes":""},"class_list":["post-2512","page","type-page","status-publish","hentry"],"acf":[],"jetpack_sharing_enabled":true,"publishpress_future_action":{"enabled":false,"date":"2026-04-30 09:55:42","action":"change-status","newStatus":"draft","terms":[],"taxonomy":"","extraData":[]},"publishpress_future_workflow_manual_trigger":{"enabledWorkflows":[]},"_links":{"self":[{"href":"https:\/\/rtb.ie\/ga\/wp-json\/wp\/v2\/pages\/2512","targetHints":{"allow":["GET"]}}],"collection":[{"href":"https:\/\/rtb.ie\/ga\/wp-json\/wp\/v2\/pages"}],"about":[{"href":"https:\/\/rtb.ie\/ga\/wp-json\/wp\/v2\/types\/page"}],"author":[{"embeddable":true,"href":"https:\/\/rtb.ie\/ga\/wp-json\/wp\/v2\/users\/6"}],"replies":[{"embeddable":true,"href":"https:\/\/rtb.ie\/ga\/wp-json\/wp\/v2\/comments?post=2512"}],"version-history":[{"count":21,"href":"https:\/\/rtb.ie\/ga\/wp-json\/wp\/v2\/pages\/2512\/revisions"}],"predecessor-version":[{"id":52188,"href":"https:\/\/rtb.ie\/ga\/wp-json\/wp\/v2\/pages\/2512\/revisions\/52188"}],"up":[{"embeddable":true,"href":"https:\/\/rtb.ie\/ga\/wp-json\/wp\/v2\/pages\/184"}],"wp:attachment":[{"href":"https:\/\/rtb.ie\/ga\/wp-json\/wp\/v2\/media?parent=2512"}],"curies":[{"name":"wp","href":"https:\/\/api.w.org\/{rel}","templated":true}]}}