{"id":2514,"date":"2025-05-14T14:28:30","date_gmt":"2025-05-14T14:28:30","guid":{"rendered":"https:\/\/rtb.ie\/ga\/?page_id=2514"},"modified":"2025-07-04T09:48:05","modified_gmt":"2025-07-04T09:48:05","slug":"rpz-exemptions","status":"publish","type":"page","link":"https:\/\/rtb.ie\/ga\/data-insights\/rtb-data-hub\/rpz-exemptions\/","title":{"rendered":"D\u00edol\u00faint\u00ed RPZ"},"content":{"rendered":"\n<div class=\"translation-notice no-print\">\n        <div class=\"inner container\">\n            <p><strong>Cuirfear aistri\u00fach\u00e1n ar f\u00e1il go luath<\/strong><\/p>\n            <p>\u00c1r leithsc\u00e9al as an m\u00edchaoithi\u00falacht. Cuirfear aistri\u00fach\u00e1n Gaeilge ar an leathanach seo ar f\u00e1il go luath. Go raibh maith agat as do chuid foighneachta agus muid ag obair ar leagan uasd\u00e1taithe.<\/p>\n        <\/div>\n    <\/div><section id=\"block-block_ed2b8f046030e5ae979280ddcd1e5bb7\" class=\"header-block rtb-block colour-green margin-top-none margin-bottom-default\">\n    <div class=\"container\">\n        <nav class=\"breadcrumbs\" aria-label=\"breadcrumb\">\n    <span property=\"itemListElement\" typeof=\"ListItem\"><a property=\"item\" typeof=\"WebPage\" title=\"Go to Bord um Tion\u00f3ntachta\u00ed C\u00f3naithe.\" href=\"https:\/\/rtb.ie\/ga\" class=\"home\" aria-current=\"page\"><span property=\"name\"><i class=\"rtb-home-icon\"><\/i><\/span><\/a><meta property=\"position\" content=\"1\"><\/span><i class=\"rtb-chevron\"><\/i><\/nav>\n        \n        <div class=\"wrapper\">\n            <div class=\"content\">\n                            \n                <h1 class=\"heading-xl\">D\u00edol\u00faint\u00ed RPZ<\/h1>\n                                            <\/div>\n            <!-- Temporary image: Remove after migrating illustrations to the illustration_selection field -->\n                            <div class=\"illustration fade-up\">\n                    <img loading=\"lazy\" decoding=\"async\" width=\"1024\" height=\"1\" src=\"https:\/\/rtb.ie\/wp-content\/uploads\/2025\/04\/header-illustration-2.svg\" class=\"attachment-full size-full\" alt=\"\" \/>                <\/div>\n                    <\/div>\n\n    <\/div>\n<\/section>\n\n\n<section id=\"block-block_9eb5db8f7fc5a7ee37eff855c1830620\" class=\"header-paragraph-block rtb-block  margin-top-xs margin-bottom-xs\">\n\t<div class=\"container\">\n\t\t<div class=\"content\">\n\t\t\t<article class=\"cms-content\">\n\t\t\t\t\t\t\t\t\t<p>In a Rent Pressure Zone (RPZ) rents cannot be increased by more than 2% per year, or by the rate of inflation if this is lower. Some properties in RPZ areas are exempt from rent caps. These include:<\/p>\n<ul>\n<li>A property that has not been rented for two years before the new tenancy start date.<\/li>\n<li>A property that is a protected or proposed protected structure and has not been rented for 12 months before the new tenancy start date.<\/li>\n<li>A property that has undergone a \u2018substantial change in the nature of accommodation\u2019.<\/li>\n<\/ul>\n<p>If a landlord wants to claim an RPZ exemption, they must submit an RPZ Exemption Form and relevant proof to the RTB within one month of when they set a new rent for the tenancy.<\/p>\n\t\t\t\t\t\t\t<\/article>\n\t\t\t\t\t<\/div>\n\t<\/div>\n<\/section>\n\n\n<section id=\"block-block_1ff4a6a2954f0dc2272b0f15b7cf860e\" class=\"header-paragraph-block rtb-block  margin-top-xs margin-bottom-xs\">\n\t<div class=\"container\">\n\t\t<div class=\"content\">\n\t\t\t<article class=\"cms-content\">\n\t\t\t\t\t\t\t\t\t<div class=\"infogram-embed\" data-id=\"_\/s3VG5v7HWJEX6B1KwPqd\" data-type=\"interactive\" data-title=\"RPZ Figure 1\"><\/div>\n<p>!function(e,n,i,s){var d=&#8221;InfogramEmbeds&#8221;;var o=e.getElementsByTagName(n)[0];if(window[d] &amp;&amp; window[d].initialized)window[d].process &amp;&amp; window[d].process();else if(!e.getElementById(i)){var r=e.createElement(n);r.async=1,r.id=i,r.src=s,o.parentNode.insertBefore(r,o)}}(document,&#8221;script&#8221;,&#8221;infogram-async&#8221;,&#8221;https:\/\/e.infogram.com\/js\/dist\/embed-loader-min.js&#8221;);<\/p>\n\t\t\t\t\t\t\t<\/article>\n\t\t\t\t\t<\/div>\n\t<\/div>\n<\/section>\n\n\n    <section id=\"block-block_7ca43b1d625ff9a524e8c3e1c1f0ea2d\" class=\"cards-block rtb-block margin-top-xs margin-bottom-s\">\n        <div class=\"container\">\n            <div class=\"content\">\n                                    <article class=\"with-link\">\n                                                <p>RPZ Figure 1 (XLSX, 16kb)<\/p>\n                        <div class=\"footer\">\n                            <a class=\"text-link fade-in\" href=\"https:\/\/rtb.ie\/ga\/wp-content\/uploads\/2025\/06\/RPZ-Figure-1.xlsx\" target=\"\">Download<\/a>                        <\/div>\n                    <\/article>\n                            <\/div>\n        <\/div>\n    <\/section>\n\n\n\n<section id=\"block-block_79963f8b4619c81c8f0f69e6159eb4e1\" class=\"header-paragraph-block rtb-block  margin-top-xs margin-bottom-default\">\n\t<div class=\"container\">\n\t\t<div class=\"content\">\n\t\t\t<article class=\"cms-content\">\n\t\t\t\t\t\t\t\t\t<div class=\"infogram-embed\" data-id=\"_\/S5dJspqROrQBl4qvigCo\" data-type=\"interactive\" data-title=\"RPZ Figure 2\"><\/div>\n<p>!function(e,n,i,s){var d=&#8221;InfogramEmbeds&#8221;;var o=e.getElementsByTagName(n)[0];if(window[d] &amp;&amp; window[d].initialized)window[d].process &amp;&amp; window[d].process();else if(!e.getElementById(i)){var r=e.createElement(n);r.async=1,r.id=i,r.src=s,o.parentNode.insertBefore(r,o)}}(document,&#8221;script&#8221;,&#8221;infogram-async&#8221;,&#8221;https:\/\/e.infogram.com\/js\/dist\/embed-loader-min.js&#8221;);<\/p>\n\t\t\t\t\t\t\t<\/article>\n\t\t\t\t\t<\/div>\n\t<\/div>\n<\/section>\n\n\n    <section id=\"block-block_69a83ab478125a34ac6592b3a948232f\" class=\"cards-block rtb-block margin-top-xs margin-bottom-s\">\n        <div class=\"container\">\n            <div class=\"content\">\n                                    <article class=\"with-link\">\n                                                <p>RPZ Figure 2 (XLSX, 19kb)<\/p>\n                        <div class=\"footer\">\n                            <a class=\"text-link fade-in\" href=\"https:\/\/rtb.ie\/ga\/wp-content\/uploads\/2025\/06\/RPZ-Figure-2.xlsx\" target=\"\">Download<\/a>                        <\/div>\n                    <\/article>\n                            <\/div>\n        <\/div>\n    <\/section>\n","protected":false},"excerpt":{"rendered":"","protected":false},"author":6,"featured_media":0,"parent":184,"menu_order":4,"comment_status":"closed","ping_status":"closed","template":"","meta":{"_acf_changed":false,"inline_featured_image":false,"_relevanssi_hide_post":"","_relevanssi_hide_content":"","_relevanssi_pin_for_all":"","_relevanssi_pin_keywords":"","_relevanssi_unpin_keywords":"","_relevanssi_related_keywords":"","_relevanssi_related_include_ids":"","_relevanssi_related_exclude_ids":"","_relevanssi_related_no_append":"","_relevanssi_related_not_related":"","_relevanssi_related_posts":"","_relevanssi_noindex_reason":"","_trash_the_other_posts":false,"editor_notices":[],"footnotes":""},"class_list":["post-2514","page","type-page","status-publish","hentry"],"acf":[],"jetpack_sharing_enabled":true,"publishpress_future_action":{"enabled":false,"date":"2026-05-01 10:03:07","action":"change-status","newStatus":"draft","terms":[],"taxonomy":"","extraData":[]},"publishpress_future_workflow_manual_trigger":{"enabledWorkflows":[]},"_links":{"self":[{"href":"https:\/\/rtb.ie\/ga\/wp-json\/wp\/v2\/pages\/2514","targetHints":{"allow":["GET"]}}],"collection":[{"href":"https:\/\/rtb.ie\/ga\/wp-json\/wp\/v2\/pages"}],"about":[{"href":"https:\/\/rtb.ie\/ga\/wp-json\/wp\/v2\/types\/page"}],"author":[{"embeddable":true,"href":"https:\/\/rtb.ie\/ga\/wp-json\/wp\/v2\/users\/6"}],"replies":[{"embeddable":true,"href":"https:\/\/rtb.ie\/ga\/wp-json\/wp\/v2\/comments?post=2514"}],"version-history":[{"count":9,"href":"https:\/\/rtb.ie\/ga\/wp-json\/wp\/v2\/pages\/2514\/revisions"}],"predecessor-version":[{"id":52189,"href":"https:\/\/rtb.ie\/ga\/wp-json\/wp\/v2\/pages\/2514\/revisions\/52189"}],"up":[{"embeddable":true,"href":"https:\/\/rtb.ie\/ga\/wp-json\/wp\/v2\/pages\/184"}],"wp:attachment":[{"href":"https:\/\/rtb.ie\/ga\/wp-json\/wp\/v2\/media?parent=2514"}],"curies":[{"name":"wp","href":"https:\/\/api.w.org\/{rel}","templated":true}]}}