{"id":2516,"date":"2025-05-14T14:30:34","date_gmt":"2025-05-14T14:30:34","guid":{"rendered":"https:\/\/rtb.ie\/ga\/?page_id=2516"},"modified":"2025-07-04T09:46:54","modified_gmt":"2025-07-04T09:46:54","slug":"notices-of-termination","status":"publish","type":"page","link":"https:\/\/rtb.ie\/ga\/data-insights\/rtb-data-hub\/notices-of-termination\/","title":{"rendered":"F\u00f3gra\u00ed foirceanta"},"content":{"rendered":"\n<div class=\"translation-notice no-print\">\n        <div class=\"inner container\">\n            <p><strong>Cuirfear aistri\u00fach\u00e1n ar f\u00e1il go luath<\/strong><\/p>\n            <p>\u00c1r leithsc\u00e9al as an m\u00edchaoithi\u00falacht. Cuirfear aistri\u00fach\u00e1n Gaeilge ar an leathanach seo ar f\u00e1il go luath. Go raibh maith agat as do chuid foighneachta agus muid ag obair ar leagan uasd\u00e1taithe.<\/p>\n        <\/div>\n    <\/div><section id=\"block-block_a4203ee1e740329365ddf3dd52246e54\" class=\"header-block rtb-block colour-green text-full-width margin-top-none margin-bottom-default\">\n    <div class=\"container\">\n        <nav class=\"breadcrumbs\" aria-label=\"breadcrumb\">\n    <span property=\"itemListElement\" typeof=\"ListItem\"><a property=\"item\" typeof=\"WebPage\" title=\"Go to Bord um Tion\u00f3ntachta\u00ed C\u00f3naithe.\" href=\"https:\/\/rtb.ie\/ga\" class=\"home\" aria-current=\"page\"><span property=\"name\"><i class=\"rtb-home-icon\"><\/i><\/span><\/a><meta property=\"position\" content=\"1\"><\/span><i class=\"rtb-chevron\"><\/i><\/nav>\n        \n        <div class=\"wrapper\">\n            <div class=\"content\">\n                            \n                <h1 class=\"heading-xl\">F\u00f3gra\u00ed foirceanta Q2 2023 to Q1 2025<\/h1>\n                                            <\/div>\n            <!-- Temporary image: Remove after migrating illustrations to the illustration_selection field -->\n            \n                                    <div class=\"illustration fade-up\" aria-hidden=\"true\">\n                                                    <img decoding=\"async\" src=\"https:\/\/rtb.ie\/ga\/wp-content\/themes\/rtb\/assets\/images\/illustrations\/header-block\/header-illustration-green-b.svg\" alt=\"\" \/>\n                                            <\/div>\n                                    <\/div>\n\n    <\/div>\n<\/section>\n\n\n<section id=\"block-block_1412c9f6dd05f4cf6b9b05fc623cb826\" class=\"header-paragraph-block rtb-block  margin-top-default margin-bottom-none\">\n\t<div class=\"container\">\n\t\t<div class=\"content\">\n\t\t\t<article class=\"cms-content\">\n\t\t\t\t\t\t\t\t\t<p>When a landlord wants to end a tenancy, they share a document called a Notice of Termination (NoT) with their tenant. The Notice of Termination states the reason for ending the tenancy. It must be shared with the RTB on the same day it is given to the tenant. This data can help us to understand why landlords are ending tenancies, and if landlords are selling to exit the market.<\/p>\n\t\t\t\t\t\t\t<\/article>\n\t\t\t\t\t<\/div>\n\t<\/div>\n<\/section>\n\n\n<section id=\"block-block_b05520b232b9b902f96b00ce8ac32034\" class=\"header-paragraph-block rtb-block  margin-top-xs margin-bottom-xs\">\n\t<div class=\"container\">\n\t\t<div class=\"content\">\n\t\t\t<article class=\"cms-content\">\n\t\t\t\t\t\t\t\t\t<div class=\"infogram-embed\" data-id=\"_\/Pg0Fv0nrSFvkq1sUOFOB\" data-type=\"interactive\" data-title=\"NoTs Figure 1\"><\/div>\n<p>!function(e,n,i,s){<br \/>\nvar d=&#8221;InfogramEmbeds&#8221;;<br \/>\nvar o=e.getElementsByTagName(n)[0];<br \/>\nif(window[d] &amp;&amp; window[d].initialized)<br \/>\nwindow[d].process &amp;&amp; window[d].process();<br \/>\nelse if(!e.getElementById(i)){<br \/>\nvar r=e.createElement(n);<br \/>\nr.async = 1;<br \/>\nr.id = i;<br \/>\nr.src = s;<br \/>\no.parentNode.insertBefore(r, o);<br \/>\n}<br \/>\n}(document,&#8221;script&#8221;,&#8221;infogram-async&#8221;,&#8221;https:\/\/e.infogram.com\/js\/dist\/embed-loader-min.js&#8221;);<\/p>\n\t\t\t\t\t\t\t<\/article>\n\t\t\t\t\t<\/div>\n\t<\/div>\n<\/section>\n\n\n    <section id=\"block-block_588b25e5ad5f5f9d16654d7adfe51421\" class=\"cards-block rtb-block margin-top-xs margin-bottom-s\">\n        <div class=\"container\">\n            <div class=\"content\">\n                                    <article class=\"with-link\">\n                                                <p>RTB NoTs Figure 1 (XLSX, 35kb)<\/p>\n                        <div class=\"footer\">\n                            <a class=\"text-link fade-in\" href=\"https:\/\/rtb.ie\/ga\/wp-content\/uploads\/2025\/06\/RTB-NoTs-Figure-1.xlsx\" target=\"\">Download<\/a>                        <\/div>\n                    <\/article>\n                            <\/div>\n        <\/div>\n    <\/section>\n\n\n\n<section id=\"block-block_ac59a21e2aa13311965f25d1485db2e4\" class=\"header-paragraph-block rtb-block  margin-top-xs margin-bottom-xs\">\n\t<div class=\"container\">\n\t\t<div class=\"content\">\n\t\t\t<article class=\"cms-content\">\n\t\t\t\t\t\t\t\t\t<div class=\"infogram-embed\" data-id=\"_\/4il2TiEMl6otp0pzbXI3\" data-type=\"interactive\" data-title=\"NoTs Figure 2\"><\/div>\n<p>!function(e,n,i,s){<br \/>\nvar d=&#8221;InfogramEmbeds&#8221;;<br \/>\nvar o=e.getElementsByTagName(n)[0];<br \/>\nif(window[d] &amp;&amp; window[d].initialized)<br \/>\nwindow[d].process &amp;&amp; window[d].process();<br \/>\nelse if(!e.getElementById(i)){<br \/>\nvar r=e.createElement(n);<br \/>\nr.async = 1;<br \/>\nr.id = i;<br \/>\nr.src = s;<br \/>\no.parentNode.insertBefore(r, o);<br \/>\n}<br \/>\n}(document,&#8221;script&#8221;,&#8221;infogram-async&#8221;,&#8221;https:\/\/e.infogram.com\/js\/dist\/embed-loader-min.js&#8221;);<\/p>\n\t\t\t\t\t\t\t<\/article>\n\t\t\t\t\t<\/div>\n\t<\/div>\n<\/section>\n\n\n    <section id=\"block-block_8be5e907a8a3e4f4254b68af2dbbc57b\" class=\"cards-block rtb-block margin-top-xs margin-bottom-s\">\n        <div class=\"container\">\n            <div class=\"content\">\n                                    <article class=\"with-link\">\n                                                <p>RTB NoTs Figure 2 (XLSX, 54kb)<\/p>\n                        <div class=\"footer\">\n                            <a class=\"text-link fade-in\" href=\"https:\/\/rtb.ie\/ga\/wp-content\/uploads\/2025\/06\/RTB-NoTs-Figure-2.xlsx\" target=\"\">Download<\/a>                        <\/div>\n                    <\/article>\n                            <\/div>\n        <\/div>\n    <\/section>\n\n\n\n<section id=\"block-block_8714fc32e24920028cd7d5b647a81c8b\" class=\"header-paragraph-block rtb-block  margin-top-xs margin-bottom-xs\">\n\t<div class=\"container\">\n\t\t<div class=\"content\">\n\t\t\t<article class=\"cms-content\">\n\t\t\t\t\t\t\t\t\t<div class=\"infogram-embed\" data-id=\"_\/2GBe0PaMBmEySUgsxrEU\" data-type=\"interactive\" data-title=\"NoTs Figure 3\"><\/div>\n<p>!function(e,n,i,s){<br \/>\nvar d=&#8221;InfogramEmbeds&#8221;;<br \/>\nvar o=e.getElementsByTagName(n)[0];<br \/>\nif(window[d] &amp;&amp; window[d].initialized)<br \/>\nwindow[d].process &amp;&amp; window[d].process();<br \/>\nelse if(!e.getElementById(i)){<br \/>\nvar r=e.createElement(n);<br \/>\nr.async = 1;<br \/>\nr.id = i;<br \/>\nr.src = s;<br \/>\no.parentNode.insertBefore(r, o);<br \/>\n}<br \/>\n}(document,&#8221;script&#8221;,&#8221;infogram-async&#8221;,&#8221;https:\/\/e.infogram.com\/js\/dist\/embed-loader-min.js&#8221;);<\/p>\n\t\t\t\t\t\t\t<\/article>\n\t\t\t\t\t<\/div>\n\t<\/div>\n<\/section>\n\n\n    <section id=\"block-block_7551b38303f5abf01b649ec8e58ccc05\" class=\"cards-block rtb-block margin-top-xs margin-bottom-s\">\n        <div class=\"container\">\n            <div class=\"content\">\n                                    <article class=\"with-link\">\n                                                <p>RTB NoTs Figure 3 (XLSX, 49kb)<\/p>\n                        <div class=\"footer\">\n                            <a class=\"text-link fade-in\" href=\"https:\/\/rtb.ie\/ga\/wp-content\/uploads\/2025\/06\/RTB-NoTs-Figure-3.xlsx\" target=\"\">Download<\/a>                        <\/div>\n                    <\/article>\n                            <\/div>\n        <\/div>\n    <\/section>\n\n\n\n<section id=\"block-block_cc45b21f5e641a38c234df5a7383342a\" class=\"header-paragraph-block rtb-block  margin-top-xs margin-bottom-xs\">\n\t<div class=\"container\">\n\t\t<div class=\"content\">\n\t\t\t<article class=\"cms-content\">\n\t\t\t\t\t\t\t\t\t<div class=\"infogram-embed\" data-id=\"_\/Pb8Qr2WgXvKgf4DMwkAj\" data-type=\"interactive\" data-title=\"NoTs Figure 4\"><\/div>\n<p>!function(e,n,i,s){<br \/>\nvar d=&#8221;InfogramEmbeds&#8221;;<br \/>\nvar o=e.getElementsByTagName(n)[0];<br \/>\nif(window[d] &amp;&amp; window[d].initialized)<br \/>\nwindow[d].process &amp;&amp; window[d].process();<br \/>\nelse if(!e.getElementById(i)){<br \/>\nvar r=e.createElement(n);<br \/>\nr.async = 1;<br \/>\nr.id = i;<br \/>\nr.src = s;<br \/>\no.parentNode.insertBefore(r, o);<br \/>\n}<br \/>\n}(document,&#8221;script&#8221;,&#8221;infogram-async&#8221;,&#8221;https:\/\/e.infogram.com\/js\/dist\/embed-loader-min.js&#8221;);<\/p>\n\t\t\t\t\t\t\t<\/article>\n\t\t\t\t\t<\/div>\n\t<\/div>\n<\/section>\n\n\n    <section id=\"block-block_3e10ee0001c1eaf035f5720dff560330\" class=\"cards-block rtb-block margin-top-xs margin-bottom-s\">\n        <div class=\"container\">\n            <div class=\"content\">\n                                    <article class=\"with-link\">\n                                                <p>RTB NoTs Figure 4 (XLSX, 19kb)<\/p>\n                        <div class=\"footer\">\n                            <a class=\"text-link fade-in\" href=\"https:\/\/rtb.ie\/ga\/wp-content\/uploads\/2025\/06\/RTB-NoTs-Figure-4.xlsx\" target=\"\">Download<\/a>                        <\/div>\n                    <\/article>\n                            <\/div>\n        <\/div>\n    <\/section>\n\n\n\n<section id=\"block-block_6b06bede0d4ef4e43d6255059148e592\" class=\"header-paragraph-block rtb-block  margin-top-xs margin-bottom-default\">\n\t<div class=\"container\">\n\t\t<div class=\"content\">\n\t\t\t<article class=\"cms-content\">\n\t\t\t\t\t\t\t\t\t<div style=\"position: relative;width: 100%;height: 0px;padding: 167.71% 0px 0px;overflow: hidden\"><\/div>\n\t\t\t\t\t\t\t<\/article>\n\t\t\t\t\t<\/div>\n\t<\/div>\n<\/section>\n\n\n    <section id=\"block-block_839ae4df527dcf3e72ae0940aa202a46\" class=\"cards-block rtb-block margin-top-xs margin-bottom-s\">\n        <div class=\"container\">\n            <div class=\"content\">\n                                    <article class=\"with-link\">\n                                                <p>RTB NoTs Figure 5 (XLSX, 53kb)<\/p>\n                        <div class=\"footer\">\n                            <a class=\"text-link fade-in\" href=\"https:\/\/rtb.ie\/ga\/wp-content\/uploads\/2025\/06\/RTB-NoTs-Figure-5.xlsx\" target=\"\">Download<\/a>                        <\/div>\n                    <\/article>\n                            <\/div>\n        <\/div>\n    <\/section>\n\n\n\n<section id=\"block-block_25e9ccb850937dfd7a44b5bb9bc459d6\" class=\"cards-links-block rtb-block margin-top-default margin-bottom-default\">\n    <div class=\"container\">\n        <div class=\"content\">\n                                        <div class=\"tiles\">\n                                            <div class=\"tile\">\n                                                            <header class=\"fade-in\">\n                                                                        <h2 class=\"\">NoTs Received Q1 2023<\/h2>                                <\/header>\n                                                                                            <div class=\"intro fade-in\">\n                                    <p>(PDF, 131kb)<\/p>                                <\/div>\n                                                                                                                    <a class=\"button primary fade-in\" href=\"https:\/\/rtb.ie\/ga\/wp-content\/uploads\/2025\/06\/NoTs_Received_RTB_Q1_2023.pdf\" target=\"\"><span>Download PDF<\/span><\/a>                                                    <\/div>\n                                            <div class=\"tile\">\n                                                            <header class=\"fade-in\">\n                                                                        <h2 class=\"\">NoTs Received Q2 2023<\/h2>                                <\/header>\n                                                                                            <div class=\"intro fade-in\">\n                                    <p>(PDF, 178kb)<\/p>                                <\/div>\n                                                                                                                    <a class=\"button primary fade-in\" href=\"https:\/\/rtb.ie\/ga\/wp-content\/uploads\/2025\/06\/NoTs_Received_RTB_Q2_2023.pdf\" target=\"\"><span>Download PDF<\/span><\/a>                                                    <\/div>\n                                            <div class=\"tile\">\n                                                            <header class=\"fade-in\">\n                                                                        <h2 class=\"\">NoTs Received Q3 2023<\/h2>                                <\/header>\n                                                                                            <div class=\"intro fade-in\">\n                                    <p>(PDF, 177kb)<\/p>                                <\/div>\n                                                                                                                    <a class=\"button primary fade-in\" href=\"https:\/\/rtb.ie\/ga\/wp-content\/uploads\/2025\/06\/NoTs_Received_RTB_Q3_2023.pdf\" target=\"\"><span>Download PDF<\/span><\/a>                                                    <\/div>\n                                            <div class=\"tile\">\n                                                            <header class=\"fade-in\">\n                                                                        <h2 class=\"\">NoTs Received Q4 2023<\/h2>                                <\/header>\n                                                                                            <div class=\"intro fade-in\">\n                                    <p>(PDF, 183kb)<\/p>                                <\/div>\n                                                                                                                    <a class=\"button primary fade-in\" href=\"https:\/\/rtb.ie\/ga\/wp-content\/uploads\/2025\/06\/NoTs_Received_RTB_Q4_2023.pdf\" target=\"\"><span>Download PDF<\/span><\/a>                                                    <\/div>\n                                            <div class=\"tile\">\n                                                            <header class=\"fade-in\">\n                                                                        <h2 class=\"\">NoTs Received Q1 2024<\/h2>                                <\/header>\n                                                                                            <div class=\"intro fade-in\">\n                                    <p>(PDF, 183kb)<\/p>                                <\/div>\n                                                                                                                    <a class=\"button primary fade-in\" href=\"https:\/\/rtb.ie\/ga\/wp-content\/uploads\/2025\/06\/NoTs_Received_RTB_Q1_2024.pdf\" target=\"\"><span>Download PDF<\/span><\/a>                                                    <\/div>\n                                            <div class=\"tile\">\n                                                            <header class=\"fade-in\">\n                                                                        <h2 class=\"\">NoTs Received Q2 2024<\/h2>                                <\/header>\n                                                                                            <div class=\"intro fade-in\">\n                                    <p>(PDF, 208kb)<\/p>                                <\/div>\n                                                                                                                    <a class=\"button primary fade-in\" href=\"https:\/\/rtb.ie\/ga\/wp-content\/uploads\/2025\/06\/NoTs_Received_RTB_Q2_2024.pdf\" target=\"\"><span>Download PDF<\/span><\/a>                                                    <\/div>\n                                            <div class=\"tile\">\n                                                            <header class=\"fade-in\">\n                                                                        <h2 class=\"\">NoTs Received Q3 2024<\/h2>                                <\/header>\n                                                                                            <div class=\"intro fade-in\">\n                                    <p>(PDF, 202kb)<\/p>                                <\/div>\n                                                                                                                    <a class=\"button primary fade-in\" href=\"https:\/\/rtb.ie\/ga\/wp-content\/uploads\/2025\/06\/NoTs_Received_RTB_Q3_2024.pdf\" target=\"\"><span>Download PDF<\/span><\/a>                                                    <\/div>\n                                            <div class=\"tile\">\n                                                            <header class=\"fade-in\">\n                                                                        <h2 class=\"\">NoTs Received Q4 2024<\/h2>                                <\/header>\n                                                                                            <div class=\"intro fade-in\">\n                                    <p>(PDF, 202kb)<\/p>                                <\/div>\n                                                                                                                    <a class=\"button primary fade-in\" href=\"https:\/\/rtb.ie\/ga\/wp-content\/uploads\/2025\/06\/NoTs_Received_RTB_Q4_2024.pdf\" target=\"\"><span>Download PDF<\/span><\/a>                                                    <\/div>\n                                            <div class=\"tile\">\n                                                            <header class=\"fade-in\">\n                                                                        <h2 class=\"\">NoTs Received Q1 2025<\/h2>                                <\/header>\n                                                                                            <div class=\"intro fade-in\">\n                                    <p>(PDF, 202kb)<\/p>                                <\/div>\n                                                                                                                    <a class=\"button primary fade-in\" href=\"https:\/\/rtb.ie\/ga\/wp-content\/uploads\/2025\/06\/NoTs_Received_RTB_Q1_2025.pdf\" target=\"\"><span>Download PDF<\/span><\/a>                                                    <\/div>\n                                    <\/div>\n                        \n        <\/div>\n    <\/div>\n<\/section>","protected":false},"excerpt":{"rendered":"","protected":false},"author":6,"featured_media":0,"parent":184,"menu_order":5,"comment_status":"closed","ping_status":"closed","template":"","meta":{"_acf_changed":false,"inline_featured_image":false,"_relevanssi_hide_post":"","_relevanssi_hide_content":"","_relevanssi_pin_for_all":"","_relevanssi_pin_keywords":"","_relevanssi_unpin_keywords":"","_relevanssi_related_keywords":"","_relevanssi_related_include_ids":"","_relevanssi_related_exclude_ids":"","_relevanssi_related_no_append":"","_relevanssi_related_not_related":"","_relevanssi_related_posts":"1,1239","_relevanssi_noindex_reason":"","_trash_the_other_posts":false,"editor_notices":[],"footnotes":""},"class_list":["post-2516","page","type-page","status-publish","hentry"],"acf":[],"jetpack_sharing_enabled":true,"publishpress_future_action":{"enabled":false,"date":"2026-05-03 08:38:44","action":"change-status","newStatus":"draft","terms":[],"taxonomy":"","extraData":[]},"publishpress_future_workflow_manual_trigger":{"enabledWorkflows":[]},"_links":{"self":[{"href":"https:\/\/rtb.ie\/ga\/wp-json\/wp\/v2\/pages\/2516","targetHints":{"allow":["GET"]}}],"collection":[{"href":"https:\/\/rtb.ie\/ga\/wp-json\/wp\/v2\/pages"}],"about":[{"href":"https:\/\/rtb.ie\/ga\/wp-json\/wp\/v2\/types\/page"}],"author":[{"embeddable":true,"href":"https:\/\/rtb.ie\/ga\/wp-json\/wp\/v2\/users\/6"}],"replies":[{"embeddable":true,"href":"https:\/\/rtb.ie\/ga\/wp-json\/wp\/v2\/comments?post=2516"}],"version-history":[{"count":40,"href":"https:\/\/rtb.ie\/ga\/wp-json\/wp\/v2\/pages\/2516\/revisions"}],"predecessor-version":[{"id":52190,"href":"https:\/\/rtb.ie\/ga\/wp-json\/wp\/v2\/pages\/2516\/revisions\/52190"}],"up":[{"embeddable":true,"href":"https:\/\/rtb.ie\/ga\/wp-json\/wp\/v2\/pages\/184"}],"wp:attachment":[{"href":"https:\/\/rtb.ie\/ga\/wp-json\/wp\/v2\/media?parent=2516"}],"curies":[{"name":"wp","href":"https:\/\/api.w.org\/{rel}","templated":true}]}}