{"id":2574,"date":"2025-05-15T09:48:11","date_gmt":"2025-05-15T09:48:11","guid":{"rendered":"https:\/\/rtb.ie\/ga\/?page_id=2574"},"modified":"2025-05-15T10:27:14","modified_gmt":"2025-05-15T10:27:14","slug":"court-decision-registration-enforcement-demo","status":"publish","type":"page","link":"https:\/\/rtb.ie\/ga\/court-decision-registration-enforcement-demo\/","title":{"rendered":"Court Decision \u2013 Registration Enforcement (demo)"},"content":{"rendered":"\n<div class=\"translation-notice no-print\">\n        <div class=\"inner container\">\n            <p><strong>Cuirfear aistri\u00fach\u00e1n ar f\u00e1il go luath<\/strong><\/p>\n            <p>\u00c1r leithsc\u00e9al as an m\u00edchaoithi\u00falacht. Cuirfear aistri\u00fach\u00e1n Gaeilge ar an leathanach seo ar f\u00e1il go luath. Go raibh maith agat as do chuid foighneachta agus muid ag obair ar leagan uasd\u00e1taithe.<\/p>\n        <\/div>\n    <\/div><section id=\"block-block_63e72fe7efab2d1130af6996375f7ec5\" class=\"header-block rtb-block colour-white text-full-width margin-top-none margin-bottom-none\">\n    <div class=\"container\">\n        <nav class=\"breadcrumbs\" aria-label=\"breadcrumb\">\n    <span property=\"itemListElement\" typeof=\"ListItem\"><a property=\"item\" typeof=\"WebPage\" title=\"Go to Bord um Tion\u00f3ntachta\u00ed C\u00f3naithe.\" href=\"https:\/\/rtb.ie\/ga\" class=\"home\" aria-current=\"page\"><span property=\"name\"><i class=\"rtb-home-icon\"><\/i><\/span><\/a><meta property=\"position\" content=\"1\"><\/span><i class=\"rtb-chevron\"><\/i><\/nav>\n        \n        <div class=\"wrapper\">\n            <div class=\"content\">\n                            \n                <h1 class=\"heading-xl\">Court Decision \u2013 Registration Enforcement (demo)<\/h1>\n                <p>Lorem ipsum dolor sit, amet consectetur adipisicing elit. Iusto facilis quis suscipit soluta, ea aliquam sed rerum quasi laborum atque.<\/p>                            <\/div>\n            <!-- Temporary image: Remove after migrating illustrations to the illustration_selection field -->\n            \n                                    <\/div>\n\n    <\/div>\n<\/section>\n\n\n<section id=\"block-block_8894e8f21f5da274251bb00f4159c600\" class=\"court-decision-registration-enforcement-listing-block rtb-block margin-top-xs margin-bottom-none\">\n    <div class=\"content\">\n\n        <div class=\"search-filters\">\n            <div class=\"container\">\n                <div class=\"filters\">\n                    <div class=\"search\">\n                        <div class=\"filter fade-in\">\n                            <label for=\"\">Keyword<\/label>\n                            <div class=\"facetwp-facet facetwp-facet-search facetwp-type-search\" data-name=\"search\" data-type=\"search\"><\/div>                        <\/div>\n                    <\/div>\n                    <div class=\"dropdowns\">\n                        <div class=\"filter fade-in\">\n                            <label for=\"\">Select year<\/label>\n                            <div class=\"facetwp-facet facetwp-facet-court_decision_registration_enforcement_date facetwp-type-dropdown\" data-name=\"court_decision_registration_enforcement_date\" data-type=\"dropdown\"><\/div>                        <\/div>\n                    <\/div>\n                    <div class=\"footer\">\n                        <div class=\"facetwp-facet facetwp-facet-clear_all facetwp-type-reset\" data-name=\"clear_all\" data-type=\"reset\"><\/div>                        <button class=\"facetwp-submit button primary\">\n                            <span>Search<\/span>\n                        <\/button>\n                    <\/div>\n                <\/div>\n                <div class=\"info\">\n                    <h2 class=\"heading-s\">How to search<\/h2>                    <p>Search by the name of a party involved in a dispute,\u2028the type of dispute, case number or tribunal number.<\/p>\n<p>You can also filter by year, dispute type or type of order\u2028(the outcome of the dispute).<\/p>\n                <\/div>\n            <\/div>\n        <\/div>\n\n        <div class=\"listing is-hidden\">\n            <div class=\"container\">\n                <div class=\"total-results\">\n                    <span>Total results: <\/span>                    <span data-facetwp-total><\/span>\n                <\/div>\n                <div class=\"facetwp-template\" data-name=\"court_decision_registration_enforcement\">            <article class=\"court-decision-registration-enforcement-item\">\n    \n    <div class=\"content\">\n\n        <span class=\"tag green\">REGISTRATION ENFORCEMENT<\/span>\n        <h3 class=\"heading-xs\">RTB v Brian Gilhooly<\/h3>        \n        <hr>\n\n        <div class=\"info\">\n            \n                                            <\/div>\n\n        <hr>\n\n        <div class=\"footer\">\n                                <\/div>\n    <\/div>\n\n<\/article>            <article class=\"court-decision-registration-enforcement-item\">\n    \n    <div class=\"content\">\n\n        <span class=\"tag green\">REGISTRATION ENFORCEMENT<\/span>\n        <h3 class=\"heading-xs\">PRTB -v- Mary Callaghan<\/h3>        \n        <hr>\n\n        <div class=\"info\">\n            \n                                            <\/div>\n\n        <hr>\n\n        <div class=\"footer\">\n                                <\/div>\n    <\/div>\n\n<\/article>            <article class=\"court-decision-registration-enforcement-item\">\n    \n    <div class=\"content\">\n\n        <span class=\"tag green\">REGISTRATION ENFORCEMENT<\/span>\n        <h3 class=\"heading-xs\">PRTB -v- Barry Jones<\/h3>        \n        <hr>\n\n        <div class=\"info\">\n            \n                                            <\/div>\n\n        <hr>\n\n        <div class=\"footer\">\n                                <\/div>\n    <\/div>\n\n<\/article>            <article class=\"court-decision-registration-enforcement-item\">\n    \n    <div class=\"content\">\n\n        <span class=\"tag green\">REGISTRATION ENFORCEMENT<\/span>\n        <h3 class=\"heading-xs\">PRTB -v- John Scally<\/h3>        \n        <hr>\n\n        <div class=\"info\">\n            \n                                            <\/div>\n\n        <hr>\n\n        <div class=\"footer\">\n                                <\/div>\n    <\/div>\n\n<\/article>            <article class=\"court-decision-registration-enforcement-item\">\n    \n    <div class=\"content\">\n\n        <span class=\"tag green\">REGISTRATION ENFORCEMENT<\/span>\n        <h3 class=\"heading-xs\">PRTB-v- Angela Bradshaw<\/h3>        \n        <hr>\n\n        <div class=\"info\">\n            \n                                            <\/div>\n\n        <hr>\n\n        <div class=\"footer\">\n                                <\/div>\n    <\/div>\n\n<\/article>            <article class=\"court-decision-registration-enforcement-item\">\n    \n    <div class=\"content\">\n\n        <span class=\"tag green\">REGISTRATION ENFORCEMENT<\/span>\n        <h3 class=\"heading-xs\">RTB v Eileen Maguire<\/h3>        \n        <hr>\n\n        <div class=\"info\">\n            \n                                            <\/div>\n\n        <hr>\n\n        <div class=\"footer\">\n                                <\/div>\n    <\/div>\n\n<\/article>            <article class=\"court-decision-registration-enforcement-item\">\n    \n    <div class=\"content\">\n\n        <span class=\"tag green\">REGISTRATION ENFORCEMENT<\/span>\n        <h3 class=\"heading-xs\">RTB-v-Andrew Fleming<\/h3>        \n        <hr>\n\n        <div class=\"info\">\n            \n                                            <\/div>\n\n        <hr>\n\n        <div class=\"footer\">\n                                <\/div>\n    <\/div>\n\n<\/article>            <article class=\"court-decision-registration-enforcement-item\">\n    \n    <div class=\"content\">\n\n        <span class=\"tag green\">REGISTRATION ENFORCEMENT<\/span>\n        <h3 class=\"heading-xs\">PRTB-v-Adrian Turner<\/h3>        \n        <hr>\n\n        <div class=\"info\">\n            \n                                            <\/div>\n\n        <hr>\n\n        <div class=\"footer\">\n                                <\/div>\n    <\/div>\n\n<\/article>            <article class=\"court-decision-registration-enforcement-item\">\n    \n    <div class=\"content\">\n\n        <span class=\"tag green\">REGISTRATION ENFORCEMENT<\/span>\n        <h3 class=\"heading-xs\">RTB -v- Martin O&#8217;Donnell<\/h3>        \n        <hr>\n\n        <div class=\"info\">\n            \n                                            <\/div>\n\n        <hr>\n\n        <div class=\"footer\">\n                                <\/div>\n    <\/div>\n\n<\/article>            <article class=\"court-decision-registration-enforcement-item\">\n    \n    <div class=\"content\">\n\n        <span class=\"tag green\">REGISTRATION ENFORCEMENT<\/span>\n        <h3 class=\"heading-xs\">RTB -v- Arthur Allen<\/h3>        \n        <hr>\n\n        <div class=\"info\">\n            \n                                            <\/div>\n\n        <hr>\n\n        <div class=\"footer\">\n                                <\/div>\n    <\/div>\n\n<\/article>    <\/div>            <\/div>\n        <\/div>\n\n        <div class=\"load-more is-hidden\">\n            <div class=\"facetwp-facet facetwp-facet-pager_numbers facetwp-type-pager\" data-name=\"pager_numbers\" data-type=\"pager\"><\/div>        <\/div>\n\n    <\/div>\n<\/section>\n","protected":false},"excerpt":{"rendered":"","protected":false},"author":5,"featured_media":0,"parent":0,"menu_order":7,"comment_status":"closed","ping_status":"closed","template":"","meta":{"_acf_changed":false,"inline_featured_image":false,"_relevanssi_hide_post":"","_relevanssi_hide_content":"","_relevanssi_pin_for_all":"","_relevanssi_pin_keywords":"","_relevanssi_unpin_keywords":"","_relevanssi_related_keywords":"","_relevanssi_related_include_ids":"","_relevanssi_related_exclude_ids":"","_relevanssi_related_no_append":"","_relevanssi_related_not_related":"","_relevanssi_related_posts":"1,1239","_relevanssi_noindex_reason":"","_trash_the_other_posts":false,"editor_notices":[],"footnotes":""},"class_list":["post-2574","page","type-page","status-publish","hentry"],"acf":[],"jetpack_sharing_enabled":true,"publishpress_future_action":{"enabled":false,"date":"2026-04-30 08:43:04","action":"change-status","newStatus":"draft","terms":[],"taxonomy":"","extraData":[]},"publishpress_future_workflow_manual_trigger":{"enabledWorkflows":[]},"_links":{"self":[{"href":"https:\/\/rtb.ie\/ga\/wp-json\/wp\/v2\/pages\/2574","targetHints":{"allow":["GET"]}}],"collection":[{"href":"https:\/\/rtb.ie\/ga\/wp-json\/wp\/v2\/pages"}],"about":[{"href":"https:\/\/rtb.ie\/ga\/wp-json\/wp\/v2\/types\/page"}],"author":[{"embeddable":true,"href":"https:\/\/rtb.ie\/ga\/wp-json\/wp\/v2\/users\/5"}],"replies":[{"embeddable":true,"href":"https:\/\/rtb.ie\/ga\/wp-json\/wp\/v2\/comments?post=2574"}],"version-history":[{"count":7,"href":"https:\/\/rtb.ie\/ga\/wp-json\/wp\/v2\/pages\/2574\/revisions"}],"predecessor-version":[{"id":2608,"href":"https:\/\/rtb.ie\/ga\/wp-json\/wp\/v2\/pages\/2574\/revisions\/2608"}],"wp:attachment":[{"href":"https:\/\/rtb.ie\/ga\/wp-json\/wp\/v2\/media?parent=2574"}],"curies":[{"name":"wp","href":"https:\/\/api.w.org\/{rel}","templated":true}]}}