{"id":267,"date":"2025-04-24T09:55:16","date_gmt":"2025-04-24T09:55:16","guid":{"rendered":"https:\/\/rtb.ie\/ga\/?page_id=267"},"modified":"2025-11-19T17:23:22","modified_gmt":"2025-11-19T17:23:22","slug":"how-to-create-an-rtb-online-account","status":"publish","type":"page","link":"https:\/\/rtb.ie\/ga\/register-tenancies\/registration-account-support\/how-to-create-an-rtb-online-account\/","title":{"rendered":"Conas cuntas cl\u00e1r\u00fach\u00e1in a chruth\u00fa"},"content":{"rendered":"\n<div class=\"translation-notice no-print\">\n        <div class=\"inner container\">\n            <p><strong>Cuirfear aistri\u00fach\u00e1n ar f\u00e1il go luath<\/strong><\/p>\n            <p>\u00c1r leithsc\u00e9al as an m\u00edchaoithi\u00falacht. Cuirfear aistri\u00fach\u00e1n Gaeilge ar an leathanach seo ar f\u00e1il go luath. Go raibh maith agat as do chuid foighneachta agus muid ag obair ar leagan uasd\u00e1taithe.<\/p>\n        <\/div>\n    <\/div><section id=\"block-block_aa5c1bac87244396bb344b96e5890c99\" class=\"header-block rtb-block colour-teal margin-top-none margin-bottom-default\">\n    <div class=\"container\">\n        <nav class=\"breadcrumbs\" aria-label=\"breadcrumb\">\n    <span property=\"itemListElement\" typeof=\"ListItem\"><a property=\"item\" typeof=\"WebPage\" title=\"Go to Bord um Tion\u00f3ntachta\u00ed C\u00f3naithe.\" href=\"https:\/\/rtb.ie\/ga\" class=\"home\" aria-current=\"page\"><span property=\"name\"><i class=\"rtb-home-icon\"><\/i><\/span><\/a><meta property=\"position\" content=\"1\"><\/span><i class=\"rtb-chevron\"><\/i><\/nav>\n        \n        <div class=\"wrapper\">\n            <div class=\"content\">\n                            \n                <h1 class=\"heading-xl\">Conas cuntas cl\u00e1r\u00fach\u00e1in a chruth\u00fa<\/h1>\n                <p>N\u00ed m\u00f3r do thiarna\u00ed tal\u00fan a dtion\u00f3ntachta\u00ed a chl\u00e1r\u00fa de r\u00e9ir dl\u00ed. Is \u00e9 an bealach is \u00e9asca chun \u00e9 sin a dh\u00e9anamh n\u00e1 tr\u00ed thairseach an Chuntais Cl\u00e1r\u00fach\u00e1in Tion\u00f3ntachta. M\u00edn\u00edtear ar an leathanach seo conas cuntas cl\u00e1r\u00fach\u00e1in a chruth\u00fa bunaithe ar do r\u00f3l.<\/p>                            <\/div>\n            <!-- Temporary image: Remove after migrating illustrations to the illustration_selection field -->\n                            <div class=\"illustration fade-up\">\n                    <img loading=\"lazy\" decoding=\"async\" width=\"1024\" height=\"1\" src=\"https:\/\/rtb.ie\/wp-content\/uploads\/2025\/04\/Illustration-1.svg\" class=\"attachment-full size-full\" alt=\"\" \/>                <\/div>\n                    <\/div>\n\n    <\/div>\n<\/section>\n\n\n<section id=\"block-block_a9ebc04761efeaff18690f5f61a9264d\" class=\"navigation-block container rtb-block margin-top-xs margin-bottom-xs\">\n    <div class=\"content\">\n        <header>\n                            <h2 class=\"heading-s\">L\u00e9ar\u00e1id i ndath b\u00e1n agus t\u00e9al<\/h2>                        <i class=\"rtb-arrow down\"><\/i>\n        <\/header>\n                    <nav class=\"navigation\">            \n                                    <ul>\n                                                                                    <li><a class=\"text-link\" href=\"#target_landlords\" target=\"\">Tiarna\u00ed tal\u00fan aonair agus gn\u00edomhair\u00ed aonair<\/a><\/li>\n                                                                                                                <li><a class=\"text-link\" href=\"#target_company\" target=\"\">Tiarna\u00ed tal\u00fan cuideachta agus gn\u00edomhair\u00ed cuideachta<\/a><\/li>\n                                                                                                                <li><a class=\"text-link\" href=\"#target_receivers\" target=\"\">Glacad\u00f3ir\u00ed<\/a><\/li>\n                                                                                                                <li><a class=\"text-link\" href=\"#target_ahb\" target=\"\">Comhlachta\u00ed Tith\u00edochta Ceadaithe<\/a><\/li>\n                                                                        <\/ul>\n                                    <ul>\n                                                                                    <li><a class=\"text-link\" href=\"#target_ssa\" target=\"\">Sol\u00e1thraithe c\u00f3ir\u00edochta at\u00e1 sonrach do mhic l\u00e9inn<\/a><\/li>\n                                                                        <\/ul>\n                            <\/nav>\n            <\/div>\n<\/section>\n\n\n<section id=\"target_landlords\" class=\"header-paragraph-block rtb-block  margin-top-s margin-bottom-xs\">\n\t<div class=\"container\">\n\t\t<div class=\"content\">\n\t\t\t<article class=\"cms-content\">\n\t\t\t\t\t\t\t\t\t<h2>Tiarna\u00ed tal\u00fan aonair agus gn\u00edomhair\u00ed aonair<\/h2>\n<h3>Na ruda\u00ed a theasta\u00edonn uait<\/h3>\n<p>Teast\u00f3idh na mionsonra\u00ed seo a leanas uait:<\/p>\n<ul>\n<li>Ainm ioml\u00e1n: mar at\u00e1 sonraithe ar do ch\u00e1rta Uimhreach Pearsanta Seirbh\u00edse Poibl\u00ed (UPSP) n\u00f3 ar do dhoicim\u00e9ad aitheantais oifigi\u00fail.<\/li>\n<li>UPSP agus d\u00e1ta breithe: mura bhfuil UPSP agat, tabhair doicim\u00e9ad aitheantais bail\u00ed (pas, cead\u00fanas tiom\u00e1na, n\u00f3 c\u00e1rta aitheantais n\u00e1isi\u00fanta) agus bille f\u00f3ntais lena ndeimhn\u00edtear do sheoladh lasmuigh de Phoblacht na h\u00c9ireann.<\/li>\n<li>Seoladh r\u00edomhphoist: a \u00fas\u00e1idtear chun do chuntas a rochtain.<\/li>\n<\/ul>\n<h3>Conas do chuntas a chruth\u00fa<\/h3>\n<p>Lean na c\u00e9imeanna th\u00edos:<\/p>\n<h4>C\u00e9im 1: Bunaigh do chuntas<\/h4>\n<p>T\u00e9igh chuig: \u2018Create an Individual Account\u2019 agus iontr\u00e1il do mhionsonra\u00ed<\/p>\n<p>Socraigh pasfhocal ina bhfuil 8 gcarachtar ar a laghad, lena n-\u00e1ir\u00edtear litir sa ch\u00e1s uachtair, litir sa ch\u00e1s \u00edochtair, uimhir agus carachtar speisialta (! @ # $ &amp; ; * -).<\/p>\n<h4>C\u00e9im 2: F\u00edor\u00fa r\u00edomhphoist<\/h4>\n<p>Seice\u00e1il do r\u00edomhphoist le haghaidh nasc f\u00edoraithe (a bheidh bail\u00ed ar feadh 2 uair an chloig).<\/p>\n<p>Clice\u00e1il ar an nasc agus lean na treoracha chun mionsonra\u00ed breise a iontr\u00e1il chun do chuntas a chruth\u00fa.<\/p>\n<p><strong>F\u00edoraigh do ch\u00e9annacht:<\/strong><\/p>\n<ul>\n<li>Tr\u00ed UPSP: iontr\u00e1il do UPSP agus do dh\u00e1ta breithe.<\/li>\n<li>Gan UPSP: uasl\u00f3d\u00e1il doicim\u00e9ad aitheantais bail\u00ed agus bille f\u00f3ntais. Nuair a bheidh do ch\u00e9annacht f\u00edoraithe, gheobhaidh t\u00fa Aitheant\u00f3ir NNL (Tiarna Tal\u00fan Neamhn\u00e1isi\u00fanta) uath\u00fail sa rann\u00e1n \u2018Edit Profile\u2019 de do chuntas ar l\u00edne le RTB.<\/li>\n<\/ul>\n<h4>C\u00e9im 3: Cruthaigh pr\u00f3if\u00edl<\/h4>\n<ul>\n<li><strong>Mionsonra\u00ed an tiarna tal\u00fan:<\/strong> Iontr\u00e1il d\u2019uimhir f\u00f3in agus do sheoladh (lena n-\u00e1ir\u00edtear seoladh comhfhreagrais, m\u00e1s \u00e9ags\u00fail).<\/li>\n<li><strong>Roghnaigh do r\u00f3l:<\/strong> roghnaigh r\u00f3l amh\u00e1in ar a laghad, is f\u00e9idir leat n\u00edos m\u00f3 r\u00f3l a chur leis tr\u00e1th n\u00edos d\u00e9ana\u00ed.<\/li>\n<li><strong>Deimhnigh do mhionsonra\u00ed:<\/strong> tr\u00edd an dearbh\u00fa a chomhl\u00e1n\u00fa.<\/li>\n<\/ul>\n<h4>C\u00e9im 4: F\u00edordheimhni\u00fa<\/h4>\n<p><strong>F\u00edor\u00fa cuntais:<\/strong> F\u00edor\u00f3imid do chuntas agus seolfaimid nasc chugat chun \u00e9 a rochtain.<\/p>\n<ul>\n<li>Tr\u00ed UPSP: T\u00f3gann f\u00edor\u00fa suas le 2 uair an chloig.<\/li>\n<li><span style=\"font-size: 1rem;color: #333333\">Gan UPSP: T\u00f3gann f\u00edor\u00fa doicim\u00e9ad suas le 2 l\u00e1 oibre.<\/span><\/li>\n<\/ul>\n<p>D\u00e9anfaimid teagmh\u00e1il leat mura bhfuilimid in ann do chuntas a fh\u00edor\u00fa. N\u00ed f\u00e9idir leat tion\u00f3ntachta\u00ed a chl\u00e1r\u00fa go dt\u00ed go mbeidh do chuntas f\u00edoraithe.<\/p>\n<h4>C\u00e9im 5: Cuntas cruthaithe<\/h4>\n<p>Nuair a bheidh s\u00e9 f\u00edoraithe, is f\u00e9idir leat do chuntas cl\u00e1r\u00fach\u00e1in nua a rochtain. Is f\u00e9idir leat anois tion\u00f3ntachta\u00ed a chl\u00e1r\u00fa agus a bhainisti\u00fa \u00f3 leathanach baile do chuntais.<\/p>\n\t\t\t\t\t\t\t<\/article>\n\t\t\t\t\t\t\t\t\t\t\t\t<aside class=\"related-content\" data-js=\"related-content\">\n\t\t\t\t\t\t<div class=\"wrapper\">\n\t\t\t\t\t\t\t\t\t\t\t\t\t\t\t<h2 class=\"\">\u00c1bhar gaolmhar<\/h2>\t\t\t\t\t\t\t\t\t\t\t\t\t\t<ul>\n\t\t\t\t\t\t\t\t\t\t\t\t\t\t\t\t\t\t\t\t\t\t\t\t\t\t\t\t\t\t\t\t\t\t\t\t\t\t<li><a class=\"text-link\" href=\"https:\/\/www.youtube.com\/watch?v=5OQQGVCIzZ0&#038;t=20s\" target=\"\"><\/a><\/li>\n\t\t\t\t\t\t\t\t\t\t\t\t\t\t\t\t\t\t\t\t\t\t\t\t\t\t\t\t\t\t\t\t\t\t\t\t\t\t\t\t<li><a class=\"text-link\" href=\"https:\/\/rtb.ie\/ga\/register-tenancies\/register-a-tenancy\/how-to-register\/\" target=\"\">Conas cl\u00e1r\u00fa<\/a><\/li>\n\t\t\t\t\t\t\t\t\t\t\t\t\t\t\t\t\t\t\t\t\t\t\t\t\t\t\t\t\t\t\t\t\t\t<\/ul>\n\t\t\t\t\t\t<\/div>\n\t\t\t\t\t<\/aside>\n\t\t\t\t\t\t\t\t\t<\/div>\n\t<\/div>\n<\/section>\n\n\n<section id=\"target_company\" class=\"header-paragraph-block rtb-block  margin-top-xs margin-bottom-xs\">\n\t<div class=\"container\">\n\t\t<div class=\"content\">\n\t\t\t<article class=\"cms-content\">\n\t\t\t\t\t\t\t\t\t<h2>Tiarna\u00ed tal\u00fan cuideachta agus gn\u00edomhair\u00ed cuideachta<\/h2>\n<h3>Na ruda\u00ed a theasta\u00edonn uait<\/h3>\n<p>Teast\u00f3idh na mionsonra\u00ed seo a leanas uait:<\/p>\n<ul>\n<li>Ainm ioml\u00e1n: an duine at\u00e1 ag bainisti\u00fa an chuntais.<\/li>\n<li>Uimhir leis an Oifig um Chl\u00e1r\u00fa Cuideachta\u00ed (CRO): de chuid na cuideachta.<\/li>\n<li>Seoladh r\u00edomhphoist: a \u00fas\u00e1idtear chun cuntas do chuideachta a rochtain.<\/li>\n<\/ul>\n<p>M\u00e1s rud \u00e9 go bhfuil ainm gn\u00f3 n\u00f3 tr\u00e1d\u00e1la agat at\u00e1 cl\u00e1raithe le CRO ach nach bhfuil t\u00fa cl\u00e1raithe mar chuideachta a bhfuil eintiteas dl\u00edthi\u00fail leithleach aici, n\u00ed m\u00f3r duit cuntas a chruth\u00fa mar dhuine aonair.<\/p>\n<h3>Conas cuntas do chuideachta a chruth\u00fa<\/h3>\n<p>Lean na c\u00e9imeanna th\u00edos:<\/p>\n<h4>C\u00e9im 1: Bunaigh do chuntas<\/h4>\n<p>T\u00e9igh chuig: Cruthaigh Cuntas Cuideachta agus iontr\u00e1il do mhionsonra\u00ed.<\/p>\n<p>Socraigh pasfhocal ina bhfuil 8 gcarachtar ar a laghad, lena n-\u00e1ir\u00edtear litir sa ch\u00e1s uachtair, litir sa ch\u00e1s \u00edochtair, uimhir agus carachtar speisialta (! @ # $ &amp; ; * -).<\/p>\n<h4>C\u00e9im 2: F\u00edor\u00fa r\u00edomhphoist<\/h4>\n<p>Seice\u00e1il do r\u00edomhphoist le haghaidh nasc f\u00edoraithe (a bheidh bail\u00ed ar feadh 2 uair an chloig).<\/p>\n<p>Clice\u00e1il ar an nasc agus lean na treoracha chun mionsonra\u00ed breise a iontr\u00e1il chun do chuntas a chruth\u00fa.<\/p>\n<h5>Mionsonra\u00ed na cuideachta<\/h5>\n<ul>\n<li>Roghnaigh d\u2019uimhir le CRO \u00f3 r\u00e9imse cuardaigh CRO.<\/li>\n<li>Mura bhfuil s\u00ed liostaithe, d\u00e9an teagmh\u00e1il leis an Oifig um Chl\u00e1r\u00fa Cuideachta\u00ed ag www.cro.ie.<\/li>\n<li>Mura bhfuil uimhir le CRO agat, uasl\u00f3d\u00e1il doicim\u00e9id taca\u00edochta lena bhf\u00edor\u00fa. Sannfaimid aitheant\u00f3ir uath\u00fail nach aitheant\u00f3ir CRO \u00e9 a luaithe a bheidh do dhoicim\u00e9id taca\u00edochta ceadaithe againn. Is f\u00e9idir leat \u00e9 sin a fh\u00e1il sa rann\u00e1n \u2018Edit Company Profile\u2019 de do chuntas.<\/li>\n<\/ul>\n<h4>C\u00e9im 3: Roghnaigh do r\u00f3l<\/h4>\n<ul>\n<li>Roghnaigh r\u00f3l amh\u00e1in ar a laghad agus t\u00fa ag cruth\u00fa do chuntais. Is f\u00e9idir leat r\u00f3il \u00fas\u00e1ideora a chur leis n\u00f3 a bhaint tr\u00e1th n\u00edos d\u00e9ana\u00ed.<\/li>\n<\/ul>\n<h4>C\u00e9im 4: Deimhni\u00fa<\/h4>\n<ul>\n<li>Deimhnigh mionsonra\u00ed do chuideachta tr\u00edd an dearbh\u00fa a chomhl\u00e1n\u00fa.<\/li>\n<\/ul>\n<h4>C\u00e9im 5: F\u00edor\u00fa CRO agus cuntas cruthaithe<\/h4>\n<ul>\n<li>F\u00edor\u00f3imid mionsonra\u00ed do chuideachta agus seolfaimid PIN tr\u00edd an bpost (i gc\u00e1s cuideachta\u00ed at\u00e1 cl\u00e1raithe le CRO) n\u00f3 le r\u00edomhphost (i gc\u00e1s cuideachta\u00ed nach bhfuil cl\u00e1raithe le CRO).<\/li>\n<li>Is f\u00e9idir go dt\u00f3gfaidh f\u00edor\u00fa suas le 5 l\u00e1 oibre.<\/li>\n<\/ul>\n<p><strong>D\u00e9anfaimid teagmh\u00e1il leat mura bhfuilimid in ann do chuntas a fh\u00edor\u00fa. N\u00ed f\u00e9idir leat tion\u00f3ntachta\u00ed a chl\u00e1r\u00fa go dt\u00ed go mbeidh do chuntas f\u00edoraithe.<\/strong><\/p>\n<h5>C\u00e9im 6: Cuntas cruthaithe<\/h5>\n<p>Nuair a bheidh s\u00e9 f\u00edoraithe, is f\u00e9idir leat do chuntas cl\u00e1r\u00fach\u00e1in cuideachta nua a rochtain. Is f\u00e9idir leat anois tion\u00f3ntachta\u00ed a chl\u00e1r\u00fa agus a bhainisti\u00fa \u00f3 leathanach baile do chuntais. Beidh ort an PIN f\u00edoraithe agus seoladh comhfhreagrais na cuideachta araon a iontr\u00e1il.<\/p>\n\t\t\t\t\t\t\t<\/article>\n\t\t\t\t\t<\/div>\n\t<\/div>\n<\/section>\n\n\n<section id=\"target_receivers\" class=\"header-paragraph-block rtb-block  margin-top-xs margin-bottom-xs\">\n\t<div class=\"container\">\n\t\t<div class=\"content\">\n\t\t\t<article class=\"cms-content\">\n\t\t\t\t\t\t\t\t\t<h2>Glacad\u00f3ir\u00ed<\/h2>\n<h3>Na ruda\u00ed a theasta\u00edonn uait<\/h3>\n<p>Teast\u00f3idh na mionsonra\u00ed seo a leanas uait:<\/p>\n<ul>\n<li>Ainm ioml\u00e1n.<\/li>\n<li>Doicim\u00e9ad a bhfuil ceann litreach na cuideachta aige agus lena ndeimhn\u00edtear do r\u00f3l mar ghlacad\u00f3ir.<\/li>\n<li>An seoladh r\u00edomhphoist a \u00fas\u00e1idtear chun do chuntas a rochtain.<\/li>\n<\/ul>\n<h3>Conas do chuntas a chruth\u00fa<\/h3>\n<p>Lean na c\u00e9imeanna th\u00edos:<\/p>\n<h5>C\u00e9im 1: Bunaigh do chuntas<\/h5>\n<ul>\n<li>Clice\u00e1il chun Cuntas Duine Aonair a Chruth\u00fa n\u00f3 chun Cuntas Cuideachta a Chruth\u00fa<\/li>\n<li>Iontr\u00e1il do mhionsonra\u00ed.<\/li>\n<li>Socraigh pasfhocal ina bhfuil 8 gcarachtar ar a laghad, lena n-\u00e1ir\u00edtear litir sa ch\u00e1s uachtair, litir sa ch\u00e1s \u00edochtair, uimhir agus carachtar speisialta (! @ # $ &amp; ; * -).<\/li>\n<\/ul>\n<h4>C\u00e9im 2: F\u00edor\u00fa r\u00edomhphoist<\/h4>\n<ul>\n<li>Seice\u00e1il do r\u00edomhphoist le haghaidh nasc f\u00edoraithe (a bheidh bail\u00ed ar feadh 2 uair an chloig)<\/li>\n<li>Clice\u00e1il ar an nasc agus lean na treoracha chun mionsonra\u00ed breise a iontr\u00e1il chun do chuntas a chruth\u00fa.<\/li>\n<\/ul>\n<h4>F\u00edoraigh do ch\u00e9annacht<\/h4>\n<p>Roghnaigh \u2018I do not have a PPS Number\u2019 agus uasl\u00f3d\u00e1il doicim\u00e9ad lena ndeimhn\u00edtear gur glacad\u00f3ir th\u00fa.<\/p>\n<h4>C\u00e9im 3: Cruthaigh pr\u00f3if\u00edl<\/h4>\n<ul>\n<li>Roghnaigh \u2018Receiver\u2019 mar do r\u00f3l. Is f\u00e9idir leat n\u00edos m\u00f3 r\u00f3l a chur leis tr\u00e1th n\u00edos d\u00e9ana\u00ed.<\/li>\n<li>Deimhnigh do mhionsonra\u00ed tr\u00edd an dearbh\u00fa a chomhl\u00e1n\u00fa.<\/li>\n<\/ul>\n<h4>C\u00e9im 4: F\u00edordheimhni\u00fa<\/h4>\n<ul>\n<li>F\u00edor\u00f3imid do chuntas agus seolfaimid nasc chugat chun \u00e9 a rochtain.<\/li>\n<li>T\u00f3gann f\u00edor\u00fa doicim\u00e9ad suas le 2 l\u00e1 oibre.<\/li>\n<li>D\u00e9anfaimid teagmh\u00e1il leat m\u00e1 t\u00e1 aon fhadhbanna ann maidir le do chuntas a fh\u00edor\u00fa. N\u00ed f\u00e9idir leat tion\u00f3ntachta\u00ed a chl\u00e1r\u00fa go dt\u00ed go mbeidh d\u2019fh\u00edor\u00fa cr\u00edochnaithe.<\/li>\n<\/ul>\n<h4>C\u00e9im 5: Cuntas cruthaithe<\/h4>\n<p>Nuair a bheidh s\u00e9 f\u00edoraithe, is f\u00e9idir leat do chuntas cl\u00e1r\u00fach\u00e1in nua a rochtain. Is f\u00e9idir leat anois tion\u00f3ntachta\u00ed a chl\u00e1r\u00fa agus a bhainisti\u00fa \u00f3 leathanach baile do chuntais.<\/p>\n\t\t\t\t\t\t\t<\/article>\n\t\t\t\t\t<\/div>\n\t<\/div>\n<\/section>\n\n\n<section id=\"target_ahb\" class=\"header-paragraph-block rtb-block  margin-top-xs margin-bottom-xs\">\n\t<div class=\"container\">\n\t\t<div class=\"content\">\n\t\t\t<article class=\"cms-content\">\n\t\t\t\t\t\t\t\t\t<h2>Comhlachta\u00ed Tith\u00edochta Ceadaithe<\/h2>\n<p>Crutha\u00edonn RTB cuntais ar l\u00edne do gach Comhlacht Tith\u00edochta Ceadaithe agus nascann s\u00e9 cl\u00e1ruithe at\u00e1 ann cheana leis na cuntais sin.<\/p>\n<h4>Conas do chuntas a rochtain<\/h4>\n<p>D\u00e9an teagmh\u00e1il le AHB@rtb.ie chun mionsonra\u00ed log\u00e1la isteach do chuntais a iarraidh. Nuair a bheidh t\u00fa log\u00e1ilte isteach, is f\u00e9idir leat:<\/p>\n<ul>\n<li>Tion\u00f3ntachta\u00ed a chl\u00e1r\u00fa.<\/li>\n<li>Cl\u00e1ruithe a bhainisti\u00fa.<\/li>\n<li>Oibritheoir\u00ed ar do chuntas a chruth\u00fa agus tion\u00f3ntachta\u00ed a shannadh d\u00f3ibh.<\/li>\n<\/ul>\n\t\t\t\t\t\t\t<\/article>\n\t\t\t\t\t<\/div>\n\t<\/div>\n<\/section>\n\n\n<section id=\"target_ssa\" class=\"header-paragraph-block rtb-block  margin-top-xs margin-bottom-default\">\n\t<div class=\"container\">\n\t\t<div class=\"content\">\n\t\t\t<article class=\"cms-content\">\n\t\t\t\t\t\t\t\t\t<h2>Sol\u00e1thraithe c\u00f3ir\u00edochta at\u00e1 sonrach do mhic l\u00e9inn<\/h2>\n<p>Faoi l\u00e1thair, n\u00edl c\u00f3ras cuntais ar l\u00edne RTB ar f\u00e1il do shol\u00e1thraithe c\u00f3ir\u00edochta at\u00e1 sonrach do mhic l\u00e9inn.<\/p>\n<p>Faigh tuilleadh faisn\u00e9ise faoi conas tion\u00f3ntacht i leith c\u00f3ir\u00edocht at\u00e1 sonrach do mhic l\u00e9inn a chl\u00e1r\u00fa.<\/p>\n<p>&nbsp;<\/p>\n\t\t\t\t\t\t\t<\/article>\n\t\t\t\t\t<\/div>\n\t<\/div>\n<\/section>","protected":false},"excerpt":{"rendered":"","protected":false},"author":9,"featured_media":0,"parent":170,"menu_order":0,"comment_status":"closed","ping_status":"closed","template":"","meta":{"_acf_changed":false,"inline_featured_image":false,"_relevanssi_hide_post":"","_relevanssi_hide_content":"","_relevanssi_pin_for_all":"","_relevanssi_pin_keywords":"","_relevanssi_unpin_keywords":"","_relevanssi_related_keywords":"","_relevanssi_related_include_ids":"","_relevanssi_related_exclude_ids":"","_relevanssi_related_no_append":"","_relevanssi_related_not_related":"","_relevanssi_related_posts":"1,1239","_relevanssi_noindex_reason":"","_trash_the_other_posts":false,"editor_notices":[],"footnotes":""},"class_list":["post-267","page","type-page","status-publish","hentry"],"acf":[],"jetpack_sharing_enabled":true,"publishpress_future_action":{"enabled":false,"date":"2026-04-25 16:07:05","action":"change-status","newStatus":"draft","terms":[],"taxonomy":"","extraData":[]},"publishpress_future_workflow_manual_trigger":{"enabledWorkflows":[]},"_links":{"self":[{"href":"https:\/\/rtb.ie\/ga\/wp-json\/wp\/v2\/pages\/267","targetHints":{"allow":["GET"]}}],"collection":[{"href":"https:\/\/rtb.ie\/ga\/wp-json\/wp\/v2\/pages"}],"about":[{"href":"https:\/\/rtb.ie\/ga\/wp-json\/wp\/v2\/types\/page"}],"author":[{"embeddable":true,"href":"https:\/\/rtb.ie\/ga\/wp-json\/wp\/v2\/users\/9"}],"replies":[{"embeddable":true,"href":"https:\/\/rtb.ie\/ga\/wp-json\/wp\/v2\/comments?post=267"}],"version-history":[{"count":53,"href":"https:\/\/rtb.ie\/ga\/wp-json\/wp\/v2\/pages\/267\/revisions"}],"predecessor-version":[{"id":53359,"href":"https:\/\/rtb.ie\/ga\/wp-json\/wp\/v2\/pages\/267\/revisions\/53359"}],"up":[{"embeddable":true,"href":"https:\/\/rtb.ie\/ga\/wp-json\/wp\/v2\/pages\/170"}],"wp:attachment":[{"href":"https:\/\/rtb.ie\/ga\/wp-json\/wp\/v2\/media?parent=267"}],"curies":[{"name":"wp","href":"https:\/\/api.w.org\/{rel}","templated":true}]}}