{"id":2823,"date":"2025-05-19T11:03:29","date_gmt":"2025-05-19T11:03:29","guid":{"rendered":"https:\/\/rtb.ie\/ga\/?page_id=2823"},"modified":"2025-07-04T09:33:20","modified_gmt":"2025-07-04T09:33:20","slug":"video-guides","status":"publish","type":"page","link":"https:\/\/rtb.ie\/ga\/resources\/video-guides\/","title":{"rendered":"Treoracha f\u00edse"},"content":{"rendered":"\n<div class=\"translation-notice no-print\">\n        <div class=\"inner container\">\n            <p><strong>Cuirfear aistri\u00fach\u00e1n ar f\u00e1il go luath<\/strong><\/p>\n            <p>\u00c1r leithsc\u00e9al as an m\u00edchaoithi\u00falacht. Cuirfear aistri\u00fach\u00e1n Gaeilge ar an leathanach seo ar f\u00e1il go luath. Go raibh maith agat as do chuid foighneachta agus muid ag obair ar leagan uasd\u00e1taithe.<\/p>\n        <\/div>\n    <\/div><section id=\"block-block_5cba4463352ed1dfd1e8ad34e12a96e0\" class=\"header-block rtb-block colour-teal margin-top-none margin-bottom-default\">\n    <div class=\"container\">\n        <nav class=\"breadcrumbs\" aria-label=\"breadcrumb\">\n    <span property=\"itemListElement\" typeof=\"ListItem\"><a property=\"item\" typeof=\"WebPage\" title=\"Go to Bord um Tion\u00f3ntachta\u00ed C\u00f3naithe.\" href=\"https:\/\/rtb.ie\/ga\" class=\"home\" aria-current=\"page\"><span property=\"name\"><i class=\"rtb-home-icon\"><\/i><\/span><\/a><meta property=\"position\" content=\"1\"><\/span><i class=\"rtb-chevron\"><\/i><\/nav>\n        \n        <div class=\"wrapper\">\n            <div class=\"content\">\n                            \n                <h1 class=\"heading-xl\">Treoracha f\u00edse<\/h1>\n                                            <\/div>\n            <!-- Temporary image: Remove after migrating illustrations to the illustration_selection field -->\n            \n                                    <div class=\"illustration fade-up\" aria-hidden=\"true\">\n                                                    <img decoding=\"async\" src=\"https:\/\/rtb.ie\/ga\/wp-content\/themes\/rtb\/assets\/images\/illustrations\/header-block\/header-illustration-teal-a.svg\" alt=\"\" \/>\n                                            <\/div>\n                                    <\/div>\n\n    <\/div>\n<\/section>\n\n\n<section id=\"block-block_ded594876721828d2f84ce0047311ec6\" class=\"video-guides-block rtb-block margin-top-xs margin-bottom-xs\">\n    <div class=\"content\">\n        <h2 class=\"heading-ml fade-in\">Video guides<\/h2>\n                    <div class=\"swiper video-guides-swiper fade-in\">\n\n                <div class=\"swiper-wrapper\">\n                     \n                        <div class=\"swiper-slide\">\n                            <div class=\"media\">\n                                <div class=\"wrapper\" \n                                    data-js=\"modal\" \n                                    data-modal-type=\"youtube\" \n                                    data-modal-orientation=\"landscape\" \n                                    data-modal-src=\"5OQQGVCIzZ0\">\n\n                                                                            <img loading=\"lazy\" decoding=\"async\" width=\"1024\" height=\"470\" src=\"https:\/\/rtb.ie\/wp-content\/uploads\/2025\/05\/Screenshot-2025-05-26-at-10.47.53.png?w=1024\" class=\"attachment-large size-large\" alt=\"\" srcset=\"https:\/\/rtb.ie\/wp-content\/uploads\/2025\/05\/Screenshot-2025-05-26-at-10.47.53.png 1972w, https:\/\/rtb.ie\/wp-content\/uploads\/2025\/05\/Screenshot-2025-05-26-at-10.47.53.png?resize=300,138 300w, https:\/\/rtb.ie\/wp-content\/uploads\/2025\/05\/Screenshot-2025-05-26-at-10.47.53.png?resize=768,353 768w, https:\/\/rtb.ie\/wp-content\/uploads\/2025\/05\/Screenshot-2025-05-26-at-10.47.53.png?resize=1024,470 1024w, https:\/\/rtb.ie\/wp-content\/uploads\/2025\/05\/Screenshot-2025-05-26-at-10.47.53.png?resize=1536,706 1536w, https:\/\/rtb.ie\/wp-content\/uploads\/2025\/05\/Screenshot-2025-05-26-at-10.47.53.png?resize=660,303 660w\" sizes=\"auto, (max-width: 1024px) 100vw, 1024px\" \/>                                    \n                                    <i class=\"play-button rtb-polygon in\"><\/i>     \t\t\t\t\n                                <\/div>\n                            <\/div>\n                            <footer>\n                                <span class=\"tag green body-lg\">Registrations<\/span>                                <h3 class=\"\">How to Register a Tenancy Online<\/h3>                                <p>In this step-by-step webinar, we&#039;ll guide you through the process of registering your tenancy online.<\/p>                            <\/footer>\n                        <\/div>\n                                    <\/div>\n\n                <div class=\"swiper-button-prev\"><\/div>\n                <div class=\"swiper-button-next\"><\/div>\n            <\/div>\n            <\/div>\n<\/section>\n\n\n\n<section id=\"block-block_b7dd01d001d417ef80e0fedfb3e022ce\" class=\"video-guides-block rtb-block margin-top-default margin-bottom-default\">\n    <div class=\"content\">\n        \n                    <div class=\"swiper video-guides-swiper fade-in\">\n\n                <div class=\"swiper-wrapper\">\n                     \n                        <div class=\"swiper-slide\">\n                            <div class=\"media\">\n                                <div class=\"wrapper\" \n                                    data-js=\"modal\" \n                                    data-modal-type=\"youtube\" \n                                    data-modal-orientation=\"landscape\" \n                                    data-modal-src=\"Ta-qfKkOchk\">\n\n                                                                            <img loading=\"lazy\" decoding=\"async\" width=\"1024\" height=\"501\" src=\"https:\/\/rtb.ie\/wp-content\/uploads\/2025\/05\/Screenshot-2025-05-19-at-12.46.29.png?w=1024\" class=\"attachment-large size-large\" alt=\"\" srcset=\"https:\/\/rtb.ie\/wp-content\/uploads\/2025\/05\/Screenshot-2025-05-19-at-12.46.29.png 1970w, https:\/\/rtb.ie\/wp-content\/uploads\/2025\/05\/Screenshot-2025-05-19-at-12.46.29.png?resize=300,147 300w, https:\/\/rtb.ie\/wp-content\/uploads\/2025\/05\/Screenshot-2025-05-19-at-12.46.29.png?resize=768,376 768w, https:\/\/rtb.ie\/wp-content\/uploads\/2025\/05\/Screenshot-2025-05-19-at-12.46.29.png?resize=1024,501 1024w, https:\/\/rtb.ie\/wp-content\/uploads\/2025\/05\/Screenshot-2025-05-19-at-12.46.29.png?resize=1536,752 1536w, https:\/\/rtb.ie\/wp-content\/uploads\/2025\/05\/Screenshot-2025-05-19-at-12.46.29.png?resize=660,323 660w\" sizes=\"auto, (max-width: 1024px) 100vw, 1024px\" \/>                                    \n                                    <i class=\"play-button rtb-polygon in\"><\/i>     \t\t\t\t\n                                <\/div>\n                            <\/div>\n                            <footer>\n                                <span class=\"tag green body-lg\">RPZ<\/span>                                <h3 class=\"\">Setting Rent Correctly in a Rent Pressure Zone<\/h3>                                <p>Setting Rent Correctly in a Rent Pressure Zone<\/p>                            <\/footer>\n                        <\/div>\n                                    <\/div>\n\n                <div class=\"swiper-button-prev\"><\/div>\n                <div class=\"swiper-button-next\"><\/div>\n            <\/div>\n            <\/div>\n<\/section>\n","protected":false},"excerpt":{"rendered":"","protected":false},"author":6,"featured_media":0,"parent":1666,"menu_order":2,"comment_status":"closed","ping_status":"closed","template":"","meta":{"_acf_changed":false,"inline_featured_image":false,"_relevanssi_hide_post":"","_relevanssi_hide_content":"","_relevanssi_pin_for_all":"","_relevanssi_pin_keywords":"","_relevanssi_unpin_keywords":"","_relevanssi_related_keywords":"","_relevanssi_related_include_ids":"","_relevanssi_related_exclude_ids":"","_relevanssi_related_no_append":"","_relevanssi_related_not_related":"","_relevanssi_related_posts":"1,1239","_relevanssi_noindex_reason":"","_trash_the_other_posts":false,"editor_notices":[],"footnotes":""},"class_list":["post-2823","page","type-page","status-publish","hentry"],"acf":[],"jetpack_sharing_enabled":true,"publishpress_future_action":{"enabled":false,"date":"2026-04-25 16:07:39","action":"change-status","newStatus":"draft","terms":[],"taxonomy":"","extraData":[]},"publishpress_future_workflow_manual_trigger":{"enabledWorkflows":[]},"_links":{"self":[{"href":"https:\/\/rtb.ie\/ga\/wp-json\/wp\/v2\/pages\/2823","targetHints":{"allow":["GET"]}}],"collection":[{"href":"https:\/\/rtb.ie\/ga\/wp-json\/wp\/v2\/pages"}],"about":[{"href":"https:\/\/rtb.ie\/ga\/wp-json\/wp\/v2\/types\/page"}],"author":[{"embeddable":true,"href":"https:\/\/rtb.ie\/ga\/wp-json\/wp\/v2\/users\/6"}],"replies":[{"embeddable":true,"href":"https:\/\/rtb.ie\/ga\/wp-json\/wp\/v2\/comments?post=2823"}],"version-history":[{"count":12,"href":"https:\/\/rtb.ie\/ga\/wp-json\/wp\/v2\/pages\/2823\/revisions"}],"predecessor-version":[{"id":51461,"href":"https:\/\/rtb.ie\/ga\/wp-json\/wp\/v2\/pages\/2823\/revisions\/51461"}],"up":[{"embeddable":true,"href":"https:\/\/rtb.ie\/ga\/wp-json\/wp\/v2\/pages\/1666"}],"wp:attachment":[{"href":"https:\/\/rtb.ie\/ga\/wp-json\/wp\/v2\/media?parent=2823"}],"curies":[{"name":"wp","href":"https:\/\/api.w.org\/{rel}","templated":true}]}}