{"id":2939,"date":"2025-05-20T10:02:47","date_gmt":"2025-05-20T10:02:47","guid":{"rendered":"https:\/\/rtb.ie\/ga\/?page_id=2939"},"modified":"2025-06-09T09:31:46","modified_gmt":"2025-06-09T09:31:46","slug":"rtb-esri-rent-index","status":"publish","type":"page","link":"https:\/\/rtb.ie\/ga\/data-insights\/rtb-research-reports\/rtb-esri-rent-index\/","title":{"rendered":"RTB\/ESRI Rent Index"},"content":{"rendered":"\n<div class=\"translation-notice no-print\">\n        <div class=\"inner container\">\n            <p><strong>Cuirfear aistri\u00fach\u00e1n ar f\u00e1il go luath<\/strong><\/p>\n            <p>\u00c1r leithsc\u00e9al as an m\u00edchaoithi\u00falacht. Cuirfear aistri\u00fach\u00e1n Gaeilge ar an leathanach seo ar f\u00e1il go luath. Go raibh maith agat as do chuid foighneachta agus muid ag obair ar leagan uasd\u00e1taithe.<\/p>\n        <\/div>\n    <\/div><section id=\"block-block_e04cd089449d4d0b777bf600ea231fc4\" class=\"header-block rtb-block colour-green margin-top-none margin-bottom-default\">\n    <div class=\"container\">\n        <nav class=\"breadcrumbs\" aria-label=\"breadcrumb\">\n    <span property=\"itemListElement\" typeof=\"ListItem\"><a property=\"item\" typeof=\"WebPage\" title=\"Go to Bord um Tion\u00f3ntachta\u00ed C\u00f3naithe.\" href=\"https:\/\/rtb.ie\/ga\" class=\"home\" aria-current=\"page\"><span property=\"name\"><i class=\"rtb-home-icon\"><\/i><\/span><\/a><meta property=\"position\" content=\"1\"><\/span><i class=\"rtb-chevron\"><\/i><\/nav>\n        \n        <div class=\"wrapper\">\n            <div class=\"content\">\n                            \n                <h1 class=\"heading-xl\">RTB\/ESRI Rent Index<\/h1>\n                                            <\/div>\n            <!-- Temporary image: Remove after migrating illustrations to the illustration_selection field -->\n            \n                                    <div class=\"illustration fade-up\" aria-hidden=\"true\">\n                                                    <img decoding=\"async\" src=\"https:\/\/rtb.ie\/ga\/wp-content\/themes\/rtb\/assets\/images\/illustrations\/header-block\/header-illustration-green-a.svg\" alt=\"\" \/>\n                                            <\/div>\n                                    <\/div>\n\n    <\/div>\n<\/section>\n\n\n<section id=\"block-block_f6ee364fcc286215723cfd5871488903\" class=\"header-paragraph-block rtb-block  margin-top-xs margin-bottom-xs\">\n\t<div class=\"container\">\n\t\t<div class=\"content\">\n\t\t\t<article class=\"cms-content\">\n\t\t\t\t\t\t\t\t\t<p>The quarterly RTB\/ESRI Rent Index tracks price developments in the Irish rental market over time. It is based on RTB tenancy registration data that is independently analysed by the Economic and Social Research Institute (ESRI).<\/p>\n<p>It provides the most accurate picture of the average rents for new and existing private tenancies in Ireland. The index uses regulatory data to track rent paid for all new registered tenancies, regardless of how they were advertised. The index is also unique in its ability to track trends in rent paid for all existing tenancies registered with the RTB in each quarter.<\/p>\n<p>The index compares a sample of all tenancies registered in one quarter with those registered in the previous quarter and the same quarter one year previously. The report provides a standardised average rent which controls for differences in the property characteristics that make up the sample in each quarter.<\/p>\n<p>This page contains RTB\/ESRI Rent Index reports. To view or download Rent Index data sets and charts, visit our <a href=\"https:\/\/rtb.ie\/ga\/data-insights\/rtb-data-hub\/\">RTB Data Hub<\/a> section.<\/p>\n\t\t\t\t\t\t\t<\/article>\n\t\t\t\t\t<\/div>\n\t<\/div>\n<\/section>\n\n\n<section id=\"block-block_1bec0a03d8a9642b8d6edd725b4f5c3b\" class=\"cards-links-block rtb-block margin-top-xs margin-bottom-xs\">\n    <div class=\"container\">\n        <div class=\"content\">\n                                        <div class=\"tiles\">\n                                            <div class=\"tile\">\n                                                            <header class=\"fade-in\">\n                                                                        <h2 class=\"\">RTB Rent Index data<\/h2>                                <\/header>\n                                                                                            <div class=\"intro fade-in\">\n                                    <p>You can find the latest Rent Index data below<\/p>                                <\/div>\n                                                                                        <div class=\"cms-content\">\n                                    <ul class=\"list-arrows\">\n                                                                                                                                    <li class=\"fade-in\"><a class=\"text-link\" href=\"https:\/\/rtb.ie\/ga\/wp-content\/uploads\/2025\/05\/RTB-Rent-Index-Q4-2024.pdf\" target=\"\">Rent Index report Q4 2024<\/a><\/li>\n                                                                                                                                                                                <li class=\"fade-in\"><a class=\"text-link\" href=\"https:\/\/rtb.ie\/ga\/wp-content\/uploads\/2025\/05\/Tables-for-RTB-New-Tenancies-Q4-2024.xlsx\" target=\"\">Tables for RTB &#8211; New Tenancies Q4 2024<\/a><\/li>\n                                                                                                                                                                                <li class=\"fade-in\"><a class=\"text-link\" href=\"https:\/\/rtb.ie\/ga\/wp-content\/uploads\/2025\/05\/Tables-for-RTB-Existing-Tenancies-Q4-2024.xlsx\" target=\"\">Tables for RTB &#8211; Existing Tenancies Q4 2024<\/a><\/li>\n                                                                                                                        <\/ul>\n                                <\/div>\n                                                                                <\/div>\n                                    <\/div>\n                        \n        <\/div>\n    <\/div>\n<\/section>\n\n\n<section id=\"block-block_c9f83f9ffbfa78b9df521e6324c423e6\" class=\"header-paragraph-block rtb-block  margin-top-s margin-bottom-default\">\n\t<div class=\"container\">\n\t\t<div class=\"content\">\n\t\t\t<article class=\"cms-content\">\n\t\t\t\t\t\t\t\t\t<p>You can find all Rent Index data from 2007 onwards in the appendices of the Rent Index publication above. You can also download it from the <a href=\"https:\/\/rtb.ie\/ga\/data-insights\/rtb-data-hub\/\">RTB Data Hub<\/a>.<\/p>\n<p>To request a copy of a previous quarterly Rent Index publication, please email <a href=\"mailto:research@rtb.ie\">research@rtb.ie<\/a>.<\/p>\n<p>&nbsp;<\/p>\n\t\t\t\t\t\t\t<\/article>\n\t\t\t\t\t<\/div>\n\t<\/div>\n<\/section>","protected":false},"excerpt":{"rendered":"","protected":false},"author":6,"featured_media":0,"parent":182,"menu_order":1,"comment_status":"closed","ping_status":"closed","template":"","meta":{"_acf_changed":false,"inline_featured_image":false,"_relevanssi_hide_post":"","_relevanssi_hide_content":"","_relevanssi_pin_for_all":"","_relevanssi_pin_keywords":"","_relevanssi_unpin_keywords":"","_relevanssi_related_keywords":"","_relevanssi_related_include_ids":"","_relevanssi_related_exclude_ids":"","_relevanssi_related_no_append":"","_relevanssi_related_not_related":"","_relevanssi_related_posts":"1,1239","_relevanssi_noindex_reason":"","_trash_the_other_posts":false,"editor_notices":[],"footnotes":""},"class_list":["post-2939","page","type-page","status-publish","hentry"],"acf":[],"jetpack_sharing_enabled":true,"publishpress_future_action":{"enabled":false,"date":"2026-04-25 16:07:39","action":"change-status","newStatus":"draft","terms":[],"taxonomy":"","extraData":[]},"publishpress_future_workflow_manual_trigger":{"enabledWorkflows":[]},"_links":{"self":[{"href":"https:\/\/rtb.ie\/ga\/wp-json\/wp\/v2\/pages\/2939","targetHints":{"allow":["GET"]}}],"collection":[{"href":"https:\/\/rtb.ie\/ga\/wp-json\/wp\/v2\/pages"}],"about":[{"href":"https:\/\/rtb.ie\/ga\/wp-json\/wp\/v2\/types\/page"}],"author":[{"embeddable":true,"href":"https:\/\/rtb.ie\/ga\/wp-json\/wp\/v2\/users\/6"}],"replies":[{"embeddable":true,"href":"https:\/\/rtb.ie\/ga\/wp-json\/wp\/v2\/comments?post=2939"}],"version-history":[{"count":14,"href":"https:\/\/rtb.ie\/ga\/wp-json\/wp\/v2\/pages\/2939\/revisions"}],"predecessor-version":[{"id":50479,"href":"https:\/\/rtb.ie\/ga\/wp-json\/wp\/v2\/pages\/2939\/revisions\/50479"}],"up":[{"embeddable":true,"href":"https:\/\/rtb.ie\/ga\/wp-json\/wp\/v2\/pages\/182"}],"wp:attachment":[{"href":"https:\/\/rtb.ie\/ga\/wp-json\/wp\/v2\/media?parent=2939"}],"curies":[{"name":"wp","href":"https:\/\/api.w.org\/{rel}","templated":true}]}}