{"id":2992,"date":"2025-05-20T11:26:24","date_gmt":"2025-05-20T11:26:24","guid":{"rendered":"https:\/\/rtb.ie\/ga\/?page_id=2992"},"modified":"2025-06-09T09:38:00","modified_gmt":"2025-06-09T09:38:00","slug":"approved-housing-body-tenancies-data-set-2","status":"publish","type":"page","link":"https:\/\/rtb.ie\/ga\/data-insights\/rtb-data-hub\/profile-of-the-register\/approved-housing-body-tenancies-data-set-2\/","title":{"rendered":"Approved Housing Body tenancies\u00a0&#8211; data set"},"content":{"rendered":"\n<div class=\"translation-notice no-print\">\n        <div class=\"inner container\">\n            <p><strong>Cuirfear aistri\u00fach\u00e1n ar f\u00e1il go luath<\/strong><\/p>\n            <p>\u00c1r leithsc\u00e9al as an m\u00edchaoithi\u00falacht. Cuirfear aistri\u00fach\u00e1n Gaeilge ar an leathanach seo ar f\u00e1il go luath. Go raibh maith agat as do chuid foighneachta agus muid ag obair ar leagan uasd\u00e1taithe.<\/p>\n        <\/div>\n    <\/div><section id=\"block-block_3a8324442a785b8600a18404d3565b63\" class=\"header-block rtb-block colour-green margin-top-none margin-bottom-default\">\n    <div class=\"container\">\n        <nav class=\"breadcrumbs\" aria-label=\"breadcrumb\">\n    <span property=\"itemListElement\" typeof=\"ListItem\"><a property=\"item\" typeof=\"WebPage\" title=\"Go to Bord um Tion\u00f3ntachta\u00ed C\u00f3naithe.\" href=\"https:\/\/rtb.ie\/ga\" class=\"home\" aria-current=\"page\"><span property=\"name\"><i class=\"rtb-home-icon\"><\/i><\/span><\/a><meta property=\"position\" content=\"1\"><\/span><i class=\"rtb-chevron\"><\/i><\/nav>\n        \n        <div class=\"wrapper\">\n            <div class=\"content\">\n                            \n                <h1 class=\"heading-xl\">Approved Housing Body tenancies &#8211; data set<\/h1>\n                                            <\/div>\n            <!-- Temporary image: Remove after migrating illustrations to the illustration_selection field -->\n            \n                                    <div class=\"illustration fade-up\" aria-hidden=\"true\">\n                                                    <img decoding=\"async\" src=\"https:\/\/rtb.ie\/ga\/wp-content\/themes\/rtb\/assets\/images\/illustrations\/header-block\/header-illustration-green-a.svg\" alt=\"\" \/>\n                                            <\/div>\n                                    <\/div>\n\n    <\/div>\n<\/section>\n\n\n<section id=\"block-block_2344d3798e0a6f08560eaba8cc7176fb\" class=\"header-paragraph-block rtb-block  margin-top-default margin-bottom-none\">\n\t<div class=\"container\">\n\t\t<div class=\"content\">\n\t\t\t<article class=\"cms-content\">\n\t\t\t\t\t\t\t\t\t<p>The RTB &#8216;Profile of the Register&#8217; data series is the most authoritative and complete source of information on the size and profile of Ireland&#8217;s rental sector.<\/p>\n<p>The data sets below show Approved Housing Body tenancies registered with the RTB at the end of each quarter from Q2 2023.<\/p>\n<p>The data is broken down by county, Local Authority, Local Electoral Area, dwelling type, dwelling size and landlord size.<\/p>\n\t\t\t\t\t\t\t<\/article>\n\t\t\t\t\t<\/div>\n\t<\/div>\n<\/section>\n\n\n<section id=\"block-block_27f91d56eea31d1fed6177f955aa1cd5\" class=\"header-paragraph-block rtb-block  margin-top-xs margin-bottom-xs\">\n\t<div class=\"container\">\n\t\t<div class=\"content\">\n\t\t\t<article class=\"cms-content\">\n\t\t\t\t\t\t\t\t\t<div class=\"infogram-embed\" data-id=\"_\/XHYlKevJke057APMP5sx\" data-type=\"interactive\" data-title=\"RI Figure 1\"><\/div>\n<p>!function(e,n,i,s){<br \/>\nvar d=&#8221;InfogramEmbeds&#8221;;<br \/>\nvar o=e.getElementsByTagName(n)[0];<br \/>\nif(window[d] &amp;&amp; window[d].initialized)<br \/>\nwindow[d].process &amp;&amp; window[d].process();<br \/>\nelse if(!e.getElementById(i)){<br \/>\nvar r=e.createElement(n);<br \/>\nr.async = 1;<br \/>\nr.id = i;<br \/>\nr.src = s;<br \/>\no.parentNode.insertBefore(r, o);<br \/>\n}<br \/>\n}(document,&#8221;script&#8221;,&#8221;infogram-async&#8221;,&#8221;https:\/\/e.infogram.com\/js\/dist\/embed-loader-min.js&#8221;);<\/p>\n\t\t\t\t\t\t\t<\/article>\n\t\t\t\t\t<\/div>\n\t<\/div>\n<\/section>\n\n\n    <section id=\"block-block_9b5fdcb38776c97f74ab87a5d112022b\" class=\"cards-block rtb-block margin-top-xs margin-bottom-s\">\n        <div class=\"container\">\n            <div class=\"content\">\n                                    <article class=\"with-link\">\n                                                <p><strong>Figure 1:<\/strong> RTB Total Number AHB Q223-Q125(XLSX, 17kb)<\/p>\n                        <div class=\"footer\">\n                            <a class=\"text-link fade-in\" href=\"https:\/\/rtb.ie\/ga\/wp-content\/uploads\/2025\/06\/Figure-1-RTB-Total-Number-AHB-Q223-Q125.xlsx\" target=\"\">Download<\/a>                        <\/div>\n                    <\/article>\n                            <\/div>\n        <\/div>\n    <\/section>\n\n\n\n<section id=\"block-block_6a0981fabf8d7fc339fe69c0ace484d6\" class=\"header-paragraph-block rtb-block  margin-top-xs margin-bottom-xs\">\n\t<div class=\"container\">\n\t\t<div class=\"content\">\n\t\t\t<article class=\"cms-content\">\n\t\t\t\t\t\t\t\t\t<div class=\"infogram-embed\" data-id=\"_\/odpsLnDf7t1LtFRUm0Dx\" data-type=\"interactive\" data-title=\"Profile AHB Figure 2\"><\/div>\n<p>!function(e,n,i,s){<br \/>\nvar d=&#8221;InfogramEmbeds&#8221;;<br \/>\nvar o=e.getElementsByTagName(n)[0];<br \/>\nif(window[d] &amp;&amp; window[d].initialized)<br \/>\nwindow[d].process &amp;&amp; window[d].process();<br \/>\nelse if(!e.getElementById(i)){<br \/>\nvar r=e.createElement(n);<br \/>\nr.async = 1;<br \/>\nr.id = i;<br \/>\nr.src = s;<br \/>\no.parentNode.insertBefore(r, o);<br \/>\n}<br \/>\n}(document,&#8221;script&#8221;,&#8221;infogram-async&#8221;,&#8221;https:\/\/e.infogram.com\/js\/dist\/embed-loader-min.js&#8221;);<\/p>\n\t\t\t\t\t\t\t<\/article>\n\t\t\t\t\t<\/div>\n\t<\/div>\n<\/section>\n\n\n    <section id=\"block-block_e10e2ad01539324a1289972249f4260c\" class=\"cards-block rtb-block margin-top-xs margin-bottom-s\">\n        <div class=\"container\">\n            <div class=\"content\">\n                                    <article class=\"with-link\">\n                                                <p><strong>Figure 2:<\/strong> RTB AHB by County Q223-Q125 (XLSX, 19kb)<\/p>\n                        <div class=\"footer\">\n                            <a class=\"text-link fade-in\" href=\"https:\/\/rtb.ie\/ga\/wp-content\/uploads\/2025\/06\/Figure-2-RTB-AHB-by-County-Q223-Q125.xlsx\" target=\"\">Download<\/a>                        <\/div>\n                    <\/article>\n                            <\/div>\n        <\/div>\n    <\/section>\n\n\n\n<section id=\"block-block_2bf36e1d9a06a0f336d1f13ff5ec5e5e\" class=\"header-paragraph-block rtb-block  margin-top-xs margin-bottom-xs\">\n\t<div class=\"container\">\n\t\t<div class=\"content\">\n\t\t\t<article class=\"cms-content\">\n\t\t\t\t\t\t\t\t\t<div class=\"infogram-embed\" data-id=\"_\/J7AhHfWhdPt620EuaE0T\" data-type=\"interactive\" data-title=\"Profile AHB Figure 3\"><\/div>\n<p>!function(e,n,i,s){<br \/>\nvar d=&#8221;InfogramEmbeds&#8221;;<br \/>\nvar o=e.getElementsByTagName(n)[0];<br \/>\nif(window[d] &amp;&amp; window[d].initialized)<br \/>\nwindow[d].process &amp;&amp; window[d].process();<br \/>\nelse if(!e.getElementById(i)){<br \/>\nvar r=e.createElement(n);<br \/>\nr.async = 1;<br \/>\nr.id = i;<br \/>\nr.src = s;<br \/>\no.parentNode.insertBefore(r, o);<br \/>\n}<br \/>\n}(document,&#8221;script&#8221;,&#8221;infogram-async&#8221;,&#8221;https:\/\/e.infogram.com\/js\/dist\/embed-loader-min.js&#8221;);<\/p>\n\t\t\t\t\t\t\t<\/article>\n\t\t\t\t\t<\/div>\n\t<\/div>\n<\/section>\n\n\n    <section id=\"block-block_5368ef22b4691e457dd0402615ec8a96\" class=\"cards-block rtb-block margin-top-xs margin-bottom-s\">\n        <div class=\"container\">\n            <div class=\"content\">\n                                    <article class=\"with-link\">\n                                                <p><strong>Figure 3:<\/strong> RTB AHB By LA Q223-Q125(XLSX, 52kb)<\/p>\n                        <div class=\"footer\">\n                            <a class=\"text-link fade-in\" href=\"https:\/\/rtb.ie\/ga\/wp-content\/uploads\/2025\/06\/Figure-3-RTB-AHB-By-LA-Q223-Q125.xlsx\" target=\"\">Download<\/a>                        <\/div>\n                    <\/article>\n                            <\/div>\n        <\/div>\n    <\/section>\n\n\n\n<section id=\"block-block_2870239274a2b53b6c8953f055be5146\" class=\"header-paragraph-block rtb-block  margin-top-xs margin-bottom-xs\">\n\t<div class=\"container\">\n\t\t<div class=\"content\">\n\t\t\t<article class=\"cms-content\">\n\t\t\t\t\t\t\t\t\t<div class=\"infogram-embed\" data-id=\"_\/FN1ujyIC24d7LxHFsNGx\" data-type=\"interactive\" data-title=\"Profile AHB Figure 4\"><\/div>\n<p>!function(e,n,i,s){<br \/>\nvar d=&#8221;InfogramEmbeds&#8221;;<br \/>\nvar o=e.getElementsByTagName(n)[0];<br \/>\nif(window[d] &amp;&amp; window[d].initialized)<br \/>\nwindow[d].process &amp;&amp; window[d].process();<br \/>\nelse if(!e.getElementById(i)){<br \/>\nvar r=e.createElement(n);<br \/>\nr.async = 1;<br \/>\nr.id = i;<br \/>\nr.src = s;<br \/>\no.parentNode.insertBefore(r, o);<br \/>\n}<br \/>\n}(document,&#8221;script&#8221;,&#8221;infogram-async&#8221;,&#8221;https:\/\/e.infogram.com\/js\/dist\/embed-loader-min.js&#8221;);<\/p>\n\t\t\t\t\t\t\t<\/article>\n\t\t\t\t\t<\/div>\n\t<\/div>\n<\/section>\n\n\n    <section id=\"block-block_1a8813005be5fee79b24c6e879aec749\" class=\"cards-block rtb-block margin-top-xs margin-bottom-s\">\n        <div class=\"container\">\n            <div class=\"content\">\n                                    <article class=\"with-link\">\n                                                <p><strong>Figure 4:<\/strong> RTB AHB by LEA Q223-Q125 (XLSX, 51kb)<\/p>\n                        <div class=\"footer\">\n                            <a class=\"text-link fade-in\" href=\"https:\/\/rtb.ie\/ga\/wp-content\/uploads\/2025\/06\/Figure-4-RTB-AHB-by-LEA-Q223-Q125.xlsx\" target=\"\">Download<\/a>                        <\/div>\n                    <\/article>\n                            <\/div>\n        <\/div>\n    <\/section>\n\n\n\n<section id=\"block-block_34970965570c917a65b7f6f249d686da\" class=\"header-paragraph-block rtb-block  margin-top-xs margin-bottom-xs\">\n\t<div class=\"container\">\n\t\t<div class=\"content\">\n\t\t\t<article class=\"cms-content\">\n\t\t\t\t\t\t\t\t\t<div style=\"position: relative;width: 100%;height: 0px;padding: 149.57% 0px 0px;overflow: hidden\"><\/div>\n\t\t\t\t\t\t\t<\/article>\n\t\t\t\t\t<\/div>\n\t<\/div>\n<\/section>\n\n\n    <section id=\"block-block_d7a4ec6694700b232aa68cc57c37e940\" class=\"cards-block rtb-block margin-top-xs margin-bottom-xs\">\n        <div class=\"container\">\n            <div class=\"content\">\n                                    <article class=\"with-link\">\n                        <h2 class=\"heading-s\">Figure 5 RTB AHB Dwellings Q223-Q125<\/h2>                                                <div class=\"footer\">\n                            <a class=\"text-link fade-in\" href=\"https:\/\/rtb.ie\/ga\/wp-content\/uploads\/2025\/06\/Figure-5-RTB-AHB-Dwellings-Q223-Q125-1.xlsx\" target=\"\">Download<\/a>                        <\/div>\n                    <\/article>\n                            <\/div>\n        <\/div>\n    <\/section>\n\n\n\n<section id=\"block-block_170ec66bdc318a3ff8faa13f92195d58\" class=\"header-paragraph-block rtb-block  margin-top-xs margin-bottom-xs\">\n\t<div class=\"container\">\n\t\t<div class=\"content\">\n\t\t\t<article class=\"cms-content\">\n\t\t\t\t\t\t\t\t\t<div class=\"infogram-embed\" data-id=\"_\/jO4IR09M4vAcaCXUJxJQ\" data-type=\"interactive\" data-title=\"Profile AHB Figure 6\"><\/div>\n<p>!function(e,n,i,s){<br \/>\nvar d=&#8221;InfogramEmbeds&#8221;;<br \/>\nvar o=e.getElementsByTagName(n)[0];<br \/>\nif(window[d] &amp;&amp; window[d].initialized)<br \/>\nwindow[d].process &amp;&amp; window[d].process();<br \/>\nelse if(!e.getElementById(i)){<br \/>\nvar r=e.createElement(n);<br \/>\nr.async = 1;<br \/>\nr.id = i;<br \/>\nr.src = s;<br \/>\no.parentNode.insertBefore(r, o);<br \/>\n}<br \/>\n}(document,&#8221;script&#8221;,&#8221;infogram-async&#8221;,&#8221;https:\/\/e.infogram.com\/js\/dist\/embed-loader-min.js&#8221;);<\/p>\n\t\t\t\t\t\t\t<\/article>\n\t\t\t\t\t<\/div>\n\t<\/div>\n<\/section>\n\n\n    <section id=\"block-block_9f529d7b88da4b40f01034b3de1984a6\" class=\"cards-block rtb-block margin-top-xs margin-bottom-s\">\n        <div class=\"container\">\n            <div class=\"content\">\n                                    <article class=\"with-link\">\n                                                <p><strong>Figure 5:<\/strong> RTB AHB Dwellings Q223-Q125 (XLSX, 19kb)<\/p>\n                        <div class=\"footer\">\n                            <a class=\"text-link fade-in\" href=\"https:\/\/rtb.ie\/ga\/wp-content\/uploads\/2025\/06\/Figure-5-RTB-AHB-Dwellings-Q223-Q125.xlsx\" target=\"\">Download<\/a>                        <\/div>\n                    <\/article>\n                            <\/div>\n        <\/div>\n    <\/section>\n\n\n\n<section id=\"block-block_7f2460d2fee2f5216c0a17557e78926d\" class=\"header-paragraph-block rtb-block  margin-top-xs margin-bottom-xs\">\n\t<div class=\"container\">\n\t\t<div class=\"content\">\n\t\t\t<article class=\"cms-content\">\n\t\t\t\t\t\t\t\t\t<div class=\"infogram-embed\" data-id=\"_\/dBTL97juJ9miVpW4yvJR\" data-type=\"interactive\" data-title=\"Profile AHB Figure 7\"><\/div>\n<p>!function(e,n,i,s){<br \/>\nvar d=&#8221;InfogramEmbeds&#8221;;<br \/>\nvar o=e.getElementsByTagName(n)[0];<br \/>\nif(window[d] &amp;&amp; window[d].initialized)<br \/>\nwindow[d].process &amp;&amp; window[d].process();<br \/>\nelse if(!e.getElementById(i)){<br \/>\nvar r = e.createElement(n);<br \/>\nr.async = 1;<br \/>\nr.id = i;<br \/>\nr.src = s;<br \/>\no.parentNode.insertBefore(r, o);<br \/>\n}<br \/>\n}(document,&#8221;script&#8221;,&#8221;infogram-async&#8221;,&#8221;https:\/\/e.infogram.com\/js\/dist\/embed-loader-min.js&#8221;);<\/p>\n\t\t\t\t\t\t\t<\/article>\n\t\t\t\t\t<\/div>\n\t<\/div>\n<\/section>\n\n\n    <section id=\"block-block_3e0343e3329eae8e7c728b6c45d9a62f\" class=\"cards-block rtb-block margin-top-xs margin-bottom-s\">\n        <div class=\"container\">\n            <div class=\"content\">\n                                    <article class=\"with-link\">\n                                                <p><strong>Figure 6:<\/strong> RTB AHB Bedrooms Q223-Q125 (XLSX, 18kb)<\/p>\n                        <div class=\"footer\">\n                            <a class=\"text-link fade-in\" href=\"https:\/\/rtb.ie\/ga\/wp-content\/uploads\/2025\/06\/Figure-6-RTB-AHB-Bedrooms-Q223-Q125.xlsx\" target=\"\">Download<\/a>                        <\/div>\n                    <\/article>\n                            <\/div>\n        <\/div>\n    <\/section>\n\n\n\n<section id=\"block-block_39931dd77dd7708a704ebf4b61b18b22\" class=\"header-paragraph-block rtb-block  margin-top-xs margin-bottom-xs\">\n\t<div class=\"container\">\n\t\t<div class=\"content\">\n\t\t\t<article class=\"cms-content\">\n\t\t\t\t\t\t\t\t\t<div class=\"infogram-embed\" data-id=\"_\/pakeIhHTnVNe4pF66IGx\" data-type=\"interactive\" data-title=\"Profile AHB Figure 8\"><\/div>\n<p>!function(e,n,i,s){<br \/>\nvar d=&#8221;InfogramEmbeds&#8221;;<br \/>\nvar o=e.getElementsByTagName(n)[0];<br \/>\nif(window[d] &amp;&amp; window[d].initialized)<br \/>\nwindow[d].process &amp;&amp; window[d].process();<br \/>\nelse if(!e.getElementById(i)){<br \/>\nvar r = e.createElement(n);<br \/>\nr.async = 1;<br \/>\nr.id = i;<br \/>\nr.src = s;<br \/>\no.parentNode.insertBefore(r, o);<br \/>\n}<br \/>\n}(document,&#8221;script&#8221;,&#8221;infogram-async&#8221;,&#8221;https:\/\/e.infogram.com\/js\/dist\/embed-loader-min.js&#8221;);<\/p>\n\t\t\t\t\t\t\t<\/article>\n\t\t\t\t\t<\/div>\n\t<\/div>\n<\/section>\n\n\n    <section id=\"block-block_2d0e707dc6f67c1fb1c33ef66413673a\" class=\"cards-block rtb-block margin-top-xs margin-bottom-s\">\n        <div class=\"container\">\n            <div class=\"content\">\n                                    <article class=\"with-link\">\n                                                <p><strong>Figure 7: <\/strong>AHB LL Q223-Q125 (XLSX, 17kb)<\/p>\n                        <div class=\"footer\">\n                            <a class=\"text-link fade-in\" href=\"https:\/\/rtb.ie\/ga\/wp-content\/uploads\/2025\/06\/Figure-7-AHB-LL-Q223-Q125.xlsx\" target=\"\">Download<\/a>                        <\/div>\n                    <\/article>\n                            <\/div>\n        <\/div>\n    <\/section>\n\n\n\n<section id=\"block-block_d0d2fac38a8ffe8410695053b3d2dd75\" class=\"header-paragraph-block rtb-block  margin-top-xs margin-bottom-xs\">\n\t<div class=\"container\">\n\t\t<div class=\"content\">\n\t\t\t<article class=\"cms-content\">\n\t\t\t\t\t\t\t\t\t<div class=\"infogram-embed\" data-id=\"_\/X2udCs3hcDFuvQoQZbaq\" data-type=\"interactive\" data-title=\"Profile AHB Figure 9\"><\/div>\n<p>!function(e,n,i,s){<br \/>\nvar d=&#8221;InfogramEmbeds&#8221;;<br \/>\nvar o = e.getElementsByTagName(n)[0];<br \/>\nif(window[d] &amp;&amp; window[d].initialized)<br \/>\nwindow[d].process &amp;&amp; window[d].process();<br \/>\nelse if(!e.getElementById(i)){<br \/>\nvar r = e.createElement(n);<br \/>\nr.async = 1;<br \/>\nr.id = i;<br \/>\nr.src = s;<br \/>\no.parentNode.insertBefore(r, o);<br \/>\n}<br \/>\n}(document,&#8221;script&#8221;,&#8221;infogram-async&#8221;,&#8221;https:\/\/e.infogram.com\/js\/dist\/embed-loader-min.js&#8221;);<\/p>\n\t\t\t\t\t\t\t<\/article>\n\t\t\t\t\t<\/div>\n\t<\/div>\n<\/section>\n\n\n    <section id=\"block-block_7488fba04ea01c798b99b019d46c16fa\" class=\"cards-block rtb-block margin-top-xs margin-bottom-s\">\n        <div class=\"container\">\n            <div class=\"content\">\n                                    <article class=\"with-link\">\n                                                <p><strong>Figure 8:<\/strong> AHB LL proportion Q223-Q125 (XLSX, 17kb)<\/p>\n                        <div class=\"footer\">\n                            <a class=\"text-link fade-in\" href=\"https:\/\/rtb.ie\/ga\/wp-content\/uploads\/2025\/06\/Figure-8-AHB-LL-proportion-Q223-Q125.xlsx\" target=\"\">Download<\/a>                        <\/div>\n                    <\/article>\n                            <\/div>\n        <\/div>\n    <\/section>\n\n\n\n<section id=\"block-block_77e62c0f9fa54a3a37445d569eff0cdb\" class=\"header-paragraph-block rtb-block  margin-top-none margin-bottom-default\">\n\t<div class=\"container\">\n\t\t<div class=\"content\">\n\t\t\t<article class=\"cms-content\">\n\t\t\t\t\t\t\t\t\t<div class=\"infogram-embed\" data-id=\"_\/2BoLlz0PTV7qmoOJwsSb\" data-type=\"interactive\" data-title=\"Profile AHB Figure 10\"><\/div>\n<p>!function(e,n,i,s){<br \/>\nvar d=&#8221;InfogramEmbeds&#8221;;<br \/>\nvar o = e.getElementsByTagName(n)[0];<br \/>\nif(window[d] &amp;&amp; window[d].initialized)<br \/>\nwindow[d].process &amp;&amp; window[d].process();<br \/>\nelse if(!e.getElementById(i)){<br \/>\nvar r = e.createElement(n);<br \/>\nr.async = 1;<br \/>\nr.id = i;<br \/>\nr.src = s;<br \/>\no.parentNode.insertBefore(r, o);<br \/>\n}<br \/>\n}(document,&#8221;script&#8221;,&#8221;infogram-async&#8221;,&#8221;https:\/\/e.infogram.com\/js\/dist\/embed-loader-min.js&#8221;);<\/p>\n\t\t\t\t\t\t\t<\/article>\n\t\t\t\t\t<\/div>\n\t<\/div>\n<\/section>\n\n\n    <section id=\"block-block_dc70aeb8527ec1825948cb0b332a7f2b\" class=\"cards-block rtb-block margin-top-xs margin-bottom-s\">\n        <div class=\"container\">\n            <div class=\"content\">\n                                    <article class=\"with-link\">\n                                                <p><strong>Figure 9:<\/strong> AHB LL proportion dublin only Q223-Q1255 (XLSX, 17kb)<\/p>\n                        <div class=\"footer\">\n                            <a class=\"text-link fade-in\" href=\"https:\/\/rtb.ie\/ga\/wp-content\/uploads\/2025\/06\/Figure-9-AHB-LL-proportion-dublin-only-Q223-Q125.xlsx\" target=\"\">Download<\/a>                        <\/div>\n                    <\/article>\n                            <\/div>\n        <\/div>\n    <\/section>\n\n\n\n    <section id=\"block-block_07f6299b9c17592426f4f6ea869b4405\" class=\"cards-block rtb-block margin-top-xs margin-bottom-s\">\n        <div class=\"container\">\n            <div class=\"content\">\n                                    <article class=\"with-link\">\n                                                <p><strong>Figure 10:<\/strong> RTB AHB LL proportion outside Dublin Q223-Q125 (XLSX, 17kb)<\/p>\n                        <div class=\"footer\">\n                            <a class=\"text-link fade-in\" href=\"https:\/\/rtb.ie\/ga\/wp-content\/uploads\/2025\/06\/Figure-10-RTB-AHB-LL-proportion-outside-Dublin-Q223-Q125.xlsx\" target=\"\">Download<\/a>                        <\/div>\n                    <\/article>\n                            <\/div>\n        <\/div>\n    <\/section>\n","protected":false},"excerpt":{"rendered":"","protected":false},"author":6,"featured_media":0,"parent":2510,"menu_order":0,"comment_status":"closed","ping_status":"closed","template":"","meta":{"_acf_changed":false,"inline_featured_image":false,"_relevanssi_hide_post":"","_relevanssi_hide_content":"","_relevanssi_pin_for_all":"","_relevanssi_pin_keywords":"","_relevanssi_unpin_keywords":"","_relevanssi_related_keywords":"","_relevanssi_related_include_ids":"","_relevanssi_related_exclude_ids":"","_relevanssi_related_no_append":"","_relevanssi_related_not_related":"","_relevanssi_related_posts":"1,1239","_relevanssi_noindex_reason":"","_trash_the_other_posts":false,"editor_notices":[],"footnotes":""},"class_list":["post-2992","page","type-page","status-publish","hentry"],"acf":[],"jetpack_sharing_enabled":true,"publishpress_future_action":{"enabled":false,"date":"2026-04-30 11:28:27","action":"change-status","newStatus":"draft","terms":[],"taxonomy":"","extraData":[]},"publishpress_future_workflow_manual_trigger":{"enabledWorkflows":[]},"_links":{"self":[{"href":"https:\/\/rtb.ie\/ga\/wp-json\/wp\/v2\/pages\/2992","targetHints":{"allow":["GET"]}}],"collection":[{"href":"https:\/\/rtb.ie\/ga\/wp-json\/wp\/v2\/pages"}],"about":[{"href":"https:\/\/rtb.ie\/ga\/wp-json\/wp\/v2\/types\/page"}],"author":[{"embeddable":true,"href":"https:\/\/rtb.ie\/ga\/wp-json\/wp\/v2\/users\/6"}],"replies":[{"embeddable":true,"href":"https:\/\/rtb.ie\/ga\/wp-json\/wp\/v2\/comments?post=2992"}],"version-history":[{"count":31,"href":"https:\/\/rtb.ie\/ga\/wp-json\/wp\/v2\/pages\/2992\/revisions"}],"predecessor-version":[{"id":50487,"href":"https:\/\/rtb.ie\/ga\/wp-json\/wp\/v2\/pages\/2992\/revisions\/50487"}],"up":[{"embeddable":true,"href":"https:\/\/rtb.ie\/ga\/wp-json\/wp\/v2\/pages\/2510"}],"wp:attachment":[{"href":"https:\/\/rtb.ie\/ga\/wp-json\/wp\/v2\/media?parent=2992"}],"curies":[{"name":"wp","href":"https:\/\/api.w.org\/{rel}","templated":true}]}}