{"id":2998,"date":"2025-05-20T11:31:22","date_gmt":"2025-05-20T11:31:22","guid":{"rendered":"https:\/\/rtb.ie\/ga\/?page_id=2998"},"modified":"2025-06-09T09:47:17","modified_gmt":"2025-06-09T09:47:17","slug":"student-specific-accommodation-tenancies-data-set","status":"publish","type":"page","link":"https:\/\/rtb.ie\/ga\/data-insights\/rtb-data-hub\/profile-of-the-register\/student-specific-accommodation-tenancies-data-set\/","title":{"rendered":"Student specific accommodation tenancies &#8211; data set"},"content":{"rendered":"\n<div class=\"translation-notice no-print\">\n        <div class=\"inner container\">\n            <p><strong>Cuirfear aistri\u00fach\u00e1n ar f\u00e1il go luath<\/strong><\/p>\n            <p>\u00c1r leithsc\u00e9al as an m\u00edchaoithi\u00falacht. Cuirfear aistri\u00fach\u00e1n Gaeilge ar an leathanach seo ar f\u00e1il go luath. Go raibh maith agat as do chuid foighneachta agus muid ag obair ar leagan uasd\u00e1taithe.<\/p>\n        <\/div>\n    <\/div><section id=\"block-block_114e176260505a3d87c8c3f5b9d29a13\" class=\"header-block rtb-block colour-green margin-top-none margin-bottom-default\">\n    <div class=\"container\">\n        <nav class=\"breadcrumbs\" aria-label=\"breadcrumb\">\n    <span property=\"itemListElement\" typeof=\"ListItem\"><a property=\"item\" typeof=\"WebPage\" title=\"Go to Bord um Tion\u00f3ntachta\u00ed C\u00f3naithe.\" href=\"https:\/\/rtb.ie\/ga\" class=\"home\" aria-current=\"page\"><span property=\"name\"><i class=\"rtb-home-icon\"><\/i><\/span><\/a><meta property=\"position\" content=\"1\"><\/span><i class=\"rtb-chevron\"><\/i><\/nav>\n        \n        <div class=\"wrapper\">\n            <div class=\"content\">\n                            \n                <h1 class=\"heading-xl\">Student specific accommodation tenancies &#8211; data set<\/h1>\n                                            <\/div>\n            <!-- Temporary image: Remove after migrating illustrations to the illustration_selection field -->\n            \n                                    <div class=\"illustration fade-up\" aria-hidden=\"true\">\n                                                    <img decoding=\"async\" src=\"https:\/\/rtb.ie\/ga\/wp-content\/themes\/rtb\/assets\/images\/illustrations\/header-block\/header-illustration-green-a.svg\" alt=\"\" \/>\n                                            <\/div>\n                                    <\/div>\n\n    <\/div>\n<\/section>\n\n\n<section id=\"block-block_7c374bb766c7462e0dc47dd6577a9fb3\" class=\"header-paragraph-block rtb-block  margin-top-xs margin-bottom-xs\">\n\t<div class=\"container\">\n\t\t<div class=\"content\">\n\t\t\t<article class=\"cms-content\">\n\t\t\t\t\t\t\t\t\t<p>Student specific accommodation (SSA) is housing that is used for the sole purpose of providing residential accommodation to students during the academic term.\u202fSince 2019, all SSA tenancies and license are under the RTBs remit.<\/p>\n<p>The chart below shows all SSA tenancies registered with the RTB at the end of each year since 2019.<\/p>\n\t\t\t\t\t\t\t<\/article>\n\t\t\t\t\t<\/div>\n\t<\/div>\n<\/section>\n\n\n<section id=\"block-block_8079129b39d87e9701b673adf6f0d263\" class=\"header-paragraph-block rtb-block  margin-top-xs margin-bottom-xs\">\n\t<div class=\"container\">\n\t\t<div class=\"content\">\n\t\t\t<article class=\"cms-content\">\n\t\t\t\t\t\t\t\t\t<div class=\"infogram-embed\" data-id=\"_\/iImnmFfHQOizgqft4WC0\" data-type=\"interactive\" data-title=\"SSA Figure 1\"><\/div>\n<p>!function(e,n,i,s){<br \/>\nvar d = &#8220;InfogramEmbeds&#8221;;<br \/>\nvar o = e.getElementsByTagName(n)[0];<br \/>\nif (window[d] &amp;&amp; window[d].initialized)<br \/>\nwindow[d].process &amp;&amp; window[d].process();<br \/>\nelse if (!e.getElementById(i)) {<br \/>\nvar r = e.createElement(n);<br \/>\nr.async = 1;<br \/>\nr.id = i;<br \/>\nr.src = s;<br \/>\no.parentNode.insertBefore(r, o);<br \/>\n}<br \/>\n}(document, &#8220;script&#8221;, &#8220;infogram-async&#8221;, &#8220;https:\/\/e.infogram.com\/js\/dist\/embed-loader-min.js&#8221;);<\/p>\n\t\t\t\t\t\t\t<\/article>\n\t\t\t\t\t<\/div>\n\t<\/div>\n<\/section>\n\n\n    <section id=\"block-block_d9032f91c1a307f9a532f69deb8335cf\" class=\"cards-block rtb-block margin-top-xs margin-bottom-s\">\n        <div class=\"container\">\n            <div class=\"content\">\n                                    <article class=\"with-link\">\n                                                <p><strong>Figure 1:<\/strong> Download Figure 1 RTB SSA Reg 2024 (XLSX, 38kb)<\/p>\n                        <div class=\"footer\">\n                            <a class=\"text-link fade-in\" href=\"https:\/\/rtb.ie\/ga\/wp-content\/uploads\/2025\/06\/Figure-1-RTB-SSA-Reg-2024.xlsx\" target=\"\">Download<\/a>                        <\/div>\n                    <\/article>\n                            <\/div>\n        <\/div>\n    <\/section>\n\n\n\n<section id=\"block-block_8c50c46e1062c07f963b452a0326d44e\" class=\"header-paragraph-block rtb-block  margin-top-xs margin-bottom-default\">\n\t<div class=\"container\">\n\t\t<div class=\"content\">\n\t\t\t<article class=\"cms-content\">\n\t\t\t\t\t\t\t\t\t<div class=\"infogram-embed\" data-id=\"_\/WgocpwvFmI4A5m2TkzVm\" data-type=\"interactive\" data-title=\"SSA Figure 2\"><\/div>\n<p>!function(e,n,i,s){<br \/>\nvar d = &#8220;InfogramEmbeds&#8221;;<br \/>\nvar o = e.getElementsByTagName(n)[0];<br \/>\nif (window[d] &amp;&amp; window[d].initialized)<br \/>\nwindow[d].process &amp;&amp; window[d].process();<br \/>\nelse if (!e.getElementById(i)) {<br \/>\nvar r = e.createElement(n);<br \/>\nr.async = 1;<br \/>\nr.id = i;<br \/>\nr.src = s;<br \/>\no.parentNode.insertBefore(r, o);<br \/>\n}<br \/>\n}(document, &#8220;script&#8221;, &#8220;infogram-async&#8221;, &#8220;https:\/\/e.infogram.com\/js\/dist\/embed-loader-min.js&#8221;);<\/p>\n\t\t\t\t\t\t\t<\/article>\n\t\t\t\t\t<\/div>\n\t<\/div>\n<\/section>\n\n\n    <section id=\"block-block_de71aa73ee7cb9da9f472d3ef626d28a\" class=\"cards-block rtb-block margin-top-xs margin-bottom-default\">\n        <div class=\"container\">\n            <div class=\"content\">\n                                    <article class=\"with-link\">\n                                                <p><strong>Figure 2:<\/strong> RTB SSA by Local Authorities Q42024 (XLSX, 52kb)<\/p>\n                        <div class=\"footer\">\n                            <a class=\"text-link fade-in\" href=\"https:\/\/rtb.ie\/ga\/wp-content\/uploads\/2025\/06\/Figure-2-RTB-SSA-by-Local-Authorities-Q42024.xlsx\" target=\"\">Download<\/a>                        <\/div>\n                    <\/article>\n                            <\/div>\n        <\/div>\n    <\/section>\n","protected":false},"excerpt":{"rendered":"","protected":false},"author":6,"featured_media":0,"parent":2510,"menu_order":1,"comment_status":"closed","ping_status":"closed","template":"","meta":{"_acf_changed":false,"inline_featured_image":false,"_relevanssi_hide_post":"","_relevanssi_hide_content":"","_relevanssi_pin_for_all":"","_relevanssi_pin_keywords":"","_relevanssi_unpin_keywords":"","_relevanssi_related_keywords":"","_relevanssi_related_include_ids":"","_relevanssi_related_exclude_ids":"","_relevanssi_related_no_append":"","_relevanssi_related_not_related":"","_relevanssi_related_posts":"1239,1","_relevanssi_noindex_reason":"","_trash_the_other_posts":false,"editor_notices":[],"footnotes":""},"class_list":["post-2998","page","type-page","status-publish","hentry"],"acf":[],"jetpack_sharing_enabled":true,"publishpress_future_action":{"enabled":false,"date":"2026-04-25 19:33:54","action":"change-status","newStatus":"draft","terms":[],"taxonomy":"","extraData":[]},"publishpress_future_workflow_manual_trigger":{"enabledWorkflows":[]},"_links":{"self":[{"href":"https:\/\/rtb.ie\/ga\/wp-json\/wp\/v2\/pages\/2998","targetHints":{"allow":["GET"]}}],"collection":[{"href":"https:\/\/rtb.ie\/ga\/wp-json\/wp\/v2\/pages"}],"about":[{"href":"https:\/\/rtb.ie\/ga\/wp-json\/wp\/v2\/types\/page"}],"author":[{"embeddable":true,"href":"https:\/\/rtb.ie\/ga\/wp-json\/wp\/v2\/users\/6"}],"replies":[{"embeddable":true,"href":"https:\/\/rtb.ie\/ga\/wp-json\/wp\/v2\/comments?post=2998"}],"version-history":[{"count":16,"href":"https:\/\/rtb.ie\/ga\/wp-json\/wp\/v2\/pages\/2998\/revisions"}],"predecessor-version":[{"id":50488,"href":"https:\/\/rtb.ie\/ga\/wp-json\/wp\/v2\/pages\/2998\/revisions\/50488"}],"up":[{"embeddable":true,"href":"https:\/\/rtb.ie\/ga\/wp-json\/wp\/v2\/pages\/2510"}],"wp:attachment":[{"href":"https:\/\/rtb.ie\/ga\/wp-json\/wp\/v2\/media?parent=2998"}],"curies":[{"name":"wp","href":"https:\/\/api.w.org\/{rel}","templated":true}]}}