{"id":309,"date":"2025-04-24T10:24:39","date_gmt":"2025-04-24T10:24:39","guid":{"rendered":"https:\/\/rtb.ie\/ga\/?page_id=309"},"modified":"2025-07-04T09:17:54","modified_gmt":"2025-07-04T09:17:54","slug":"registration-statuses-on-your-rtb-online-account-explained","status":"publish","type":"page","link":"https:\/\/rtb.ie\/ga\/register-tenancies\/registration-account-support\/registration-statuses-on-your-rtb-online-account-explained\/","title":{"rendered":"St\u00e1dais chl\u00e1r\u00fach\u00e1in ar do chuntas ar l\u00edne RTB m\u00ednithe"},"content":{"rendered":"\n<div class=\"translation-notice no-print\">\n        <div class=\"inner container\">\n            <p><strong>Cuirfear aistri\u00fach\u00e1n ar f\u00e1il go luath<\/strong><\/p>\n            <p>\u00c1r leithsc\u00e9al as an m\u00edchaoithi\u00falacht. Cuirfear aistri\u00fach\u00e1n Gaeilge ar an leathanach seo ar f\u00e1il go luath. Go raibh maith agat as do chuid foighneachta agus muid ag obair ar leagan uasd\u00e1taithe.<\/p>\n        <\/div>\n    <\/div><section id=\"block-block_18bfd0e6fda2d90846757b628c83a905\" class=\"header-block rtb-block colour-blue margin-top-s margin-bottom-default\">\n    <div class=\"container\">\n        <nav class=\"breadcrumbs\" aria-label=\"breadcrumb\">\n    <span property=\"itemListElement\" typeof=\"ListItem\"><a property=\"item\" typeof=\"WebPage\" title=\"Go to Bord um Tion\u00f3ntachta\u00ed C\u00f3naithe.\" href=\"https:\/\/rtb.ie\/ga\" class=\"home\" aria-current=\"page\"><span property=\"name\"><i class=\"rtb-home-icon\"><\/i><\/span><\/a><meta property=\"position\" content=\"1\"><\/span><i class=\"rtb-chevron\"><\/i><\/nav>\n        \n        <div class=\"wrapper\">\n            <div class=\"content\">\n                            \n                <h1 class=\"heading-xl\">St\u00e1dais chl\u00e1r\u00fach\u00e1in ar do chuntas ar l\u00edne RTB m\u00ednithe<\/h1>\n                <p>This page explains the different registration statuses in the \u2018Manage Registrations\u2019 section on a registration account.<\/p>                            <\/div>\n            <!-- Temporary image: Remove after migrating illustrations to the illustration_selection field -->\n                            <div class=\"illustration fade-up\">\n                    <img loading=\"lazy\" decoding=\"async\" width=\"1024\" height=\"1\" src=\"https:\/\/rtb.ie\/wp-content\/uploads\/2025\/04\/Illustration-1.svg\" class=\"attachment-full size-full\" alt=\"\" \/>                <\/div>\n                    <\/div>\n\n    <\/div>\n<\/section>\n\n\n<section id=\"block-block_7f0844c52fe86dce4b75afd36d5d9625\" class=\"table-block rtb-block margin-top-default margin-bottom-default\">\n\t<div class=\"container\">\n\t\t<div class=\"content\">\n\t\t\t\t\t\t<table>\n\t\t\t\t\n\t\t\t\t\t\t\t\t\t<thead>\n\t\t\t\t\t\t<tr>\n\t\t\t\t\t\t\t\t\t\t\t\t\t\t\t<th>Status<\/th>\n\t\t\t\t\t\t\t\t\t\t\t\t\t\t\t<th>What it means<\/th>\n\t\t\t\t\t\t\t\t\t\t\t\t\t<\/tr>\n\t\t\t\t\t<\/thead>\n\t\t\t\t\n\t\t\t\t<tbody>\n\t\t\t\t\t\t\t\t\t\t\t<tr>\n\t\t\t\t\t\t\t\t\t\t\t\t\t\t\t<td>Registered<\/td>\n\t\t\t\t\t\t\t\t\t\t\t\t\t\t\t<td>You have provided all the necessary information on your registration application and paid the full fee. The information has been verified. You can download a confirmation letter from your registration account.<\/td>\n\t\t\t\t\t\t\t\t\t\t\t\t\t<\/tr>\n\t\t\t\t\t\t\t\t\t\t\t<tr>\n\t\t\t\t\t\t\t\t\t\t\t\t\t\t\t<td>Draft<\/td>\n\t\t\t\t\t\t\t\t\t\t\t\t\t\t\t<td>You have entered some or all the registration application details but have not completed it.<br><br> Drafts will be kept for 60 days before being automatically deleted. Once deleted, none of the draft details are saved and you need to start a new registration application.<\/td>\n\t\t\t\t\t\t\t\t\t\t\t\t\t<\/tr>\n\t\t\t\t\t\t\t\t\t\t\t<tr>\n\t\t\t\t\t\t\t\t\t\t\t\t\t\t\t<td>Fee outstanding\n<\/td>\n\t\t\t\t\t\t\t\t\t\t\t\t\t\t\t<td>You have provided all the information and completed the declaration but have not paid the fee.<br><br>\n\nYour tenancy cannot move to \u2018Registered\u2019 until the fee is paid and we have verified the information.<\/td>\n\t\t\t\t\t\t\t\t\t\t\t\t\t<\/tr>\n\t\t\t\t\t\t\t\t\t\t\t<tr>\n\t\t\t\t\t\t\t\t\t\t\t\t\t\t\t<td>Registration paid<\/td>\n\t\t\t\t\t\t\t\t\t\t\t\t\t\t\t<td>You have provided all the information on the registration application, signed the declaration and paid the fee.\n<br><br>\nThe registration will be confirmed once we verify the information.<\/td>\n\t\t\t\t\t\t\t\t\t\t\t\t\t<\/tr>\n\t\t\t\t\t\t\t\t\t\t\t<tr>\n\t\t\t\t\t\t\t\t\t\t\t\t\t\t\t<td>Incomplete<\/td>\n\t\t\t\t\t\t\t\t\t\t\t\t\t\t\t<td>\t\nThe information you provided is incorrect, or your payment was not successfully processed.\n<br><br>\nWe will contact you to correct the information.<\/td>\n\t\t\t\t\t\t\t\t\t\t\t\t\t<\/tr>\n\t\t\t\t\t\t\t\t\t\t\t<tr>\n\t\t\t\t\t\t\t\t\t\t\t\t\t\t\t<td>Unsuccessful registration\n<\/td>\n\t\t\t\t\t\t\t\t\t\t\t\t\t\t\t<td>If the information is still incorrect or missing, or the fee is not paid after we contacted you, the status moves to \u2018Unsuccessful\u2019.<br>\n<br>\nThis means the tenancy is not registered and you need to complete a new application.<br>\n<br>\nYou can\u2019t update or correct your application once it is marked unsuccessful.<\/td>\n\t\t\t\t\t\t\t\t\t\t\t\t\t<\/tr>\n\t\t\t\t\t\t\t\t\t\t\t<tr>\n\t\t\t\t\t\t\t\t\t\t\t\t\t\t\t<td>To be verified<\/td>\n\t\t\t\t\t\t\t\t\t\t\t\t\t\t\t<td>We have identified a missed registration that you may not have originally registered.<\/td>\n\t\t\t\t\t\t\t\t\t\t\t\t\t<\/tr>\n\t\t\t\t\t\t\t\t\t\t\t<tr>\n\t\t\t\t\t\t\t\t\t\t\t\t\t\t\t<td>Ended<\/td>\n\t\t\t\t\t\t\t\t\t\t\t\t\t\t\t<td>You can view your registration record but you can\u2019t update or edit it.<\/td>\n\t\t\t\t\t\t\t\t\t\t\t\t\t<\/tr>\n\t\t\t\t\t\t\t\t\t<\/tbody>\n\n\t\t\t<\/table>\n\t\t<\/div>\n\t<\/div>\n<\/section>\n","protected":false},"excerpt":{"rendered":"","protected":false},"author":9,"featured_media":0,"parent":170,"menu_order":1,"comment_status":"closed","ping_status":"closed","template":"","meta":{"_acf_changed":false,"inline_featured_image":false,"_relevanssi_hide_post":"","_relevanssi_hide_content":"","_relevanssi_pin_for_all":"","_relevanssi_pin_keywords":"","_relevanssi_unpin_keywords":"","_relevanssi_related_keywords":"","_relevanssi_related_include_ids":"","_relevanssi_related_exclude_ids":"","_relevanssi_related_no_append":"","_relevanssi_related_not_related":"","_relevanssi_related_posts":"1,1239","_relevanssi_noindex_reason":"","_trash_the_other_posts":false,"editor_notices":[],"footnotes":""},"class_list":["post-309","page","type-page","status-publish","hentry"],"acf":[],"jetpack_sharing_enabled":true,"publishpress_future_action":{"enabled":false,"date":"2026-05-04 08:41:47","action":"change-status","newStatus":"draft","terms":[],"taxonomy":"","extraData":[]},"publishpress_future_workflow_manual_trigger":{"enabledWorkflows":[]},"_links":{"self":[{"href":"https:\/\/rtb.ie\/ga\/wp-json\/wp\/v2\/pages\/309","targetHints":{"allow":["GET"]}}],"collection":[{"href":"https:\/\/rtb.ie\/ga\/wp-json\/wp\/v2\/pages"}],"about":[{"href":"https:\/\/rtb.ie\/ga\/wp-json\/wp\/v2\/types\/page"}],"author":[{"embeddable":true,"href":"https:\/\/rtb.ie\/ga\/wp-json\/wp\/v2\/users\/9"}],"replies":[{"embeddable":true,"href":"https:\/\/rtb.ie\/ga\/wp-json\/wp\/v2\/comments?post=309"}],"version-history":[{"count":18,"href":"https:\/\/rtb.ie\/ga\/wp-json\/wp\/v2\/pages\/309\/revisions"}],"predecessor-version":[{"id":51448,"href":"https:\/\/rtb.ie\/ga\/wp-json\/wp\/v2\/pages\/309\/revisions\/51448"}],"up":[{"embeddable":true,"href":"https:\/\/rtb.ie\/ga\/wp-json\/wp\/v2\/pages\/170"}],"wp:attachment":[{"href":"https:\/\/rtb.ie\/ga\/wp-json\/wp\/v2\/media?parent=309"}],"curies":[{"name":"wp","href":"https:\/\/api.w.org\/{rel}","templated":true}]}}