{"id":311,"date":"2025-04-24T10:56:43","date_gmt":"2025-04-24T10:56:43","guid":{"rendered":"https:\/\/rtb.ie\/ga\/?page_id=311"},"modified":"2025-07-04T13:51:34","modified_gmt":"2025-07-04T13:51:34","slug":"minimum-standards-for-rental-properties","status":"publish","type":"page","link":"https:\/\/rtb.ie\/ga\/renting\/rights-responsibilities\/minimum-standards-for-rental-properties\/","title":{"rendered":"Caighde\u00e1in \u00edosta"},"content":{"rendered":"\n<div class=\"translation-notice no-print\">\n        <div class=\"inner container\">\n            <p><strong>Cuirfear aistri\u00fach\u00e1n ar f\u00e1il go luath<\/strong><\/p>\n            <p>\u00c1r leithsc\u00e9al as an m\u00edchaoithi\u00falacht. Cuirfear aistri\u00fach\u00e1n Gaeilge ar an leathanach seo ar f\u00e1il go luath. Go raibh maith agat as do chuid foighneachta agus muid ag obair ar leagan uasd\u00e1taithe.<\/p>\n        <\/div>\n    <\/div><section id=\"block-block_fc2e297793ce7b21178d0f91a8d80166\" class=\"header-block rtb-block colour-teal margin-top-xs margin-bottom-xs\">\n    <div class=\"container\">\n        <nav class=\"breadcrumbs\" aria-label=\"breadcrumb\">\n    <span property=\"itemListElement\" typeof=\"ListItem\"><a property=\"item\" typeof=\"WebPage\" title=\"Go to Bord um Tion\u00f3ntachta\u00ed C\u00f3naithe.\" href=\"https:\/\/rtb.ie\/ga\" class=\"home\" aria-current=\"page\"><span property=\"name\"><i class=\"rtb-home-icon\"><\/i><\/span><\/a><meta property=\"position\" content=\"1\"><\/span><i class=\"rtb-chevron\"><\/i><\/nav>\n        \n        <div class=\"wrapper\">\n            <div class=\"content\">\n                            \n                <h1 class=\"heading-xl\">Caighde\u00e1in \u00edosta<\/h1>\n                                            <\/div>\n            <!-- Temporary image: Remove after migrating illustrations to the illustration_selection field -->\n            \n                                    <div class=\"illustration fade-up\" aria-hidden=\"true\">\n                                                    <img decoding=\"async\" src=\"https:\/\/rtb.ie\/ga\/wp-content\/themes\/rtb\/assets\/images\/illustrations\/header-block\/header-illustration-teal-a.svg\" alt=\"\" \/>\n                                            <\/div>\n                                    <\/div>\n\n    <\/div>\n<\/section>\n\n\n<section id=\"block-block_d728be63d0b81e864a43912d6e210742\" class=\"navigation-block container rtb-block margin-top-none margin-bottom-default\">\n    <div class=\"content\">\n        <header>\n                            <h2 class=\"heading-s\">On this page<\/h2>                        <i class=\"rtb-arrow down\"><\/i>\n        <\/header>\n                    <nav class=\"navigation\">            \n                                    <ul>\n                                                                                    <li><a class=\"text-link\" href=\"#landlord\" target=\"\">Landlord responsibilities<\/a><\/li>\n                                                                                                                <li><a class=\"text-link\" href=\"#tenant\" target=\"\">Tenant responsibilities<\/a><\/li>\n                                                                                                                <li><a class=\"text-link\" href=\"#what\" target=\"\">What are the minimum standards?<\/a><\/li>\n                                                                                                                <li><a class=\"text-link\" href=\"#not\" target=\"\">My rental property does not meet minimum standards<\/a><\/li>\n                                                                        <\/ul>\n                                    <ul>\n                                                                                    <li><a class=\"text-link\" href=\"#enforces\" target=\"\">Who enforces minimum standards?<\/a><\/li>\n                                                                        <\/ul>\n                            <\/nav>\n            <\/div>\n<\/section>\n\n\n<section id=\"landlord\" class=\"header-paragraph-block rtb-block  margin-top-default margin-bottom-none\">\n\t<div class=\"container\">\n\t\t<div class=\"content\">\n\t\t\t<article class=\"cms-content\">\n\t\t\t\t\t\t\t\t\t<h2>Landlord responsibilities<\/h2>\n<p>As a landlord, you must make sure your rental properties provide tenants with a safe and healthy environment to live in and meet legal minimum standards.<\/p>\n<p>If your property does not meet the minimum standards, you can be prosecuted.<\/p>\n\t\t\t\t\t\t\t<\/article>\n\t\t\t\t\t\t\t\t\t\t\t\t<aside class=\"related-content\" data-js=\"related-content\">\n\t\t\t\t\t\t<div class=\"wrapper\">\n\t\t\t\t\t\t\t\t\t\t\t\t\t\t\t<h2 class=\"\">Related content<\/h2>\t\t\t\t\t\t\t\t\t\t\t\t\t\t<ul>\n\t\t\t\t\t\t\t\t\t\t\t\t\t\t\t\t\t\t\t\t\t\t\t\t\t\t\t\t\t\t\t\t\t\t\t\t\t\t<li><a class=\"text-link\" href=\"https:\/\/rtb.ie\/ga\/renting\/rights-responsibilities\/wear-and-tear\/\" target=\"\">Wear and tear<\/a><\/li>\n\t\t\t\t\t\t\t\t\t\t\t\t\t\t\t\t\t\t\t\t\t\t\t\t\t\t\t\t\t\t\t\t\t\t\t\t\t\t\t\t<li><a class=\"text-link\" href=\"https:\/\/rtb.ie\/ga\/renting\/rights-responsibilities\/landlord-rights-responsibilities\/\" target=\"\">Landlord rights and responsibilities<\/a><\/li>\n\t\t\t\t\t\t\t\t\t\t\t\t\t\t\t\t\t\t\t\t\t\t\t\t\t\t\t\t\t\t\t\t\t\t\t\t\t\t\t\t<li><a class=\"text-link\" href=\"https:\/\/rtb.ie\/ga\/renting\/rights-responsibilities\/tenant-rights-responsibilities\/\" target=\"\">Tenant rights and responsibilities<\/a><\/li>\n\t\t\t\t\t\t\t\t\t\t\t\t\t\t\t\t\t\t\t\t\t\t\t\t\t\t\t\t\t\t\t\t\t\t\t\t\t\t\t\t<li><a class=\"text-link\" href=\"https:\/\/rtb.ie\/ga\/renting\/ending-a-tenancy\/\" target=\"\">Ending a tenancy<\/a><\/li>\n\t\t\t\t\t\t\t\t\t\t\t\t\t\t\t\t\t\t\t\t\t\t\t\t\t\t\t\t\t\t\t\t\t\t<\/ul>\n\t\t\t\t\t\t<\/div>\n\t\t\t\t\t<\/aside>\n\t\t\t\t\t\t\t\t\t<\/div>\n\t<\/div>\n<\/section>\n\n\n<section id=\"tenant\" class=\"header-paragraph-block rtb-block  margin-top-xs margin-bottom-xs\">\n\t<div class=\"container\">\n\t\t<div class=\"content\">\n\t\t\t<article class=\"cms-content\">\n\t\t\t\t\t\t\t\t\t<h2>Tenant responsibilities<\/h2>\n<p>Your landlord is responsible for making sure your rental property meets minimum standards.<\/p>\n<p>As the tenant, you also have a role to keep the property up to standards.<\/p>\n<p>You must:<\/p>\n<ul>\n<li>Keep the property in good condition and to the standard it was in at the start of the tenancy and not cause damage beyond normal <a href=\"https:\/\/rtb.ie\/ga\/renting\/rights-responsibilities\/wear-and-tear\/\">wear and tear<\/a>.<\/li>\n<li>Tell your landlord as soon as possible about any damage or repairs that are needed.<\/li>\n<li>Allow your landlord access they need to carry out repairs.<\/li>\n<\/ul>\n\t\t\t\t\t\t\t<\/article>\n\t\t\t\t\t\t\t\t\t\t\t\t<aside class=\"sidebar-note\">\n\t\t\t\t\t\t<div class=\"wrapper\">\n\t\t\t\t\t\t\t\t\t\t\t\t\t\t\t<h3 class=\"\">Important note<\/h3>\t\t\t\t\t\t\t\t\t\t\t\t\t\t\t\t\t\t\t\t\t\t<div class=\"cms-content\"><p>This page provides a simplified, easy-to-understand summary of minimum standards for rental properties written in plain language.<\/p>\n<p>It is not a substitute for the full and definitive information, which can be found in the\u00a0<a href=\"http:\/\/revisedacts.lawreform.ie\/eli\/2004\/act\/27\/front\/revised\/en\/html\" target=\"_blank\" rel=\"noopener\" data-saferedirecturl=\"https:\/\/www.google.com\/url?q=http:\/\/revisedacts.lawreform.ie\/eli\/2004\/act\/27\/front\/revised\/en\/html&amp;source=gmail&amp;ust=1747818016511000&amp;usg=AOvVaw01O8umz-uZOD8mDvXM8BsR\">Residential Tenancies Act 2004, (as amended)<\/a>.<\/p>\n<\/div>\t\t\t\t\t\t\t\t\t\t\t\t\t<\/div>\n\t\t\t\t\t<\/aside>\n\t\t\t\t\t\t\t\t\t<\/div>\n\t<\/div>\n<\/section>\n\n\n<section id=\"what\" class=\"header-paragraph-block rtb-block  margin-top-xs margin-bottom-xs\">\n\t<div class=\"container\">\n\t\t<div class=\"content\">\n\t\t\t<article class=\"cms-content\">\n\t\t\t\t\t\t\t\t\t<h2>What are the minimum standards?<\/h2>\n<p>The building must meet the following standards:<\/p>\n<p><strong>Structure<\/strong>: must not have damp and must be structurally sound internally and externally.<\/p>\n<p><strong>Water<\/strong>: must provide hot and cold running water. Pipes must be in good condition.<\/p>\n<p><strong>Heating and ventilation:<\/strong> must have proper heating and ventilation that tenants can control. Each bathroom or shower room should have a permanently fixed heater that is properly maintained. The room should be properly ventilated.<\/p>\n<p><strong>Lighting<\/strong>: all habitable rooms must have natural and artificial lighting.<\/p>\n<p><strong>Fire safety:<\/strong> there must be access to a fire blanket, a fire detection and alarm system and emergency evacuation plan (for houses). There must be a fire detection and alarm system, emergency evacuation plan, emergency lighting in all common areas and fire safety equipment that is properly maintained (for multi-unit buildings). Multi-unit buildings contain 2 or more properties that share a common access.<\/p>\n<p><strong>Carbon monoxide safety:<\/strong> must have carbon monoxide detectors and alarms (where needed).<\/p>\n<p><strong>Gas and electricity safety:<\/strong> electrical wiring and gas pipes must be in good condition.<\/p>\n<p><strong>Windows:<\/strong> above 1400mm must have safety restrictors to prevent falls. Avoid using window opening sections with restrictors that can only be released using removable keys or other tools.<\/p>\n<p><strong>Bins:<\/strong> must have access to proper bin storage facilities. Measures must be taken to prevent vermin and pest infestations.<\/p>\n<p><strong>Appliances:<\/strong> must be safe and working. You must have access to a washing machine or communal washing machine facility and dryer, if no private outdoor space is available.<\/p>\n<p><strong>Cooking and storage:<\/strong> for leases under 10 years, must have cooking facilities (four-ring hob, oven, grill, microwave, fridge freezer, and sink with safe drinking water). Must also have adequate separate storage for food and cleaning products. For leases over 10 years, must allow installation of white goods but are not required to provide them.<\/p>\n<h3>Information you must get<\/h3>\n<p>Your landlord must give you information about the property, building services, appliances, and how to maintain them.<\/p>\n\t\t\t\t\t\t\t<\/article>\n\t\t\t\t\t<\/div>\n\t<\/div>\n<\/section>\n\n\n<section id=\"not\" class=\"header-paragraph-block rtb-block  margin-top-xs margin-bottom-xs\">\n\t<div class=\"container\">\n\t\t<div class=\"content\">\n\t\t\t<article class=\"cms-content\">\n\t\t\t\t\t\t\t\t\t<h2>My rental property does not meet minimum standards<\/h2>\n<p>If you are a tenant and you think your property does not meet the minimum standards, you can take the following steps:<\/p>\n<ol>\n<li>Tell your landlord in writing. Allow the landlord reasonable time to investigate your concerns and repair the issue.<\/li>\n<li>If your landlord does not address the issue, submit a request for <a href=\"https:\/\/rtb.ie\/ga\/disputes\/disputes-process\/\">dispute resolution<\/a> to us.<\/li>\n<li>You can also contact your local authority to request an inspection if your landlord does not take action to fix the issue.<\/li>\n<\/ol>\n\t\t\t\t\t\t\t<\/article>\n\t\t\t\t\t<\/div>\n\t<\/div>\n<\/section>\n\n\n<section id=\"enforces\" class=\"header-paragraph-block rtb-block  margin-top-xs margin-bottom-default\">\n\t<div class=\"container\">\n\t\t<div class=\"content\">\n\t\t\t<article class=\"cms-content\">\n\t\t\t\t\t\t\t\t\t<h2>Who enforces minimum standards?<\/h2>\n<p>Local authorities enforce the minimum standards in rental properties.<\/p>\n<p>If an inspection confirms a landlord has breached the regulations, they can face enforcement action.<\/p>\n<p>Local authorities can issue:<\/p>\n<ul>\n<li><strong>An Improvement Notice:<\/strong> telling the landlord what they must do to fix the problem.<\/li>\n<li><strong style=\"font-size: 1rem;color: #333333\">A Prohibition Notice:<\/strong><span style=\"font-size: 1rem;color: #333333\"> If the landlord doesn&#8217;t make the required fixes, the notice directs the landlord not to re-let the property until the issues are resolved.<\/span><\/li>\n<\/ul>\n\t\t\t\t\t\t\t<\/article>\n\t\t\t\t\t<\/div>\n\t<\/div>\n<\/section>","protected":false},"excerpt":{"rendered":"","protected":false},"author":12,"featured_media":0,"parent":172,"menu_order":3,"comment_status":"closed","ping_status":"closed","template":"","meta":{"_acf_changed":false,"inline_featured_image":false,"_relevanssi_hide_post":"","_relevanssi_hide_content":"","_relevanssi_pin_for_all":"","_relevanssi_pin_keywords":"","_relevanssi_unpin_keywords":"","_relevanssi_related_keywords":"","_relevanssi_related_include_ids":"","_relevanssi_related_exclude_ids":"","_relevanssi_related_no_append":"","_relevanssi_related_not_related":"","_relevanssi_related_posts":"1239,1","_relevanssi_noindex_reason":"","_trash_the_other_posts":false,"editor_notices":[],"footnotes":""},"class_list":["post-311","page","type-page","status-publish","hentry"],"acf":[],"jetpack_sharing_enabled":true,"publishpress_future_action":{"enabled":false,"date":"2026-04-29 09:42:37","action":"change-status","newStatus":"draft","terms":[],"taxonomy":"","extraData":[]},"publishpress_future_workflow_manual_trigger":{"enabledWorkflows":[]},"_links":{"self":[{"href":"https:\/\/rtb.ie\/ga\/wp-json\/wp\/v2\/pages\/311","targetHints":{"allow":["GET"]}}],"collection":[{"href":"https:\/\/rtb.ie\/ga\/wp-json\/wp\/v2\/pages"}],"about":[{"href":"https:\/\/rtb.ie\/ga\/wp-json\/wp\/v2\/types\/page"}],"author":[{"embeddable":true,"href":"https:\/\/rtb.ie\/ga\/wp-json\/wp\/v2\/users\/12"}],"replies":[{"embeddable":true,"href":"https:\/\/rtb.ie\/ga\/wp-json\/wp\/v2\/comments?post=311"}],"version-history":[{"count":17,"href":"https:\/\/rtb.ie\/ga\/wp-json\/wp\/v2\/pages\/311\/revisions"}],"predecessor-version":[{"id":51535,"href":"https:\/\/rtb.ie\/ga\/wp-json\/wp\/v2\/pages\/311\/revisions\/51535"}],"up":[{"embeddable":true,"href":"https:\/\/rtb.ie\/ga\/wp-json\/wp\/v2\/pages\/172"}],"wp:attachment":[{"href":"https:\/\/rtb.ie\/ga\/wp-json\/wp\/v2\/media?parent=311"}],"curies":[{"name":"wp","href":"https:\/\/api.w.org\/{rel}","templated":true}]}}