{"id":3128,"date":"2025-05-21T11:33:32","date_gmt":"2025-05-21T11:33:32","guid":{"rendered":"https:\/\/rtb.ie\/ga\/?page_id=3128"},"modified":"2025-05-22T14:43:15","modified_gmt":"2025-05-22T14:43:15","slug":"search-results","status":"publish","type":"page","link":"https:\/\/rtb.ie\/ga\/search-results\/","title":{"rendered":"Search Results"},"content":{"rendered":"\n\n<section id=\"block-block_64ec852aa04b7f1e36f002c1597761bb\" class=\"search-results-block rtb-block margin-top-none margin-bottom-none\">\n    \n    <div class=\"search-dropdown\">\n        <div class=\"container\">\n            <h1 class=\"heading-xl\">Tortha\u00ed cuardaigh<\/h1>            <p class=\"text\">Chuardaigh t\u00fa:<\/p>\n            <div class=\"main-search\">\n                <div class=\"facetwp-facet facetwp-facet-search facetwp-type-search\" data-name=\"search\" data-type=\"search\"><\/div>            <\/div>\n        <\/div>\n    <\/div>\n\n    <div class=\"container\">\n        <div class=\"search-results\">\n            <div class=\"results\">\n                <div class=\"total-results\">\n                    <span>Tortha\u00ed ioml\u00e1na:<\/span>                    <span data-facetwp-total><\/span>\n                <\/div>\n                <div class=\"facetwp-template\" data-name=\"global_search\">        \t<article class=\"search-results-item fade-in\">\n    <span class=\"tag green\">Publication<\/span>\n    <div class=\"header\">\n        <h3 class=\"heading-xs\">RTB Director\u2019s Quarterly Update Q1 2026<\/h3>            <\/div>\n    \n    <div class=\"main\">\n        RTB Director\u2019s Quarterly Update March 2026                            <\/article>\t    \t<article class=\"search-results-item fade-in\">\n    <span class=\"tag green\">News<\/span>\n    <div class=\"header\">\n                    <a href=\"https:\/\/rtb.ie\/ga\/about\/news\/rtb-directors-quarterly-update-shows-irish-rental-market-grew-in-q4-2025\/\">\n                <h3 class=\"heading-xs\">RTB Director&#8217;s Quarterly Update shows Irish rental market grew in Q4 2025<\/h3>            <\/a>\n            <\/div>\n    \n    <div class=\"main\">\n        19 March 2026: The Irish rental market grew in the fourth quarter of 2025 as the number of registered private tenancies rose while landlords with more than 100 tenancies continued to increase, the latest data from the Residential Tenancies Board (RTB) shows.&hellip;        <\/article>\t    \t<article class=\"search-results-item fade-in\">\n    <span class=\"tag green\">Resource<\/span>\n    <div class=\"header\">\n        <h3 class=\"heading-xs\">Section 148AF Procedural Rules<\/h3>            <\/div>\n    \n    <div class=\"main\">\n        RTB Complaints, Investigations and Sanctions Procedure                            <\/article>\t    \t<article class=\"search-results-item fade-in\">\n    <span class=\"tag green\">Resource<\/span>\n    <div class=\"header\">\n        <h3 class=\"heading-xs\">Notice of Termination Return Form<\/h3>            <\/div>\n    \n    <div class=\"main\">\n                                    <\/article>\t    \t<article class=\"search-results-item fade-in\">\n    <span class=\"tag green\">Page<\/span>\n    <div class=\"header\">\n                    <a href=\"https:\/\/rtb.ie\/ga\/renting\/ciosanna-priobhaideacha-a-shocru-agus-a-athbhreithniu-on-1-marta-2026-ar-aghaidh\/\">\n                <h3 class=\"heading-xs\"> C\u00edosanna pr\u00edobh\u00e1ideacha a shocr\u00fa agus a athbhreithni\u00fa \u00f3n 1 M\u00e1rta 2026 ar aghaidh<\/h3>            <\/a>\n            <\/div>\n    \n    <div class=\"main\">\n        C\u00edosanna pr\u00edobh\u00e1ideacha a shocr\u00fa agus a athbhreithni\u00fa \u00f3n 1 M\u00e1rta 2026 ar aghaidh        <\/article>\t    \t<article class=\"search-results-item fade-in\">\n    <span class=\"tag green\">Page<\/span>\n    <div class=\"header\">\n                    <a href=\"https:\/\/rtb.ie\/ga\/53980-2\/\">\n                <h3 class=\"heading-xs\">RTB Rent calculator<\/h3>            <\/a>\n            <\/div>\n    \n    <div class=\"main\">\n                <\/article>\t    \t<article class=\"search-results-item fade-in\">\n    <span class=\"tag green\">Resource<\/span>\n    <div class=\"header\">\n        <h3 class=\"heading-xs\">Sample Notice of Termination: Ending a tenancy in first 6 months<\/h3>            <\/div>\n    \n    <div class=\"main\">\n        Please read the guidance note before you download a sample template. Guidance note: Ending a tenancy in first 6 months (except breach of obligations \/ dwelling not suitable) Notice of Termination template: Ending a tenancy less than 6 months (except&hellip;                            <\/article>\t    \t<article class=\"search-results-item fade-in\">\n    <span class=\"tag green\">Resource<\/span>\n    <div class=\"header\">\n        <h3 class=\"heading-xs\">Sample Notice of Termination: Change of use<\/h3>            <\/div>\n    \n    <div class=\"main\">\n        Please read the guidance note before you download a sample template. Guidance note: Ending a tenancy to change use of dwelling Notice of Termination template: Change of use Statutory declaration: Must accompany notice if tenancy started after 1 March 2026&hellip;                            <\/article>\t    \t<article class=\"search-results-item fade-in\">\n    <span class=\"tag green\">Resource<\/span>\n    <div class=\"header\">\n        <h3 class=\"heading-xs\">Sample Notice of Termination: Substantial refurbishment<\/h3>            <\/div>\n    \n    <div class=\"main\">\n        Please read the guidance note before you download a sample template. Guidance note: Ending a tenancy for substantial refurbishments Notice of Termination template: Substantial refurbishment Statutory declaration: Must accompany notice if tenancy started after 1 March 2026 &#8211; Small landlord&hellip;                            <\/article>\t    \t<article class=\"search-results-item fade-in\">\n    <span class=\"tag green\">Resource<\/span>\n    <div class=\"header\">\n        <h3 class=\"heading-xs\">Sample Notice of Termination: Landlord or family member use<\/h3>            <\/div>\n    \n    <div class=\"main\">\n        Please read the guidance note before you download a sample template. Guidance note: Ending a tenancy for landlord or family member occupation Notice of Termination template: Landlord or family member needs dwelling Statutory declaration: Must accompany notice if tenancy started&hellip;                            <\/article>\t    \t<article class=\"search-results-item fade-in\">\n    <span class=\"tag green\">Resource<\/span>\n    <div class=\"header\">\n        <h3 class=\"heading-xs\">Sample Notice of Termination: Ending a tenancy to sell<\/h3>            <\/div>\n    \n    <div class=\"main\">\n        Please read the guidance note before you download a sample template. Guidance note: Ending a tenancy to sell Notice of Termination template: Landlord intends to sell  Statutory declaration: Must accompany notice if tenancy started before 1 March 2026 Statutory declaration:&hellip;                            <\/article>\t    \t<article class=\"search-results-item fade-in\">\n    <span class=\"tag green\">Resource<\/span>\n    <div class=\"header\">\n        <h3 class=\"heading-xs\">Sample Notice of Termination: Dwelling no longer suits tenant needs<\/h3>            <\/div>\n    \n    <div class=\"main\">\n        Please read the guidance note before you download a sample template. Guidance note: Ending a tenancy when dwelling no longer suits tenant needs Notice of Termination template: Dwelling no longer suits tenant needs &#8211; Tenancy less than 6 months Notice&hellip;                            <\/article>\t    \t<article class=\"search-results-item fade-in\">\n    <span class=\"tag green\">Resource<\/span>\n    <div class=\"header\">\n        <h3 class=\"heading-xs\">Sample Notice of Termination: Breach of tenant obligations<\/h3>            <\/div>\n    \n    <div class=\"main\">\n        Please read the guidance note before you download a sample template. Guidance note: Ending a tenancy for breach of tenant obligations Notice of Termination template: Failure to pay rent Notice of Termination template: Breach of obligations (except rent arrears) Notice&hellip;                            <\/article>\t    \t<article class=\"search-results-item fade-in\">\n    <span class=\"tag green\">Resource<\/span>\n    <div class=\"header\">\n        <h3 class=\"heading-xs\">Sample Notice of Termination: Ending before a Further Part 4 tenancy begins<\/h3>            <\/div>\n    \n    <div class=\"main\">\n        Please read the guidance note before you download a sample template. Guidance note: Ending a tenancy before a Further Part 4 tenancy begins Notice of Termination template: Ending a tenancy before a Further Part 4 tenancy begins                            <\/article>\t    \t<article class=\"search-results-item fade-in\">\n    <span class=\"tag green\">Resource<\/span>\n    <div class=\"header\">\n        <h3 class=\"heading-xs\">Tenancy Update Form<\/h3>            <\/div>\n    \n    <div class=\"main\">\n        RTB Tenancy Update Form                            <\/article>\t    \t<article class=\"search-results-item fade-in\">\n    <span class=\"tag green\">Resource<\/span>\n    <div class=\"header\">\n        <h3 class=\"heading-xs\">RTB Tenancy Registration Form (RTB1)<\/h3>            <\/div>\n    \n    <div class=\"main\">\n        RTB Tenancy Registration Form (RTB1)                            <\/article>\t    \t<article class=\"search-results-item fade-in\">\n    <span class=\"tag green\">Resource<\/span>\n    <div class=\"header\">\n        <h3 class=\"heading-xs\">Notice of Rent Review<\/h3>            <\/div>\n    \n    <div class=\"main\">\n        Notice of Rent Review (includes Notice of Exemption if required)                            <\/article>\t    \t<article class=\"search-results-item fade-in\">\n    <span class=\"tag green\">Resource<\/span>\n    <div class=\"header\">\n        <h3 class=\"heading-xs\">Notice of Rent Setting<\/h3>            <\/div>\n    \n    <div class=\"main\">\n        Notice of Rent Setting Form (includes Notice of Exemption if required)                            <\/article>\t    \t<article class=\"search-results-item fade-in\">\n    <span class=\"tag green\">News<\/span>\n    <div class=\"header\">\n                    <a href=\"https:\/\/rtb.ie\/ga\/about\/news\/residential-tenancies-board-outlines-major-rental-law-changes-taking-effect-from-1st-march\/\">\n                <h3 class=\"heading-xs\">Residential Tenancies Board outlines major rental law changes taking effect from 1st March<\/h3>            <\/a>\n            <\/div>\n    \n    <div class=\"main\">\n        Wednesday, 25th February 2026: The Residential Tenancies Board (RTB) today held a media briefing outlining significant changes to rental legislation that will come into effect from 1st March 2026.    During the briefing, the RTB outlined the main ways the rental law changes will impact tenants and landlords, including:   Stronger protections for tenants with rolling 6-year minimum tenancies.  New rules that restrict how&hellip;        <\/article>\t    \t<article class=\"search-results-item fade-in\">\n    <span class=\"tag green\">News<\/span>\n    <div class=\"header\">\n                    <a href=\"https:\/\/rtb.ie\/ga\/about\/news\/enactment-of-residential-tenancies-miscellaneous-provisions-bill-2026\/\">\n                <h3 class=\"heading-xs\">Enactment of Residential Tenancies (Miscellaneous Provisions) Bill 2026<\/h3>            <\/a>\n            <\/div>\n    \n    <div class=\"main\">\n        The Residential Tenancies (Miscellaneous Provisions) Bill 2026 was enacted today following the signing of the Bill into law by the President. The provisions in the act will now come into effect from 1st March 2026. The Residential Tenancies Board (RTB) has published an updated information page on what the&hellip;        <\/article>\t\n<\/div>            <\/div>            \n            <div class=\"load-more fade-in\">\n                <div class=\"facetwp-facet facetwp-facet-pager_ facetwp-type-pager\" data-name=\"pager_\" data-type=\"pager\"><\/div>            <\/div>\n\n        <\/div>\n    <\/div>\n\n<\/section>","protected":false},"excerpt":{"rendered":"","protected":false},"author":5,"featured_media":0,"parent":0,"menu_order":4,"comment_status":"closed","ping_status":"closed","template":"","meta":{"_acf_changed":false,"inline_featured_image":false,"_relevanssi_hide_post":"on","_relevanssi_hide_content":"on","_relevanssi_pin_for_all":"","_relevanssi_pin_keywords":"","_relevanssi_unpin_keywords":"","_relevanssi_related_keywords":"","_relevanssi_related_include_ids":"","_relevanssi_related_exclude_ids":"","_relevanssi_related_no_append":"","_relevanssi_related_not_related":"","_relevanssi_related_posts":"1239,1","_relevanssi_noindex_reason":"Yoast SEO Relevanssi index exclude","_trash_the_other_posts":false,"editor_notices":[],"footnotes":""},"class_list":["post-3128","page","type-page","status-publish","hentry"],"acf":[],"jetpack_sharing_enabled":true,"publishpress_future_action":{"enabled":false,"date":"2026-04-13 07:50:39","action":"change-status","newStatus":"draft","terms":[],"taxonomy":"","extraData":[]},"publishpress_future_workflow_manual_trigger":{"enabledWorkflows":[]},"_links":{"self":[{"href":"https:\/\/rtb.ie\/ga\/wp-json\/wp\/v2\/pages\/3128","targetHints":{"allow":["GET"]}}],"collection":[{"href":"https:\/\/rtb.ie\/ga\/wp-json\/wp\/v2\/pages"}],"about":[{"href":"https:\/\/rtb.ie\/ga\/wp-json\/wp\/v2\/types\/page"}],"author":[{"embeddable":true,"href":"https:\/\/rtb.ie\/ga\/wp-json\/wp\/v2\/users\/5"}],"replies":[{"embeddable":true,"href":"https:\/\/rtb.ie\/ga\/wp-json\/wp\/v2\/comments?post=3128"}],"version-history":[{"count":3,"href":"https:\/\/rtb.ie\/ga\/wp-json\/wp\/v2\/pages\/3128\/revisions"}],"predecessor-version":[{"id":11853,"href":"https:\/\/rtb.ie\/ga\/wp-json\/wp\/v2\/pages\/3128\/revisions\/11853"}],"wp:attachment":[{"href":"https:\/\/rtb.ie\/ga\/wp-json\/wp\/v2\/media?parent=3128"}],"curies":[{"name":"wp","href":"https:\/\/api.w.org\/{rel}","templated":true}]}}