{"id":330,"date":"2025-04-24T10:46:58","date_gmt":"2025-04-24T10:46:58","guid":{"rendered":"https:\/\/rtb.ie\/ga\/?page_id=330"},"modified":"2025-11-12T16:18:41","modified_gmt":"2025-11-12T16:18:41","slug":"when-to-register","status":"publish","type":"page","link":"https:\/\/rtb.ie\/ga\/register-tenancies\/register-a-tenancy\/when-to-register\/","title":{"rendered":"Cathain ba cheart a chl\u00e1r\u00fa"},"content":{"rendered":"\n<div class=\"translation-notice no-print\">\n        <div class=\"inner container\">\n            <p><strong>Cuirfear aistri\u00fach\u00e1n ar f\u00e1il go luath<\/strong><\/p>\n            <p>\u00c1r leithsc\u00e9al as an m\u00edchaoithi\u00falacht. Cuirfear aistri\u00fach\u00e1n Gaeilge ar an leathanach seo ar f\u00e1il go luath. Go raibh maith agat as do chuid foighneachta agus muid ag obair ar leagan uasd\u00e1taithe.<\/p>\n        <\/div>\n    <\/div><section id=\"block-block_9370520ff5658e7e232a2318302f9405\" class=\"header-block rtb-block colour-teal margin-top-none margin-bottom-default\">\n    <div class=\"container\">\n        <nav class=\"breadcrumbs\" aria-label=\"breadcrumb\">\n    <span property=\"itemListElement\" typeof=\"ListItem\"><a property=\"item\" typeof=\"WebPage\" title=\"Go to Bord um Tion\u00f3ntachta\u00ed C\u00f3naithe.\" href=\"https:\/\/rtb.ie\/ga\" class=\"home\" aria-current=\"page\"><span property=\"name\"><i class=\"rtb-home-icon\"><\/i><\/span><\/a><meta property=\"position\" content=\"1\"><\/span><i class=\"rtb-chevron\"><\/i><\/nav>\n        \n        <div class=\"wrapper\">\n            <div class=\"content\">\n                            \n                <h1 class=\"heading-xl\">Cathain ba cheart a chl\u00e1r\u00fa<\/h1>\n                                            <\/div>\n            <!-- Temporary image: Remove after migrating illustrations to the illustration_selection field -->\n                            <div class=\"illustration fade-up\">\n                    <img loading=\"lazy\" decoding=\"async\" width=\"1024\" height=\"1\" src=\"https:\/\/rtb.ie\/wp-content\/uploads\/2025\/04\/header-illustration-2.svg\" class=\"attachment-full size-full\" alt=\"\" \/>                <\/div>\n                    <\/div>\n\n    <\/div>\n<\/section>\n\n\n<section id=\"Examples-of-annual-registration\" class=\"navigation-block container rtb-block margin-top-default margin-bottom-none\">\n    <div class=\"content\">\n        <header>\n                            <h2 class=\"heading-s\">Ar an leathanach seo<\/h2>                        <i class=\"rtb-arrow down\"><\/i>\n        <\/header>\n                    <nav class=\"navigation\">            \n                                    <ul>\n                                                                                    <li><a class=\"text-link\" href=\"#tenancy-be-registered\" target=\"\">Cathain nach m\u00f3r tion\u00f3ntacht a chl\u00e1r\u00fa?<\/a><\/li>\n                                                                                                                <li><a class=\"text-link\" href=\"#annual-registration\" target=\"\">Sampla\u00ed de chl\u00e1r\u00fa bliant\u00fail<\/a><\/li>\n                                                                                                                <li><a class=\"text-link\" href=\"#tenancy-is-due\" target=\"\">N\u00ed cuimhin liom cathain a bheidh mo thion\u00f3ntacht dlite lena cl\u00e1r\u00fa bliant\u00fail<\/a><\/li>\n                                                                                                                <li><a class=\"text-link\" href=\"#Late-registration\" target=\"\">Cl\u00e1r\u00fa d\u00e9anach<\/a><\/li>\n                                                                        <\/ul>\n                                    <ul>\n                                                                                    <li><a class=\"text-link\" href=\"#law-on-registration\" target=\"\">An dl\u00ed maidir le cl\u00e1r\u00fa<\/a><\/li>\n                                                                        <\/ul>\n                            <\/nav>\n            <\/div>\n<\/section>\n\n\n<section id=\"tenancy-be-registered\" class=\"header-paragraph-block rtb-block  margin-top-s margin-bottom-xs\">\n\t<div class=\"container\">\n\t\t<div class=\"content\">\n\t\t\t<article class=\"cms-content\">\n\t\t\t\t\t\t\t\t\t<h2>Cathain nach m\u00f3r tion\u00f3ntacht a chl\u00e1r\u00fa?<\/h2>\n<p>N\u00ed m\u00f3r duit gach tion\u00f3ntacht a chl\u00e1r\u00fa:<\/p>\n<ul>\n<li>Nuair a thosa\u00edonn tion\u00f3ntacht nua: cl\u00e1raigh an tion\u00f3ntacht laistigh de mh\u00ed amh\u00e1in \u00f3 dh\u00e1ta tosaithe na tion\u00f3ntachta.<\/li>\n<li>Gach bliain: cl\u00e1raigh an tion\u00f3ntacht ar chom\u00f3radh lae dh\u00e1ta tosaithe na tion\u00f3ntachta.<\/li>\n<\/ul>\n<p>N\u00ed m\u00f3r duit an cl\u00e1r\u00fa tion\u00f3ntachta a nuashonr\u00fa freisin nuair at\u00e1 athr\u00fa tagtha ar an gc\u00edos n\u00f3 ar mhionsonra\u00ed eile tion\u00f3ntachta. Mar shampla, i gc\u00e1s go mbeidh athr\u00fa tagtha ar roinnt tion\u00f3nta\u00ed ach go mbeidh duine amh\u00e1in ar a laghad de na tion\u00f3nta\u00ed bunaidh ag fanacht.<\/p>\n<p>Is f\u00e9idir leat treoracha mionsonraithe a fh\u00e1il faoi\u00a0<a href=\"https:\/\/rtb.ie\/ga\/register-tenancies\/register-a-tenancy\/how-to-register\/\">conas tion\u00f3ntacht nua a chl\u00e1r\u00fa<\/a>, faoi\u00a0<a href=\"https:\/\/rtb.ie\/ga\/register-tenancies\/register-a-tenancy\/how-to-register-a-student-specific-accommodation-ssa-tenancy\/\">conas tion\u00f3ntacht i leith c\u00f3ir\u00edocht at\u00e1 sonrach do mhic l\u00e9inn a chl\u00e1r\u00fa<\/a>, faoi\u00a0<a href=\"https:\/\/rtb.ie\/ga\/register-tenancies\/register-a-tenancy\/how-to-register\/\">conas do chl\u00e1r\u00fa bliant\u00fail a chomhl\u00e1n\u00fa<\/a>, n\u00f3 faoi\u00a0<a href=\"https:\/\/rtb.ie\/ga\/register-tenancies\/register-a-tenancy\/updating-registrations\/\">conas cl\u00e1r\u00fa a nuashonr\u00fa<\/a>.<\/p>\n<p>Athra\u00edodh na dl\u00edthe maidir le cl\u00e1r\u00fa bliant\u00fail an 4 Aibre\u00e1n 2022.<\/p>\n<p>Is f\u00e9idir leat tuilleadh faisn\u00e9ise a l\u00e9amh faoin gc\u00f3ras cl\u00e1r\u00fach\u00e1in a bh\u00ed i bhfeidhm roimh an d\u00e1ta sin in \u2018An dl\u00ed maidir le cl\u00e1r\u00fa\u2019 th\u00edos.<\/p>\n\t\t\t\t\t\t\t<\/article>\n\t\t\t\t\t\t\t\t\t\t\t\t<aside class=\"related-content\" data-js=\"related-content\">\n\t\t\t\t\t\t<div class=\"wrapper\">\n\t\t\t\t\t\t\t\t\t\t\t\t\t\t\t<h2 class=\"\">\u00c1bhar gaolmhar<\/h2>\t\t\t\t\t\t\t\t\t\t\t\t\t\t<ul>\n\t\t\t\t\t\t\t\t\t\t\t\t\t\t\t\t\t\t\t\t\t\t\t\t\t\t\t\t\t\t\t\t\t\t\t\t\t\t<li><a class=\"text-link\" href=\"https:\/\/rtb.ie\/ga\/register-tenancies\/register-a-tenancy\/who-should-register\/\" target=\"\">C\u00e9 hiad na daoine ar cheart d\u00f3ibh cl\u00e1r\u00fa?<\/a><\/li>\n\t\t\t\t\t\t\t\t\t\t\t\t\t\t\t\t\t\t\t\t\t\t\t\t\t\t\t\t\t\t\t\t\t\t\t\t\t\t\t\t<li><a class=\"text-link\" href=\"https:\/\/rtb.ie\/ga\/register-tenancies\/register-a-tenancy\/updating-registrations\/\" target=\"\">Cl\u00e1ruithe a nuashonr\u00fa<\/a><\/li>\n\t\t\t\t\t\t\t\t\t\t\t\t\t\t\t\t\t\t\t\t\t\t\t\t\t\t\t\t\t\t\t\t\t\t\t\t\t\t\t\t<li><a class=\"text-link\" href=\"https:\/\/rtb.ie\/ga\/register-tenancies\/register-a-tenancy\/consequences-of-not-registering\/\" target=\"\">Iarmhairt\u00ed a ghabhann le gan cl\u00e1r\u00fa<\/a><\/li>\n\t\t\t\t\t\t\t\t\t\t\t\t\t\t\t\t\t\t\t\t\t\t\t\t\t\t\t\t\t\t\t\t\t\t<\/ul>\n\t\t\t\t\t\t<\/div>\n\t\t\t\t\t<\/aside>\n\t\t\t\t\t\t\t\t\t<\/div>\n\t<\/div>\n<\/section>\n\n\n<section id=\"annual-registration\" class=\"header-paragraph-block rtb-block  margin-top-xs margin-bottom-xs\">\n\t<div class=\"container\">\n\t\t<div class=\"content\">\n\t\t\t<article class=\"cms-content\">\n\t\t\t\t\t\t\t\t\t<h3>Sampla 1: tion\u00f3ntacht nua<\/h3>\n<p>Tosa\u00edonn tion\u00f3ntacht an 15 Bealtaine 2025. N\u00ed m\u00f3r don tiarna tal\u00fan an tion\u00f3ntacht a chl\u00e1r\u00fa faoin 14 Meitheamh 2025 (laistigh de mh\u00ed amh\u00e1in) chun t\u00e1ill\u00ed d\u00e9anacha a sheachaint. M\u00e1 leanann an tion\u00f3ntacht ar aghaidh, n\u00ed m\u00f3r don tiarna tal\u00fan \u00ed a chl\u00e1r\u00fa ar\u00eds faoin 14 Meitheamh 2026, agus ansin faoin 14 Meitheamh gach bliain chomh fada agus a mhaireann an tion\u00f3ntacht.<\/p>\n<h3>Sampla 2: tion\u00f3ntacht at\u00e1 ann cheana<\/h3>\n<p>Thosaigh tion\u00f3ntacht an 9 Me\u00e1n F\u00f3mhair 2018. N\u00ed m\u00f3r don tiarna tal\u00fan a chinnti\u00fa go bhfuil an tion\u00f3ntacht cl\u00e1raithe faoin 9 Me\u00e1n F\u00f3mhair 2022 (tr\u00e1th nach d\u00e9ana\u00ed n\u00e1 an 8 Deireadh F\u00f3mhair 2022) chun t\u00e1ill\u00ed d\u00e9anacha a sheachaint. M\u00e1 leanann an tion\u00f3ntacht ar aghaidh, n\u00ed m\u00f3r don tiarna tal\u00fan \u00ed a chl\u00e1r\u00fa ar\u00eds faoin 8 Deireadh F\u00f3mhair gach bliain chomh fada agus a mhaireann an tion\u00f3ntacht.<\/p>\n<h3>Sampla 3: Tion\u00f3ntacht Chuid 4 Bhreise<\/h3>\n<p>Thosaigh tion\u00f3ntacht an 1 Ean\u00e1ir 2016. An 1 Ean\u00e1ir 2020, rinneadh tion\u00f3ntacht <a href=\"https:\/\/rtb.ie\/ga\/renting\/rights-responsibilities\/tenants-rights-to-stay-in-a-rented-property\/\">Chuid 4 Bhreise<\/a> di, a d&#8217;fh\u00e9adfadh maireacht\u00e1il ar feadh 6 bliana. Chl\u00e1raigh an tiarna tal\u00fan an tion\u00f3ntacht an 15 Ean\u00e1ir 2020.<\/p>\n<p>Thosaigh cl\u00e1r\u00fa bliant\u00fail an 4 Aibre\u00e1n 2022. Bh\u00ed ar an tiarna tal\u00fan an tion\u00f3ntacht a chl\u00e1r\u00fa ar\u00eds laistigh de mh\u00ed amh\u00e1in \u00f3n 1 Ean\u00e1ir 2023 (laistigh de mh\u00ed amh\u00e1in \u00f3 chom\u00f3radh lae dh\u00e1ta tosaithe na tion\u00f3ntachta, eadhon, faoin 31 Ean\u00e1ir 2023).<\/p>\n<p>M\u00e1 leanann an tion\u00f3ntacht ar aghaidh, n\u00ed m\u00f3r don tiarna tal\u00fan \u00ed a chl\u00e1r\u00fa ar\u00eds faoin 31 Ean\u00e1ir gach bliain chomh fada agus a mhaireann an tion\u00f3ntacht.<\/p>\n<p>T\u00e1 <a href=\"https:\/\/rtb.ie\/ga\/register-tenancies\/register-a-tenancy\/registration-fees\/\">tarscaoileadh sealadach t\u00e1ill\u00ed<\/a> ann do thion\u00f3ntachta\u00ed Chuid 4 Bhreise, m\u00e1 chuirtear gach cl\u00e1r\u00fa bliant\u00fail i gcr\u00edch in am.<\/p>\n\t\t\t\t\t\t\t<\/article>\n\t\t\t\t\t<\/div>\n\t<\/div>\n<\/section>\n\n\n<section id=\"tenancy-is-due\" class=\"header-paragraph-block rtb-block  margin-top-xs margin-bottom-xs\">\n\t<div class=\"container\">\n\t\t<div class=\"content\">\n\t\t\t<article class=\"cms-content\">\n\t\t\t\t\t\t\t\t\t<h2>N\u00ed cuimhin liom cathain a bheidh mo thion\u00f3ntacht dlite lena cl\u00e1r\u00fa bliant\u00fail<\/h2>\n<h4>Seice\u00e1il do chuntas cl\u00e1r\u00fach\u00e1in<\/h4>\n<p>T\u00e1 t\u00fa freagrach as a chinnti\u00fa go gcl\u00e1r\u00f3far do thion\u00f3ntachta\u00ed in am. Is f\u00e9idir leat a sheice\u00e1il cathain a bheidh do thion\u00f3ntacht dlite lena cl\u00e1r\u00fa bliant\u00fail ar do <a href=\"https:\/\/portal.rtb.ie\/\">chuntas cl\u00e1r\u00fach\u00e1in<\/a>.<\/p>\n<p>Lean na c\u00e9imeanna seo:<\/p>\n<ol>\n<li>Log\u00e1il isteach i do <a href=\"https:\/\/portal.rtb.ie\/\">chuntas cl\u00e1r\u00fach\u00e1in<\/a>.<\/li>\n<li>T\u00e9igh go dt\u00ed an rann\u00e1n \u2018Manage Registrations\u2019 ar an leathanach baile.<\/li>\n<li>\u00das\u00e1id an scagaire chun \u2018Pending Registration\u2019 a roghn\u00fa. Taispe\u00e1nfar leis sin duit na tion\u00f3ntachta\u00ed at\u00e1 dlite lena gcl\u00e1r\u00fa bliant\u00fail.<\/li>\n<li>Seice\u00e1il an col\u00fan \u2018Next Registration Due Date\u2019 le haghaidh gach tion\u00f3ntachta.<\/li>\n<\/ol>\n<h3>Meabhr\u00fach\u00e1in<\/h3>\n<p>Cuirfimid i gcuimhne duit freisin cathain a bheidh do thion\u00f3ntacht dlite lena cl\u00e1r\u00fa bliant\u00fail, m\u00e1 t\u00e1 d\u2019fhaisn\u00e9is teagmh\u00e1la cothrom le d\u00e1ta ar do chuntas cl\u00e1r\u00fach\u00e1in.<\/p>\n<p>Seolfaimid litreacha meabhr\u00fach\u00e1in chugat tr\u00edd an bpost n\u00f3 le r\u00edomhphost, ag brath ar do rogha.<\/p>\n<ul>\n<li>An ch\u00e9ad mheabhr\u00fach\u00e1n:\u00a030 l\u00e1 roimh dh\u00e1ta dlite an chl\u00e1r\u00fach\u00e1in.<\/li>\n<li>An dara meabhr\u00fach\u00e1n: ar an d\u00e1ta dlite, agus m\u00ed amh\u00e1in tugtha chun cl\u00e1r\u00fa ar mhaithe le <a href=\"https:\/\/rtb.ie\/ga\/register-tenancies\/register-a-tenancy\/registration-fees\/\">t\u00e1ill\u00ed d\u00e9anacha<\/a> a sheachaint.<\/li>\n<li>An meabhr\u00fach\u00e1n deiridh:\u00a05 l\u00e1 roimh an spriocdh\u00e1ta do dhul in \u00e9ag.<\/li>\n<li>F\u00f3gra faoi th\u00e1ille dh\u00e9anach: tar \u00e9is an spriocdh\u00e1ta do dhul in \u00e9ag agus nuair at\u00e1 feidhm ag <a href=\"https:\/\/rtb.ie\/ga\/register-tenancies\/register-a-tenancy\/registration-fees\/\">t\u00e1ill\u00ed d\u00e9anacha<\/a>.<\/li>\n<\/ul>\n\t\t\t\t\t\t\t<\/article>\n\t\t\t\t\t<\/div>\n\t<\/div>\n<\/section>\n\n\n<section id=\"Late-registration\" class=\"header-paragraph-block rtb-block  margin-top-xs margin-bottom-xs\">\n\t<div class=\"container\">\n\t\t<div class=\"content\">\n\t\t\t<article class=\"cms-content\">\n\t\t\t\t\t\t\t\t\t<h2>Cl\u00e1r\u00fa d\u00e9anach<\/h2>\n<p>F\u00e9adfaidh t\u00fa do chl\u00e1r\u00fa bliant\u00fail a dh\u00e9anamh suas le m\u00ed f\u00e9ilire amh\u00e1in tar \u00e9is an d\u00e1ta dhlite. Mura n-\u00e9ir\u00edonn leat an spriocdh\u00e1ta cl\u00e1r\u00fach\u00e1in a chomhl\u00edonadh, beidh feidhm ag <a href=\"https:\/\/rtb.ie\/ga\/register-tenancies\/register-a-tenancy\/registration-fees\/\">t\u00e1ill\u00ed d\u00e9anacha<\/a> i leith gach m\u00edosa a bhfuil an cl\u00e1r\u00fa d\u00e9anach ar a bhfeadh.<\/p>\n\t\t\t\t\t\t\t<\/article>\n\t\t\t\t\t<\/div>\n\t<\/div>\n<\/section>\n\n\n<section id=\"law-on-registration\" class=\"header-paragraph-block rtb-block  margin-top-xs margin-bottom-default\">\n\t<div class=\"container\">\n\t\t<div class=\"content\">\n\t\t\t<article class=\"cms-content\">\n\t\t\t\t\t\t\t\t\t<h2>An dl\u00ed maidir le cl\u00e1r\u00fa<\/h2>\n<p>Ceangla\u00edtear le dl\u00ed faoin <a href=\"https:\/\/revisedacts.lawreform.ie\/eli\/2004\/act\/27\/front\/revised\/en\/html\">Acht um Thion\u00f3ntachta\u00ed C\u00f3naithe, 2004<\/a>, do thion\u00f3ntacht a chl\u00e1r\u00fa. T\u00e1 an ceanglas dl\u00edthi\u00fail chun cl\u00e1r\u00fa go bliant\u00fail leagtha amach san <a href=\"http:\/\/www.irishstatutebook.ie\/eli\/2019\/act\/14\/enacted\/en\/html\">Acht um Thion\u00f3ntachta\u00ed C\u00f3naithe (Leas\u00fa), 2019<\/a>, a th\u00e1inig i bhfeidhm an 4 Aibre\u00e1n 2022.<\/p>\n<p>&nbsp;<\/p>\n\t\t\t\t\t\t\t<\/article>\n\t\t\t\t\t<\/div>\n\t<\/div>\n<\/section>","protected":false},"excerpt":{"rendered":"","protected":false},"author":11,"featured_media":0,"parent":168,"menu_order":1,"comment_status":"closed","ping_status":"closed","template":"","meta":{"_acf_changed":false,"inline_featured_image":false,"_relevanssi_hide_post":"","_relevanssi_hide_content":"","_relevanssi_pin_for_all":"","_relevanssi_pin_keywords":"","_relevanssi_unpin_keywords":"","_relevanssi_related_keywords":"","_relevanssi_related_include_ids":"","_relevanssi_related_exclude_ids":"","_relevanssi_related_no_append":"","_relevanssi_related_not_related":"","_relevanssi_related_posts":"1239,1","_relevanssi_noindex_reason":"","_trash_the_other_posts":false,"editor_notices":[],"footnotes":""},"class_list":["post-330","page","type-page","status-publish","hentry"],"acf":[],"jetpack_sharing_enabled":true,"publishpress_future_action":{"enabled":false,"date":"2026-04-25 16:06:10","action":"change-status","newStatus":"draft","terms":[],"taxonomy":"","extraData":[]},"publishpress_future_workflow_manual_trigger":{"enabledWorkflows":[]},"_links":{"self":[{"href":"https:\/\/rtb.ie\/ga\/wp-json\/wp\/v2\/pages\/330","targetHints":{"allow":["GET"]}}],"collection":[{"href":"https:\/\/rtb.ie\/ga\/wp-json\/wp\/v2\/pages"}],"about":[{"href":"https:\/\/rtb.ie\/ga\/wp-json\/wp\/v2\/types\/page"}],"author":[{"embeddable":true,"href":"https:\/\/rtb.ie\/ga\/wp-json\/wp\/v2\/users\/11"}],"replies":[{"embeddable":true,"href":"https:\/\/rtb.ie\/ga\/wp-json\/wp\/v2\/comments?post=330"}],"version-history":[{"count":34,"href":"https:\/\/rtb.ie\/ga\/wp-json\/wp\/v2\/pages\/330\/revisions"}],"predecessor-version":[{"id":53315,"href":"https:\/\/rtb.ie\/ga\/wp-json\/wp\/v2\/pages\/330\/revisions\/53315"}],"up":[{"embeddable":true,"href":"https:\/\/rtb.ie\/ga\/wp-json\/wp\/v2\/pages\/168"}],"wp:attachment":[{"href":"https:\/\/rtb.ie\/ga\/wp-json\/wp\/v2\/media?parent=330"}],"curies":[{"name":"wp","href":"https:\/\/api.w.org\/{rel}","templated":true}]}}