{"id":338,"date":"2025-04-24T11:27:52","date_gmt":"2025-04-24T11:27:52","guid":{"rendered":"https:\/\/rtb.ie\/ga\/?page_id=338"},"modified":"2025-11-17T12:27:24","modified_gmt":"2025-11-17T12:27:24","slug":"how-to-register","status":"publish","type":"page","link":"https:\/\/rtb.ie\/ga\/register-tenancies\/register-a-tenancy\/how-to-register\/","title":{"rendered":"Conas cl\u00e1r\u00fa a dh\u00e9anamh"},"content":{"rendered":"\n<div class=\"translation-notice no-print\">\n        <div class=\"inner container\">\n            <p><strong>Cuirfear aistri\u00fach\u00e1n ar f\u00e1il go luath<\/strong><\/p>\n            <p>\u00c1r leithsc\u00e9al as an m\u00edchaoithi\u00falacht. Cuirfear aistri\u00fach\u00e1n Gaeilge ar an leathanach seo ar f\u00e1il go luath. Go raibh maith agat as do chuid foighneachta agus muid ag obair ar leagan uasd\u00e1taithe.<\/p>\n        <\/div>\n    <\/div><section id=\"block-block_add9889dcb8d05ac32140c4847a92ee0\" class=\"header-block rtb-block colour-teal margin-top-none margin-bottom-default\">\n    <div class=\"container\">\n        <nav class=\"breadcrumbs\" aria-label=\"breadcrumb\">\n    <span property=\"itemListElement\" typeof=\"ListItem\"><a property=\"item\" typeof=\"WebPage\" title=\"Go to Bord um Tion\u00f3ntachta\u00ed C\u00f3naithe.\" href=\"https:\/\/rtb.ie\/ga\" class=\"home\" aria-current=\"page\"><span property=\"name\"><i class=\"rtb-home-icon\"><\/i><\/span><\/a><meta property=\"position\" content=\"1\"><\/span><i class=\"rtb-chevron\"><\/i><\/nav>\n        \n        <div class=\"wrapper\">\n            <div class=\"content\">\n                            \n                <h1 class=\"heading-xl\">Conas cl\u00e1r\u00fa a dh\u00e9anamh<\/h1>\n                                            <\/div>\n            <!-- Temporary image: Remove after migrating illustrations to the illustration_selection field -->\n            \n                                    <div class=\"illustration fade-up\" aria-hidden=\"true\">\n                                                    <img decoding=\"async\" src=\"https:\/\/rtb.ie\/ga\/wp-content\/themes\/rtb\/assets\/images\/illustrations\/header-block\/header-illustration-teal-a.svg\" alt=\"\" \/>\n                                            <\/div>\n                                    <\/div>\n\n    <\/div>\n<\/section>\n\n\n<section id=\"block-block_3936bd0d06b6c2a3217809c56c7deb1b\" class=\"navigation-block container rtb-block margin-top-default margin-bottom-none\">\n    <div class=\"content\">\n        <header>\n                            <h2 class=\"heading-s\">Ar an leathanach seo<\/h2>                        <i class=\"rtb-arrow down\"><\/i>\n        <\/header>\n                    <nav class=\"navigation\">            \n                                    <ul>\n                                                                                    <li><a class=\"text-link\" href=\"#How-to-register\" target=\"\">Conas tion\u00f3ntacht nua a chl\u00e1r\u00fa<\/a><\/li>\n                                                                                                                <li><a class=\"text-link\" href=\"#Registering\" target=\"\">Tion\u00f3ntacht nua a chl\u00e1r\u00fa ar l\u00edne<\/a><\/li>\n                                                                                                                <li><a class=\"text-link\" href=\"#Confirmation-of-tenancy\" target=\"\">Cl\u00e1r\u00fa tion\u00f3ntachta a dheimhni\u00fa<\/a><\/li>\n                                                                                                                <li><a class=\"text-link\" href=\"#post-or-email\" target=\"\">Cl\u00e1r\u00fa tr\u00edd an bpost n\u00f3 le r\u00edomhphost<\/a><\/li>\n                                                                        <\/ul>\n                                    <ul>\n                                                                                    <li><a class=\"text-link\" href=\"#annual-registration\" target=\"\">Conas do chl\u00e1r\u00fa bliant\u00fail a chomhl\u00e1n\u00fa<\/a><\/li>\n                                                                        <\/ul>\n                            <\/nav>\n            <\/div>\n<\/section>\n\n\n<section id=\"block-block_7a5739910aef170c53b84bcaa1353a23\" class=\"header-paragraph-block rtb-block  margin-top-s margin-bottom-xs\">\n\t<div class=\"container\">\n\t\t<div class=\"content\">\n\t\t\t<article class=\"cms-content\">\n\t\t\t\t\t\t\t\t\t<p>N\u00ed m\u00f3r do thiarna\u00ed tal\u00fan tion\u00f3ntachta\u00ed c\u00f3naithe nua a chl\u00e1r\u00fa leis an mBord um Thion\u00f3ntachta\u00ed C\u00f3naithe (RTB) laistigh de 30 l\u00e1 \u00f3 dh\u00e1ta tosaithe na tion\u00f3ntachta.<\/p>\n<p>N\u00ed m\u00f3r duit freisin cl\u00e1r\u00fa bliant\u00fail le haghaidh gach tion\u00f3ntachta a chomhl\u00e1n\u00fa ar chom\u00f3radh lae dh\u00e1ta tosaithe na tion\u00f3ntachta.<\/p>\n<p>Ar an leathanach seo, leagtar amach na c\u00e9imeanna chun tion\u00f3ntacht nua a chl\u00e1r\u00fa n\u00f3 chun do chl\u00e1r\u00fa bliant\u00fail a athnuachan.<\/p>\n<p>L\u00e9igh tuilleadh faoi c\u00e9 hiad na daoine nach<a href=\"https:\/\/rtb.ie\/ga\/register-tenancies\/register-a-tenancy\/who-should-register\/\"> m\u00f3r d\u00f3ibh cl\u00e1r\u00fa.<\/a><\/p>\n<p>&nbsp;<\/p>\n\t\t\t\t\t\t\t<\/article>\n\t\t\t\t\t\t\t\t\t\t\t\t<aside class=\"related-content\" data-js=\"related-content\">\n\t\t\t\t\t\t<div class=\"wrapper\">\n\t\t\t\t\t\t\t\t\t\t\t\t\t\t\t<h2 class=\"\">\u00c1bhar gaolmhar<\/h2>\t\t\t\t\t\t\t\t\t\t\t\t\t\t<ul>\n\t\t\t\t\t\t\t\t\t\t\t\t\t\t\t\t\t\t\t\t\t\t\t\t\t\t\t\t\t\t\t\t\t\t\t\t\t\t<li><a class=\"text-link\" href=\"https:\/\/rtb.ie\/ga\/register-tenancies\/register-a-tenancy\/who-should-register\/\" target=\"\">C\u00e9 hiad na daoine ar cheart d\u00f3ibh cl\u00e1r\u00fa?<\/a><\/li>\n\t\t\t\t\t\t\t\t\t\t\t\t\t\t\t\t\t\t\t\t\t\t\t\t\t\t\t\t\t\t\t\t\t\t\t\t\t\t\t\t<li><a class=\"text-link\" href=\"https:\/\/rtb.ie\/ga\/register-tenancies\/register-a-tenancy\/when-to-register\/\" target=\"\">Cathain ba cheart cl\u00e1r\u00fa<\/a><\/li>\n\t\t\t\t\t\t\t\t\t\t\t\t\t\t\t\t\t\t\t\t\t\t\t\t\t\t\t\t\t\t\t\t\t\t\t\t\t\t\t\t<li><a class=\"text-link\" href=\"https:\/\/rtb.ie\/ga\/register-tenancies\/register-a-tenancy\/registration-fees\/\" target=\"\">T\u00e1ill\u00ed cl\u00e1r\u00fach\u00e1in<\/a><\/li>\n\t\t\t\t\t\t\t\t\t\t\t\t\t\t\t\t\t\t\t\t\t\t\t\t\t\t\t\t\t\t\t\t\t\t\t\t\t\t\t\t<li><a class=\"text-link\" href=\"https:\/\/rtb.ie\/ga\/register-tenancies\/register-a-tenancy\/consequences-of-not-registering\/\" target=\"\">Iarmhairt\u00ed a ghabhann le gan cl\u00e1r\u00fa<\/a><\/li>\n\t\t\t\t\t\t\t\t\t\t\t\t\t\t\t\t\t\t\t\t\t\t\t\t\t\t\t\t\t\t\t\t\t\t<\/ul>\n\t\t\t\t\t\t<\/div>\n\t\t\t\t\t<\/aside>\n\t\t\t\t\t\t\t\t\t<\/div>\n\t<\/div>\n<\/section>\n\n\n<section id=\"How-to-register\" class=\"header-paragraph-block rtb-block  margin-top-xs margin-bottom-xs\">\n\t<div class=\"container\">\n\t\t<div class=\"content\">\n\t\t\t<article class=\"cms-content\">\n\t\t\t\t\t\t\t\t\t<h2>Conas tion\u00f3ntacht nua a chl\u00e1r\u00fa<\/h2>\n<h3>Faisn\u00e9is a theasta\u00edonn uait chun tion\u00f3ntacht nua a chl\u00e1r\u00fa<\/h3>\n<p>Sula dtosa\u00edonn t\u00fa, b\u00edodh na mionsonra\u00ed seo a leanas l\u00e1mh leat:<\/p>\n<ul>\n<li><strong>Mionsonra\u00ed an tiarna tal\u00fan<\/strong>: Ainm ioml\u00e1n, seoladh, uimhir Phearsanta Seirbh\u00edse Poibl\u00ed (PSP) agus d\u00e1ta breithe (tiarna\u00ed tal\u00fan pr\u00edobh\u00e1ideacha). Ainm cuideachta cl\u00e1raithe agus uimhir leis an Oifig um Chl\u00e1r\u00fa Cuideachta\u00ed (CRO) (tiarna\u00ed tal\u00fan cuideachta).<\/li>\n<li><strong>Faisn\u00e9is faoin maoin<\/strong>: Seoladh, \u00c9irch\u00f3d, cine\u00e1l maoine (mar shampla, \u00e1ras\u00e1n, teach), achar url\u00e1ir, r\u00e1t\u00e1il Deimhnithe RFF (m\u00e1 t\u00e1 ceann agat), agus limist\u00e9ar \u00fadar\u00e1is \u00e1iti\u00fail.<\/li>\n<li><strong>Mionsonra\u00ed na tion\u00f3ntachta:<\/strong> D\u00e1ta tosaithe, m\u00e9id c\u00edosa, mionsonra\u00ed \u00e9arlaise, an l\u00edon tion\u00f3nta\u00ed (os cionn 18 mbliana d\u2019aois agus faoi bhun 18 mbliana d\u2019aois), agus aon mhuirir arna n-\u00edoc ag an tion\u00f3nta (mar shampla, leictreachas agus leathanbhanda).<\/li>\n<li><strong>Mionsonra\u00ed an ghn\u00edomhaire n\u00f3 na cuideachta bainist\u00edochta<\/strong>: Ainm, seoladh, agus uimhreacha cl\u00e1r\u00fach\u00e1in iomchu\u00ed (m\u00e1s infheidhme).<\/li>\n<\/ul>\n<h4><strong>Faisn\u00e9is roghnach<\/strong><\/h4>\n<p>C\u00e9 nach bhfuil s\u00e9 riachtanach, moltar go m\u00f3r uimhreacha PSP n\u00f3 d\u00e1ta\u00ed breithe do thion\u00f3nta\u00ed a shol\u00e1thar toisc gur f\u00e9idir leis sin cabhr\u00fa le haon d\u00edosp\u00f3id\u00ed tion\u00f3ntachta amach anseo.<\/p>\n<h4><strong>An f\u00e1th a dteasta\u00edonn an t\u00c9irch\u00f3d ceart uait<\/strong><\/h4>\n<p>Chun a chinnti\u00fa nach nd\u00e9anfar an t-aon mhaoin amh\u00e1in a chl\u00e1r\u00fa faoi dh\u00f3, n\u00ed m\u00f3r duit an t\u00c9irch\u00f3d ceart a shol\u00e1thar le linn an phr\u00f3isis cl\u00e1r\u00fach\u00e1in. Mura bhfuil an t\u00c9irch\u00f3d ceart, d\u00e9anfaimid athbhreithni\u00fa air. N\u00ed f\u00e9idir leat an seoladh a athr\u00fa a luaithe at\u00e1 s\u00e9 cl\u00e1raithe. Mar sin de, d\u00e9an cinnte de go bhfuil na mionsonra\u00ed cruinn.<\/p>\n\t\t\t\t\t\t\t<\/article>\n\t\t\t\t\t<\/div>\n\t<\/div>\n<\/section>\n\n\n<section id=\"Registering\" class=\"header-paragraph-block rtb-block  margin-top-xs margin-bottom-xs\">\n\t<div class=\"container\">\n\t\t<div class=\"content\">\n\t\t\t<article class=\"cms-content\">\n\t\t\t\t\t\t\t\t\t<h2>Tion\u00f3ntacht nua a chl\u00e1r\u00fa ar l\u00edne<\/h2>\n<p>Is \u00e9 an bealach is fusa chun do thion\u00f3ntacht a chl\u00e1r\u00fa n\u00e1 tr\u00ed thairseach cuntais ar l\u00edne RTB. T\u00e1 s\u00e9 simpl\u00ed cuntas cl\u00e1r\u00fach\u00e1in a bhun\u00fa. Is f\u00e9idir leat amharc ar an bhf\u00edse\u00e1n seo ar conas tion\u00f3ntacht a chl\u00e1r\u00fa.<\/p>\n<h3>Log\u00e1il isteach i do chuntas cl\u00e1r\u00fach\u00e1in<\/h3>\n<p>Log\u00e1il isteach i do chuntas cl\u00e1r\u00fach\u00e1in agus iontr\u00e1il an seoladh r\u00edomhphoist agus an pasfhocal c\u00e9anna a d\u2019\u00fas\u00e1id t\u00fa chun do chuntas cl\u00e1r\u00fach\u00e1in a chruth\u00fa.<\/p>\n<p>Seice\u00e1il an bhfuil do mhionsonra\u00ed ar \u2018My profile\u2019 cothrom le d\u00e1ta n\u00f3 nach bhfuil. \u00das\u00e1idfear na mionsonra\u00ed sin le linn an phr\u00f3isis cl\u00e1r\u00fach\u00e1in.<\/p>\n<h3>Cruthaigh do chl\u00e1r\u00fa nua<\/h3>\n<p>Roghnaigh \u2018Cruthaigh cl\u00e1r\u00fa nua\u2019 ar an leathanach baile. T\u00e1 8 gc\u00e9im i gceist le tion\u00f3ntacht a chl\u00e1r\u00fa, agus t\u00e1 achoimre orthu sin th\u00edos.<\/p>\n<h4><strong>C\u00e9im 1: Mionsonra\u00ed cl\u00e1r\u00fach\u00e1in<\/strong><\/h4>\n<ul>\n<li>Deimhnigh an bhfuil t\u00fa ag comhl\u00e1n\u00fa an chl\u00e1r\u00fach\u00e1in mar thiarna tal\u00fan den tion\u00f3ntacht n\u00f3 mar ghn\u00edomhaire at\u00e1 ag gn\u00edomh\u00fa thar ceann an tiarna tal\u00fan.<\/li>\n<li>Is f\u00e9idir leat do r\u00f3l a chur leis n\u00f3 \u00e9 a athr\u00fa i do phr\u00f3if\u00edl.<\/li>\n<\/ul>\n<h4><strong>C\u00e9im 2: Mionsonra\u00ed an tiarna tal\u00fan<\/strong><\/h4>\n<ul>\n<li>Deimhnigh do mhionsonra\u00ed, at\u00e1 t\u00f3gtha \u00f3 phr\u00f3if\u00edl do chuntais ar l\u00edne le RTB. Is f\u00e9idir leat iad a sheice\u00e1il tr\u00ed \u00fas\u00e1id a bhaint as an gcnaipe \u2018View\/Edit\u2019.<\/li>\n<li>Roghnaigh an cnaipe \u2018Add landlord\u2019 chun tiarna tal\u00fan a chur leis an gcl\u00e1r\u00fa.<\/li>\n<\/ul>\n<h4><strong>C\u00e9im 3: Mionsonra\u00ed na teaghaise<\/strong><\/h4>\n<ul>\n<li>Iontr\u00e1il mionsonra\u00ed na maoine. Ar dt\u00fas, iontr\u00e1il d\u00e1ta tosaithe na tion\u00f3ntachta agus deimhnigh an bhfuil an tion\u00f3ntacht ar si\u00fal f\u00f3s n\u00f3 nach bhfuil.<\/li>\n<li>Is f\u00e9idir leat an seoladh a chl\u00f3scr\u00edobh isteach sa bhosca \u2018Address lookup\u2019 n\u00f3 \u00c9irch\u00f3d na maoine a iontr\u00e1il.<\/li>\n<li>Iontr\u00e1il an limist\u00e9ar \u00fadar\u00e1is \u00e1iti\u00fail, an cine\u00e1l maoine, an l\u00edon seomra\u00ed leapa, an t-achar url\u00e1ir ioml\u00e1n agus an deimhni\u00fa agus r\u00e1t\u00e1il RFF (m\u00e1 t\u00e1 ceann agat).<\/li>\n<\/ul>\n<h4><strong>C\u00e9im 4: Mionsonra\u00ed na tion\u00f3ntachta<\/strong><\/h4>\n<ul>\n<li>Iontr\u00e1il an m\u00e9id c\u00edosa, c\u00e9 chomh minic agus a \u00edoctar an c\u00edos, m\u00e9id ioml\u00e1n aon \u00e9arlaise, agus an l\u00edon \u00e1itritheoir\u00ed.<\/li>\n<li>Deimhnigh an bhfuil t\u00fa ag d\u00e9anamh iarratas ar dh\u00edol\u00faine Crios Br\u00fa C\u00edosa (RPZ) n\u00f3 nach bhfuil n\u00f3 an tion\u00f3ntacht t\u00e9arma sheasta \u00ed an tion\u00f3ntacht n\u00f3 nach ea.<\/li>\n<li>Roghnaigh na f\u00f3ntais a n-\u00edocann an tion\u00f3nta astu. Mar shampla, leictreachas, cead\u00fanas teilif\u00edse, g\u00e1s, dramha\u00edl, ola n\u00f3 f\u00f3ntas eile. Is sampla\u00ed de mhuirir eile iad leathanbhanda agus p\u00e1irce\u00e1il.<\/li>\n<\/ul>\n<h4><strong>C\u00e9im 5: Mionsonra\u00ed na dtion\u00f3nta\u00ed<\/strong><\/h4>\n<ul>\n<li>Iontr\u00e1il an t-ainm, an d\u00e1ta breithe agus na mionsonra\u00ed teagmh\u00e1la do gach tion\u00f3nta at\u00e1 18 mbliana d\u2019aois agus os a chionn at\u00e1 ina gc\u00f3na\u00ed sa mhaoin. Cuir a n-uimhir PSP leis, m\u00e1 t\u00e1 s\u00ed agat.<\/li>\n<\/ul>\n<h4><strong>C\u00e9im 6: Cuir r\u00f3il leis<\/strong><\/h4>\n<ul>\n<li>Is f\u00e9idir leat gn\u00edomhaire n\u00f3 cuideachta bhainist\u00edochta a chur leis an gcl\u00e1r\u00fa tr\u00ed \u2018Add role\u2019 a roghn\u00fa.<\/li>\n<\/ul>\n<h4><strong>C\u00e9im 7: Athbhreithnigh an tion\u00f3ntacht<\/strong><\/h4>\n<ul>\n<li>Athbhreithnigh an fhaisn\u00e9is ar fad at\u00e1 iontr\u00e1ilte agat agus cuir in eagar aon bhot\u00fain a aims\u00edonn t\u00fa ag an gc\u00e9im seo.<\/li>\n<\/ul>\n<h4><strong>C\u00e9im 8: Dearbh\u00fa<\/strong><\/h4>\n<ul>\n<li>Ansin, deimhnigh gur ceart at\u00e1 an fhaisn\u00e9is at\u00e1 tugtha agat agus t\u00e9igh ar aghaidh chuig an bpr\u00f3iseas \u00edoca\u00edochta.<\/li>\n<\/ul>\n<h3>M\u00e1 theasta\u00edonn uait tuilleadh faisn\u00e9ise a fh\u00e1il<\/h3>\n<p>M\u00e1 theasta\u00edonn tuilleadh faisn\u00e9ise n\u00f3 ama uait, is f\u00e9idir leat do chl\u00e1r\u00fa a sh\u00e1bh\u00e1il mar dhr\u00e9acht agus filleadh air tr\u00e1th n\u00edos d\u00e9ana\u00ed. Clice\u00e1il ar \u2018Save draft and return to dashboard\u2019.<\/p>\n<p>Is f\u00e9idir do dhr\u00e9acht a aimsi\u00fa ar do sc\u00e1ile\u00e1n \u2018Manage registrations\u2019 agus fanfaidh s\u00e9 ann ar feadh 60 l\u00e1.<\/p>\n<p>Mura gcr\u00edochna\u00edonn t\u00fa do dhr\u00e9acht-iarratas, scriosfar \u00e9 \u00f3 do chuntas tar \u00e9is 60 l\u00e1.<\/p>\n<p>Roghanna \u00edoca\u00edochta le haghaidh cl\u00e1ruithe ar l\u00edne<\/p>\n<p>A luaithe a bheidh do chl\u00e1r\u00fa cr\u00edochnaithe agat, is f\u00e9idir leat do th\u00e1ille chl\u00e1r\u00fach\u00e1in a \u00edoc tr\u00edothu seo a leanas:<\/p>\n<ul>\n<li>C\u00e1rta creidmheasa<\/li>\n<li>C\u00e1rta dochair<\/li>\n<li>PayPal<\/li>\n<li>R\u00edomhaistri\u00fa Airgid (RAA) tr\u00ed SEPA (aistri\u00fa bainc) le haghaidh \u00edoca\u00edochta\u00ed faoi bhun \u20ac4,000.<\/li>\n<\/ul>\n<p>M\u00e1 roghna\u00edonn t\u00fa \u00edoc tr\u00ed PayPal n\u00f3 tr\u00ed SEPA, log\u00e1lfar amach as do chuntas cl\u00e1r\u00fach\u00e1in th\u00fa agus beidh ort log\u00e1il isteach ar\u00eds tar \u00e9is duit an pr\u00f3iseas \u00edoca\u00edochta a chr\u00edochn\u00fa.<\/p>\n<p>&nbsp;<\/p>\n<p><strong>\u00cdoca\u00edocht a dheimhni\u00fa<\/strong><\/p>\n<p>&nbsp;<\/p>\n<p>A luaithe at\u00e1 d\u2019\u00edoca\u00edocht deimhnithe, seolfar d\u2019admh\u00e1il chugat le r\u00edomhphost. Is f\u00e9idir leat \u00ed a fh\u00e1il sa rann\u00e1n teachtaireachta\u00ed de do chuntas cl\u00e1r\u00fach\u00e1in freisin.<\/p>\n<p>Is f\u00e9idir leat filleadh ar do chl\u00e1ruithe tr\u00ed \u2018Return to manage registrations\u2019 a roghn\u00fa.<\/p>\n<p>Feicfidh t\u00fa st\u00e1das do chl\u00e1r\u00fach\u00e1in mar \u2018Registration paid\u2019. N\u00ed chialla\u00edonn s\u00e9 sin go bhfuil an tion\u00f3ntacht cl\u00e1raithe.<\/p>\n<p>D\u00e9anfaimid seice\u00e1il ar d\u2019iarratas ar chl\u00e1r\u00fa chun a chinnti\u00fa gur ceart at\u00e1 an fhaisn\u00e9is a thug t\u00fa.<\/p>\n<p>L\u00e9igh tuilleadh faoi st\u00e1das cl\u00e1r\u00fach\u00e1in ar do chuntas cl\u00e1r\u00fach\u00e1in agus sna litreacha deimhni\u00fach\u00e1in th\u00edos.<\/p>\n\t\t\t\t\t\t\t<\/article>\n\t\t\t\t\t<\/div>\n\t<\/div>\n<\/section>\n\n\n<section id=\"Confirmation-of-tenancy\" class=\"header-paragraph-block rtb-block  margin-top-xs margin-bottom-xs\">\n\t<div class=\"container\">\n\t\t<div class=\"content\">\n\t\t\t<article class=\"cms-content\">\n\t\t\t\t\t\t\t\t\t<h3>Cl\u00e1r\u00fa tion\u00f3ntachta a dheimhni\u00fa<\/h3>\n<p>Tar \u00e9is d\u00fainn do chl\u00e1r\u00fa tion\u00f3ntachta a phr\u00f3ise\u00e1il agus tar \u00e9is duit an t\u00e1ille chl\u00e1r\u00fach\u00e1in a \u00edoc, seolfaimid litir chugatsa agus chuig an tion\u00f3nta\/na tion\u00f3nta\u00ed at\u00e1 liostaithe ar an gcl\u00e1r\u00fa chun a dheimhni\u00fa go bhfuil an tion\u00f3ntacht cl\u00e1raithe. Is f\u00e9idir leat a roghn\u00fa an litir a fh\u00e1il le r\u00edomhphost n\u00f3 tr\u00edd an bpost. Is f\u00e9idir leat amharc uirthi sa rann\u00e1n \u2018Documents\u2019 de do chuntas cl\u00e1r\u00fach\u00e1in freisin.<\/p>\n<p>De ghn\u00e1th, seolaimid an litir deimhni\u00fach\u00e1in chuig tion\u00f3nta\u00ed tr\u00edd an bpost. Beidh uimhir RT (Tion\u00f3ntacht Chl\u00e1raithe) ar \u00e1ireamh sa litir deimhni\u00fach\u00e1in, arb aitheant\u00f3ir uath\u00fail do do chl\u00e1r\u00fa \u00ed. T\u00e1 s\u00ed san fhorm\u00e1id seo: RT-XXXX-XXXXXXXX.<\/p>\n\t\t\t\t\t\t\t<\/article>\n\t\t\t\t\t<\/div>\n\t<\/div>\n<\/section>\n\n\n<section id=\"post-or-email\" class=\"header-paragraph-block rtb-block  margin-top-xs margin-bottom-xs\">\n\t<div class=\"container\">\n\t\t<div class=\"content\">\n\t\t\t<article class=\"cms-content\">\n\t\t\t\t\t\t\t\t\t<h2>Cl\u00e1r\u00fa tr\u00edd an bpost n\u00f3 le r\u00edomhphost<\/h2>\n<p>Is f\u00e9idir leat foirm RTB1 a \u00edosl\u00f3d\u00e1il agus \u00ed a sheoladh tr\u00edd an bpost n\u00f3 le r\u00edomhphost. T\u00e1 9 gcuid ann agus is ionann an fhaisn\u00e9is agus an fhaisn\u00e9is at\u00e1 sa phr\u00f3iseas iarratais ar l\u00edne (f\u00e9ach thuas). T\u00e1 n\u00f3ta\u00ed m\u00edni\u00fach\u00e1in ar an bhfoirm ph\u00e1ip\u00e9ir chun cabhr\u00fa leat d\u2019iarratas a chomhl\u00e1n\u00fa.<\/p>\n<p>Comhl\u00e1naigh an fhoirm agus seol \u00ed:<\/p>\n<p>Tr\u00edd an bpost chuig: An Bord um Thion\u00f3ntachta\u00ed C\u00f3naithe, Bosca PO 47, Cloich na Coillte, Contae Chorca\u00ed<\/p>\n<p>Le r\u00edomhphost chuig registrations@rtb.ie<\/p>\n<h3>Roghanna \u00edoca\u00edochta le haghaidh cl\u00e1ruithe poist<\/h3>\n<p>Seol \u00edoca\u00edocht as an t\u00e1ille chl\u00e1r\u00fach\u00e1in in \u00e9ineacht le foirm RTB1 chomhl\u00e1naithe uait. Is f\u00e9idir leat \u00edoc tr\u00ed sheic, tr\u00ed dhr\u00e9acht bainc n\u00f3 tr\u00ed ord\u00fa poist, agus iad d\u00e9anta in\u00edoctha le RTB.<\/p>\n\t\t\t\t\t\t\t<\/article>\n\t\t\t\t\t<\/div>\n\t<\/div>\n<\/section>\n\n\n<section id=\"annual-registration\" class=\"header-paragraph-block rtb-block  margin-top-xs margin-bottom-default\">\n\t<div class=\"container\">\n\t\t<div class=\"content\">\n\t\t\t<article class=\"cms-content\">\n\t\t\t\t\t\t\t\t\t<h3><strong>Conas do chl\u00e1r\u00fa bliant\u00fail a chomhl\u00e1n\u00fa<\/strong><\/h3>\n<p>N\u00ed m\u00f3r do thiarna\u00ed tal\u00fan tion\u00f3ntachta\u00ed a athchl\u00e1r\u00fa le RTB gach bliain, ar chom\u00f3radh lae dh\u00e1ta tosaithe na tion\u00f3ntachta.<\/p>\n<p>Is ionann an pr\u00f3iseas agus an pr\u00f3iseas a bh\u00ed ann nuair a chl\u00e1raigh t\u00fa an tion\u00f3ntacht ar dt\u00fas ach baineann s\u00e9 le mionsonra\u00ed tion\u00f3ntachta a dheimhni\u00fa agus a nuashonr\u00fa. N\u00ed ann ach do dhorn\u00e1n difr\u00edochta\u00ed, at\u00e1 m\u00ednithe againn th\u00edos.<\/p>\n<h3><strong>Bainistigh cl\u00e1ruithe<\/strong><\/h3>\n<p>Nuair a log\u00e1lann t\u00fa isteach i do chuntas cl\u00e1r\u00fach\u00e1in, clice\u00e1il ar \u2018Manage existing registrations\u2019 ar an leathanach baile chun amharc ar thion\u00f3ntachta\u00ed at\u00e1 dlite lena n-athnuachan. I gc\u00e1s aon tion\u00f3ntachta\u00ed at\u00e1 dlite lena gcl\u00e1r\u00fa, feicfidh t\u00fa \u2018Pending Registration\u2019 mar st\u00e1das sa chol\u00fan st\u00e1dais.<\/p>\n<p>Is f\u00e9idir leat an t-amharc a scagadh tr\u00ed \u00fas\u00e1id a bhaint as na col\u00fain \u2018Next registration date\u2019 n\u00f3 \u2018Status\u2019 chun na tion\u00f3ntachta\u00ed at\u00e1 dlite lena gcl\u00e1r\u00fa bliant\u00fail a sheice\u00e1il.<\/p>\n<h3><strong>Tosaigh an cl\u00e1r\u00fa<\/strong><\/h3>\n<p>Clice\u00e1il ar \u2018Register\u2019 in aice leis an tion\u00f3ntacht is g\u00e1 a athchl\u00e1r\u00fa. Lean na 8 gc\u00e9im ch\u00e9anna sa phr\u00f3iseas chun tion\u00f3ntacht a chl\u00e1r\u00fa. T\u00e1 an fhaisn\u00e9is faoi do thion\u00f3ntacht l\u00edonta isteach cheana f\u00e9in \u00f3 do chl\u00e1r\u00fa tion\u00f3ntachta bunaidh.<\/p>\n<p>Is f\u00e9idir leat na mionsonra\u00ed a sheice\u00e1il tr\u00ed chlice\u00e1il ar an gcnaipe \u2018View\/Edit\u2019.<\/p>\n<h3><strong>Nuashonraigh mionsonra\u00ed<\/strong><\/h3>\n<p>Athbhreithnigh agus nuashonraigh mionsonra\u00ed na tion\u00f3ntachta de r\u00e9ir mar is g\u00e1, lena n-\u00e1ir\u00edtear aon athbhreithnithe c\u00edosa.<\/p>\n\t\t\t\t\t\t\t<\/article>\n\t\t\t\t\t<\/div>\n\t<\/div>\n<\/section>","protected":false},"excerpt":{"rendered":"","protected":false},"author":11,"featured_media":0,"parent":168,"menu_order":2,"comment_status":"closed","ping_status":"closed","template":"","meta":{"_acf_changed":false,"inline_featured_image":false,"_relevanssi_hide_post":"","_relevanssi_hide_content":"","_relevanssi_pin_for_all":"","_relevanssi_pin_keywords":"","_relevanssi_unpin_keywords":"","_relevanssi_related_keywords":"","_relevanssi_related_include_ids":"","_relevanssi_related_exclude_ids":"","_relevanssi_related_no_append":"","_relevanssi_related_not_related":"","_relevanssi_related_posts":"1239,1","_relevanssi_noindex_reason":"","_trash_the_other_posts":false,"editor_notices":[],"footnotes":""},"class_list":["post-338","page","type-page","status-publish","hentry"],"acf":[],"jetpack_sharing_enabled":true,"publishpress_future_action":{"enabled":false,"date":"2026-04-30 10:16:45","action":"change-status","newStatus":"draft","terms":[],"taxonomy":"","extraData":[]},"publishpress_future_workflow_manual_trigger":{"enabledWorkflows":[]},"_links":{"self":[{"href":"https:\/\/rtb.ie\/ga\/wp-json\/wp\/v2\/pages\/338","targetHints":{"allow":["GET"]}}],"collection":[{"href":"https:\/\/rtb.ie\/ga\/wp-json\/wp\/v2\/pages"}],"about":[{"href":"https:\/\/rtb.ie\/ga\/wp-json\/wp\/v2\/types\/page"}],"author":[{"embeddable":true,"href":"https:\/\/rtb.ie\/ga\/wp-json\/wp\/v2\/users\/11"}],"replies":[{"embeddable":true,"href":"https:\/\/rtb.ie\/ga\/wp-json\/wp\/v2\/comments?post=338"}],"version-history":[{"count":38,"href":"https:\/\/rtb.ie\/ga\/wp-json\/wp\/v2\/pages\/338\/revisions"}],"predecessor-version":[{"id":53346,"href":"https:\/\/rtb.ie\/ga\/wp-json\/wp\/v2\/pages\/338\/revisions\/53346"}],"up":[{"embeddable":true,"href":"https:\/\/rtb.ie\/ga\/wp-json\/wp\/v2\/pages\/168"}],"wp:attachment":[{"href":"https:\/\/rtb.ie\/ga\/wp-json\/wp\/v2\/media?parent=338"}],"curies":[{"name":"wp","href":"https:\/\/api.w.org\/{rel}","templated":true}]}}