{"id":384,"date":"2025-04-24T11:39:07","date_gmt":"2025-04-24T11:39:07","guid":{"rendered":"https:\/\/rtb.ie\/ga\/?page_id=384"},"modified":"2025-11-17T16:26:23","modified_gmt":"2025-11-17T16:26:23","slug":"how-to-register-a-student-specific-accommodation-ssa-tenancy","status":"publish","type":"page","link":"https:\/\/rtb.ie\/ga\/register-tenancies\/register-a-tenancy\/how-to-register-a-student-specific-accommodation-ssa-tenancy\/","title":{"rendered":"Conas tion\u00f3ntacht c\u00f3ir\u00edochta sonrach do mhic l\u00e9inn (SSA) a chl\u00e1r\u00fa"},"content":{"rendered":"\n<div class=\"translation-notice no-print\">\n        <div class=\"inner container\">\n            <p><strong>Cuirfear aistri\u00fach\u00e1n ar f\u00e1il go luath<\/strong><\/p>\n            <p>\u00c1r leithsc\u00e9al as an m\u00edchaoithi\u00falacht. Cuirfear aistri\u00fach\u00e1n Gaeilge ar an leathanach seo ar f\u00e1il go luath. Go raibh maith agat as do chuid foighneachta agus muid ag obair ar leagan uasd\u00e1taithe.<\/p>\n        <\/div>\n    <\/div><section id=\"block-block_6c42b971ec4aa9b416e7eda978493405\" class=\"header-block rtb-block colour-teal margin-top-none margin-bottom-default\">\n    <div class=\"container\">\n        <nav class=\"breadcrumbs\" aria-label=\"breadcrumb\">\n    <span property=\"itemListElement\" typeof=\"ListItem\"><a property=\"item\" typeof=\"WebPage\" title=\"Go to Bord um Tion\u00f3ntachta\u00ed C\u00f3naithe.\" href=\"https:\/\/rtb.ie\/ga\" class=\"home\" aria-current=\"page\"><span property=\"name\"><i class=\"rtb-home-icon\"><\/i><\/span><\/a><meta property=\"position\" content=\"1\"><\/span><i class=\"rtb-chevron\"><\/i><\/nav>\n        \n        <div class=\"wrapper\">\n            <div class=\"content\">\n                            \n                <h1 class=\"heading-xl\">Conas tion\u00f3ntacht c\u00f3ir\u00edochta sonrach do mhic l\u00e9inn (SSA) a chl\u00e1r\u00fa<\/h1>\n                <p>N\u00ed m\u00f3r do shol\u00e1thraithe uile c\u00f3ir\u00edochta at\u00e1 sonrach do mhic l\u00e9inn a dtion\u00f3ntachta\u00ed a chl\u00e1r\u00fa le RTB. N\u00ed m\u00f3r duit an tion\u00f3ntacht a chl\u00e1r\u00fa laistigh de mh\u00ed amh\u00e1in \u00f3 dh\u00e1ta tosaithe na tion\u00f3ntachta agus gach bliain ina dhiaidh sin, ar chom\u00f3radh lae dh\u00e1ta tosaithe na tion\u00f3ntachta.<\/p>                            <\/div>\n            <!-- Temporary image: Remove after migrating illustrations to the illustration_selection field -->\n            \n                                    <div class=\"illustration fade-up\" aria-hidden=\"true\">\n                                                    <img decoding=\"async\" src=\"https:\/\/rtb.ie\/ga\/wp-content\/themes\/rtb\/assets\/images\/illustrations\/header-block\/header-illustration-teal-a.svg\" alt=\"\" \/>\n                                            <\/div>\n                                    <\/div>\n\n    <\/div>\n<\/section>\n\n\n<section id=\"block-block_299933aad4cc1925d741f34e479fe5f0\" class=\"navigation-block container rtb-block margin-top-default margin-bottom-none\">\n    <div class=\"content\">\n        <header>\n                            <h2 class=\"heading-s\">Ar an leathanach seo<\/h2>                        <i class=\"rtb-arrow down\"><\/i>\n        <\/header>\n                    <nav class=\"navigation\">            \n                                    <ul>\n                                                                                    <li><a class=\"text-link\" href=\"#SSA-tenancies\" target=\"\">Rialacha cl\u00e1r\u00fach\u00e1in do thion\u00f3ntachta\u00ed i leith c\u00f3ir\u00edocht at\u00e1 sonrach do mhic l\u00e9inn<\/a><\/li>\n                                                                                                                <li><a class=\"text-link\" href=\"#register\" target=\"\">Cl\u00e1r um ch\u00f3ir\u00edocht at\u00e1 sonrach do mhic l\u00e9inn<\/a><\/li>\n                                                                                                                <li><a class=\"text-link\" href=\"#tenancy-data-sheet\" target=\"\">An bhileog sonra\u00ed tion\u00f3ntachta a chomhl\u00e1n\u00fa<\/a><\/li>\n                                                                                                                <li><a class=\"text-link\" href=\"#How-to-return\" target=\"\">Conas an bhileog sonra\u00ed tion\u00f3ntachta a sheoladh ar ais<\/a><\/li>\n                                                                        <\/ul>\n                                    <ul>\n                                                                                    <li><a class=\"text-link\" href=\"#When-we-get\" target=\"\">Nuair a fhaighimid an bhileog sonra\u00ed tion\u00f3ntachta<\/a><\/li>\n                                                                                                                <li><a class=\"text-link\" href=\"#tenant-moves\" target=\"\">M\u00e1 bhogann tion\u00f3nta le linn na bliana acad\u00fala<\/a><\/li>\n                                                                        <\/ul>\n                            <\/nav>\n            <\/div>\n<\/section>\n\n\n<section id=\"SSA-tenancies\" class=\"header-paragraph-block rtb-block  margin-top-xs margin-bottom-xs\">\n\t<div class=\"container\">\n\t\t<div class=\"content\">\n\t\t\t<article class=\"cms-content\">\n\t\t\t\t\t\t\t\t\t<h2>Rialacha cl\u00e1r\u00fach\u00e1in do thion\u00f3ntachta\u00ed i leith c\u00f3ir\u00edocht at\u00e1 sonrach do mhic l\u00e9inn<\/h2>\n<p>T\u00e1 rialacha cl\u00e1r\u00fach\u00e1in difri\u00fala ag tion\u00f3ntachta\u00ed i leith c\u00f3ir\u00edocht at\u00e1 sonrach do mhic l\u00e9inn i gcompar\u00e1id le tion\u00f3ntachta\u00ed pr\u00edobh\u00e1ideacha eile. \u00c1ir\u00edtear iad seo a leanas leis na pr\u00edomhdhifr\u00edochta\u00ed:<\/p>\n<ul>\n<li>Meastar gur tion\u00f3ntacht n\u00f3 cead\u00fanas ar leithligh iad gach seomra aonair, fi\u00fa m\u00e1 t\u00e1 n\u00edos m\u00f3 n\u00e1 mac l\u00e9inn amh\u00e1in sa seomra (seomra\u00ed dh\u00e1 leaba, mar shampla).<\/li>\n<li>N\u00ed m\u00f3r gach seomra in aonad a chl\u00e1r\u00fa.<\/li>\n<li>N\u00edl c\u00f3ras <a href=\"https:\/\/portal.rtb.ie\/\">cuntais ar l\u00edne RTB<\/a> ar f\u00e1il do shol\u00e1thraithe c\u00f3ir\u00edochta at\u00e1 sonrach do mhic l\u00e9inn faoi l\u00e1thair.<\/li>\n<li>N\u00ed m\u00f3r duit <a href=\"https:\/\/rtb.ie\/ga\/wp-content\/uploads\/2025\/05\/Tenancy_Data_Sheet_Private_Providers_Sept_2024.xlsx\">Bileog Sonra\u00ed Tion\u00f3ntachta<\/a> a chomhl\u00e1n\u00fa agus a chur isteach le haghaidh gach tion\u00f3ntachta i leith c\u00f3ir\u00edocht at\u00e1 sonrach do mhic l\u00e9inn.<\/li>\n<\/ul>\n\t\t\t\t\t\t\t<\/article>\n\t\t\t\t\t\t\t\t\t\t\t\t<aside class=\"related-content\" data-js=\"related-content\">\n\t\t\t\t\t\t<div class=\"wrapper\">\n\t\t\t\t\t\t\t\t\t\t\t\t\t\t\t<h2 class=\"\">\u00c1bhar gaolmhar<\/h2>\t\t\t\t\t\t\t\t\t\t\t\t\t\t<ul>\n\t\t\t\t\t\t\t\t\t\t\t\t\t\t\t\t\t\t\t\t\t\t\t\t\t\t\t\t\t\t\t\t\t\t\t\t\t\t<li><a class=\"text-link\" href=\"https:\/\/rtb.ie\/ga\/renting\/types-of-tenancies\/student-specific-accommodation\/\" target=\"\">C\u00f3ir\u00edocht at\u00e1 sonrach do mhic l\u00e9inn<\/a><\/li>\n\t\t\t\t\t\t\t\t\t\t\t\t\t\t\t\t\t\t\t\t\t\t\t\t\t\t\t\t\t\t\t\t\t\t\t\t\t\t\t\t<li><a class=\"text-link\" href=\"https:\/\/rtb.ie\/ga\/renting\/ending-a-tenancy\/ending-a-student-specific-accommodation-tenancy\/\" target=\"\">Deireadh a chur le tion\u00f3ntacht i leith c\u00f3ir\u00edocht at\u00e1 sonrach do mhic l\u00e9inn<\/a><\/li>\n\t\t\t\t\t\t\t\t\t\t\t\t\t\t\t\t\t\t\t\t\t\t\t\t\t\t\t\t\t\t\t\t\t\t\t\t\t\t\t\t<li><a class=\"text-link\" href=\"https:\/\/rtb.ie\/ga\/renting\/rights-responsibilities\/\" target=\"\">Cearta agus freagrachta\u00ed<\/a><\/li>\n\t\t\t\t\t\t\t\t\t\t\t\t\t\t\t\t\t\t\t\t\t\t\t\t\t\t\t\t\t\t\t\t\t\t<\/ul>\n\t\t\t\t\t\t<\/div>\n\t\t\t\t\t<\/aside>\n\t\t\t\t\t\t\t\t\t<\/div>\n\t<\/div>\n<\/section>\n\n\n<section id=\"register\" class=\"header-paragraph-block rtb-block  margin-top-xs margin-bottom-xs\">\n\t<div class=\"container\">\n\t\t<div class=\"content\">\n\t\t\t<article class=\"cms-content\">\n\t\t\t\t\t\t\t\t\t<h2>Cl\u00e1r um ch\u00f3ir\u00edocht at\u00e1 sonrach do mhic l\u00e9inn<\/h2>\n<p>Is \u00e9 at\u00e1 sa <a href=\"https:\/\/rtb.ie\/ga\/wp-content\/uploads\/2025\/05\/SSA_register_feb_2025.pdf\">chl\u00e1r um ch\u00f3ir\u00edocht at\u00e1 sonrach do mhic l\u00e9inn<\/a> n\u00e1 liosta de gach ceann de na tion\u00f3ntachta\u00ed i leith c\u00f3ir\u00edocht at\u00e1 sonrach do mhic l\u00e9inn at\u00e1 cl\u00e1raithe le RTB ag pointe ama ar leith.<\/p>\n\t\t\t\t\t\t\t<\/article>\n\t\t\t\t\t<\/div>\n\t<\/div>\n<\/section>\n\n\n<section id=\"tenancy-data-sheet\" class=\"header-paragraph-block rtb-block  margin-top-xs margin-bottom-xs\">\n\t<div class=\"container\">\n\t\t<div class=\"content\">\n\t\t\t<article class=\"cms-content\">\n\t\t\t\t\t\t\t\t\t<h2>An bhileog sonra\u00ed tion\u00f3ntachta a chomhl\u00e1n\u00fa<\/h2>\n<p>A luaithe a bheidh an bhileog sonra\u00ed tion\u00f3ntachta \u00edosl\u00f3d\u00e1ilte agat, oscail an comhad agus comhl\u00e1naigh gach cuid. M\u00e1 t\u00e1 n\u00edos m\u00f3 n\u00e1 ceann amh\u00e1in d\u2019fhorbairt\u00ed c\u00f3ir\u00edochta at\u00e1 sonrach do mhic l\u00e9inn agat, comhl\u00e1naigh bileog sonra\u00ed tion\u00f3ntachta amh\u00e1in do gach forbairt ar leith agus seol ar ais iad ar leithligh. N\u00ed f\u00e9idir leat n\u00edos m\u00f3 n\u00e1 forbairt amh\u00e1in a chur leis an aon bhileog sonra\u00ed c\u00f3ir\u00edochta amh\u00e1in.<\/p>\n<h4>T\u00e1ille ilchodach (col\u00fan gorm)<\/h4>\n<p>Sa chol\u00fan \u2018Composite\u2019, roghnaigh \u2018yes\u2019 do gach maoin at\u00e1 inch\u00e1ilithe le haghaidh <a href=\"https:\/\/rtb.ie\/ga\/register-tenancies\/register-a-tenancy\/registration-fees\/\">t\u00e1ille ilchodach<\/a>, dar leat. Faigh tuilleadh faisn\u00e9ise faoi\u00a0<a href=\"https:\/\/rtb.ie\/ga\/register-tenancies\/register-a-tenancy\/registration-fees\/\">cad is t\u00e1ille ilchodach ann<\/a>.<\/p>\n<h4>Rann\u00e1in den bhileog sonra\u00ed tion\u00f3ntachta<\/h4>\n<h4><strong>Rann\u00e1n 1: Ainm agus faisn\u00e9is sonraisc na forbartha<\/strong><\/h4>\n<ul>\n<li>Comhl\u00e1naigh ainm, seoladh agus seoladh sonraisc na forbartha.<\/li>\n<li>Deimhnigh c\u00e9 at\u00e1 ag comhl\u00e1n\u00fa na bileoige sonra\u00ed tion\u00f3ntachta (tiarna tal\u00fan, gn\u00edomhaire, n\u00f3 cuideachta bainist\u00edochta).<\/li>\n<li>Cuir tic leis na bosca\u00ed chun a dheimhni\u00fa go bhfuil an fhaisn\u00e9is at\u00e1 tugtha ceart.<\/li>\n<\/ul>\n<p>Faisn\u00e9is bhreise do ghn\u00edomhair\u00ed n\u00f3 do chuideachta\u00ed bainist\u00edochta<\/p>\n<ul>\n<li>Tabhair mionsonra\u00ed teagmh\u00e1la (ainm, seoladh r\u00edomhphoist, uimhir f\u00f3in) an duine at\u00e1 ag comhl\u00e1n\u00fa na bileoige sonra\u00ed tion\u00f3ntachta.<\/li>\n<li>Deimhnigh go bhfuil an t-\u00fadar\u00e1s agat chun gn\u00edomh\u00fa thar ceann an tiarna tal\u00fan.<\/li>\n<\/ul>\n<h4><strong>Rann\u00e1n 2: Mionsonra\u00ed an tiarna tal\u00fan<\/strong><\/h4>\n<ul>\n<li>Roghnaigh c\u00e9 acu is cuideachta n\u00f3 duine aonair \u00e9 an tiarna tal\u00fan.<\/li>\n<li>M\u00e1s duine aonair \u00e9 an tiarna tal\u00fan, tabhair an Uimhir Phearsanta Seirbh\u00edse Poibl\u00ed (UPSP). M\u00e1s ann do roinnt tiarna\u00ed tal\u00fan, tabhair UPSP gach tiarna tal\u00fan.<\/li>\n<li>M\u00e1s cuideachta \u00e9 an tiarna tal\u00fan, tabhair an uimhir chl\u00e1raithe le CRO.<\/li>\n<li>Tabhair mionsonra\u00ed teagmh\u00e1la an tiarna tal\u00fan (seoladh, \u00c9irch\u00f3d, uimhir f\u00f3in, agus seoladh r\u00edomhphoist).<\/li>\n<\/ul>\n<h4><strong>Rann\u00e1n 3: Mionsonra\u00ed an ghn\u00edomhaire<\/strong><\/h4>\n<p>M\u00e1 t\u00e1 gn\u00edomhaire i gceist, tabhair mionsonra\u00ed an ghn\u00edomhaire (ainm, cuideachta, UPSP n\u00f3 uimhir le CRO, faisn\u00e9is teagmh\u00e1la).<\/p>\n<h4><strong>Rann\u00e1n 4: Mionsonra\u00ed na cuideachta bainist\u00edochta<\/strong><\/h4>\n<p>Tabhair mionsonra\u00ed na cuideachta bainist\u00edochta at\u00e1 bainteach leis an maoin, m\u00e1s ann di.<\/p>\n<h4><strong>Rann\u00e1n 5: Seoladh na maoine ar c\u00edos<\/strong><\/h4>\n<ul>\n<li>I gc\u00e1s gach seomra, iontr\u00e1il an seoladh i r\u00f3 amh\u00e1in i gcomhad Excel.<\/li>\n<li>Tabhair ainm an fhoirgnimh, an bloc (m\u00e1s infheidhme), uimhir an aonaid agus uimhir n\u00f3 litir an tseomra (sann ceann mura bhfuil ceann acu cheana f\u00e9in).<\/li>\n<li>Contae, \u00c9irch\u00f3d agus mionsonra\u00ed an \u00fadar\u00e1is \u00e1iti\u00fail.<\/li>\n<\/ul>\n<h4><strong>Rann\u00e1n 6: Mionsonra\u00ed na tion\u00f3ntachta<\/strong><\/h4>\n<ul>\n<li>Liostaigh an l\u00edon \u00e1ititheoir\u00ed at\u00e1 sa seomra (mar shampla, beirt i seomra dh\u00e1 leaba).<\/li>\n<li>Tabhair d\u00e1ta tosaithe na tion\u00f3ntachta (LL\/MM\/BBBB).<\/li>\n<li>Mionsonraigh minic\u00edocht \u00edoca\u00edochta an ch\u00edosa (gach m\u00ed, gach seimeastar, n\u00f3 gach t\u00e9arma).<\/li>\n<li>Sonraigh an c\u00edos ioml\u00e1n don seomra (seachas an c\u00edos in aghaidh an tion\u00f3nta).<\/li>\n<li>Sonraigh m\u00e9id na h\u00e9arlaise agus aon r\u00e9amhch\u00edosa \u00edoctha.<\/li>\n<\/ul>\n<h4><strong>Rann\u00e1n 7: Mionsonra\u00ed na dtion\u00f3nta\u00ed<\/strong><\/h4>\n<p>I gc\u00e1s gach tion\u00f3nta, tabhair a n-ainm, an UPSP at\u00e1 acu (roghnach) agus a seoladh r\u00edomhphoist. Mura bhfuil an UPSP agat, marc\u00e1il \u201cX\u201d chun a dheimhni\u00fa gur iarr t\u00fa \u00ed.<\/p>\n<h4>Fadhbanna maidir leis an mbileog sonra\u00ed tion\u00f3ntachta a rochtain<\/h4>\n<p>T\u00e1 roinnt rann\u00e1n den bhileog sonra\u00ed \u00edoca\u00edochta glas\u00e1ilte. M\u00e1s rud \u00e9 gur g\u00e1 duit na mionsonra\u00ed sin a chur in eagar n\u00f3 go bhfuil aon fhadhbanna agat an Bhileog Sonra\u00ed Tion\u00f3ntachta a rochtain, seol r\u00edomhphost chuig <a href=\"mailto:ssa@rtb.ie\">ssa@rtb.ie<\/a>.<\/p>\n<h4>T\u00e1 Bileog Sonra\u00ed Tion\u00f3ntachta comhl\u00e1naithe agat cheana f\u00e9in<\/h4>\n<p>M\u00e1 t\u00e1 <a href=\"https:\/\/rtb.ie\/ga\/wp-content\/uploads\/2025\/05\/Tenancy_Data_Sheet_Private_Providers_Sept_2024.xlsx\">Bileog Sonra\u00ed Tion\u00f3ntachta<\/a> comhl\u00e1naithe agat cheana f\u00e9in, seol r\u00edomhphost chuig <a href=\"mailto:ssa@rtb.ie\">ssa@rtb.ie<\/a> chun Bileog Sonra\u00ed Tion\u00f3ntachta phearsantaithe a fh\u00e1il.<\/p>\n\t\t\t\t\t\t\t<\/article>\n\t\t\t\t\t<\/div>\n\t<\/div>\n<\/section>\n\n\n<section id=\"How-to-return\" class=\"header-paragraph-block rtb-block  margin-top-xs margin-bottom-xs\">\n\t<div class=\"container\">\n\t\t<div class=\"content\">\n\t\t\t<article class=\"cms-content\">\n\t\t\t\t\t\t\t\t\t<h4><strong>Conas an bhileog sonra\u00ed tion\u00f3ntachta a sheoladh ar ais<\/strong><\/h4>\n<p>Sula seolann t\u00fa do bhileog sonra\u00ed tion\u00f3ntachta chomhl\u00e1naithe chugainn, s\u00e1bh\u00e1il \u00ed le pasfhocal.<\/p>\n<ul>\n<li>Clice\u00e1il ar \u2018Save as\u2019<\/li>\n<li>Nuair at\u00e1 an bosca \u2018Save as\u2019 oscailte, clice\u00e1il ar an roghchl\u00e1r anuas \u2018Tools\u2019.<\/li>\n<li>Roghnaigh \u2018General Options\u2019 agus clice\u00e1il ar an rogha \u2018Password to open\u2019.<\/li>\n<li>Iontr\u00e1il mionsonra\u00ed do phasfhocail agus s\u00e1bh\u00e1il iad.<\/li>\n<\/ul>\n<p>Nuair at\u00e1 t\u00fa r\u00e9idh:<\/p>\n<ol>\n<li>Seol an bhileog sonra\u00ed tion\u00f3ntachta chomhl\u00e1naithe le r\u00edomhphost chuig\u00a0ssa@rtb.ie.<\/li>\n<li>Seol an pasfhocal i r\u00edomhphost ar leith chuig\u00a0ssa@rtb.ie.<\/li>\n<\/ol>\n\t\t\t\t\t\t\t<\/article>\n\t\t\t\t\t<\/div>\n\t<\/div>\n<\/section>\n\n\n<section id=\"When-we-get\" class=\"header-paragraph-block rtb-block  margin-top-xs margin-bottom-xs\">\n\t<div class=\"container\">\n\t\t<div class=\"content\">\n\t\t\t<article class=\"cms-content\">\n\t\t\t\t\t\t\t\t\t<h2>Nuair a fhaighimid an bhileog sonra\u00ed tion\u00f3ntachta<\/h2>\n<p>Deimhneoidh \u00e1r bhfoireann um ch\u00f3ir\u00edocht at\u00e1 sonrach do mhic l\u00e9inn go bhfuaireamar do bhileog sonra\u00ed tion\u00f3ntachta. D\u00e9anfaimid athbhreithni\u00fa ar an bhfaisn\u00e9is, cinnteoimid go bhfuil s\u00ed cruinn agus r\u00edomhfaimid an <a href=\"https:\/\/rtb.ie\/ga\/register-tenancies\/register-a-tenancy\/registration-fees\/\">t\u00e1ille chl\u00e1r\u00fach\u00e1in<\/a>.<\/p>\n<p>Eiseoimid sonrasc chugat agus beidh 30 l\u00e1 agat chun an t\u00e1ille chl\u00e1r\u00fach\u00e1in a \u00edoc.\u00a0Gearrfar <a href=\"https:\/\/rtb.ie\/ga\/register-tenancies\/register-a-tenancy\/registration-fees\/\">t\u00e1ill\u00ed d\u00e9anacha<\/a> mura n-\u00edocann t\u00fa laistigh den tr\u00e9imhse 30 l\u00e1.<\/p>\n\t\t\t\t\t\t\t<\/article>\n\t\t\t\t\t<\/div>\n\t<\/div>\n<\/section>\n\n\n<section id=\"tenant-moves\" class=\"header-paragraph-block rtb-block  margin-top-none margin-bottom-default\">\n\t<div class=\"container\">\n\t\t<div class=\"content\">\n\t\t\t<article class=\"cms-content\">\n\t\t\t\t\t\t\t\t\t<h2>M\u00e1 bhogann tion\u00f3nta le linn na bliana acad\u00fala<\/h2>\n<p>M\u00e1s rud \u00e9 go mbogann mac l\u00e9inn amach agus go mbogann tion\u00f3nta nua isteach le linn na bliana acad\u00fala, is g\u00e1 duit cl\u00e1r\u00fa nua a chomhl\u00e1n\u00fa don seomra.<\/p>\n<h4>Sampla<\/h4>\n<p>Bogann tion\u00f3nta isteach i Seomra 1 an 3 Me\u00e1n F\u00f3mhair agus f\u00e1gann s\u00e9 an 3 Aibre\u00e1n. Bogann tion\u00f3nta nua isteach i Seomra 1 an 1 Bealtaine. N\u00ed m\u00f3r cl\u00e1r\u00fa nua a chur isteach laistigh de mh\u00ed amh\u00e1in \u00f3 dh\u00e1ta tosaithe an tion\u00f3nta nua.<\/p>\n<h4>T\u00e1ill\u00ed<\/h4>\n<p>M\u00e1 chuirtear an cl\u00e1r\u00fa nua isteach laistigh de 12 mh\u00ed \u00f3n gcl\u00e1r\u00fa deireanach, n\u00ed bheidh ort aon t\u00e1ille a \u00edoc as an dara cl\u00e1r\u00fa sin. Le haghaidh tuilleadh mionsonra\u00ed, tabhair cuairt ar \u00e1r leathanach\u00a0<a href=\"https:\/\/rtb.ie\/ga\/register-tenancies\/register-a-tenancy\/registration-fees\/\">t\u00e1ill\u00ed cl\u00e1r\u00fach\u00e1in<\/a>.<\/p>\n\t\t\t\t\t\t\t<\/article>\n\t\t\t\t\t<\/div>\n\t<\/div>\n<\/section>","protected":false},"excerpt":{"rendered":"","protected":false},"author":11,"featured_media":0,"parent":168,"menu_order":3,"comment_status":"closed","ping_status":"closed","template":"","meta":{"_acf_changed":false,"inline_featured_image":false,"_relevanssi_hide_post":"","_relevanssi_hide_content":"","_relevanssi_pin_for_all":"","_relevanssi_pin_keywords":"","_relevanssi_unpin_keywords":"","_relevanssi_related_keywords":"","_relevanssi_related_include_ids":"","_relevanssi_related_exclude_ids":"","_relevanssi_related_no_append":"","_relevanssi_related_not_related":"","_relevanssi_related_posts":"1239,1","_relevanssi_noindex_reason":"","_trash_the_other_posts":false,"editor_notices":[],"footnotes":""},"class_list":["post-384","page","type-page","status-publish","hentry"],"acf":[],"jetpack_sharing_enabled":true,"publishpress_future_action":{"enabled":false,"date":"2026-04-25 16:14:53","action":"change-status","newStatus":"draft","terms":[],"taxonomy":"","extraData":[]},"publishpress_future_workflow_manual_trigger":{"enabledWorkflows":[]},"_links":{"self":[{"href":"https:\/\/rtb.ie\/ga\/wp-json\/wp\/v2\/pages\/384","targetHints":{"allow":["GET"]}}],"collection":[{"href":"https:\/\/rtb.ie\/ga\/wp-json\/wp\/v2\/pages"}],"about":[{"href":"https:\/\/rtb.ie\/ga\/wp-json\/wp\/v2\/types\/page"}],"author":[{"embeddable":true,"href":"https:\/\/rtb.ie\/ga\/wp-json\/wp\/v2\/users\/11"}],"replies":[{"embeddable":true,"href":"https:\/\/rtb.ie\/ga\/wp-json\/wp\/v2\/comments?post=384"}],"version-history":[{"count":21,"href":"https:\/\/rtb.ie\/ga\/wp-json\/wp\/v2\/pages\/384\/revisions"}],"predecessor-version":[{"id":53348,"href":"https:\/\/rtb.ie\/ga\/wp-json\/wp\/v2\/pages\/384\/revisions\/53348"}],"up":[{"embeddable":true,"href":"https:\/\/rtb.ie\/ga\/wp-json\/wp\/v2\/pages\/168"}],"wp:attachment":[{"href":"https:\/\/rtb.ie\/ga\/wp-json\/wp\/v2\/media?parent=384"}],"curies":[{"name":"wp","href":"https:\/\/api.w.org\/{rel}","templated":true}]}}