{"id":4216,"date":"2025-05-21T15:33:05","date_gmt":"2025-05-21T15:33:05","guid":{"rendered":"https:\/\/rtb.ie\/ga\/?page_id=4216"},"modified":"2025-05-21T15:48:17","modified_gmt":"2025-05-21T15:48:17","slug":"court-decision-registration-enforcement-orders","status":"publish","type":"page","link":"https:\/\/rtb.ie\/ga\/disputes\/dispute-outcomes-and-orders\/court-decision-registration-enforcement-orders\/","title":{"rendered":"Court decision &#8211; registration enforcement orders"},"content":{"rendered":"\n<div class=\"translation-notice no-print\">\n        <div class=\"inner container\">\n            <p><strong>Cuirfear aistri\u00fach\u00e1n ar f\u00e1il go luath<\/strong><\/p>\n            <p>\u00c1r leithsc\u00e9al as an m\u00edchaoithi\u00falacht. Cuirfear aistri\u00fach\u00e1n Gaeilge ar an leathanach seo ar f\u00e1il go luath. Go raibh maith agat as do chuid foighneachta agus muid ag obair ar leagan uasd\u00e1taithe.<\/p>\n        <\/div>\n    <\/div><section id=\"block-block_4da3f1301050c6d5a9602b6e689c4e68\" class=\"header-block rtb-block colour-white margin-top-none margin-bottom-default\">\n    <div class=\"container\">\n        <nav class=\"breadcrumbs\" aria-label=\"breadcrumb\">\n    <span property=\"itemListElement\" typeof=\"ListItem\"><a property=\"item\" typeof=\"WebPage\" title=\"Go to Bord um Tion\u00f3ntachta\u00ed C\u00f3naithe.\" href=\"https:\/\/rtb.ie\/ga\" class=\"home\" aria-current=\"page\"><span property=\"name\"><i class=\"rtb-home-icon\"><\/i><\/span><\/a><meta property=\"position\" content=\"1\"><\/span><i class=\"rtb-chevron\"><\/i><\/nav>\n        \n        <div class=\"wrapper\">\n            <div class=\"content\">\n                            \n                <h1 class=\"heading-xl\">Court decision &#8211; registration enforcement orders<\/h1>\n                                            <\/div>\n            <!-- Temporary image: Remove after migrating illustrations to the illustration_selection field -->\n                            <div class=\"illustration fade-up\">\n                    <img loading=\"lazy\" decoding=\"async\" width=\"1024\" height=\"1\" src=\"https:\/\/rtb.ie\/wp-content\/uploads\/2025\/04\/header-illustration-2.svg\" class=\"attachment-full size-full\" alt=\"\" \/>                <\/div>\n                    <\/div>\n\n    <\/div>\n<\/section>\n\n\n<section id=\"block-block_02953321434bb596f861570916a6acdb\" class=\"court-decision-registration-enforcement-listing-block rtb-block margin-top-default margin-bottom-none\">\n    <div class=\"content\">\n\n        <div class=\"search-filters\">\n            <div class=\"container\">\n                <div class=\"filters\">\n                    <div class=\"search\">\n                        <div class=\"filter fade-in\">\n                            <label for=\"\">Keyword<\/label>\n                            <div class=\"facetwp-facet facetwp-facet-search facetwp-type-search\" data-name=\"search\" data-type=\"search\"><\/div>                        <\/div>\n                    <\/div>\n                    <div class=\"dropdowns\">\n                        <div class=\"filter fade-in\">\n                            <label for=\"\">Select year<\/label>\n                            <div class=\"facetwp-facet facetwp-facet-court_decision_registration_enforcement_date facetwp-type-dropdown\" data-name=\"court_decision_registration_enforcement_date\" data-type=\"dropdown\"><\/div>                        <\/div>\n                    <\/div>\n                    <div class=\"footer\">\n                        <div class=\"facetwp-facet facetwp-facet-clear_all facetwp-type-reset\" data-name=\"clear_all\" data-type=\"reset\"><\/div>                        <button class=\"facetwp-submit button primary\">\n                            <span>Search<\/span>\n                        <\/button>\n                    <\/div>\n                <\/div>\n                <div class=\"info\">\n                    <h2 class=\"heading-s\">Court decision &#8211; registration enforcement listings<\/h2>                    <p>Lorem ipsum dolor sit amet, consectetur adipiscing elit, sed do eiusmod tempor incididunt ut labore et dolore magna aliqua. <\/p>\n                <\/div>\n            <\/div>\n        <\/div>\n\n        <div class=\"listing is-hidden\">\n            <div class=\"container\">\n                <div class=\"total-results\">\n                    <span>Total results: <\/span>                    <span data-facetwp-total><\/span>\n                <\/div>\n                <div class=\"facetwp-template\" data-name=\"court_decision_registration_enforcement\">            <article class=\"court-decision-registration-enforcement-item\">\n    \n    <div class=\"content\">\n\n        <span class=\"tag green\">REGISTRATION ENFORCEMENT<\/span>\n        <h3 class=\"heading-xs\">RTB v Brian Gilhooly<\/h3>        \n        <hr>\n\n        <div class=\"info\">\n            \n                                            <\/div>\n\n        <hr>\n\n        <div class=\"footer\">\n                                <\/div>\n    <\/div>\n\n<\/article>            <article class=\"court-decision-registration-enforcement-item\">\n    \n    <div class=\"content\">\n\n        <span class=\"tag green\">REGISTRATION ENFORCEMENT<\/span>\n        <h3 class=\"heading-xs\">PRTB -v- Mary Callaghan<\/h3>        \n        <hr>\n\n        <div class=\"info\">\n            \n                                            <\/div>\n\n        <hr>\n\n        <div class=\"footer\">\n                                <\/div>\n    <\/div>\n\n<\/article>            <article class=\"court-decision-registration-enforcement-item\">\n    \n    <div class=\"content\">\n\n        <span class=\"tag green\">REGISTRATION ENFORCEMENT<\/span>\n        <h3 class=\"heading-xs\">PRTB -v- Barry Jones<\/h3>        \n        <hr>\n\n        <div class=\"info\">\n            \n                                            <\/div>\n\n        <hr>\n\n        <div class=\"footer\">\n                                <\/div>\n    <\/div>\n\n<\/article>            <article class=\"court-decision-registration-enforcement-item\">\n    \n    <div class=\"content\">\n\n        <span class=\"tag green\">REGISTRATION ENFORCEMENT<\/span>\n        <h3 class=\"heading-xs\">PRTB -v- John Scally<\/h3>        \n        <hr>\n\n        <div class=\"info\">\n            \n                                            <\/div>\n\n        <hr>\n\n        <div class=\"footer\">\n                                <\/div>\n    <\/div>\n\n<\/article>            <article class=\"court-decision-registration-enforcement-item\">\n    \n    <div class=\"content\">\n\n        <span class=\"tag green\">REGISTRATION ENFORCEMENT<\/span>\n        <h3 class=\"heading-xs\">PRTB-v- Angela Bradshaw<\/h3>        \n        <hr>\n\n        <div class=\"info\">\n            \n                                            <\/div>\n\n        <hr>\n\n        <div class=\"footer\">\n                                <\/div>\n    <\/div>\n\n<\/article>            <article class=\"court-decision-registration-enforcement-item\">\n    \n    <div class=\"content\">\n\n        <span class=\"tag green\">REGISTRATION ENFORCEMENT<\/span>\n        <h3 class=\"heading-xs\">RTB v Eileen Maguire<\/h3>        \n        <hr>\n\n        <div class=\"info\">\n            \n                                            <\/div>\n\n        <hr>\n\n        <div class=\"footer\">\n                                <\/div>\n    <\/div>\n\n<\/article>            <article class=\"court-decision-registration-enforcement-item\">\n    \n    <div class=\"content\">\n\n        <span class=\"tag green\">REGISTRATION ENFORCEMENT<\/span>\n        <h3 class=\"heading-xs\">RTB-v-Andrew Fleming<\/h3>        \n        <hr>\n\n        <div class=\"info\">\n            \n                                            <\/div>\n\n        <hr>\n\n        <div class=\"footer\">\n                                <\/div>\n    <\/div>\n\n<\/article>            <article class=\"court-decision-registration-enforcement-item\">\n    \n    <div class=\"content\">\n\n        <span class=\"tag green\">REGISTRATION ENFORCEMENT<\/span>\n        <h3 class=\"heading-xs\">PRTB-v-Adrian Turner<\/h3>        \n        <hr>\n\n        <div class=\"info\">\n            \n                                            <\/div>\n\n        <hr>\n\n        <div class=\"footer\">\n                                <\/div>\n    <\/div>\n\n<\/article>            <article class=\"court-decision-registration-enforcement-item\">\n    \n    <div class=\"content\">\n\n        <span class=\"tag green\">REGISTRATION ENFORCEMENT<\/span>\n        <h3 class=\"heading-xs\">RTB -v- Martin O&#8217;Donnell<\/h3>        \n        <hr>\n\n        <div class=\"info\">\n            \n                                            <\/div>\n\n        <hr>\n\n        <div class=\"footer\">\n                                <\/div>\n    <\/div>\n\n<\/article>            <article class=\"court-decision-registration-enforcement-item\">\n    \n    <div class=\"content\">\n\n        <span class=\"tag green\">REGISTRATION ENFORCEMENT<\/span>\n        <h3 class=\"heading-xs\">RTB -v- Arthur Allen<\/h3>        \n        <hr>\n\n        <div class=\"info\">\n            \n                                            <\/div>\n\n        <hr>\n\n        <div class=\"footer\">\n                                <\/div>\n    <\/div>\n\n<\/article>    <\/div>            <\/div>\n        <\/div>\n\n        <div class=\"load-more is-hidden\">\n            <div class=\"facetwp-facet facetwp-facet-pager_numbers facetwp-type-pager\" data-name=\"pager_numbers\" data-type=\"pager\"><\/div>        <\/div>\n\n    <\/div>\n<\/section>\n","protected":false},"excerpt":{"rendered":"","protected":false},"author":6,"featured_media":0,"parent":946,"menu_order":0,"comment_status":"closed","ping_status":"closed","template":"","meta":{"_acf_changed":false,"inline_featured_image":false,"_relevanssi_hide_post":"","_relevanssi_hide_content":"","_relevanssi_pin_for_all":"","_relevanssi_pin_keywords":"","_relevanssi_unpin_keywords":"","_relevanssi_related_keywords":"","_relevanssi_related_include_ids":"","_relevanssi_related_exclude_ids":"","_relevanssi_related_no_append":"","_relevanssi_related_not_related":"","_relevanssi_related_posts":"","_relevanssi_noindex_reason":"","_trash_the_other_posts":false,"editor_notices":[],"footnotes":""},"class_list":["post-4216","page","type-page","status-publish","hentry"],"acf":[],"jetpack_sharing_enabled":true,"publishpress_future_action":{"enabled":false,"date":"2026-05-07 16:28:35","action":"change-status","newStatus":"draft","terms":[],"taxonomy":"","extraData":[]},"publishpress_future_workflow_manual_trigger":{"enabledWorkflows":[]},"_links":{"self":[{"href":"https:\/\/rtb.ie\/ga\/wp-json\/wp\/v2\/pages\/4216","targetHints":{"allow":["GET"]}}],"collection":[{"href":"https:\/\/rtb.ie\/ga\/wp-json\/wp\/v2\/pages"}],"about":[{"href":"https:\/\/rtb.ie\/ga\/wp-json\/wp\/v2\/types\/page"}],"author":[{"embeddable":true,"href":"https:\/\/rtb.ie\/ga\/wp-json\/wp\/v2\/users\/6"}],"replies":[{"embeddable":true,"href":"https:\/\/rtb.ie\/ga\/wp-json\/wp\/v2\/comments?post=4216"}],"version-history":[{"count":3,"href":"https:\/\/rtb.ie\/ga\/wp-json\/wp\/v2\/pages\/4216\/revisions"}],"predecessor-version":[{"id":4787,"href":"https:\/\/rtb.ie\/ga\/wp-json\/wp\/v2\/pages\/4216\/revisions\/4787"}],"up":[{"embeddable":true,"href":"https:\/\/rtb.ie\/ga\/wp-json\/wp\/v2\/pages\/946"}],"wp:attachment":[{"href":"https:\/\/rtb.ie\/ga\/wp-json\/wp\/v2\/media?parent=4216"}],"curies":[{"name":"wp","href":"https:\/\/api.w.org\/{rel}","templated":true}]}}